{"id":47587,"date":"2021-01-26T11:49:43","date_gmt":"2021-01-26T11:49:43","guid":{"rendered":"https:\/\/www.gramcommerce.si\/o-tvrtki\/"},"modified":"2021-03-23T10:31:38","modified_gmt":"2021-03-23T10:31:38","slug":"o-tvrtki","status":"publish","type":"page","link":"https:\/\/www.gramcommerce.si\/hr\/o-tvrtki\/","title":{"rendered":"O TVRTKI"},"content":{"rendered":"<p>[et_pb_section fb_built=&#8221;1&#8243; _builder_version=&#8221;4.4.2&#8243; use_background_color_gradient=&#8221;on&#8221; background_color_gradient_start=&#8221;#eeeeee&#8221; background_color_gradient_end=&#8221;#ffffff&#8221; background_image=&#8221;https:\/\/www.gramcommerce.si\/wp-content\/uploads\/2020\/04\/title-back32gc.png&#8221; background_size=&#8221;contain&#8221; background_position=&#8221;top_right&#8221; custom_padding=&#8221;||87px|||&#8221; saved_tabs=&#8221;all&#8221;][et_pb_row column_structure=&#8221;3_5,2_5&#8243; _builder_version=&#8221;4.4.1&#8243; custom_padding=&#8221;49px||0px||false|false&#8221;][et_pb_column type=&#8221;3_5&#8243; _builder_version=&#8221;4.4.1&#8243;][et_pb_post_title meta=&#8221;off&#8221; featured_image=&#8221;off&#8221; _builder_version=&#8221;4.4.1&#8243; title_font_size=&#8221;32px&#8221; custom_margin=&#8221;||7px||false|false&#8221;][\/et_pb_post_title][et_pb_divider divider_weight=&#8221;4px&#8221; _builder_version=&#8221;4.4.1&#8243; width=&#8221;100px&#8221; animation_style=&#8221;slide&#8221; animation_direction=&#8221;right&#8221; animation_intensity_slide=&#8221;39%&#8221;][\/et_pb_divider][\/et_pb_column][et_pb_column type=&#8221;2_5&#8243; _builder_version=&#8221;4.4.1&#8243;][\/et_pb_column][\/et_pb_row][\/et_pb_section][et_pb_section fb_built=&#8221;1&#8243; _builder_version=&#8221;4.3.2&#8243; custom_padding=&#8221;14px||74px|||&#8221;][et_pb_row _builder_version=&#8221;4.3.2&#8243; custom_padding=&#8221;||59px|||&#8221;][et_pb_column type=&#8221;4_4&#8243; _builder_version=&#8221;4.3.2&#8243;][et_pb_text _builder_version=&#8221;4.6.5&#8243; hover_enabled=&#8221;0&#8243; text_orientation=&#8221;justified&#8221; sticky_enabled=&#8221;0&#8243;]<\/p>\n<p>Dru\u0161tvo Gram Commerce d.o.o. je osnovano 1992. godine u Mariboru. Nudimo vam kompleksna rje\u0161enja za automatizaciju i logistiku za proizvodnje, skladi\u0161ta i isporuku robe. Na\u0161a oprema obuhva\u0107a najbolje i najkvalitetnije materijale, \u0161to korisniku jam\u010di duga\u010dak \u017eivotni vijek i visoku razinu sigurnosti rada. Usmjereni smo u automatizaciju procesa sa svrhom smanjenja tro\u0161kova, kao i pove\u0107anja u\u010dinkovitosti i uspje\u0161nosti. Ve\u0107ina rje\u0161enja je izvr\u0161ena po sistemu \u201eklju\u010d u ruke\u201c za svakog kupca posebno. Na\u0161e reference obuhva\u0107aju kako manje tvrtke tako i multinacionalne kompanije koje imaju povjerenje u nas ve\u0107 mno\u0161tvo godina.<\/p>\n<p>Djelujemo po metodi \u201ezadovoljan kupac \u2013 zadovoljan prodava\u010d\u201c. Kod ve\u0107ih projekata \u010desto sura\u0111ujemo s ve\u0107 priznatim proizvo\u0111a\u010dima. Kupac na\u0161e opreme se prilikom isporuke rezervnih dijelova ili ostvarivanja jamstva i servisa obra\u0107a samo nama budu\u0107i da mu nudimo cjelokupnu podr\u0161ku postprodajnih aktivnosti. Temeljne vrijednosti na\u0161e tvrtke su kvaliteta, pouzdanost i suradnja. Smatramo da optimalna automatizacija proizvodnih i logisti\u010dkih procesa pove\u0107ava u\u010dinkovitost djelovanja te dugoro\u010dno smanjenje tro\u0161kova (brzi povrat ulo\u017eenog). Na\u0161e prodajno tr\u017ei\u0161te pokriva dr\u017eave unutar i izvan EU-a poput Srbije, Bosne i Hercegovine te Makedonije.<\/p>\n<p>[\/et_pb_text][\/et_pb_column][\/et_pb_row][et_pb_row _builder_version=&#8221;4.4.3&#8243; background_color=&#8221;#ffffff&#8221; custom_margin=&#8221;||33px||false|false&#8221; custom_padding=&#8221;40px|41px|40px|41px|true|true&#8221; animation_style=&#8221;flip&#8221; box_shadow_style=&#8221;preset1&#8243; box_shadow_blur=&#8221;55px&#8221; box_shadow_color=&#8221;rgba(0,0,0,0.2)&#8221;][et_pb_column type=&#8221;4_4&#8243; _builder_version=&#8221;4.4.3&#8243;][et_pb_text _builder_version=&#8221;4.4.3&#8243;]<\/p>\n<p align=\"justify\">\u00a0<\/p>\n<p align=\"justify\">Specijalizirani smo za automatizaciju proizvodnih i logisti\u010dkih procesa.<\/p>\n<ul>\n<li>Automatizacija i logistika u proizvodnji:<\/li>\n<li>transportni sustavi, robotizacija, klasi\u010dna paletizacija, automatske dizalice za palete.<\/li>\n<li>Logistika ambala\u017ee na proizvodne linije.<\/li>\n<li>Logistika kona\u010dnih proizvoda i gotovih paleta u skladi\u0161te.<\/li>\n<li>Skladi\u0161ni regalni sustavi razli\u010ditih izvedbi.<\/li>\n<li>Logistika paleta iz skladi\u0161ta\/u skladi\u0161te i utovar\/istovar paleta na relaciji skladi\u0161te \u2013 kamion, kontejner i obrnuto.<\/li>\n<li>Potpuna rje\u0161enja upravljanja logistikom na relaciji proizvodnja \u2013 skladi\u0161te \u2013 kamion\/kontejner.<\/li>\n<\/ul>\n<p>[\/et_pb_text][\/et_pb_column][\/et_pb_row][et_pb_row column_structure=&#8221;1_2,1_2&#8243; _builder_version=&#8221;4.4.3&#8243; custom_margin=&#8221;|auto|-11px|auto||&#8221;][et_pb_column type=&#8221;1_2&#8243; _builder_version=&#8221;4.4.3&#8243;][et_pb_text _builder_version=&#8221;4.4.3&#8243;]<\/p>\n<h3>Na\u0161 prodajni program:<\/h3>\n<p>[\/et_pb_text][\/et_pb_column][et_pb_column type=&#8221;1_2&#8243; _builder_version=&#8221;4.4.3&#8243;][et_pb_text _builder_version=&#8221;4.4.3&#8243;]<\/p>\n<h3><strong>Na\u0161e dosada\u0161nje reference<\/strong>:<\/h3>\n<p>[\/et_pb_text][\/et_pb_column][\/et_pb_row][et_pb_row column_structure=&#8221;1_2,1_4,1_4&#8243; _builder_version=&#8221;4.4.3&#8243; custom_margin=&#8221;-13px|auto||auto||&#8221; custom_padding=&#8221;3px|||||&#8221;][et_pb_column type=&#8221;1_2&#8243; _builder_version=&#8221;4.4.3&#8243;][et_pb_text _builder_version=&#8221;4.4.3&#8243;]<\/p>\n<p>&nbsp;<\/p>\n<ul>\n<li>\n<p align=\"justify\">Automatska i proto\u010dna regalna skladi\u0161ta te regalne dizalice.<\/p>\n<\/li>\n<li>\n<p align=\"justify\">Automatizacija utovara i istovara paleta u\/iz kamiona.<\/p>\n<\/li>\n<li>\n<p align=\"justify\">Manipulatori (fiksni i mobilni).<\/p>\n<\/li>\n<li>\n<p align=\"justify\">Paletizacija i depaletizacija.<\/p>\n<\/li>\n<li>\n<p align=\"justify\">Robotizacija, automatizacija, transport, omatanje.<\/p>\n<\/li>\n<li>\n<p align=\"justify\">Specijalni sustavi manipulacije proizvodima i skladi\u0161ni sustavi.<\/p>\n<\/li>\n<li>\n<p align=\"justify\">Transportni sustavi i transportna kolica.<\/p>\n<\/li>\n<li>\n<p align=\"justify\">Teglja\u010d (za vu\u010du i guranje).<\/p>\n<\/li>\n<li>\n<p align=\"justify\">Sigurnosni tu\u0161evi i ispiranje vodom.<\/p>\n<\/li>\n<li>\n<p align=\"justify\">Granici i dizalice za industriju.<\/p>\n<p align=\"justify\">\u00a0<\/p>\n<p align=\"justify\">\u00a0<\/p>\n<\/li>\n<\/ul>\n<p>[\/et_pb_text][\/et_pb_column][et_pb_column type=&#8221;1_4&#8243; _builder_version=&#8221;4.4.3&#8243;][et_pb_text _builder_version=&#8221;4.4.3&#8243; custom_padding=&#8221;0px|||||&#8221;]<\/p>\n<p>&nbsp;<\/p>\n<ul>\n<li>\n<p align=\"justify\"><span face=\"Calibri, serif\">\u010cakove\u010dkovi mlinovi,<\/span><\/p>\n<\/li>\n<li>\n<p align=\"justify\"><span face=\"Calibri, serif\"><\/span><span face=\"Calibri, serif\">Steklarna Hrastnik,<\/span><\/p>\n<\/li>\n<li>\n<p align=\"justify\"><span face=\"Calibri, serif\"><\/span><span face=\"Calibri, serif\">HENKEL Maribor,<\/span><\/p>\n<\/li>\n<li>\n<p align=\"justify\"><span face=\"Calibri, serif\"><\/span><span face=\"Calibri, serif\">Silkem \u2013 TALUM,<\/span><\/p>\n<\/li>\n<li>\n<p align=\"justify\"><span face=\"Calibri, serif\"><\/span><span face=\"Calibri, serif\">Croning livarna,<\/span><\/p>\n<\/li>\n<li>\n<p align=\"justify\"><span face=\"Calibri, serif\"><\/span><span face=\"Calibri, serif\">Perutnina Ptuj,<\/span><\/p>\n<\/li>\n<li>\n<p align=\"justify\"><span face=\"Calibri, serif\"><\/span><span face=\"Calibri, serif\">HENKEL Srbija,<\/span><\/p>\n<\/li>\n<li>\n<p align=\"justify\"><span face=\"Calibri, serif\"><\/span><span face=\"Calibri, serif\">Vipava 1894,<\/span><\/p>\n<\/li>\n<li>\n<p align=\"justify\"><span face=\"Calibri, serif\"><\/span><span face=\"Calibri, serif\">LIV Systems,<\/span><\/p>\n<\/li>\n<li>\n<p align=\"justify\"><span face=\"Calibri, serif\"><\/span><span face=\"Calibri, serif\">SIJ Acroni,<\/span><\/p>\n<\/li>\n<li>\n<p align=\"justify\"><span face=\"Calibri, serif\"><\/span><span face=\"Calibri, serif\">Radenska,<\/span><\/p>\n<\/li>\n<\/ul>\n<p>[\/et_pb_text][\/et_pb_column][et_pb_column type=&#8221;1_4&#8243; _builder_version=&#8221;4.4.3&#8243;][et_pb_text _builder_version=&#8221;4.4.3&#8243;]<\/p>\n<p>&nbsp;<\/p>\n<ul>\n<li>Carlsberg,<\/li>\n<li>Podravka,<\/li>\n<li>Belinka,<\/li>\n<li>Vindija,<\/li>\n<li>KRKA,<\/li>\n<li>Cetis,<\/li>\n<li>Iskra,<\/li>\n<li>\u017dito,<\/li>\n<li>Tab,<\/li>\n<li>Jub,\u2026<\/li>\n<\/ul>\n<p>[\/et_pb_text][\/et_pb_column][\/et_pb_row][\/et_pb_section][et_pb_section fb_built=&#8221;1&#8243; prev_background_color=&#8221;#ffffff&#8221; admin_label=&#8221;section&#8221; module_id=&#8221;o-tvrtki&#8221; _builder_version=&#8221;4.4.1&#8243; use_background_color_gradient=&#8221;on&#8221; background_color_gradient_start=&#8221;#eeeeee&#8221; background_color_gradient_end=&#8221;#ffffff&#8221; custom_padding=&#8221;183px|||||&#8221; top_divider_style=&#8221;arrow2&#8243; saved_tabs=&#8221;all&#8221;][et_pb_row _builder_version=&#8221;4.4.2&#8243;][et_pb_column type=&#8221;4_4&#8243; _builder_version=&#8221;4.4.2&#8243;][et_pb_image src=&#8221;https:\/\/www.gramcommerce.si\/wp-content\/uploads\/2020\/04\/gramcommerce_logo-300px.png&#8221; align=&#8221;center&#8221; _builder_version=&#8221;4.4.2&#8243;][\/et_pb_image][\/et_pb_column][\/et_pb_row][et_pb_row _builder_version=&#8221;4.4.2&#8243; background_image=&#8221;https:\/\/www.gramcommerce.si\/wp-content\/uploads\/2020\/04\/gramcommerce_back.png&#8221; background_size=&#8221;initial&#8221; custom_padding=&#8221;||0px||false|false&#8221; locked=&#8221;off&#8221;][et_pb_column type=&#8221;4_4&#8243; _builder_version=&#8221;4.4.2&#8243;][et_pb_text _builder_version=&#8221;4.4.2&#8243; header_2_text_align=&#8221;center&#8221; custom_margin=&#8221;||15px|||&#8221; custom_padding=&#8221;1px||||false|false&#8221;]<\/p>\n<h2>ZAUPAJO NAM<\/h2>\n<p>[\/et_pb_text][\/et_pb_column][\/et_pb_row][et_pb_row _builder_version=&#8221;4.4.1&#8243;][et_pb_column type=&#8221;4_4&#8243; _builder_version=&#8221;4.4.1&#8243;][dica_divi_carousel show_items_desktop=&#8221;5&#8243; multislide=&#8221;on&#8221; transition_duration=&#8221;2000&#8243; loop=&#8221;on&#8221; autoplay=&#8221;on&#8221; autoplay_speed=&#8221;3000&#8243; dot_nav=&#8221;on&#8221; item_spacing=&#8221;54&#8243; equal_height=&#8221;on&#8221; advanced_effect=&#8221;1&#8243; arrow_nav_color=&#8221;#006600&#8243; dots_active_color=&#8221;#006600&#8243; _builder_version=&#8221;4.4.3&#8243;][dica_divi_carouselitem admin_label=&#8221;zito&#8221; button_url_new_window=&#8221;1&#8243; image=&#8221;https:\/\/www.gramcommerce.si\/wp-content\/uploads\/2020\/04\/zito-logo.png&#8221; _builder_version=&#8221;4.4.3&#8243;][\/dica_divi_carouselitem][dica_divi_carouselitem admin_label=&#8221;talum&#8221; button_url_new_window=&#8221;1&#8243; image=&#8221;https:\/\/www.gramcommerce.si\/wp-content\/uploads\/2020\/04\/silkem-talum-logo.png&#8221; _builder_version=&#8221;4.4.3&#8243;][\/dica_divi_carouselitem][dica_divi_carouselitem admin_label=&#8221;podravka&#8221; button_url_new_window=&#8221;1&#8243; image=&#8221;https:\/\/www.gramcommerce.si\/wp-content\/uploads\/2020\/04\/podravka-logo.png&#8221; _builder_version=&#8221;4.4.3&#8243;][\/dica_divi_carouselitem][dica_divi_carouselitem admin_label=&#8221;livarna&#8221; button_url_new_window=&#8221;1&#8243; image=&#8221;https:\/\/www.gramcommerce.si\/wp-content\/uploads\/2020\/04\/kronig-livarna-logo-1.png&#8221; _builder_version=&#8221;4.4.3&#8243;][\/dica_divi_carouselitem][dica_divi_carouselitem admin_label=&#8221;henkel&#8221; button_url_new_window=&#8221;1&#8243; image=&#8221;https:\/\/www.gramcommerce.si\/wp-content\/uploads\/2020\/04\/henkel-logo.png&#8221; _builder_version=&#8221;4.4.3&#8243;][\/dica_divi_carouselitem][dica_divi_carouselitem admin_label=&#8221;liv&#8221; button_url_new_window=&#8221;1&#8243; image=&#8221;https:\/\/www.gramcommerce.si\/wp-content\/uploads\/2020\/04\/kolektor-liv.png&#8221; _builder_version=&#8221;4.4.3&#8243;][\/dica_divi_carouselitem][dica_divi_carouselitem admin_label=&#8221;acroni&#8221; button_url_new_window=&#8221;1&#8243; image=&#8221;https:\/\/www.gramcommerce.si\/wp-content\/uploads\/2020\/04\/SIJ-Acroni-logo.png&#8221; _builder_version=&#8221;4.4.3&#8243;][\/dica_divi_carouselitem][dica_divi_carouselitem admin_label=&#8221;krka&#8221; button_url_new_window=&#8221;1&#8243; image=&#8221;https:\/\/www.gramcommerce.si\/wp-content\/uploads\/2020\/04\/krka-logo.png&#8221; _builder_version=&#8221;4.4.3&#8243;][\/dica_divi_carouselitem][dica_divi_carouselitem admin_label=&#8221;hrastnik&#8221; button_url_new_window=&#8221;1&#8243; image=&#8221;https:\/\/www.gramcommerce.si\/wp-content\/uploads\/2020\/04\/Steklarna_Hrastnik_Logo.png&#8221; _builder_version=&#8221;4.4.3&#8243;][\/dica_divi_carouselitem][dica_divi_carouselitem admin_label=&#8221;vipava&#8221; button_url_new_window=&#8221;1&#8243; image=&#8221;https:\/\/www.gramcommerce.si\/wp-content\/uploads\/2020\/04\/vipava_logo_new.png&#8221; _builder_version=&#8221;4.4.3&#8243;][\/dica_divi_carouselitem][dica_divi_carouselitem admin_label=&#8221;cetis&#8221; button_url_new_window=&#8221;1&#8243; image=&#8221;https:\/\/www.gramcommerce.si\/wp-content\/uploads\/2020\/05\/cetis.png&#8221; _builder_version=&#8221;4.4.3&#8243;][\/dica_divi_carouselitem][dica_divi_carouselitem admin_label=&#8221;vindija&#8221; button_url_new_window=&#8221;1&#8243; image=&#8221;https:\/\/www.gramcommerce.si\/wp-content\/uploads\/2020\/05\/Vindija_Logo.svg_.png&#8221; _builder_version=&#8221;4.4.3&#8243;][\/dica_divi_carouselitem][dica_divi_carouselitem admin_label=&#8221;perutnina ptuj&#8221; button_url_new_window=&#8221;1&#8243; image=&#8221;https:\/\/www.gramcommerce.si\/wp-content\/uploads\/2020\/05\/tm-perutnina-ptuj-l2.png&#8221; _builder_version=&#8221;4.4.3&#8243;][\/dica_divi_carouselitem][dica_divi_carouselitem admin_label=&#8221;iskra&#8221; button_url_new_window=&#8221;1&#8243; image=&#8221;https:\/\/www.gramcommerce.si\/wp-content\/uploads\/2020\/05\/iskra.png&#8221; _builder_version=&#8221;4.4.3&#8243;][\/dica_divi_carouselitem][dica_divi_carouselitem admin_label=&#8221;jub&#8221; button_url_new_window=&#8221;1&#8243; image=&#8221;https:\/\/www.gramcommerce.si\/wp-content\/uploads\/2020\/05\/JUB-Logo-HR-Reduced.png&#8221; _builder_version=&#8221;4.4.3&#8243;][\/dica_divi_carouselitem][dica_divi_carouselitem admin_label=&#8221;carlsberg&#8221; button_url_new_window=&#8221;1&#8243; image=&#8221;https:\/\/www.gramcommerce.si\/wp-content\/uploads\/2020\/05\/Carlsberg-Logo-500&#215;222-1.png&#8221; _builder_version=&#8221;4.4.3&#8243;][\/dica_divi_carouselitem][dica_divi_carouselitem admin_label=&#8221;tab&#8221; button_url_new_window=&#8221;1&#8243; image=&#8221;https:\/\/www.gramcommerce.si\/wp-content\/uploads\/2020\/05\/tab.png&#8221; _builder_version=&#8221;4.4.3&#8243;][\/dica_divi_carouselitem][dica_divi_carouselitem admin_label=&#8221;belinka&#8221; button_url_new_window=&#8221;1&#8243; image=&#8221;https:\/\/www.gramcommerce.si\/wp-content\/uploads\/2020\/05\/belinka.png&#8221; _builder_version=&#8221;4.4.3&#8243;][\/dica_divi_carouselitem][dica_divi_carouselitem admin_label=&#8221;radenska&#8221; button_url_new_window=&#8221;1&#8243; image=&#8221;https:\/\/www.gramcommerce.si\/wp-content\/uploads\/2020\/05\/radenska_adriatic_logo.png&#8221; _builder_version=&#8221;4.4.3&#8243;][\/dica_divi_carouselitem][dica_divi_carouselitem admin_label=&#8221;cakovecki mlinovi&#8221; button_url_new_window=&#8221;1&#8243; image=&#8221;https:\/\/www.gramcommerce.si\/wp-content\/uploads\/2020\/05\/cak-mlinovi-logo-2018.png&#8221; _builder_version=&#8221;4.4.3&#8243;][\/dica_divi_carouselitem][\/dica_divi_carousel][\/et_pb_column][\/et_pb_row][\/et_pb_section]<\/p>\n","protected":false},"excerpt":{"rendered":"<p>Dru\u0161tvo Gram Commerce d.o.o. je osnovano 1992. godine u Mariboru. Nudimo vam kompleksna rje\u0161enja za automatizaciju i logistiku za proizvodnje, skladi\u0161ta i isporuku robe. Na\u0161a oprema obuhva\u0107a najbolje i najkvalitetnije materijale, \u0161to korisniku jam\u010di duga\u010dak \u017eivotni vijek i visoku razinu sigurnosti rada. Usmjereni smo u automatizaciju procesa sa svrhom smanjenja tro\u0161kova, kao i pove\u0107anja u\u010dinkovitosti [&hellip;]<\/p>\n","protected":false},"author":1,"featured_media":0,"parent":0,"menu_order":0,"comment_status":"closed","ping_status":"closed","template":"","meta":{"_seopress_robots_primary_cat":"","_seopress_titles_title":"","_seopress_titles_desc":"","_seopress_robots_index":"","_et_pb_use_builder":"on","_et_pb_old_content":"","_et_gb_content_width":"","footnotes":""},"class_list":["post-47587","page","type-page","status-publish","hentry"],"_links":{"self":[{"href":"https:\/\/www.gramcommerce.si\/hr\/wp-json\/wp\/v2\/pages\/47587","targetHints":{"allow":["GET"]}}],"collection":[{"href":"https:\/\/www.gramcommerce.si\/hr\/wp-json\/wp\/v2\/pages"}],"about":[{"href":"https:\/\/www.gramcommerce.si\/hr\/wp-json\/wp\/v2\/types\/page"}],"author":[{"embeddable":true,"href":"https:\/\/www.gramcommerce.si\/hr\/wp-json\/wp\/v2\/users\/1"}],"replies":[{"embeddable":true,"href":"https:\/\/www.gramcommerce.si\/hr\/wp-json\/wp\/v2\/comments?post=47587"}],"version-history":[{"count":4,"href":"https:\/\/www.gramcommerce.si\/hr\/wp-json\/wp\/v2\/pages\/47587\/revisions"}],"predecessor-version":[{"id":47878,"href":"https:\/\/www.gramcommerce.si\/hr\/wp-json\/wp\/v2\/pages\/47587\/revisions\/47878"}],"wp:attachment":[{"href":"https:\/\/www.gramcommerce.si\/hr\/wp-json\/wp\/v2\/media?parent=47587"}],"curies":[{"name":"wp","href":"https:\/\/api.w.org\/{rel}","templated":true}]}}