{"id":47601,"date":"2021-01-27T10:25:13","date_gmt":"2021-01-27T10:25:13","guid":{"rendered":"https:\/\/www.gramcommerce.si\/automatizacija-i-logistika-u-proizvodnji\/"},"modified":"2021-01-27T10:25:16","modified_gmt":"2021-01-27T10:25:16","slug":"automatizacija-i-logistika-u-proizvodnji","status":"publish","type":"page","link":"https:\/\/www.gramcommerce.si\/hr\/automatizacija-i-logistika-u-proizvodnji\/","title":{"rendered":"AUTOMATIZACIJA I LOGISTIKA U PROIZVODNJI"},"content":{"rendered":"<p>[et_pb_section fb_built=&#8221;1&#8243; _builder_version=&#8221;4.4.3&#8243; use_background_color_gradient=&#8221;on&#8221; background_color_gradient_start=&#8221;#eeeeee&#8221; background_color_gradient_end=&#8221;#ffffff&#8221; background_image=&#8221;https:\/\/www.gramcommerce.si\/wp-content\/uploads\/2020\/04\/title-back32gc.png&#8221; background_size=&#8221;contain&#8221; background_position=&#8221;top_right&#8221; custom_padding=&#8221;||76px|||&#8221; saved_tabs=&#8221;all&#8221;][et_pb_row column_structure=&#8221;3_5,2_5&#8243; _builder_version=&#8221;4.4.1&#8243; custom_padding=&#8221;49px||0px||false|false&#8221;][et_pb_column type=&#8221;3_5&#8243; _builder_version=&#8221;4.4.1&#8243;][et_pb_post_title meta=&#8221;off&#8221; featured_image=&#8221;off&#8221; _builder_version=&#8221;4.4.1&#8243; title_font_size=&#8221;32px&#8221; custom_margin=&#8221;||7px||false|false&#8221;][\/et_pb_post_title][et_pb_divider divider_weight=&#8221;4px&#8221; _builder_version=&#8221;4.4.1&#8243; width=&#8221;100px&#8221; animation_style=&#8221;slide&#8221; animation_direction=&#8221;right&#8221; animation_intensity_slide=&#8221;39%&#8221;][\/et_pb_divider][et_pb_text _builder_version=&#8221;4.4.3&#8243;]<\/p>\n<p>Nudimo gotova rje\u0161enja za tvrtke u razli\u010ditim industrijskim bran\u0161ama (farmaceutska industrija, kemijska industrija, kozmeti\u010dka industrija, automobilska industrija, prehrambena industrija, industrija pi\u0107a i proizvodnja mlije\u010dnih proizvoda i dr.).<\/p>\n<p>[\/et_pb_text][\/et_pb_column][et_pb_column type=&#8221;2_5&#8243; _builder_version=&#8221;4.4.1&#8243;][\/et_pb_column][\/et_pb_row][\/et_pb_section][et_pb_section fb_built=&#8221;1&#8243; _builder_version=&#8221;4.4.3&#8243; background_enable_color=&#8221;off&#8221;][et_pb_row _builder_version=&#8221;4.4.3&#8243;][et_pb_column type=&#8221;4_4&#8243; _builder_version=&#8221;4.4.3&#8243;][et_pb_text _builder_version=&#8221;4.4.3&#8243;]<\/p>\n<h4>NUDIMO VAM<\/h4>\n<p>[\/et_pb_text][\/et_pb_column][\/et_pb_row][et_pb_row column_structure=&#8221;1_2,1_2&#8243; _builder_version=&#8221;4.4.2&#8243; custom_padding=&#8221;2px|||||&#8221;][et_pb_column type=&#8221;1_2&#8243; _builder_version=&#8221;4.4.2&#8243;][et_pb_text _builder_version=&#8221;4.4.3&#8243;]<\/p>\n<ul>\n<li>Transportni sustavi za transport ambala\u017ee u proizvodnju.<\/li>\n<li>Transportni sustavi za transport iz proizvodnje u skladi\u0161te.<\/li>\n<li>Potpuna rje\u0161enja upravljanja logistikom na relaciji: radni nalog \u2013 proizvodnja \u2013 skladi\u0161te \u2013 kamion\/kontejner.<\/li>\n<li>Klasi\u010dna paletizacija i depaletizacija odnosno klasi\u010dni depaletizatori i paletizatori.<\/li>\n<li>Robotizacija za razli\u010dite svrhe upotrebe: depaletizacija, paletizacija, rukovanje strojevima, razli\u010diti na\u010dini varenja, bru\u0161enje, poliranje, itd.<\/li>\n<li>Integrirana rje\u0161enja u automatizaciji proizvodnih linija.<\/li>\n<li>Roboti, robotizacija, automatizacija.<\/li>\n<li>Gotovi robotski sustavi za razli\u010dite svrhe.<\/li>\n<li>Kori\u0161teni roboti KUKA (Premium roboti).<\/li>\n<li>Programiranje robota.<\/li>\n<\/ul>\n<p>[\/et_pb_text][\/et_pb_column][et_pb_column type=&#8221;1_2&#8243; _builder_version=&#8221;4.4.2&#8243;][et_pb_text _builder_version=&#8221;4.4.3&#8243;]<\/p>\n<ul>\n<li>Servis robota i linija.<\/li>\n<li>Servis robotizacije i robotskih \u0107elija.<\/li>\n<li>Programiranje upravlja\u010da SIEMENS.<\/li>\n<li>Omota\u010di paleta, strojevi za proizvodnju kartonske ambala\u017ee, strojevi za povezivanje, strojevi za navla\u010denje folije.<\/li>\n<li>Transportna oprema i transportne linije.<\/li>\n<li>RK linearne vodilice, servo motori, elektro oprema.<\/li>\n<li>Frekvencijski pretvornici i motorni pogoni LENZE, SEW.<\/li>\n<li>Ugradnja senzora, senzorike.<\/li>\n<li>Izrada elektro nacrta (E-plan).<\/li>\n<li>Projektiranje robotskih \u0107elija.<\/li>\n<li>Selidba robotskih \u0107elija i automatiziranih linija.<\/li>\n<\/ul>\n<p>[\/et_pb_text][\/et_pb_column][\/et_pb_row][et_pb_row _builder_version=&#8221;4.4.3&#8243;][et_pb_column type=&#8221;4_4&#8243; _builder_version=&#8221;4.4.3&#8243;][et_pb_text _builder_version=&#8221;4.4.3&#8243;]<\/p>\n<h2>Robotizacija i automatizacija<\/h2>\n<p>Nudimo sve vrste robotskih \u0107elija za razli\u010dite svrhe u industriji. Robotima robotiziramo\/automatiziramo aplikacije kao \u0161to su rukovanje strojevima, automatskim strojevima za izradu \u0161ablona, pre\u0161ama, strojevima za brizganje plastike i gume, zavarivanje TIG\/MIG\/MAG\/pod pra\u0161kom, plazma zavarivanje i rezanje, paletizaciju i manipulaciju razli\u010ditim proizvodima, bru\u0161enje-poliranje, lakiranje-bojanje, rezanje, montiranje, lijepljenje, stezanje\/otpu\u0161tanje vijaka, 3D robotsko glodanje, frikcijsko zavarivanje, nadzor proizvodnih procesa i aplikacije robotskog vida u najrazli\u010ditijim ostalim radnim procesima.<\/p>\n<p>[\/et_pb_text][\/et_pb_column][\/et_pb_row][et_pb_row column_structure=&#8221;3_5,2_5&#8243; _builder_version=&#8221;4.4.3&#8243; custom_margin=&#8221;-11px|auto||auto||&#8221;][et_pb_column type=&#8221;3_5&#8243; _builder_version=&#8221;4.4.3&#8243;][et_pb_text _builder_version=&#8221;4.4.3&#8243;]<\/p>\n<p>Dodanu vrijednost stvaramo<b>:<\/b><\/p>\n<ul>\n<li>Visokokvalitetnom, pouzdanom i u\u010dinkovitom opremom.<\/li>\n<li>Energetski u\u010dinkovitom i robusnom opremom.<\/li>\n<li>Visoko automatiziranom opremom.<\/li>\n<li>Modularnim dizajnom koji omogu\u0107uje fleksibilnost i optimalnu implementaciju.<\/li>\n<li>Najnovijim sigurnosnim standardima.<\/li>\n<li>Inovativnim rje\u0161enjima i visokom tehnologijom.<\/li>\n<li>Upotrebom znanja i dugogodi\u0161njeg iskustva u razvoju i konstrukciji opreme.<\/li>\n<li>Svi na\u0161i proizvodi nose certifikat sukladnosti CE.<\/li>\n<\/ul>\n<p>[\/et_pb_text][\/et_pb_column][et_pb_column type=&#8221;2_5&#8243; _builder_version=&#8221;4.4.3&#8243;][et_pb_image src=&#8221;https:\/\/www.gramcommerce.si\/wp-content\/uploads\/2020\/09\/avtomatizacija-in-logistika-v-proizvodnji.jpg&#8221; _builder_version=&#8221;4.4.3&#8243;][\/et_pb_image][\/et_pb_column][\/et_pb_row][et_pb_row _builder_version=&#8221;4.4.3&#8243; custom_padding=&#8221;45px||45px||false|false&#8221; border_width_bottom=&#8221;1px&#8221; border_color_bottom=&#8221;#eeeeee&#8221;][et_pb_column type=&#8221;4_4&#8243; _builder_version=&#8221;4.4.3&#8243;][et_pb_text _builder_version=&#8221;4.4.3&#8243; text_font=&#8221;|700|||||||&#8221; text_text_color=&#8221;#444444&#8243; text_font_size=&#8221;19px&#8221; text_orientation=&#8221;center&#8221;]<\/p>\n<p>Za sve projekte se specifi\u010dno prilago\u0111avamo kupcu te ih nudimo gotove po sustavu \u201eklju\u010d u ruke\u201c.<br \/>Jam\u010dimo dobavu, monta\u017eu, servis i garanciju te dobavu rezervnih dijelova.<\/p>\n<p>[\/et_pb_text][\/et_pb_column][\/et_pb_row][et_pb_row _builder_version=&#8221;4.4.3&#8243;][et_pb_column type=&#8221;4_4&#8243; _builder_version=&#8221;4.4.3&#8243;][et_pb_text _builder_version=&#8221;4.4.3&#8243;]<\/p>\n<h2>Primjeri iz prakse<\/h2>\n<p>&nbsp;<\/p>\n<h3>Projektiranje i izvedba logisti\u010dkih rje\u0161enja proizvodnja \u2013 skladi\u0161te<\/h3>\n<p>[\/et_pb_text][et_pb_text _builder_version=&#8221;4.4.3&#8243;]<\/p>\n<p>Vertikalne automatske dizalice za palete. Transportni sustavi razli\u010ditih izvedbi. Spiralno podizni sustavi.<\/p>\n<p>[\/et_pb_text][\/et_pb_column][\/et_pb_row][et_pb_row column_structure=&#8221;1_4,1_4,1_4,1_4&#8243; _builder_version=&#8221;4.4.3&#8243; custom_padding=&#8221;0px|||||&#8221;][et_pb_column type=&#8221;1_4&#8243; _builder_version=&#8221;4.4.3&#8243;][et_pb_image src=&#8221;https:\/\/www.gramcommerce.si\/wp-content\/uploads\/2020\/09\/avtomatizacija-in-logistika-v-proizvodnji2.jpg&#8221; _builder_version=&#8221;4.4.3&#8243;][\/et_pb_image][\/et_pb_column][et_pb_column type=&#8221;1_4&#8243; _builder_version=&#8221;4.4.3&#8243;][et_pb_image src=&#8221;https:\/\/www.gramcommerce.si\/wp-content\/uploads\/2020\/09\/avtomatizacija-in-logistika-v-proizvodnji3.png&#8221; _builder_version=&#8221;4.4.3&#8243; border_width_all=&#8221;1px&#8221; border_color_all=&#8221;#eeeeee&#8221;][\/et_pb_image][\/et_pb_column][et_pb_column type=&#8221;1_4&#8243; _builder_version=&#8221;4.4.3&#8243;][et_pb_image src=&#8221;https:\/\/www.gramcommerce.si\/wp-content\/uploads\/2020\/09\/avtomatizacija-in-logistika-v-proizvodnji4.jpg&#8221; _builder_version=&#8221;4.4.3&#8243;][\/et_pb_image][\/et_pb_column][et_pb_column type=&#8221;1_4&#8243; _builder_version=&#8221;4.4.3&#8243;][et_pb_image src=&#8221;https:\/\/www.gramcommerce.si\/wp-content\/uploads\/2020\/09\/avtomatizacija-in-logistika-v-proizvodnji5.jpg&#8221; _builder_version=&#8221;4.4.3&#8243;][\/et_pb_image][\/et_pb_column][\/et_pb_row][et_pb_row column_structure=&#8221;1_4,1_4,1_4,1_4&#8243; _builder_version=&#8221;4.4.3&#8243; custom_padding=&#8221;0px||45px||false|false&#8221; border_width_bottom=&#8221;1px&#8221; border_color_bottom=&#8221;#eeeeee&#8221;][et_pb_column type=&#8221;1_4&#8243; _builder_version=&#8221;4.4.3&#8243;][et_pb_image src=&#8221;https:\/\/www.gramcommerce.si\/wp-content\/uploads\/2020\/09\/avtomatizacija-in-logistika-v-proizvodnji6.jpg&#8221; _builder_version=&#8221;4.4.3&#8243;][\/et_pb_image][\/et_pb_column][et_pb_column type=&#8221;1_4&#8243; _builder_version=&#8221;4.4.3&#8243;][et_pb_image src=&#8221;https:\/\/www.gramcommerce.si\/wp-content\/uploads\/2020\/09\/avtomatizacija-in-logistika-v-proizvodnji7.jpg&#8221; _builder_version=&#8221;4.4.3&#8243; border_width_all=&#8221;1px&#8221; border_color_all=&#8221;#eeeeee&#8221;][\/et_pb_image][\/et_pb_column][et_pb_column type=&#8221;1_4&#8243; _builder_version=&#8221;4.4.3&#8243;][et_pb_image src=&#8221;https:\/\/www.gramcommerce.si\/wp-content\/uploads\/2020\/09\/avtomatizacija-in-logistika-v-proizvodnji8.jpg&#8221; _builder_version=&#8221;4.4.3&#8243;][\/et_pb_image][\/et_pb_column][et_pb_column type=&#8221;1_4&#8243; _builder_version=&#8221;4.4.3&#8243;][et_pb_image src=&#8221;https:\/\/www.gramcommerce.si\/wp-content\/uploads\/2020\/09\/avtomatizacija-in-logistika-v-proizvodnji9.jpg&#8221; _builder_version=&#8221;4.4.3&#8243;][\/et_pb_image][\/et_pb_column][\/et_pb_row][et_pb_row _builder_version=&#8221;4.4.3&#8243;][et_pb_column type=&#8221;4_4&#8243; _builder_version=&#8221;4.4.3&#8243;][et_pb_text _builder_version=&#8221;4.4.3&#8243; hover_enabled=&#8221;0&#8243;]<\/p>\n<p>Specijalni sustavi manipulacije kartonima, vre\u0107ama, paketima (preuzimanje iz proizvodnje, transport u druge prostorije, rje\u0161avanje prostorne logistike).<\/p>\n<p>[\/et_pb_text][\/et_pb_column][\/et_pb_row][et_pb_row column_structure=&#8221;1_4,1_4,1_4,1_4&#8243; _builder_version=&#8221;4.4.3&#8243; custom_padding=&#8221;0px||45px||false|false&#8221; border_width_bottom=&#8221;1px&#8221; border_color_bottom=&#8221;#eeeeee&#8221;][et_pb_column type=&#8221;1_4&#8243; _builder_version=&#8221;4.4.3&#8243;][et_pb_image src=&#8221;https:\/\/www.gramcommerce.si\/wp-content\/uploads\/2020\/09\/avtomatizacija-in-logistika-v-proizvodnji10.jpg&#8221; _builder_version=&#8221;4.4.3&#8243;][\/et_pb_image][\/et_pb_column][et_pb_column type=&#8221;1_4&#8243; _builder_version=&#8221;4.4.3&#8243;][et_pb_image src=&#8221;https:\/\/www.gramcommerce.si\/wp-content\/uploads\/2020\/09\/avtomatizacija-in-logistika-v-proizvodnji11.jpg&#8221; _builder_version=&#8221;4.4.3&#8243; border_color_all=&#8221;#eeeeee&#8221;][\/et_pb_image][\/et_pb_column][et_pb_column type=&#8221;1_4&#8243; _builder_version=&#8221;4.4.3&#8243;][et_pb_image src=&#8221;https:\/\/www.gramcommerce.si\/wp-content\/uploads\/2020\/09\/avtomatizacija-in-logistika-v-proizvodnji12.jpg&#8221; _builder_version=&#8221;4.4.3&#8243;][\/et_pb_image][\/et_pb_column][et_pb_column type=&#8221;1_4&#8243; _builder_version=&#8221;4.4.3&#8243;][et_pb_image src=&#8221;https:\/\/www.gramcommerce.si\/wp-content\/uploads\/2020\/09\/avtomatizacija-in-logistika-v-proizvodnji13.jpg&#8221; _builder_version=&#8221;4.4.3&#8243;][\/et_pb_image][\/et_pb_column][\/et_pb_row][et_pb_row _builder_version=&#8221;4.4.3&#8243;][et_pb_column type=&#8221;4_4&#8243; _builder_version=&#8221;4.4.3&#8243;][et_pb_text _builder_version=&#8221;4.4.3&#8243;]<\/p>\n<p>Klasi\u010dna paletizacija i depaletizacija odnosno klasi\u010dni depaletizator i paletizator (za termo pakete, vre\u0107e, sanduke, kartone, itd.).<\/p>\n<p>[\/et_pb_text][\/et_pb_column][\/et_pb_row][et_pb_row column_structure=&#8221;1_4,1_4,1_4,1_4&#8243; _builder_version=&#8221;4.4.3&#8243; custom_padding=&#8221;3px|||||&#8221;][et_pb_column type=&#8221;1_4&#8243; _builder_version=&#8221;4.4.3&#8243;][et_pb_image src=&#8221;https:\/\/www.gramcommerce.si\/wp-content\/uploads\/2020\/09\/avtomatizacija-in-logistika-v-proizvodnji14.jpg&#8221; _builder_version=&#8221;4.4.3&#8243;][\/et_pb_image][\/et_pb_column][et_pb_column type=&#8221;1_4&#8243; _builder_version=&#8221;4.4.3&#8243;][et_pb_image src=&#8221;https:\/\/www.gramcommerce.si\/wp-content\/uploads\/2020\/09\/avtomatizacija-in-logistika-v-proizvodnji15.png&#8221; _builder_version=&#8221;4.4.3&#8243; border_width_all=&#8221;1px&#8221; border_color_all=&#8221;#eeeeee&#8221;][\/et_pb_image][\/et_pb_column][et_pb_column type=&#8221;1_4&#8243; _builder_version=&#8221;4.4.3&#8243;][et_pb_image src=&#8221;https:\/\/www.gramcommerce.si\/wp-content\/uploads\/2020\/09\/avtomatizacija-in-logistika-v-proizvodnji16.jpg&#8221; _builder_version=&#8221;4.4.3&#8243;][\/et_pb_image][\/et_pb_column][et_pb_column type=&#8221;1_4&#8243; _builder_version=&#8221;4.4.3&#8243;][et_pb_image src=&#8221;https:\/\/www.gramcommerce.si\/wp-content\/uploads\/2020\/09\/avtomatizacija-in-logistika-v-proizvodnji17.jpg&#8221; _builder_version=&#8221;4.4.3&#8243;][\/et_pb_image][\/et_pb_column][\/et_pb_row][et_pb_row column_structure=&#8221;1_4,1_4,1_4,1_4&#8243; _builder_version=&#8221;4.4.3&#8243; custom_padding=&#8221;0px||45px||false|false&#8221; border_width_bottom=&#8221;1px&#8221; border_color_bottom=&#8221;#eeeeee&#8221;][et_pb_column type=&#8221;1_4&#8243; _builder_version=&#8221;4.4.3&#8243;][et_pb_image src=&#8221;https:\/\/www.gramcommerce.si\/wp-content\/uploads\/2020\/09\/avtomatizacija-in-logistika-v-proizvodnji18.jpg&#8221; _builder_version=&#8221;4.4.3&#8243;][\/et_pb_image][\/et_pb_column][et_pb_column type=&#8221;1_4&#8243; _builder_version=&#8221;4.4.3&#8243;][et_pb_image src=&#8221;https:\/\/www.gramcommerce.si\/wp-content\/uploads\/2020\/09\/avtomatizacija-in-logistika-v-proizvodnji19.jpg&#8221; _builder_version=&#8221;4.4.3&#8243; border_width_all=&#8221;1px&#8221; border_color_all=&#8221;#eeeeee&#8221;][\/et_pb_image][\/et_pb_column][et_pb_column type=&#8221;1_4&#8243; _builder_version=&#8221;4.4.3&#8243;][et_pb_image src=&#8221;https:\/\/www.gramcommerce.si\/wp-content\/uploads\/2020\/09\/avtomatizacija-in-logistika-v-proizvodnji20.jpg&#8221; _builder_version=&#8221;4.4.3&#8243;][\/et_pb_image][\/et_pb_column][et_pb_column type=&#8221;1_4&#8243; _builder_version=&#8221;4.4.3&#8243;][\/et_pb_column][\/et_pb_row][et_pb_row _builder_version=&#8221;4.4.3&#8243;][et_pb_column type=&#8221;4_4&#8243; _builder_version=&#8221;4.4.3&#8243;][et_pb_text _builder_version=&#8221;4.4.3&#8243; hover_enabled=&#8221;0&#8243;]<\/p>\n<p>Depaletizacija ili depaletizator staklenki.<\/p>\n<p>[\/et_pb_text][\/et_pb_column][\/et_pb_row][et_pb_row column_structure=&#8221;1_4,1_4,1_4,1_4&#8243; _builder_version=&#8221;4.4.3&#8243; custom_padding=&#8221;0px||45px||false|false&#8221; border_width_bottom=&#8221;1px&#8221; border_color_bottom=&#8221;#eeeeee&#8221;][et_pb_column type=&#8221;1_4&#8243; _builder_version=&#8221;4.4.3&#8243;][et_pb_image src=&#8221;https:\/\/www.gramcommerce.si\/wp-content\/uploads\/2020\/09\/avtomatizacija-in-logistika-v-proizvodnji21.jpg&#8221; _builder_version=&#8221;4.4.3&#8243;][\/et_pb_image][\/et_pb_column][et_pb_column type=&#8221;1_4&#8243; _builder_version=&#8221;4.4.3&#8243;][et_pb_image src=&#8221;https:\/\/www.gramcommerce.si\/wp-content\/uploads\/2020\/09\/avtomatizacija-in-logistika-v-proizvodnji22.jpg&#8221; _builder_version=&#8221;4.4.3&#8243; border_width_all=&#8221;1px&#8221; border_color_all=&#8221;#eeeeee&#8221;][\/et_pb_image][\/et_pb_column][et_pb_column type=&#8221;1_4&#8243; _builder_version=&#8221;4.4.3&#8243;][et_pb_image src=&#8221;https:\/\/www.gramcommerce.si\/wp-content\/uploads\/2020\/09\/avtomatizacija-in-logistika-v-proizvodnji23.jpg&#8221; _builder_version=&#8221;4.4.3&#8243;][\/et_pb_image][\/et_pb_column][et_pb_column type=&#8221;1_4&#8243; _builder_version=&#8221;4.4.3&#8243;][\/et_pb_column][\/et_pb_row][et_pb_row _builder_version=&#8221;4.4.3&#8243;][et_pb_column type=&#8221;4_4&#8243; _builder_version=&#8221;4.4.3&#8243;][et_pb_text _builder_version=&#8221;4.4.3&#8243;]<\/p>\n<p>Robotizacija za razli\u010dite svrhe upotrebe.<\/p>\n<p>[\/et_pb_text][\/et_pb_column][\/et_pb_row][et_pb_row column_structure=&#8221;1_4,1_4,1_4,1_4&#8243; _builder_version=&#8221;4.4.3&#8243; custom_padding=&#8221;0px|||||&#8221;][et_pb_column type=&#8221;1_4&#8243; _builder_version=&#8221;4.4.3&#8243;][et_pb_image src=&#8221;https:\/\/www.gramcommerce.si\/wp-content\/uploads\/2020\/09\/avtomatizacija-in-logistika-v-proizvodnji24.jpg&#8221; _builder_version=&#8221;4.4.3&#8243;][\/et_pb_image][\/et_pb_column][et_pb_column type=&#8221;1_4&#8243; _builder_version=&#8221;4.4.3&#8243;][et_pb_image src=&#8221;https:\/\/www.gramcommerce.si\/wp-content\/uploads\/2020\/09\/avtomatizacija-in-logistika-v-proizvodnji25.jpg&#8221; _builder_version=&#8221;4.4.3&#8243; border_color_all=&#8221;#eeeeee&#8221;][\/et_pb_image][\/et_pb_column][et_pb_column type=&#8221;1_4&#8243; _builder_version=&#8221;4.4.3&#8243;][et_pb_image src=&#8221;https:\/\/www.gramcommerce.si\/wp-content\/uploads\/2020\/09\/avtomatizacija-in-logistika-v-proizvodnji26.jpg&#8221; _builder_version=&#8221;4.4.3&#8243;][\/et_pb_image][\/et_pb_column][et_pb_column type=&#8221;1_4&#8243; _builder_version=&#8221;4.4.3&#8243;][et_pb_image src=&#8221;https:\/\/www.gramcommerce.si\/wp-content\/uploads\/2020\/09\/avtomatizacija-in-logistika-v-proizvodnji27.jpg&#8221; _builder_version=&#8221;4.4.3&#8243;][\/et_pb_image][\/et_pb_column][\/et_pb_row][et_pb_row column_structure=&#8221;1_4,1_4,1_4,1_4&#8243; _builder_version=&#8221;4.4.3&#8243; custom_padding=&#8221;0px|||||&#8221;][et_pb_column type=&#8221;1_4&#8243; _builder_version=&#8221;4.4.3&#8243;][et_pb_image src=&#8221;https:\/\/www.gramcommerce.si\/wp-content\/uploads\/2020\/09\/avtomatizacija-in-logistika-v-proizvodnji28.jpg&#8221; _builder_version=&#8221;4.4.3&#8243;][\/et_pb_image][\/et_pb_column][et_pb_column type=&#8221;1_4&#8243; _builder_version=&#8221;4.4.3&#8243;][et_pb_image src=&#8221;https:\/\/www.gramcommerce.si\/wp-content\/uploads\/2020\/09\/avtomatizacija-in-logistika-v-proizvodnji29.jpg&#8221; _builder_version=&#8221;4.4.3&#8243; border_color_all=&#8221;#eeeeee&#8221;][\/et_pb_image][\/et_pb_column][et_pb_column type=&#8221;1_4&#8243; _builder_version=&#8221;4.4.3&#8243;][et_pb_image src=&#8221;https:\/\/www.gramcommerce.si\/wp-content\/uploads\/2020\/09\/avtomatizacija-in-logistika-v-proizvodnji30.jpg&#8221; _builder_version=&#8221;4.4.3&#8243;][\/et_pb_image][\/et_pb_column][et_pb_column type=&#8221;1_4&#8243; _builder_version=&#8221;4.4.3&#8243;][et_pb_image src=&#8221;https:\/\/www.gramcommerce.si\/wp-content\/uploads\/2020\/09\/avtomatizacija-in-logistika-v-proizvodnji31-1.jpg&#8221; _builder_version=&#8221;4.4.3&#8243;][\/et_pb_image][\/et_pb_column][\/et_pb_row][et_pb_row column_structure=&#8221;1_4,1_4,1_4,1_4&#8243; _builder_version=&#8221;4.4.3&#8243; custom_padding=&#8221;2px||45px||false|false&#8221; border_width_bottom=&#8221;1px&#8221; border_color_bottom=&#8221;#eeeeee&#8221;][et_pb_column type=&#8221;1_4&#8243; _builder_version=&#8221;4.4.3&#8243;][et_pb_image src=&#8221;https:\/\/www.gramcommerce.si\/wp-content\/uploads\/2020\/09\/avtomatizacija-in-logistika-v-proizvodnji32.jpg&#8221; _builder_version=&#8221;4.4.3&#8243;][\/et_pb_image][\/et_pb_column][et_pb_column type=&#8221;1_4&#8243; _builder_version=&#8221;4.4.3&#8243;][et_pb_image src=&#8221;https:\/\/www.gramcommerce.si\/wp-content\/uploads\/2020\/09\/avtomatizacija-in-logistika-v-proizvodnji33.jpg&#8221; _builder_version=&#8221;4.4.3&#8243; border_color_all=&#8221;#eeeeee&#8221;][\/et_pb_image][\/et_pb_column][et_pb_column type=&#8221;1_4&#8243; _builder_version=&#8221;4.4.3&#8243;][et_pb_image src=&#8221;https:\/\/www.gramcommerce.si\/wp-content\/uploads\/2020\/09\/avtomatizacija-in-logistika-v-proizvodnji34.png&#8221; _builder_version=&#8221;4.4.3&#8243;][\/et_pb_image][\/et_pb_column][et_pb_column type=&#8221;1_4&#8243; _builder_version=&#8221;4.4.3&#8243;][et_pb_image src=&#8221;https:\/\/www.gramcommerce.si\/wp-content\/uploads\/2020\/09\/avtomatizacija-in-logistika-v-proizvodnji1.jpg&#8221; _builder_version=&#8221;4.4.3&#8243;][\/et_pb_image][\/et_pb_column][\/et_pb_row][et_pb_row _builder_version=&#8221;4.4.3&#8243;][et_pb_column type=&#8221;4_4&#8243; _builder_version=&#8221;4.4.3&#8243;][et_pb_text _builder_version=&#8221;4.4.3&#8243;]<\/p>\n<p>Magnetne glave i robotizacija za razli\u010dite svrhe upotrebe.<\/p>\n<p>[\/et_pb_text][\/et_pb_column][\/et_pb_row][et_pb_row column_structure=&#8221;1_4,1_4,1_4,1_4&#8243; _builder_version=&#8221;4.4.3&#8243; custom_padding=&#8221;0px||45px||false|false&#8221; border_width_bottom=&#8221;1px&#8221; border_color_bottom=&#8221;#eeeeee&#8221;][et_pb_column type=&#8221;1_4&#8243; _builder_version=&#8221;4.4.3&#8243;][et_pb_image src=&#8221;https:\/\/www.gramcommerce.si\/wp-content\/uploads\/2020\/09\/avtomatizacija-in-logistika-v-proizvodnji35-1.jpg&#8221; _builder_version=&#8221;4.4.3&#8243;][\/et_pb_image][\/et_pb_column][et_pb_column type=&#8221;1_4&#8243; _builder_version=&#8221;4.4.3&#8243;][et_pb_image src=&#8221;https:\/\/www.gramcommerce.si\/wp-content\/uploads\/2020\/09\/avtomatizacija-in-logistika-v-proizvodnji36.jpg&#8221; _builder_version=&#8221;4.4.3&#8243; border_width_all=&#8221;1px&#8221; border_color_all=&#8221;#eeeeee&#8221;][\/et_pb_image][\/et_pb_column][et_pb_column type=&#8221;1_4&#8243; _builder_version=&#8221;4.4.3&#8243;][et_pb_image src=&#8221;https:\/\/www.gramcommerce.si\/wp-content\/uploads\/2020\/09\/avtomatizacija-in-logistika-v-proizvodnji37.jpg&#8221; _builder_version=&#8221;4.4.3&#8243;][\/et_pb_image][\/et_pb_column][et_pb_column type=&#8221;1_4&#8243; _builder_version=&#8221;4.4.3&#8243;][\/et_pb_column][\/et_pb_row][et_pb_row _builder_version=&#8221;4.4.3&#8243;][et_pb_column type=&#8221;4_4&#8243; _builder_version=&#8221;4.4.3&#8243;][et_pb_text _builder_version=&#8221;4.4.3&#8243;]<\/p>\n<p>Potpuno linijsko rje\u0161enje (vizualizacija, bojanje, transportni sustav).<\/p>\n<p>[\/et_pb_text][\/et_pb_column][\/et_pb_row][et_pb_row column_structure=&#8221;1_4,1_4,1_4,1_4&#8243; _builder_version=&#8221;4.4.3&#8243; custom_padding=&#8221;0px||45px||false|false&#8221; border_width_bottom=&#8221;1px&#8221; border_color_bottom=&#8221;#eeeeee&#8221;][et_pb_column type=&#8221;1_4&#8243; _builder_version=&#8221;4.4.3&#8243;][et_pb_image src=&#8221;https:\/\/www.gramcommerce.si\/wp-content\/uploads\/2020\/09\/avtomatizacija-in-logistika-v-proizvodnji38.jpg&#8221; _builder_version=&#8221;4.4.3&#8243;][\/et_pb_image][\/et_pb_column][et_pb_column type=&#8221;1_4&#8243; _builder_version=&#8221;4.4.3&#8243;][et_pb_image src=&#8221;https:\/\/www.gramcommerce.si\/wp-content\/uploads\/2020\/09\/avtomatizacija-in-logistika-v-proizvodnji39.jpg&#8221; _builder_version=&#8221;4.4.3&#8243; border_width_all=&#8221;1px&#8221; border_color_all=&#8221;#eeeeee&#8221;][\/et_pb_image][\/et_pb_column][et_pb_column type=&#8221;1_4&#8243; _builder_version=&#8221;4.4.3&#8243;][et_pb_image src=&#8221;https:\/\/www.gramcommerce.si\/wp-content\/uploads\/2020\/09\/avtomatizacija-in-logistika-v-proizvodnji40.jpg&#8221; _builder_version=&#8221;4.4.3&#8243;][\/et_pb_image][\/et_pb_column][et_pb_column type=&#8221;1_4&#8243; _builder_version=&#8221;4.4.3&#8243;][\/et_pb_column][\/et_pb_row][et_pb_row _builder_version=&#8221;4.4.3&#8243;][et_pb_column type=&#8221;4_4&#8243; _builder_version=&#8221;4.4.3&#8243;][et_pb_text _builder_version=&#8221;4.4.3&#8243;]<\/p>\n<p>Rje\u0161enja na metalnim proizvodima i plastici.<\/p>\n<p>[\/et_pb_text][\/et_pb_column][\/et_pb_row][et_pb_row column_structure=&#8221;1_4,1_4,1_4,1_4&#8243; _builder_version=&#8221;4.4.3&#8243; custom_padding=&#8221;0px|||||&#8221;][et_pb_column type=&#8221;1_4&#8243; _builder_version=&#8221;4.4.3&#8243;][et_pb_image src=&#8221;https:\/\/www.gramcommerce.si\/wp-content\/uploads\/2020\/09\/avtomatizacija-in-logistika-v-proizvodnji41.jpg&#8221; _builder_version=&#8221;4.4.3&#8243;][\/et_pb_image][\/et_pb_column][et_pb_column type=&#8221;1_4&#8243; _builder_version=&#8221;4.4.3&#8243;][et_pb_image src=&#8221;https:\/\/www.gramcommerce.si\/wp-content\/uploads\/2020\/09\/avtomatizacija-in-logistika-v-proizvodnji42.jpg&#8221; _builder_version=&#8221;4.4.3&#8243; border_width_all=&#8221;1px&#8221; border_color_all=&#8221;#eeeeee&#8221;][\/et_pb_image][\/et_pb_column][et_pb_column type=&#8221;1_4&#8243; _builder_version=&#8221;4.4.3&#8243;][et_pb_image src=&#8221;https:\/\/www.gramcommerce.si\/wp-content\/uploads\/2020\/09\/avtomatizacija-in-logistika-v-proizvodnji43.jpg&#8221; _builder_version=&#8221;4.4.3&#8243;][\/et_pb_image][\/et_pb_column][et_pb_column type=&#8221;1_4&#8243; _builder_version=&#8221;4.4.3&#8243;][\/et_pb_column][\/et_pb_row][\/et_pb_section]<\/p>\n","protected":false},"excerpt":{"rendered":"<p>Nudimo gotova rje\u0161enja za tvrtke u razli\u010ditim industrijskim bran\u0161ama (farmaceutska industrija, kemijska industrija, kozmeti\u010dka industrija, automobilska industrija, prehrambena industrija, industrija pi\u0107a i proizvodnja mlije\u010dnih proizvoda i dr.).NUDIMO VAM Transportni sustavi za transport ambala\u017ee u proizvodnju. Transportni sustavi za transport iz proizvodnje u skladi\u0161te. Potpuna rje\u0161enja upravljanja logistikom na relaciji: radni nalog \u2013 proizvodnja \u2013 skladi\u0161te [&hellip;]<\/p>\n","protected":false},"author":1,"featured_media":0,"parent":0,"menu_order":0,"comment_status":"closed","ping_status":"closed","template":"","meta":{"_seopress_robots_primary_cat":"","_seopress_titles_title":"","_seopress_titles_desc":"","_seopress_robots_index":"","_et_pb_use_builder":"on","_et_pb_old_content":"","_et_gb_content_width":"","footnotes":""},"class_list":["post-47601","page","type-page","status-publish","hentry"],"_links":{"self":[{"href":"https:\/\/www.gramcommerce.si\/hr\/wp-json\/wp\/v2\/pages\/47601","targetHints":{"allow":["GET"]}}],"collection":[{"href":"https:\/\/www.gramcommerce.si\/hr\/wp-json\/wp\/v2\/pages"}],"about":[{"href":"https:\/\/www.gramcommerce.si\/hr\/wp-json\/wp\/v2\/types\/page"}],"author":[{"embeddable":true,"href":"https:\/\/www.gramcommerce.si\/hr\/wp-json\/wp\/v2\/users\/1"}],"replies":[{"embeddable":true,"href":"https:\/\/www.gramcommerce.si\/hr\/wp-json\/wp\/v2\/comments?post=47601"}],"version-history":[{"count":7,"href":"https:\/\/www.gramcommerce.si\/hr\/wp-json\/wp\/v2\/pages\/47601\/revisions"}],"predecessor-version":[{"id":47609,"href":"https:\/\/www.gramcommerce.si\/hr\/wp-json\/wp\/v2\/pages\/47601\/revisions\/47609"}],"wp:attachment":[{"href":"https:\/\/www.gramcommerce.si\/hr\/wp-json\/wp\/v2\/media?parent=47601"}],"curies":[{"name":"wp","href":"https:\/\/api.w.org\/{rel}","templated":true}]}}