{"id":47610,"date":"2021-01-27T10:35:39","date_gmt":"2021-01-27T10:35:39","guid":{"rendered":"https:\/\/www.gramcommerce.si\/automatizacija-i-logistika-u-skladistu\/"},"modified":"2021-01-27T10:35:40","modified_gmt":"2021-01-27T10:35:40","slug":"automatizacija-i-logistika-u-skladistu","status":"publish","type":"page","link":"https:\/\/www.gramcommerce.si\/hr\/automatizacija-i-logistika-u-skladistu\/","title":{"rendered":"AUTOMATIZACIJA I LOGISTIKA U SKLADI\u0160TU"},"content":{"rendered":"<p>[et_pb_section fb_built=&#8221;1&#8243; _builder_version=&#8221;4.4.3&#8243; use_background_color_gradient=&#8221;on&#8221; background_color_gradient_start=&#8221;#eeeeee&#8221; background_color_gradient_end=&#8221;#ffffff&#8221; background_image=&#8221;https:\/\/www.gramcommerce.si\/wp-content\/uploads\/2020\/04\/title-back32gc.png&#8221; background_size=&#8221;contain&#8221; background_position=&#8221;top_right&#8221; custom_padding=&#8221;||45px|||&#8221; saved_tabs=&#8221;all&#8221;][et_pb_row column_structure=&#8221;3_5,2_5&#8243; _builder_version=&#8221;4.4.1&#8243; custom_padding=&#8221;49px||0px||false|false&#8221;][et_pb_column type=&#8221;3_5&#8243; _builder_version=&#8221;4.4.1&#8243;][et_pb_post_title meta=&#8221;off&#8221; featured_image=&#8221;off&#8221; _builder_version=&#8221;4.4.1&#8243; title_font_size=&#8221;32px&#8221; custom_margin=&#8221;||7px||false|false&#8221;][\/et_pb_post_title][et_pb_divider divider_weight=&#8221;4px&#8221; _builder_version=&#8221;4.4.1&#8243; width=&#8221;100px&#8221; animation_style=&#8221;slide&#8221; animation_direction=&#8221;right&#8221; animation_intensity_slide=&#8221;39%&#8221;][\/et_pb_divider][et_pb_text _builder_version=&#8221;4.4.3&#8243;]<\/p>\n<p>Nudimo gotove logisti\u010dke sustave za skladi\u0161tenje razli\u010ditih izvedbi paleta s kona\u010dnim proizvodima (palete EURO 800 \u00d7 1200, 1000 \u00d7 1200 i 600 \u00d7 1200 mm).<\/p>\n<p>[\/et_pb_text][\/et_pb_column][et_pb_column type=&#8221;2_5&#8243; _builder_version=&#8221;4.4.1&#8243;][\/et_pb_column][\/et_pb_row][\/et_pb_section][et_pb_section fb_built=&#8221;1&#8243; _builder_version=&#8221;4.4.3&#8243;][et_pb_row column_structure=&#8221;3_5,2_5&#8243; _builder_version=&#8221;4.4.3&#8243;][et_pb_column type=&#8221;3_5&#8243; _builder_version=&#8221;4.4.3&#8243;][et_pb_text _builder_version=&#8221;4.4.3&#8243;]<\/p>\n<h3><b>NUDIMO VAM:<\/b><\/h3>\n<ul>\n<li>\n<p>Preuzimanje i kontrola paleta koje je potrebno skladi\u0161titi.<\/p>\n<\/li>\n<li>\n<p>Izrada jednostupnih i dvostupnih dizalica za punjenje skladi\u0161nih regala.<\/p>\n<\/li>\n<li>\n<p>Izrada i monta\u017ea kompletnih skladi\u0161nih regalnih sustava.<\/p>\n<\/li>\n<li>\n<p>Proto\u010dna i visoka regalna skladi\u0161ta.<\/p>\n<\/li>\n<li>\n<p>Projektiranje i izvedba skladi\u0161ta (od temelja do gotove izgradnje).<\/p>\n<\/li>\n<li>\n<p>Potpuna rje\u0161enja upravljanja logistikom skladi\u0161ta.<\/p>\n<\/li>\n<\/ul>\n<p>[\/et_pb_text][\/et_pb_column][et_pb_column type=&#8221;2_5&#8243; _builder_version=&#8221;4.4.3&#8243;][et_pb_image src=&#8221;https:\/\/www.gramcommerce.si\/wp-content\/uploads\/2020\/09\/avtomatizacija-in-logistika-v-skladiscu.jpg&#8221; _builder_version=&#8221;4.4.3&#8243;][\/et_pb_image][\/et_pb_column][\/et_pb_row][\/et_pb_section][et_pb_section fb_built=&#8221;1&#8243; _builder_version=&#8221;4.4.2&#8243; custom_padding=&#8221;0px|||||&#8221;][et_pb_row _builder_version=&#8221;4.4.2&#8243; background_image=&#8221;https:\/\/www.gramcommerce.si\/wp-content\/uploads\/2020\/04\/gramcommerce_back.png&#8221; background_size=&#8221;initial&#8221; custom_padding=&#8221;||0px||false|false&#8221; locked=&#8221;off&#8221;][et_pb_column type=&#8221;4_4&#8243; _builder_version=&#8221;4.4.2&#8243;][et_pb_text _builder_version=&#8221;4.4.2&#8243; header_2_text_align=&#8221;center&#8221; custom_margin=&#8221;||15px|||&#8221; custom_padding=&#8221;1px||||false|false&#8221;]<\/p>\n<h2>BROJNE REFERENCE ZA<\/h2>\n<p>[\/et_pb_text][\/et_pb_column][\/et_pb_row][et_pb_row column_structure=&#8221;1_5,1_5,1_5,1_5,1_5&#8243; make_equal=&#8221;on&#8221; _builder_version=&#8221;4.4.2&#8243; custom_margin=&#8221;24px|auto||auto||&#8221;][et_pb_column type=&#8221;1_5&#8243; module_class=&#8221;ds-vertical-align&#8221; _builder_version=&#8221;4.4.2&#8243; custom_padding=&#8221;35px|9px|35px|9px|true|true&#8221; border_width_all=&#8221;2px&#8221; border_color_all=&#8221;#83ca9c&#8221; box_shadow_style=&#8221;preset1&#8243; box_shadow_blur=&#8221;55px&#8221; box_shadow_color=&#8221;#ffffff&#8221; border_color_all__hover_enabled=&#8221;off|hover&#8221; border_color_all__hover=&#8221;#83ca9c&#8221; box_shadow_color__hover_enabled=&#8221;on|hover&#8221; box_shadow_color__hover=&#8221;rgba(0,0,0,0.18)&#8221;][et_pb_text _builder_version=&#8221;4.4.3&#8243; text_font=&#8221;|700||on|||||&#8221; text_orientation=&#8221;center&#8221;]<\/p>\n<p>Regalne dizalice<\/p>\n<p>[\/et_pb_text][\/et_pb_column][et_pb_column type=&#8221;1_5&#8243; module_class=&#8221;ds-vertical-align&#8221; _builder_version=&#8221;4.4.2&#8243; custom_padding=&#8221;35px|9px|35px|9px|true|true&#8221; border_width_all=&#8221;2px&#8221; border_color_all=&#8221;#83ca9c&#8221; box_shadow_style=&#8221;preset1&#8243; box_shadow_blur=&#8221;55px&#8221; box_shadow_color=&#8221;#ffffff&#8221; border_color_all__hover=&#8221;#83ca9c&#8221; border_color_all__hover_enabled=&#8221;on|hover&#8221; box_shadow_color__hover=&#8221;rgba(0,0,0,0.18)&#8221; box_shadow_color__hover_enabled=&#8221;on|hover&#8221;][et_pb_text _builder_version=&#8221;4.4.2&#8243; text_font=&#8221;|700||on|||||&#8221; text_orientation=&#8221;center&#8221;]<\/p>\n<p>Proto\u010dna skladi\u0161ta<\/p>\n<p>[\/et_pb_text][\/et_pb_column][et_pb_column type=&#8221;1_5&#8243; module_class=&#8221;ds-vertical-align&#8221; _builder_version=&#8221;4.4.2&#8243; custom_padding=&#8221;35px|9px|35px|9px|true|true&#8221; border_width_all=&#8221;2px&#8221; border_color_all=&#8221;#83ca9c&#8221; box_shadow_style=&#8221;preset1&#8243; box_shadow_blur=&#8221;55px&#8221; box_shadow_color=&#8221;#ffffff&#8221; border_color_all__hover=&#8221;#83ca9c&#8221; border_color_all__hover_enabled=&#8221;on|hover&#8221; box_shadow_color__hover=&#8221;rgba(0,0,0,0.18)&#8221; box_shadow_color__hover_enabled=&#8221;on|hover&#8221;][et_pb_text _builder_version=&#8221;4.4.2&#8243; text_font=&#8221;|700||on|||||&#8221; text_orientation=&#8221;center&#8221;]<\/p>\n<p>Transportna kolica<\/p>\n<p>[\/et_pb_text][\/et_pb_column][et_pb_column type=&#8221;1_5&#8243; module_class=&#8221;ds-vertical-align&#8221; _builder_version=&#8221;4.4.2&#8243; custom_padding=&#8221;35px|9px|35px|9px|true|true&#8221; border_width_all=&#8221;2px&#8221; border_color_all=&#8221;#83ca9c&#8221; box_shadow_style=&#8221;preset1&#8243; box_shadow_blur=&#8221;55px&#8221; box_shadow_color=&#8221;#ffffff&#8221; border_color_all__hover=&#8221;#83ca9c&#8221; border_color_all__hover_enabled=&#8221;on|hover&#8221; box_shadow_color__hover=&#8221;rgba(0,0,0,0.18)&#8221; box_shadow_color__hover_enabled=&#8221;on|hover&#8221;][et_pb_text _builder_version=&#8221;4.4.2&#8243; text_font=&#8221;|700||on|||||&#8221; text_orientation=&#8221;center&#8221;]<\/p>\n<p>Transportne sustave<\/p>\n<p>[\/et_pb_text][\/et_pb_column][et_pb_column type=&#8221;1_5&#8243; module_class=&#8221;ds-vertical-align&#8221; _builder_version=&#8221;4.4.2&#8243; custom_padding=&#8221;35px|9px|35px|9px|true|true&#8221; border_width_all=&#8221;2px&#8221; border_color_all=&#8221;#83ca9c&#8221; box_shadow_style=&#8221;preset1&#8243; box_shadow_blur=&#8221;55px&#8221; box_shadow_color=&#8221;#ffffff&#8221; border_color_all__hover=&#8221;#83ca9c&#8221; border_color_all__hover_enabled=&#8221;on|hover&#8221; box_shadow_color__hover=&#8221;rgba(0,0,0,0.18)&#8221; box_shadow_color__hover_enabled=&#8221;on|hover&#8221;][et_pb_text _builder_version=&#8221;4.4.3&#8243; text_font=&#8221;|700||on|||||&#8221; text_orientation=&#8221;center&#8221;]<\/p>\n<p>Automatska regalna skladi\u0161ta<\/p>\n<p>[\/et_pb_text][\/et_pb_column][\/et_pb_row][\/et_pb_section][et_pb_section fb_built=&#8221;1&#8243; _builder_version=&#8221;4.4.2&#8243; background_color=&#8221;#eeeeee&#8221;][et_pb_row column_structure=&#8221;1_2,1_2&#8243; _builder_version=&#8221;4.4.2&#8243;][et_pb_column type=&#8221;1_2&#8243; _builder_version=&#8221;4.4.2&#8243;][et_pb_text _builder_version=&#8221;4.4.3&#8243;]<\/p>\n<p>Sura\u0111ujemo s odli\u010dnim stru\u010dnjacima za projektiranje, nadzor i izvedbu najzahtjevnijih projekata na podru\u010dju logistike i izrade dizalica velike nosivosti. Na\u0161i stru\u010dnjaci su odli\u010dni in\u017eenjeri elektrotehnike, strojarstva i graditeljstva te stru\u010dnjaci na podru\u010djima ra\u010dunalstva i informatike. Ponuditi vam mo\u017eemo i upravljanje projektima, projektiranje, izvedbu radova u radionicama i na terenu, ispitivanje, pu\u0161tanje u pogon i kontrolu. Uva\u017eavamo izvedbeni in\u017eenjering projekata po sistemu \u201efunkcionalni klju\u010d u ruke\u201c.<\/p>\n<p>[\/et_pb_text][\/et_pb_column][et_pb_column type=&#8221;1_2&#8243; _builder_version=&#8221;4.4.2&#8243;][et_pb_text _builder_version=&#8221;4.4.3&#8243;]<\/p>\n<p>Jam\u010dimo brz i kvalitetan odaziv te prilagodljivost naru\u010ditelju u svrhu optimizacije tro\u0161kova, uva\u017eavanja vremenskih okvira te jam\u010denja kvalitete. Projektiranje mehani\u010dkih dijelova te elektri\u010dnih spojeva i razvoj softvera temelje na dugogodi\u0161njim iskustvima stru\u010dnjaka. Proizvodne djelatnosti izvode partnerske tvrtke za koje mo\u017eemo jam\u010diti visoku stru\u010dnost i preciznost izrade unutar \u017eeljenih vremenskih okvira. Na\u0161a grupa stru\u010dnjaka je osposobljena za radove na terenu. Imamo iskustva s pu\u0161tanjem sustava u pogon te smo sposobni nositi se s najrazli\u010ditijim izazovima.<\/p>\n<p>[\/et_pb_text][\/et_pb_column][\/et_pb_row][et_pb_row _builder_version=&#8221;4.4.2&#8243;][et_pb_column type=&#8221;4_4&#8243; _builder_version=&#8221;4.4.2&#8243;][et_pb_text _builder_version=&#8221;4.4.3&#8243; text_font=&#8221;|700|||||||&#8221; text_text_color=&#8221;#000000&#8243; text_font_size=&#8221;19px&#8221; text_orientation=&#8221;center&#8221;]<\/p>\n<p>Projekte prilago\u0111avamo svakom kupcu pojedina\u010dno te ih nudimo gotove po sustavu \u201eklju\u010d u ruke\u201c.<br \/>Jam\u010dimo dobavu, monta\u017eu, servis i garanciju te dobavu rezervnih dijelova.<\/p>\n<p>[\/et_pb_text][\/et_pb_column][\/et_pb_row][\/et_pb_section][et_pb_section fb_built=&#8221;1&#8243; _builder_version=&#8221;4.4.3&#8243;][et_pb_row _builder_version=&#8221;4.4.3&#8243;][et_pb_column type=&#8221;4_4&#8243; _builder_version=&#8221;4.4.3&#8243;][et_pb_text _builder_version=&#8221;4.4.3&#8243;]<\/p>\n<h2>Primjeri iz prakse<\/h2>\n<p>&nbsp;<\/p>\n<h3>Enosteberna in dvosteberna regalna dvigala, preto\u010dna in avtomatska regalna skladi\u0161\u010da, avtomatizacija vlaganja palet v vozila<\/h3>\n<p>[\/et_pb_text][et_pb_text _builder_version=&#8221;4.4.3&#8243;]<\/p>\n<p>Jednostupne i dvostupne regalne dizalice, proto\u010dna i automatska regalna skladi\u0161ta, automatizacija polaganja paleta u vozila.<br \/>Jednostupne i dvostupne dizalice za najrazli\u010ditije svrhe i nosivosti. <\/p>\n<p>[\/et_pb_text][\/et_pb_column][\/et_pb_row][et_pb_row column_structure=&#8221;1_4,1_4,1_4,1_4&#8243; _builder_version=&#8221;4.4.3&#8243; custom_padding=&#8221;0px||45px||false|false&#8221; border_width_bottom=&#8221;1px&#8221; border_color_bottom=&#8221;#eeeeee&#8221;][et_pb_column type=&#8221;1_4&#8243; _builder_version=&#8221;4.4.3&#8243;][et_pb_image src=&#8221;https:\/\/www.gramcommerce.si\/wp-content\/uploads\/2020\/09\/avtomatizacija-in-logistika-v-skladiscu1.jpg&#8221; _builder_version=&#8221;4.4.3&#8243; border_width_all=&#8221;1px&#8221; border_color_all=&#8221;#eeeeee&#8221;][\/et_pb_image][\/et_pb_column][et_pb_column type=&#8221;1_4&#8243; _builder_version=&#8221;4.4.3&#8243;][et_pb_image src=&#8221;https:\/\/www.gramcommerce.si\/wp-content\/uploads\/2020\/09\/avtomatizacija-in-logistika-v-skladiscu2.jpg&#8221; _builder_version=&#8221;4.4.3&#8243;][\/et_pb_image][\/et_pb_column][et_pb_column type=&#8221;1_4&#8243; _builder_version=&#8221;4.4.3&#8243;][et_pb_image src=&#8221;https:\/\/www.gramcommerce.si\/wp-content\/uploads\/2020\/09\/avtomatizacija-in-logistika-v-skladiscu3.jpg&#8221; _builder_version=&#8221;4.4.3&#8243;][\/et_pb_image][\/et_pb_column][et_pb_column type=&#8221;1_4&#8243; _builder_version=&#8221;4.4.3&#8243;][\/et_pb_column][\/et_pb_row][et_pb_row _builder_version=&#8221;4.4.3&#8243;][et_pb_column type=&#8221;4_4&#8243; _builder_version=&#8221;4.4.3&#8243;][et_pb_text _builder_version=&#8221;4.4.3&#8243;]<\/p>\n<p>Regalna dizalica i proto\u010dno regalno skladi\u0161te.<\/p>\n<p>[\/et_pb_text][\/et_pb_column][\/et_pb_row][et_pb_row column_structure=&#8221;3_5,2_5&#8243; _builder_version=&#8221;4.4.3&#8243; custom_padding=&#8221;0px||45px||false|false&#8221; border_width_bottom=&#8221;1px&#8221; border_color_bottom=&#8221;#eeeeee&#8221;][et_pb_column type=&#8221;3_5&#8243; _builder_version=&#8221;4.4.3&#8243;][et_pb_text _builder_version=&#8221;4.4.3&#8243;]<\/p>\n<p>Skladi\u0161te je namijenjeno spremanju paleta s plasti\u010dnim bocama bezalkoholnih pi\u0107a. Posebnost skladi\u0161ta su proto\u010dna skladi\u0161na mjesta oblikovana kao duga\u010dki hodnici s lagano nagnutim valjkastim transporterom. Regalna dizalica s ugra\u0111enim nagibnim valjkastim transporterom na jednoj strani automatski puni skladi\u0161ne hodnike. Na drugoj strani hodnika palete s pi\u0107ima preuzimaju vili\u010dari. Skladi\u0161te djeluje po metodi FIFO. Dizalicu smo u cijelosti projektirali i izradili, ugradili softver na razini PLC-a, kao i sustav SCADA i spajanje sa SAP-om.<\/p>\n<p>[\/et_pb_text][\/et_pb_column][et_pb_column type=&#8221;2_5&#8243; _builder_version=&#8221;4.4.3&#8243;][et_pb_image src=&#8221;https:\/\/www.gramcommerce.si\/wp-content\/uploads\/2020\/09\/avtomatizacija-in-logistika-v-skladiscu6.jpg&#8221; _builder_version=&#8221;4.4.3&#8243;][\/et_pb_image][\/et_pb_column][\/et_pb_row][et_pb_row _builder_version=&#8221;4.4.3&#8243; hover_enabled=&#8221;0&#8243; column_structure=&#8221;3_5,2_5&#8243; border_width_bottom=&#8221;1px&#8221; border_color_bottom=&#8221;#eeeeee&#8221; custom_padding=&#8221;45px||45px||false|false&#8221;][et_pb_column type=&#8221;3_5&#8243; _builder_version=&#8221;4.4.3&#8243;][et_pb_text _builder_version=&#8221;4.4.3&#8243; hover_enabled=&#8221;0&#8243;]<\/p>\n<p align=\"justify\">Prikaz transportnog sustava ulaza paleta (s kontrolom podataka na paletama i ure\u0111ajem za kontrolu gabaritnih mjera paleta), preuzimanja paleta regalnom dizalicom i unos paleta u regalni sustav.<\/p>\n<p>[\/et_pb_text][\/et_pb_column][et_pb_column type=&#8221;2_5&#8243; _builder_version=&#8221;4.4.3&#8243;][et_pb_image src=&#8221;https:\/\/www.gramcommerce.si\/wp-content\/uploads\/2020\/09\/avtomatizacija-in-logistika-v-skladiscu4.jpg&#8221; _builder_version=&#8221;4.4.3&#8243; border_width_all=&#8221;1px&#8221; border_color_all=&#8221;#eeeeee&#8221;][\/et_pb_image][\/et_pb_column][\/et_pb_row][et_pb_row _builder_version=&#8221;4.4.3&#8243;][et_pb_column type=&#8221;4_4&#8243; _builder_version=&#8221;4.4.3&#8243;][et_pb_text _builder_version=&#8221;4.4.3&#8243;]<\/p>\n<p align=\"justify\">Regalne dizalice i visoka regalna skladi\u0161ta visine do 38 m i brzine do 5 m\/s.<\/p>\n<p>[\/et_pb_text][\/et_pb_column][\/et_pb_row][et_pb_row column_structure=&#8221;1_4,1_4,1_4,1_4&#8243; _builder_version=&#8221;4.4.3&#8243; custom_padding=&#8221;0px||45px||false|false&#8221; border_width_bottom=&#8221;1px&#8221; border_color_bottom=&#8221;#eeeeee&#8221;][et_pb_column type=&#8221;1_4&#8243; _builder_version=&#8221;4.4.3&#8243;][et_pb_image src=&#8221;https:\/\/www.gramcommerce.si\/wp-content\/uploads\/2020\/09\/avtomatizacija-in-logistika-v-skladiscu7.jpg&#8221; _builder_version=&#8221;4.4.3&#8243; border_width_all=&#8221;1px&#8221; border_color_all=&#8221;#eeeeee&#8221;][\/et_pb_image][\/et_pb_column][et_pb_column type=&#8221;1_4&#8243; _builder_version=&#8221;4.4.3&#8243;][et_pb_image src=&#8221;https:\/\/www.gramcommerce.si\/wp-content\/uploads\/2020\/09\/avtomatizacija-in-logistika-v-skladiscu8.jpg&#8221; _builder_version=&#8221;4.4.3&#8243; border_width_all=&#8221;1px&#8221; border_color_all=&#8221;#eeeeee&#8221;][\/et_pb_image][\/et_pb_column][et_pb_column type=&#8221;1_4&#8243; _builder_version=&#8221;4.4.3&#8243;][\/et_pb_column][et_pb_column type=&#8221;1_4&#8243; _builder_version=&#8221;4.4.3&#8243;][\/et_pb_column][\/et_pb_row][et_pb_row _builder_version=&#8221;4.4.3&#8243;][et_pb_column type=&#8221;4_4&#8243; _builder_version=&#8221;4.4.3&#8243;][et_pb_text _builder_version=&#8221;4.4.3&#8243;]<\/p>\n<p>Transportne jedinice: standardne ili nestandardne, te\u017eina do 17 t, du\u017eina do 15 m. Transport i skladi\u0161tenje profila, koluta razli\u010ditih du\u017eina i te\u017eina. Prikaz manipulacije paketima, kolutima ve\u0107ih dimenzija i te\u017eina (logistika skladi\u0161te \u2013 proizvodnja \u2013 skladi\u0161te, itd.).<\/p>\n<p>[\/et_pb_text][\/et_pb_column][\/et_pb_row][et_pb_row column_structure=&#8221;1_4,1_4,1_4,1_4&#8243; _builder_version=&#8221;4.4.3&#8243; custom_padding=&#8221;0px||45px||false|false&#8221; border_width_bottom=&#8221;1px&#8221; border_color_bottom=&#8221;#eeeeee&#8221;][et_pb_column type=&#8221;1_4&#8243; _builder_version=&#8221;4.4.3&#8243;][et_pb_image src=&#8221;https:\/\/www.gramcommerce.si\/wp-content\/uploads\/2020\/09\/avtomatizacija-in-logistika-v-skladiscu9.jpg&#8221; _builder_version=&#8221;4.4.3&#8243; border_width_all=&#8221;1px&#8221; border_color_all=&#8221;#eeeeee&#8221;][\/et_pb_image][\/et_pb_column][et_pb_column type=&#8221;1_4&#8243; _builder_version=&#8221;4.4.3&#8243;][et_pb_image src=&#8221;https:\/\/www.gramcommerce.si\/wp-content\/uploads\/2020\/09\/avtomatizacija-in-logistika-v-skladiscu10.jpg&#8221; _builder_version=&#8221;4.4.3&#8243; border_width_all=&#8221;1px&#8221; border_color_all=&#8221;#eeeeee&#8221;][\/et_pb_image][\/et_pb_column][et_pb_column type=&#8221;1_4&#8243; _builder_version=&#8221;4.4.3&#8243;][et_pb_image src=&#8221;https:\/\/www.gramcommerce.si\/wp-content\/uploads\/2020\/09\/avtomatizacija-in-logistika-v-skladiscu11.jpg&#8221; _builder_version=&#8221;4.4.3&#8243; border_width_all=&#8221;1px&#8221; border_color_all=&#8221;#eeeeee&#8221;][\/et_pb_image][\/et_pb_column][et_pb_column type=&#8221;1_4&#8243; _builder_version=&#8221;4.4.3&#8243;][\/et_pb_column][\/et_pb_row][et_pb_row _builder_version=&#8221;4.4.3&#8243;][et_pb_column type=&#8221;4_4&#8243; _builder_version=&#8221;4.4.3&#8243;][et_pb_text _builder_version=&#8221;4.4.3&#8243; hover_enabled=&#8221;0&#8243;]<\/p>\n<p>Skladi\u0161ni sustavi mini optere\u0107enja, automatizacija preuzimanja, skladi\u0161tenja i izno\u0161enja iz skladi\u0161ta.<\/p>\n<p>[\/et_pb_text][\/et_pb_column][\/et_pb_row][et_pb_row column_structure=&#8221;1_4,1_4,1_4,1_4&#8243; _builder_version=&#8221;4.4.3&#8243; custom_padding=&#8221;0px||45px||false|false&#8221; border_width_bottom=&#8221;1px&#8221; border_color_bottom=&#8221;#eeeeee&#8221;][et_pb_column type=&#8221;1_4&#8243; _builder_version=&#8221;4.4.3&#8243;][et_pb_image src=&#8221;https:\/\/www.gramcommerce.si\/wp-content\/uploads\/2020\/09\/avtomatizacija-in-logistika-v-skladiscu12.jpg&#8221; _builder_version=&#8221;4.4.3&#8243; border_width_all=&#8221;1px&#8221; border_color_all=&#8221;#eeeeee&#8221;][\/et_pb_image][\/et_pb_column][et_pb_column type=&#8221;1_4&#8243; _builder_version=&#8221;4.4.3&#8243;][et_pb_image src=&#8221;https:\/\/www.gramcommerce.si\/wp-content\/uploads\/2020\/09\/avtomatizacija-in-logistika-v-skladiscu13.jpg&#8221; _builder_version=&#8221;4.4.3&#8243; border_width_all=&#8221;1px&#8221; border_color_all=&#8221;#eeeeee&#8221;][\/et_pb_image][\/et_pb_column][et_pb_column type=&#8221;1_4&#8243; _builder_version=&#8221;4.4.3&#8243;][\/et_pb_column][et_pb_column type=&#8221;1_4&#8243; _builder_version=&#8221;4.4.3&#8243;][\/et_pb_column][\/et_pb_row][et_pb_row _builder_version=&#8221;4.4.3&#8243;][et_pb_column type=&#8221;4_4&#8243; _builder_version=&#8221;4.4.3&#8243;][et_pb_text _builder_version=&#8221;4.4.3&#8243; hover_enabled=&#8221;0&#8243;]<\/p>\n<p align=\"justify\">Specijalna transportna kolica i dizalice za terete ve\u0107e te\u017eine i komunikaciju u proizvodnji (posebnost: dva pogona vo\u017enje, \u0161to zna\u010di da kolica mogu i dalje biti u pogonu u slu\u010daju kvara jednog od pogona), razli\u010dite nosivosti (na slici je primjer nosivosti od 14.000 kg).<\/p>\n<p align=\"justify\">Dvostupne dizalice za kontejnere, \u0161ipke, profile, itd.<\/p>\n<p align=\"justify\"><strong>Tehni\u010dki podaci:<br \/><\/strong>Visina: 10,98 m<br \/>Nosivost: 14.000 kg<br \/>Brzina vo\u017enje: 120 m\/min (2 m\/s)<br \/>Brzina dizanja: 30 m\/min (0,5 m\/s)<\/p>\n<p>[\/et_pb_text][\/et_pb_column][\/et_pb_row][et_pb_row column_structure=&#8221;1_4,1_4,1_4,1_4&#8243; _builder_version=&#8221;4.4.3&#8243; custom_padding=&#8221;0px||45px||false|false&#8221; border_color_bottom=&#8221;#eeeeee&#8221;][et_pb_column type=&#8221;1_4&#8243; _builder_version=&#8221;4.4.3&#8243;][et_pb_image src=&#8221;https:\/\/www.gramcommerce.si\/wp-content\/uploads\/2020\/09\/avtomatizacija-in-logistika-v-skladiscu15-1.jpg&#8221; _builder_version=&#8221;4.4.3&#8243; border_width_all=&#8221;1px&#8221; border_color_all=&#8221;#eeeeee&#8221;][\/et_pb_image][\/et_pb_column][et_pb_column type=&#8221;1_4&#8243; _builder_version=&#8221;4.4.3&#8243;][et_pb_image src=&#8221;https:\/\/www.gramcommerce.si\/wp-content\/uploads\/2020\/09\/avtomatizacija-in-logistika-v-skladiscu14.jpg&#8221; _builder_version=&#8221;4.4.3&#8243; border_width_all=&#8221;1px&#8221; border_color_all=&#8221;#eeeeee&#8221;][\/et_pb_image][\/et_pb_column][et_pb_column type=&#8221;1_4&#8243; _builder_version=&#8221;4.4.3&#8243;][et_pb_image src=&#8221;https:\/\/www.gramcommerce.si\/wp-content\/uploads\/2020\/09\/avtomatizacija-in-logistika-v-skladiscu16-1.jpg&#8221; _builder_version=&#8221;4.4.3&#8243; border_width_all=&#8221;1px&#8221; border_color_all=&#8221;#eeeeee&#8221;][\/et_pb_image][\/et_pb_column][et_pb_column type=&#8221;1_4&#8243; _builder_version=&#8221;4.4.3&#8243;][et_pb_image src=&#8221;https:\/\/www.gramcommerce.si\/wp-content\/uploads\/2020\/09\/avtomatizacija-in-logistika-v-skladiscu17-1.jpg&#8221; _builder_version=&#8221;4.4.3&#8243; border_width_all=&#8221;1px&#8221; border_color_all=&#8221;#eeeeee&#8221;][\/et_pb_image][\/et_pb_column][\/et_pb_row][\/et_pb_section]<\/p>\n","protected":false},"excerpt":{"rendered":"<p>Nudimo gotove logisti\u010dke sustave za skladi\u0161tenje razli\u010ditih izvedbi paleta s kona\u010dnim proizvodima (palete EURO 800 \u00d7 1200, 1000 \u00d7 1200 i 600 \u00d7 1200 mm).NUDIMO VAM: Preuzimanje i kontrola paleta koje je potrebno skladi\u0161titi. Izrada jednostupnih i dvostupnih dizalica za punjenje skladi\u0161nih regala. Izrada i monta\u017ea kompletnih skladi\u0161nih regalnih sustava. Proto\u010dna i visoka regalna skladi\u0161ta. [&hellip;]<\/p>\n","protected":false},"author":1,"featured_media":0,"parent":0,"menu_order":0,"comment_status":"closed","ping_status":"closed","template":"","meta":{"_seopress_robots_primary_cat":"","_seopress_titles_title":"","_seopress_titles_desc":"","_seopress_robots_index":"","_et_pb_use_builder":"on","_et_pb_old_content":"","_et_gb_content_width":"","footnotes":""},"class_list":["post-47610","page","type-page","status-publish","hentry"],"_links":{"self":[{"href":"https:\/\/www.gramcommerce.si\/hr\/wp-json\/wp\/v2\/pages\/47610","targetHints":{"allow":["GET"]}}],"collection":[{"href":"https:\/\/www.gramcommerce.si\/hr\/wp-json\/wp\/v2\/pages"}],"about":[{"href":"https:\/\/www.gramcommerce.si\/hr\/wp-json\/wp\/v2\/types\/page"}],"author":[{"embeddable":true,"href":"https:\/\/www.gramcommerce.si\/hr\/wp-json\/wp\/v2\/users\/1"}],"replies":[{"embeddable":true,"href":"https:\/\/www.gramcommerce.si\/hr\/wp-json\/wp\/v2\/comments?post=47610"}],"version-history":[{"count":4,"href":"https:\/\/www.gramcommerce.si\/hr\/wp-json\/wp\/v2\/pages\/47610\/revisions"}],"predecessor-version":[{"id":47614,"href":"https:\/\/www.gramcommerce.si\/hr\/wp-json\/wp\/v2\/pages\/47610\/revisions\/47614"}],"wp:attachment":[{"href":"https:\/\/www.gramcommerce.si\/hr\/wp-json\/wp\/v2\/media?parent=47610"}],"curies":[{"name":"wp","href":"https:\/\/api.w.org\/{rel}","templated":true}]}}