{"id":47628,"date":"2021-01-27T12:27:30","date_gmt":"2021-01-27T12:27:30","guid":{"rendered":"https:\/\/www.gramcommerce.si\/granici-i-dizalice\/"},"modified":"2021-01-27T12:27:30","modified_gmt":"2021-01-27T12:27:30","slug":"granici-i-dizalice","status":"publish","type":"page","link":"https:\/\/www.gramcommerce.si\/hr\/granici-i-dizalice\/","title":{"rendered":"GRANICI I DIZALICE"},"content":{"rendered":"<p>[et_pb_section fb_built=&#8221;1&#8243; _builder_version=&#8221;4.4.3&#8243; use_background_color_gradient=&#8221;on&#8221; background_color_gradient_start=&#8221;#eeeeee&#8221; background_color_gradient_end=&#8221;#ffffff&#8221; background_image=&#8221;https:\/\/www.gramcommerce.si\/wp-content\/uploads\/2020\/04\/title-back32gc.png&#8221; background_size=&#8221;contain&#8221; background_position=&#8221;top_right&#8221; custom_padding=&#8221;||45px|||&#8221; saved_tabs=&#8221;all&#8221;][et_pb_row column_structure=&#8221;3_5,2_5&#8243; _builder_version=&#8221;4.4.1&#8243; custom_padding=&#8221;49px||0px||false|false&#8221;][et_pb_column type=&#8221;3_5&#8243; _builder_version=&#8221;4.4.1&#8243;][et_pb_post_title meta=&#8221;off&#8221; featured_image=&#8221;off&#8221; _builder_version=&#8221;4.4.1&#8243; title_font_size=&#8221;32px&#8221; custom_margin=&#8221;||7px||false|false&#8221;][\/et_pb_post_title][et_pb_divider divider_weight=&#8221;4px&#8221; _builder_version=&#8221;4.4.1&#8243; width=&#8221;100px&#8221; animation_style=&#8221;slide&#8221; animation_direction=&#8221;right&#8221; animation_intensity_slide=&#8221;39%&#8221;][\/et_pb_divider][\/et_pb_column][et_pb_column type=&#8221;2_5&#8243; _builder_version=&#8221;4.4.1&#8243;][\/et_pb_column][\/et_pb_row][et_pb_row column_structure=&#8221;1_2,1_2&#8243; _builder_version=&#8221;4.4.2&#8243; custom_padding=&#8221;50px|||||&#8221;][et_pb_column type=&#8221;1_2&#8243; _builder_version=&#8221;4.4.2&#8243;][et_pb_image src=&#8221;https:\/\/www.gramcommerce.si\/wp-content\/uploads\/2020\/05\/zerjavi-in-dvigala-6.jpg&#8221; _builder_version=&#8221;4.4.3&#8243;][\/et_pb_image][\/et_pb_column][et_pb_column type=&#8221;1_2&#8243; _builder_version=&#8221;4.4.2&#8243;][\/et_pb_column][\/et_pb_row][\/et_pb_section][et_pb_section fb_built=&#8221;1&#8243; _builder_version=&#8221;4.4.2&#8243; custom_padding=&#8221;86px|||||&#8221;][et_pb_row make_equal=&#8221;on&#8221; _builder_version=&#8221;4.4.3&#8243; border_color_bottom=&#8221;#dddddd&#8221;][et_pb_column type=&#8221;4_4&#8243; module_class=&#8221;ds-vertical-align&#8221; _builder_version=&#8221;4.4.3&#8243;][et_pb_text _builder_version=&#8221;4.4.3&#8243; header_2_text_align=&#8221;left&#8221; header_2_font_size=&#8221;19px&#8221; text_orientation=&#8221;justified&#8221; custom_padding=&#8221;||6px|||&#8221;]<\/p>\n<h2>MOSNI GRANICI ILI MOSNE DIZALICE<\/h2>\n<p>Mosni granici se koriste za transport i manipulaciju najrazli\u010ditijim vrstama tereta u proizvodnim monta\u017enim zgradama, radionicama, skladi\u0161nim prostorijama, energetskim objektima, valjaonicama, ljevaonicama, u izvedbi tehnolo\u0161kog procesa, monta\u017ei ili demonta\u017ei raznovrsne opreme i sli\u010dno. Nudimo mosne granike ili mosne dizalice, kako ih jo\u0161 nazivamo. Dizalice opremamo vrhunskom opremom engleskog proizvo\u0111a\u010da Street Cranes koji nudi opremu nosivosti 2 \u2013 200 t. Dizalice izra\u0111ujemo u razli\u010ditim izvedbama, od klasi\u010dnih mosnih s jednim ili dva nosa\u010da do vise\u0107ih mosnih dizalica s rasponom do 40 m i vi\u0161e. Sve dizalice izra\u0111ujemo u skladu sa slovenskim i europskim zakonima i standardima o gradnji granika.<\/p>\n<p>[\/et_pb_text][\/et_pb_column][\/et_pb_row][et_pb_row column_structure=&#8221;1_3,1_3,1_3&#8243; make_equal=&#8221;on&#8221; _builder_version=&#8221;4.4.3&#8243; custom_padding=&#8221;||45px|||&#8221; border_width_bottom=&#8221;1px&#8221; border_color_bottom=&#8221;#dddddd&#8221;][et_pb_column type=&#8221;1_3&#8243; _builder_version=&#8221;4.4.3&#8243;][et_pb_text _builder_version=&#8221;4.4.3&#8243; header_2_text_align=&#8221;left&#8221; header_2_font_size=&#8221;19px&#8221; custom_padding=&#8221;||6px|||&#8221;]<\/p>\n<p>Glavne zna\u010dajke:<\/p>\n<ul>\n<li>Vrhunska kvaliteta svih komponenti<\/li>\n<li>Nosivost razli\u010ditih raspona od 125 kg do 200 t<\/li>\n<li>Standardne izvedbe do 50 t<\/li>\n<li>Izvedbe s klasi\u010dnim nosa\u010dima vitla za te\u017ee uvjete do 200 t<\/li>\n<li>Izvedba s lan\u010danim (do 5 t) i u\u017eenim vitlom (200 t)<\/li>\n<li>Prilago\u0111eni za optimalnu iskoristivost prostora<\/li>\n<li>Visoki radni razredi do FEM 4m (ISO M7)<\/li>\n<li>Monta\u017ea razli\u010ditih standardnih ure\u0111aja za zahva\u0107anja tereta<\/li>\n<li>Izrada posebnih traverza po mjeri<\/li>\n<\/ul>\n<p>[\/et_pb_text][\/et_pb_column][et_pb_column type=&#8221;1_3&#8243; module_class=&#8221;ds-vertical-align&#8221; _builder_version=&#8221;4.4.3&#8243;][et_pb_image src=&#8221;https:\/\/www.gramcommerce.si\/wp-content\/uploads\/2020\/06\/zerjavi-in-dvigala-13.jpg&#8221; align=&#8221;center&#8221; _builder_version=&#8221;4.4.3&#8243;][\/et_pb_image][\/et_pb_column][et_pb_column type=&#8221;1_3&#8243; _builder_version=&#8221;4.4.3&#8243;][et_pb_image src=&#8221;https:\/\/www.gramcommerce.si\/wp-content\/uploads\/2020\/05\/zerjavi-in-dvigala-8.jpg&#8221; _builder_version=&#8221;4.4.3&#8243;][\/et_pb_image][et_pb_image src=&#8221;https:\/\/www.gramcommerce.si\/wp-content\/uploads\/2020\/05\/zerjavi-in-dvigala-3.jpg&#8221; _builder_version=&#8221;4.4.3&#8243;][\/et_pb_image][\/et_pb_column][\/et_pb_row][et_pb_row make_equal=&#8221;on&#8221; _builder_version=&#8221;4.4.3&#8243; custom_padding=&#8221;45px||0px||false|&#8221; hover_enabled=&#8221;0&#8243; border_color_bottom=&#8221;#dddddd&#8221;][et_pb_column type=&#8221;4_4&#8243; module_class=&#8221;ds-vertical-align&#8221; _builder_version=&#8221;4.4.3&#8243;][et_pb_text _builder_version=&#8221;4.4.3&#8243; header_2_text_align=&#8221;left&#8221; header_2_font_size=&#8221;19px&#8221; custom_padding=&#8221;||0px|||&#8221; hover_enabled=&#8221;0&#8243; text_orientation=&#8221;justified&#8221;]<\/p>\n<h2>KONZOLNI GRANICI ILI KONZOLNE DIZALICE<\/h2>\n<p align=\"justify\">Konzolni \u017eerjavi in konzolna dvigala so prakti\u010dna re\u0161itev s katero na dolo\u010denem delovnem mestu za razrez, varilno mesto, naklad ipd. omogo\u010dimo hitro in varno dvigovanje ter prena\u0161anje bremena. Proizvajamo jih v razli\u010dnih izvedbah od klasi\u010dnih prostostoje\u010dih, ki se postavijo na namenski temelj ali direktno v tlak, do stenskih, ki se montirajo na steber hale ali direktno v steno. Ro\u010dico lahko izvedemo fiksno, vrtljivo ali prelomno za zahtevnej\u0161e operacije. Vsi pomiki so lahko ro\u010dni, ro\u010dno &#8211; elektri\u010dni ali povsem elektri\u010dni za \u010dim manj\u0161i napor pri delu. Konzolni \u017eerjavi predstavljajo zelo enostavno in ugodno re\u0161itev manipulacije s tovorom, zaradi \u010desar so zelo priljubljeni.\u00a0Konzolne \u017eerjave ali konzolna dvigala ponujamo do nosilnosti 10t in dol\u017eine ro\u010dice do 10m z ro\u010dnim ali el. ma\u010dkom, ter ro\u010dnim ali el. vrtenjem ro\u010dice.<\/p>\n<p>&nbsp;<\/p>\n<p>[\/et_pb_text][\/et_pb_column][\/et_pb_row][et_pb_row column_structure=&#8221;1_2,1_2&#8243; make_equal=&#8221;on&#8221; _builder_version=&#8221;4.4.3&#8243; custom_padding=&#8221;0px||45px||false|&#8221; hover_enabled=&#8221;0&#8243; border_width_bottom=&#8221;1px&#8221; border_color_bottom=&#8221;#dddddd&#8221;][et_pb_column type=&#8221;1_2&#8243; module_class=&#8221;ds-vertical-align&#8221; _builder_version=&#8221;4.4.3&#8243;][et_pb_text _builder_version=&#8221;4.4.3&#8243; header_2_text_align=&#8221;left&#8221; header_2_font_size=&#8221;19px&#8221; custom_padding=&#8221;||56px|||&#8221; hover_enabled=&#8221;0&#8243;]<\/p>\n<p align=\"justify\"><a name=\"_Hlk41635952\"><\/a> Glavne zna\u010dajke:<\/p>\n<ul>\n<li>\n<p align=\"justify\">Nosivosti od 125 kg do 10 t, ru\u010dice do 10 m<\/p>\n<\/li>\n<li>\n<p align=\"justify\">Visina podizanja do 10 m<\/p>\n<\/li>\n<li>\n<p align=\"justify\">Okretanje 180\u00b0, 270\u00b0 ili 360\u00b0 beskona\u010dno<\/p>\n<\/li>\n<li>\n<p align=\"justify\">Izvedbe s lomljivom rukom<\/p>\n<\/li>\n<li>\n<p align=\"justify\">Izrada posebnih izvedbi<\/p>\n<\/li>\n<li>\n<p align=\"justify\">Priprema nacrta i \u0161ablona za temelj<\/p>\n<\/li>\n<\/ul>\n<p>[\/et_pb_text][\/et_pb_column][et_pb_column type=&#8221;1_2&#8243; _builder_version=&#8221;4.4.3&#8243;][et_pb_image src=&#8221;https:\/\/www.gramcommerce.si\/wp-content\/uploads\/2020\/05\/zerjavi-in-dvigala-b-1.jpg&#8221; _builder_version=&#8221;4.4.3&#8243;][\/et_pb_image][\/et_pb_column][\/et_pb_row][et_pb_row column_structure=&#8221;3_5,2_5&#8243; make_equal=&#8221;on&#8221; _builder_version=&#8221;4.4.3&#8243; custom_padding=&#8221;45px||45px||true|&#8221; border_width_bottom=&#8221;1px&#8221; border_color_bottom=&#8221;#dddddd&#8221; custom_margin=&#8221;-1px|auto||auto||&#8221;][et_pb_column type=&#8221;3_5&#8243; _builder_version=&#8221;4.4.3&#8243;][et_pb_text _builder_version=&#8221;4.4.3&#8243; header_2_text_align=&#8221;left&#8221; header_2_font_size=&#8221;19px&#8221; custom_padding=&#8221;||56px|||&#8221;]<\/p>\n<h2>JEDNOTRA\u010cNE DIZALICE<\/h2>\n<p align=\"justify\">Jednotra\u010dne dizalice ili monorail tra\u010dnice su najjednostavniji oblik granika. Ugra\u0111ujemo ih kada \u017eelimo prenijeti teret s jednog mjesta na drugu lokaciju u istoj liniji budu\u0107i da nosa\u010di vitla putuju po fiksnoj konstrukciji (prirubnici). Obi\u010dne jednotra\u010dne tra\u010dnice su ravne, a mogu se izvesti i zakrivljeno (u radijus). Tra\u010dnice mogu biti obje\u0161ene na strop, nosive stupove, tj. konzole, na zid ili kao samostoje\u0107e na konstrukciji sa stupovima. Mogu\u0107e su i izvedbe sa skretnicama. Oprema nam dozvoljava izvedbu jednotra\u010dnih tra\u010dnica nosivosti do 25 t upotrebom jednog nosa\u010da vitla ili vi\u0161e s kombinacijom vi\u0161e nosa\u010da vitla.<\/p>\n<p align=\"justify\">\u00a0<\/p>\n<p align=\"justify\">\u00a0<\/p>\n<p align=\"justify\">\u00a0<\/p>\n<p align=\"justify\">Glavne zna\u010dajke:<\/p>\n<ul>\n<li>\n<p align=\"justify\">Nosivosti od 125 kg do 25 t<\/p>\n<\/li>\n<li>\n<p align=\"justify\">Ravne ili zakrivljene izvedbe<\/p>\n<\/li>\n<li>\n<p align=\"justify\">Monta\u017ea na strop, zid ili samostoje\u0107e<\/p>\n<\/li>\n<li>\n<p align=\"justify\">Izrada posebnih izvedbi<\/p>\n<\/li>\n<\/ul>\n<p>[\/et_pb_text][\/et_pb_column][et_pb_column type=&#8221;2_5&#8243; module_class=&#8221;ds-vertical-align&#8221; _builder_version=&#8221;4.4.3&#8243;][et_pb_image src=&#8221;https:\/\/www.gramcommerce.si\/wp-content\/uploads\/2020\/06\/zerjavi-in-dvigala-c1.jpg&#8221; align=&#8221;center&#8221; _builder_version=&#8221;4.4.3&#8243;][\/et_pb_image][\/et_pb_column][\/et_pb_row][et_pb_row make_equal=&#8221;on&#8221; _builder_version=&#8221;4.4.3&#8243; custom_padding=&#8221;45px||0px||false|&#8221; border_color_bottom=&#8221;#dddddd&#8221;][et_pb_column type=&#8221;4_4&#8243; module_class=&#8221;ds-vertical-align&#8221; _builder_version=&#8221;4.4.3&#8243;][et_pb_text _builder_version=&#8221;4.4.3&#8243; header_2_text_align=&#8221;left&#8221; header_2_font_size=&#8221;19px&#8221; custom_padding=&#8221;||56px|||&#8221;]<\/p>\n<h2>LAGANI VISE\u0106I GRANICI I DIZALICE<\/h2>\n<p align=\"justify\">Granici od laganih profila Prosystem su izra\u0111eni za jednostavnu manipulaciju teretom do 2.000 kg. Precizna izrada i kvalitetne komponente omogu\u0107uju mali otpor kotrljanja cca. 1 % te\u017eine tereta, \u0161to omogu\u0107uje jednostavno pomicanje tereta. Sva pomicanja su standardno ru\u010dna (vo\u017enja nosa\u010da vitla i granika), a mogu\u0107e je i rje\u0161enje s elektro pogonima. Granici i tra\u010dnice od laganih profila su u ve\u0107ini primjera obje\u0161eni na stropnu ili samostoje\u0107u konstrukciju. Velik odabir sredstava za dizanje, profila i kolica nam omogu\u0107uje odabir pravog sustava za svaku situaciju.<\/p>\n<p align=\"justify\">\u00a0<\/p>\n<p align=\"justify\">\u00a0<\/p>\n<p align=\"justify\">\u00a0<\/p>\n<p align=\"justify\"><strong>Glavne zna\u010dajke:<\/strong><\/p>\n<ul>\n<li>\n<p align=\"justify\">Nosivosti do 2 t<\/p>\n<\/li>\n<li>\n<p align=\"justify\">Rasponi do 8 m<\/p>\n<\/li>\n<li>\n<p align=\"justify\">Lagana izvedba za jednostavnu monta\u017eu bez zavarivanja<\/p>\n<\/li>\n<li>\n<p align=\"justify\">Minimalan otpor kotrljanja (1 % te\u017eine tereta) za jednostavno rukovanje<\/p>\n<\/li>\n<li>\n<p align=\"justify\">S ugra\u0111enim indikatorom preoptere\u0107enja spada me\u0111u najsigurnije sustave ovakve vrste<\/p>\n<\/li>\n<li>\n<p align=\"justify\">Mogu\u0107nost aluminijske izvedbe nosivosti do 500 kg<\/p>\n<\/li>\n<li>\n<p align=\"justify\">Opcijski elektri\u010dni pogoni nosa\u010da vitla i granika<\/p>\n<\/li>\n<li>\n<p align=\"justify\">Standardna ili niska izvedba za optimalnu u\u010dinkovitost visine<\/p>\n<\/li>\n<\/ul>\n<p>[\/et_pb_text][\/et_pb_column][\/et_pb_row][et_pb_row column_structure=&#8221;1_3,1_3,1_3&#8243; use_custom_gutter=&#8221;on&#8221; _builder_version=&#8221;4.4.3&#8243; custom_padding=&#8221;||45px|||&#8221; border_width_bottom=&#8221;1px&#8221; border_color_bottom=&#8221;#dddddd&#8221;][et_pb_column type=&#8221;1_3&#8243; _builder_version=&#8221;4.4.3&#8243;][et_pb_image src=&#8221;https:\/\/www.gramcommerce.si\/wp-content\/uploads\/2020\/06\/zerjav-monorail-lahki-3.jpg&#8221; _builder_version=&#8221;4.4.3&#8243; border_width_all=&#8221;1px&#8221; border_color_all=&#8221;#dddddd&#8221;][\/et_pb_image][\/et_pb_column][et_pb_column type=&#8221;1_3&#8243; _builder_version=&#8221;4.4.3&#8243;][et_pb_image src=&#8221;https:\/\/www.gramcommerce.si\/wp-content\/uploads\/2020\/06\/zerjav-monorail-radius-lahki-2.jpg&#8221; _builder_version=&#8221;4.4.3&#8243; border_width_all=&#8221;1px&#8221; border_color_all=&#8221;#dddddd&#8221;][\/et_pb_image][\/et_pb_column][et_pb_column type=&#8221;1_3&#8243; _builder_version=&#8221;4.4.3&#8243;][et_pb_image src=&#8221;https:\/\/www.gramcommerce.si\/wp-content\/uploads\/2020\/06\/zerjav-viseci-lahki-1.jpg&#8221; _builder_version=&#8221;4.4.3&#8243; border_width_all=&#8221;1px&#8221; border_color_all=&#8221;#dddddd&#8221;][\/et_pb_image][\/et_pb_column][\/et_pb_row][et_pb_row column_structure=&#8221;3_5,2_5&#8243; make_equal=&#8221;on&#8221; _builder_version=&#8221;4.4.3&#8243; custom_padding=&#8221;45px||45px||true|&#8221; border_width_bottom=&#8221;1px&#8221; border_color_bottom=&#8221;#dddddd&#8221;][et_pb_column type=&#8221;3_5&#8243; module_class=&#8221;ds-vertical-align&#8221; _builder_version=&#8221;4.4.3&#8243;][et_pb_text _builder_version=&#8221;4.4.3&#8243; header_2_text_align=&#8221;left&#8221; header_2_font_size=&#8221;19px&#8221; custom_padding=&#8221;||56px|||&#8221;]<\/p>\n<h2>SPECIJALNI GRANICI I DIZALICE<\/h2>\n<p align=\"justify\">Ako vam standardni granici i dizalice ne odgovaraju, mo\u017eemo vam pomo\u0107i prona\u0107i alternativno rje\u0161enje.<\/p>\n<p align=\"justify\">\u00a0<\/p>\n<p align=\"justify\">\u00a0<\/p>\n<p align=\"justify\">\u00a0<\/p>\n<p align=\"justify\"><strong>Glavne zna\u010dajke:<\/strong><\/p>\n<ul>\n<li>\n<p align=\"justify\">namjenska izrada za individualne kupce<\/p>\n<\/li>\n<li>\n<p align=\"justify\">posebna rje\u0161enja uz upotrebu hidraulike, pneumatike ili magnetske tehnike<\/p>\n<\/li>\n<li>\n<p align=\"justify\">upotreba vrhunskih komponenti<\/p>\n<\/li>\n<li>\n<p align=\"justify\">specifikacije (nosivosti, brzine, itd.) s obzirom na potrebe kupca<\/p>\n<\/li>\n<\/ul>\n<p>[\/et_pb_text][\/et_pb_column][et_pb_column type=&#8221;2_5&#8243; module_class=&#8221;ds-vertical-align&#8221; _builder_version=&#8221;4.4.3&#8243;][et_pb_image src=&#8221;https:\/\/www.gramcommerce.si\/wp-content\/uploads\/2020\/06\/zerjavi-in-dvigala-a1.jpg&#8221; _builder_version=&#8221;4.4.3&#8243;][\/et_pb_image][\/et_pb_column][\/et_pb_row][et_pb_row _builder_version=&#8221;4.4.2&#8243; custom_padding=&#8221;68px|||||&#8221;][et_pb_column type=&#8221;4_4&#8243; _builder_version=&#8221;4.4.2&#8243;][et_pb_text _builder_version=&#8221;4.4.3&#8243; text_font=&#8221;|700|||||||&#8221; text_text_color=&#8221;#000000&#8243; text_font_size=&#8221;19px&#8221; text_orientation=&#8221;center&#8221;]<\/p>\n<p>Projekte prilago\u0111avamo svakom kupcu pojedina\u010dno te ih nudimo gotove po sustavu \u201eklju\u010d u ruke\u201c.<br \/>Jam\u010dimo dobavu, monta\u017eu, servis i garanciju te dobavu rezervnih dijelova.<\/p>\n<p>[\/et_pb_text][\/et_pb_column][\/et_pb_row][\/et_pb_section]<\/p>\n","protected":false},"excerpt":{"rendered":"<p>MOSNI GRANICI ILI MOSNE DIZALICE Mosni granici se koriste za transport i manipulaciju najrazli\u010ditijim vrstama tereta u proizvodnim monta\u017enim zgradama, radionicama, skladi\u0161nim prostorijama, energetskim objektima, valjaonicama, ljevaonicama, u izvedbi tehnolo\u0161kog procesa, monta\u017ei ili demonta\u017ei raznovrsne opreme i sli\u010dno. Nudimo mosne granike ili mosne dizalice, kako ih jo\u0161 nazivamo. Dizalice opremamo vrhunskom opremom engleskog proizvo\u0111a\u010da Street [&hellip;]<\/p>\n","protected":false},"author":1,"featured_media":0,"parent":0,"menu_order":0,"comment_status":"closed","ping_status":"closed","template":"","meta":{"_seopress_robots_primary_cat":"","_seopress_titles_title":"","_seopress_titles_desc":"","_seopress_robots_index":"","_et_pb_use_builder":"on","_et_pb_old_content":"","_et_gb_content_width":"","footnotes":""},"class_list":["post-47628","page","type-page","status-publish","hentry"],"_links":{"self":[{"href":"https:\/\/www.gramcommerce.si\/hr\/wp-json\/wp\/v2\/pages\/47628","targetHints":{"allow":["GET"]}}],"collection":[{"href":"https:\/\/www.gramcommerce.si\/hr\/wp-json\/wp\/v2\/pages"}],"about":[{"href":"https:\/\/www.gramcommerce.si\/hr\/wp-json\/wp\/v2\/types\/page"}],"author":[{"embeddable":true,"href":"https:\/\/www.gramcommerce.si\/hr\/wp-json\/wp\/v2\/users\/1"}],"replies":[{"embeddable":true,"href":"https:\/\/www.gramcommerce.si\/hr\/wp-json\/wp\/v2\/comments?post=47628"}],"version-history":[{"count":4,"href":"https:\/\/www.gramcommerce.si\/hr\/wp-json\/wp\/v2\/pages\/47628\/revisions"}],"predecessor-version":[{"id":47632,"href":"https:\/\/www.gramcommerce.si\/hr\/wp-json\/wp\/v2\/pages\/47628\/revisions\/47632"}],"wp:attachment":[{"href":"https:\/\/www.gramcommerce.si\/hr\/wp-json\/wp\/v2\/media?parent=47628"}],"curies":[{"name":"wp","href":"https:\/\/api.w.org\/{rel}","templated":true}]}}