{"id":47636,"date":"2021-01-27T13:01:25","date_gmt":"2021-01-27T13:01:25","guid":{"rendered":"https:\/\/www.gramcommerce.si\/sigurnosni-tusevi-i-ispiranje\/"},"modified":"2021-01-27T13:01:26","modified_gmt":"2021-01-27T13:01:26","slug":"sigurnosni-tusevi-i-ispiranje","status":"publish","type":"page","link":"https:\/\/www.gramcommerce.si\/hr\/sigurnosni-tusevi-i-ispiranje\/","title":{"rendered":"SIGURNOSNI TU\u0160EVI I ISPIRANJE"},"content":{"rendered":"<p>[et_pb_section fb_built=&#8221;1&#8243; _builder_version=&#8221;4.4.3&#8243; use_background_color_gradient=&#8221;on&#8221; background_color_gradient_start=&#8221;#eeeeee&#8221; background_color_gradient_end=&#8221;#ffffff&#8221; background_image=&#8221;https:\/\/www.gramcommerce.si\/wp-content\/uploads\/2020\/04\/title-back32gc.png&#8221; background_size=&#8221;contain&#8221; background_position=&#8221;top_right&#8221; min_height=&#8221;381px&#8221; custom_padding=&#8221;||145px|||&#8221; saved_tabs=&#8221;all&#8221;][et_pb_row column_structure=&#8221;3_5,2_5&#8243; _builder_version=&#8221;4.4.1&#8243; custom_padding=&#8221;49px||0px||false|false&#8221;][et_pb_column type=&#8221;3_5&#8243; _builder_version=&#8221;4.4.1&#8243;][et_pb_post_title meta=&#8221;off&#8221; featured_image=&#8221;off&#8221; _builder_version=&#8221;4.4.1&#8243; title_font_size=&#8221;32px&#8221; custom_margin=&#8221;||7px||false|false&#8221;][\/et_pb_post_title][et_pb_divider divider_weight=&#8221;4px&#8221; _builder_version=&#8221;4.4.1&#8243; width=&#8221;100px&#8221; animation_style=&#8221;slide&#8221; animation_direction=&#8221;right&#8221; animation_intensity_slide=&#8221;39%&#8221;][\/et_pb_divider][\/et_pb_column][et_pb_column type=&#8221;2_5&#8243; _builder_version=&#8221;4.4.1&#8243;][\/et_pb_column][\/et_pb_row][\/et_pb_section][et_pb_section fb_built=&#8221;1&#8243; _builder_version=&#8221;4.4.3&#8243; background_enable_color=&#8221;off&#8221; custom_padding=&#8221;55px|||||&#8221;][et_pb_row _builder_version=&#8221;4.4.3&#8243; custom_padding=&#8221;45px||3px||false|&#8221;][et_pb_column type=&#8221;4_4&#8243; _builder_version=&#8221;4.4.3&#8243;][et_pb_text _builder_version=&#8221;4.4.3&#8243;]<\/p>\n<h2>SIGURNOSNI TU\u0160 ZA O\u010cI \u2013 RU\u010cNI<\/h2>\n<p>Ru\u010dni sigurnosni tu\u0161 je mogu\u0107 u izvedbi s jednom ili dvije glave tu\u0161a za ispiranje jednog ili oba oka. U ponudi imamo fiksni ili mobilni tu\u0161 koji se mo\u017ee izvaditi iz nosa\u010da kao ru\u010dni tu\u0161 kako bismo mogli pomo\u0107i ozlije\u0111enome koji le\u017ei na tlu.<\/p>\n<p>&nbsp;<\/p>\n<p>[\/et_pb_text][\/et_pb_column][\/et_pb_row][et_pb_row column_structure=&#8221;1_3,1_3,1_3&#8243; _builder_version=&#8221;4.4.3&#8243; custom_padding=&#8221;||45px|||&#8221; border_width_bottom=&#8221;1px&#8221; border_color_bottom=&#8221;#dddddd&#8221;][et_pb_column type=&#8221;1_3&#8243; _builder_version=&#8221;4.4.3&#8243;][et_pb_image src=&#8221;https:\/\/www.gramcommerce.si\/wp-content\/uploads\/2020\/05\/varnostni-tusi1.jpg&#8221; _builder_version=&#8221;4.4.3&#8243;][\/et_pb_image][\/et_pb_column][et_pb_column type=&#8221;1_3&#8243; _builder_version=&#8221;4.4.3&#8243;][et_pb_image src=&#8221;https:\/\/www.gramcommerce.si\/wp-content\/uploads\/2020\/05\/varnostni-tusi2.jpg&#8221; _builder_version=&#8221;4.4.3&#8243; border_width_all=&#8221;1px&#8221; border_color_all=&#8221;#eeeeee&#8221;][\/et_pb_image][\/et_pb_column][et_pb_column type=&#8221;1_3&#8243; _builder_version=&#8221;4.4.3&#8243;][et_pb_image src=&#8221;https:\/\/www.gramcommerce.si\/wp-content\/uploads\/2020\/05\/varnostni-tusi.jpg&#8221; _builder_version=&#8221;4.4.3&#8243;][\/et_pb_image][\/et_pb_column][\/et_pb_row][et_pb_row _builder_version=&#8221;4.4.3&#8243; custom_padding=&#8221;45px|||||&#8221;][et_pb_column type=&#8221;4_4&#8243; _builder_version=&#8221;4.4.3&#8243;][et_pb_text _builder_version=&#8221;4.4.3&#8243;]<\/p>\n<h2>SIGURNOSNI TU\u0160 ZA O\u010cI S POSUDOM ILI UMIVAONIKOM<\/h2>\n<p>Sigurnosni tu\u0161evi za o\u010di su dobavljivi i s posudom od nehr\u0111aju\u0107eg \u010delika. Dolaze s dvije visokou\u010dinkovite glave tu\u0161a za opse\u017eniju disperziju vode, gdje voda jednostavno otje\u010de u posudu.<\/p>\n<p>[\/et_pb_text][\/et_pb_column][\/et_pb_row][et_pb_row column_structure=&#8221;1_3,1_3,1_3&#8243; _builder_version=&#8221;4.4.3&#8243; custom_padding=&#8221;||45px|||&#8221; border_width_bottom=&#8221;1px&#8221; border_color_bottom=&#8221;#dddddd&#8221;][et_pb_column type=&#8221;1_3&#8243; _builder_version=&#8221;4.4.3&#8243;][et_pb_image src=&#8221;https:\/\/www.gramcommerce.si\/wp-content\/uploads\/2020\/05\/varnostni-tusi3.jpg&#8221; _builder_version=&#8221;4.4.3&#8243;][\/et_pb_image][\/et_pb_column][et_pb_column type=&#8221;1_3&#8243; _builder_version=&#8221;4.4.3&#8243;][et_pb_image src=&#8221;https:\/\/www.gramcommerce.si\/wp-content\/uploads\/2020\/05\/varnostni-tusi5.jpg&#8221; _builder_version=&#8221;4.4.3&#8243; border_width_all=&#8221;1px&#8221; border_color_all=&#8221;#eeeeee&#8221;][\/et_pb_image][\/et_pb_column][et_pb_column type=&#8221;1_3&#8243; _builder_version=&#8221;4.4.3&#8243;][et_pb_image src=&#8221;https:\/\/www.gramcommerce.si\/wp-content\/uploads\/2020\/05\/varnostni-tusi4.jpg&#8221; _builder_version=&#8221;4.4.3&#8243;][\/et_pb_image][\/et_pb_column][\/et_pb_row][et_pb_row _builder_version=&#8221;4.4.3&#8243; custom_padding=&#8221;45px|||||&#8221;][et_pb_column type=&#8221;4_4&#8243; _builder_version=&#8221;4.4.3&#8243;][et_pb_text _builder_version=&#8221;4.4.3&#8243;]<\/p>\n<h2>MOBILNA POSTAJA ZA ISPIRANJE O\u010cIJU<\/h2>\n<p>Postaja za ispiranje o\u010diju je primjerena za jednostavnu monta\u017eu u blizini ugro\u017eenog radnog mjesta. Mogu\u0107i su modeli za stolnu ili zidnu upotrebu. S cisternom od nehr\u0111aju\u0107eg \u010delika ili kemijski otporne plastike zapremnina rezervoara iznosi 3,8 \u2013 60 litara za razli\u010dita vremena ispiranja. Zapremnina rezervoara od 60 l je dovoljna za pribli\u017eno 15 minuta ispiranja. Preporu\u010damo za laboratorije i druge industrije.<\/p>\n<p>[\/et_pb_text][\/et_pb_column][\/et_pb_row][et_pb_row column_structure=&#8221;1_3,1_3,1_3&#8243; _builder_version=&#8221;4.4.3&#8243; custom_padding=&#8221;||45px|||&#8221; border_width_bottom=&#8221;1px&#8221; border_color_bottom=&#8221;#dddddd&#8221;][et_pb_column type=&#8221;1_3&#8243; _builder_version=&#8221;4.4.3&#8243;][et_pb_image src=&#8221;https:\/\/www.gramcommerce.si\/wp-content\/uploads\/2020\/05\/varnostni-tusi7.png&#8221; _builder_version=&#8221;4.4.3&#8243;][\/et_pb_image][\/et_pb_column][et_pb_column type=&#8221;1_3&#8243; _builder_version=&#8221;4.4.3&#8243;][et_pb_image src=&#8221;https:\/\/www.gramcommerce.si\/wp-content\/uploads\/2020\/05\/varnostni-tusi6.jpg&#8221; _builder_version=&#8221;4.4.3&#8243; border_width_all=&#8221;1px&#8221; border_color_all=&#8221;#eeeeee&#8221;][\/et_pb_image][\/et_pb_column][et_pb_column type=&#8221;1_3&#8243; _builder_version=&#8221;4.4.3&#8243;][\/et_pb_column][\/et_pb_row][et_pb_row _builder_version=&#8221;4.4.3&#8243; custom_margin=&#8221;-1px|auto||auto||&#8221; custom_padding=&#8221;45px|||||&#8221;][et_pb_column type=&#8221;4_4&#8243; _builder_version=&#8221;4.4.3&#8243;][et_pb_text _builder_version=&#8221;4.4.3&#8243;]<\/p>\n<h2>SIGURNOSNI TU\u0160EVI ZA LABORATORIJE<\/h2>\n<p>Sigurnosni tu\u0161evi za tijelo se mogu montirati iznad vrata, a mogu se i pri\u010dvrstiti na zid ili strop. Sigurnosni tu\u0161evi od nehr\u0111aju\u0107eg \u010delika se koriste prije svega za laboratorije. Nudimo vi\u0161e tipova sigurnosnih tu\u0161eva kako bismo se prilagodili kupcu i njegovim \u017eeljama.<\/p>\n<p>[\/et_pb_text][\/et_pb_column][\/et_pb_row][et_pb_row column_structure=&#8221;1_3,1_3,1_3&#8243; _builder_version=&#8221;4.4.3&#8243; custom_padding=&#8221;||45px|||&#8221; border_width_bottom=&#8221;1px&#8221; border_color_bottom=&#8221;#dddddd&#8221;][et_pb_column type=&#8221;1_3&#8243; _builder_version=&#8221;4.4.3&#8243;][et_pb_image src=&#8221;https:\/\/www.gramcommerce.si\/wp-content\/uploads\/2020\/05\/varnostni-tusi8.jpg&#8221; _builder_version=&#8221;4.4.3&#8243;][\/et_pb_image][\/et_pb_column][et_pb_column type=&#8221;1_3&#8243; _builder_version=&#8221;4.4.3&#8243;][et_pb_image src=&#8221;https:\/\/www.gramcommerce.si\/wp-content\/uploads\/2020\/05\/varnostni-tusi9.jpg&#8221; _builder_version=&#8221;4.4.3&#8243; border_width_all=&#8221;1px&#8221; border_color_all=&#8221;#eeeeee&#8221;][\/et_pb_image][\/et_pb_column][et_pb_column type=&#8221;1_3&#8243; _builder_version=&#8221;4.4.3&#8243;][et_pb_image src=&#8221;https:\/\/www.gramcommerce.si\/wp-content\/uploads\/2020\/05\/varnostni-tusi10.png&#8221; _builder_version=&#8221;4.4.3&#8243;][\/et_pb_image][\/et_pb_column][\/et_pb_row][et_pb_row _builder_version=&#8221;4.4.3&#8243; custom_padding=&#8221;45px|||||&#8221;][et_pb_column type=&#8221;4_4&#8243; _builder_version=&#8221;4.4.3&#8243;][et_pb_text _builder_version=&#8221;4.4.3&#8243;]<\/p>\n<h2>SIGURNOSNI TU\u0160EVI ZA INDUSTRIJU<\/h2>\n<p>Samostoje\u0107i sigurnosni tu\u0161evi za tijelo i razli\u010dite kombinacije sigurnosnih tu\u0161eva za upotrebu u industriji. Dostupne su izvedbe i od nehr\u0111aju\u0107eg \u010delika. Samoprazne\u0107i industrijski sigurnosni tu\u0161evi omogu\u0107uju istjecanje iz vru\u0107e okoline. Sigurnosne tu\u0161 kabine i postaje nas \u0161tite od hladno\u0107e. Sigurnosni tu\u0161evi koji toplom vodom za o\u010di \u0161tite od hladno\u0107e i sigurnosni tu\u0161evi za tijelo (te\u0161ka industrija) dostupni su i u izvedbi od nehr\u0111aju\u0107eg \u010delika.<\/p>\n<p>[\/et_pb_text][\/et_pb_column][\/et_pb_row][et_pb_row column_structure=&#8221;1_5,1_5,1_5,1_5,1_5&#8243; _builder_version=&#8221;4.4.3&#8243; custom_padding=&#8221;||45px|||&#8221; border_width_bottom=&#8221;1px&#8221; border_color_bottom=&#8221;#dddddd&#8221;][et_pb_column type=&#8221;1_5&#8243; _builder_version=&#8221;4.4.3&#8243;][et_pb_image src=&#8221;https:\/\/www.gramcommerce.si\/wp-content\/uploads\/2020\/05\/varnostni-tusi13.jpg&#8221; _builder_version=&#8221;4.4.3&#8243;][\/et_pb_image][\/et_pb_column][et_pb_column type=&#8221;1_5&#8243; _builder_version=&#8221;4.4.3&#8243;][et_pb_image src=&#8221;https:\/\/www.gramcommerce.si\/wp-content\/uploads\/2020\/05\/varnostni-tusi12.jpg&#8221; _builder_version=&#8221;4.4.3&#8243; border_width_all=&#8221;1px&#8221; border_color_all=&#8221;#eeeeee&#8221;][\/et_pb_image][\/et_pb_column][et_pb_column type=&#8221;1_5&#8243; _builder_version=&#8221;4.4.3&#8243;][et_pb_image src=&#8221;https:\/\/www.gramcommerce.si\/wp-content\/uploads\/2020\/05\/varnostni-tusi11.jpg&#8221; _builder_version=&#8221;4.4.3&#8243;][\/et_pb_image][\/et_pb_column][et_pb_column type=&#8221;1_5&#8243; _builder_version=&#8221;4.4.3&#8243;][et_pb_image src=&#8221;https:\/\/www.gramcommerce.si\/wp-content\/uploads\/2020\/05\/varnostni-tusi15.jpg&#8221; _builder_version=&#8221;4.4.3&#8243; border_width_all=&#8221;1px&#8221; border_color_all=&#8221;#eeeeee&#8221;][\/et_pb_image][\/et_pb_column][et_pb_column type=&#8221;1_5&#8243; _builder_version=&#8221;4.4.3&#8243;][et_pb_image src=&#8221;https:\/\/www.gramcommerce.si\/wp-content\/uploads\/2020\/05\/varnostni-tusi14.jpg&#8221; _builder_version=&#8221;4.4.3&#8243; border_width_all=&#8221;1px&#8221; border_color_all=&#8221;#eeeeee&#8221;][\/et_pb_image][\/et_pb_column][\/et_pb_row][et_pb_row _builder_version=&#8221;4.4.3&#8243; custom_margin=&#8221;-3px|auto||auto||&#8221; custom_padding=&#8221;45px|||||&#8221;][et_pb_column type=&#8221;4_4&#8243; _builder_version=&#8221;4.4.3&#8243;][et_pb_text _builder_version=&#8221;4.4.3&#8243;]<\/p>\n<h2>DODACI ZA SIGURNOSNE TU\u0160EVE<\/h2>\n<p>Kod sigurnosnih tu\u0161eva za tijelo postoji mogu\u0107nost da regulator protoka stalno opskrbljuje vodom. Filtrirani sustav opskrbljuje 100%-tno sterilnu vodu za sigurnosne tu\u0161eve te za ispiranje o\u010diju. Za\u0161titni ventil sa zatvara\u010dem \u0161titi od zamrzavanja i za\u010depljenja. Termostatski ventil za mije\u0161anje jam\u010di dotok tople vode za sigurnosne tu\u0161eve. Alarmni sustavi omogu\u0107uju informiranje u slu\u010dajevima nu\u017ede.<\/p>\n<p>[\/et_pb_text][\/et_pb_column][\/et_pb_row][et_pb_row column_structure=&#8221;1_3,1_3,1_3&#8243; _builder_version=&#8221;4.4.3&#8243; custom_padding=&#8221;||45px|||&#8221; border_width_bottom=&#8221;1px&#8221; border_color_bottom=&#8221;#dddddd&#8221;][et_pb_column type=&#8221;1_3&#8243; _builder_version=&#8221;4.4.3&#8243;][et_pb_image src=&#8221;https:\/\/www.gramcommerce.si\/wp-content\/uploads\/2020\/05\/varnostni-tusi17.jpg&#8221; _builder_version=&#8221;4.4.3&#8243;][\/et_pb_image][\/et_pb_column][et_pb_column type=&#8221;1_3&#8243; _builder_version=&#8221;4.4.3&#8243;][et_pb_image src=&#8221;https:\/\/www.gramcommerce.si\/wp-content\/uploads\/2020\/05\/varnostni-tusi16.jpg&#8221; _builder_version=&#8221;4.4.3&#8243; border_width_all=&#8221;1px&#8221; border_color_all=&#8221;#eeeeee&#8221;][\/et_pb_image][\/et_pb_column][et_pb_column type=&#8221;1_3&#8243; _builder_version=&#8221;4.4.3&#8243;][\/et_pb_column][\/et_pb_row][et_pb_row _builder_version=&#8221;4.4.3&#8243; custom_padding=&#8221;45px|||||&#8221;][et_pb_column type=&#8221;4_4&#8243; _builder_version=&#8221;4.4.3&#8243;][et_pb_text _builder_version=&#8221;4.4.3&#8243;]<\/p>\n<h2>SIGURNOSNI TU\u0160 S REZERVOAROM<\/h2>\n<p>Sigurnosni tu\u0161evi s rezervoarom od pocin\u010danog ili nehr\u0111aju\u0107eg \u010delika. Dostupni su i sigurnosni tu\u0161evi s grijanom i izoliranom kabinom za upotrebu u ekstremno hladnim i te\u0161kim okolinama. Nudimo i mobilne rezervoare koje jednostavno ru\u010dno premje\u0161tamo. Mogu\u0107e su i dodatne mogu\u0107nosti za sigurnosne tu\u0161eve u rezervoaru poput bljeskalice, pozicijskih svjetala, osvjetljenja podru\u010dja, rashladne jedinice, itd.<\/p>\n<p>[\/et_pb_text][\/et_pb_column][\/et_pb_row][et_pb_row column_structure=&#8221;1_3,1_3,1_3&#8243; _builder_version=&#8221;4.6.5&#8243; custom_padding=&#8221;||45px|||&#8221; hover_enabled=&#8221;0&#8243; border_color_bottom=&#8221;#dddddd&#8221; sticky_enabled=&#8221;0&#8243;][et_pb_column type=&#8221;1_3&#8243; _builder_version=&#8221;4.4.3&#8243;][et_pb_image src=&#8221;https:\/\/www.gramcommerce.si\/wp-content\/uploads\/2020\/05\/varnostni-tusi19.jpg&#8221; _builder_version=&#8221;4.4.3&#8243; border_width_all=&#8221;1px&#8221; border_color_all=&#8221;#eeeeee&#8221;][\/et_pb_image][\/et_pb_column][et_pb_column type=&#8221;1_3&#8243; _builder_version=&#8221;4.4.3&#8243;][et_pb_image src=&#8221;https:\/\/www.gramcommerce.si\/wp-content\/uploads\/2020\/05\/varnostni-tusi18.jpg&#8221; _builder_version=&#8221;4.4.3&#8243; border_width_all=&#8221;1px&#8221; border_color_all=&#8221;#eeeeee&#8221;][\/et_pb_image][\/et_pb_column][et_pb_column type=&#8221;1_3&#8243; _builder_version=&#8221;4.4.3&#8243;][\/et_pb_column][\/et_pb_row][\/et_pb_section]<\/p>\n","protected":false},"excerpt":{"rendered":"<p>SIGURNOSNI TU\u0160 ZA O\u010cI \u2013 RU\u010cNI Ru\u010dni sigurnosni tu\u0161 je mogu\u0107 u izvedbi s jednom ili dvije glave tu\u0161a za ispiranje jednog ili oba oka. U ponudi imamo fiksni ili mobilni tu\u0161 koji se mo\u017ee izvaditi iz nosa\u010da kao ru\u010dni tu\u0161 kako bismo mogli pomo\u0107i ozlije\u0111enome koji le\u017ei na tlu. &nbsp;SIGURNOSNI TU\u0160 ZA O\u010cI S [&hellip;]<\/p>\n","protected":false},"author":1,"featured_media":0,"parent":0,"menu_order":0,"comment_status":"closed","ping_status":"closed","template":"","meta":{"_seopress_robots_primary_cat":"","_seopress_titles_title":"","_seopress_titles_desc":"","_seopress_robots_index":"","_et_pb_use_builder":"on","_et_pb_old_content":"","_et_gb_content_width":"","footnotes":""},"class_list":["post-47636","page","type-page","status-publish","hentry"],"_links":{"self":[{"href":"https:\/\/www.gramcommerce.si\/hr\/wp-json\/wp\/v2\/pages\/47636","targetHints":{"allow":["GET"]}}],"collection":[{"href":"https:\/\/www.gramcommerce.si\/hr\/wp-json\/wp\/v2\/pages"}],"about":[{"href":"https:\/\/www.gramcommerce.si\/hr\/wp-json\/wp\/v2\/types\/page"}],"author":[{"embeddable":true,"href":"https:\/\/www.gramcommerce.si\/hr\/wp-json\/wp\/v2\/users\/1"}],"replies":[{"embeddable":true,"href":"https:\/\/www.gramcommerce.si\/hr\/wp-json\/wp\/v2\/comments?post=47636"}],"version-history":[{"count":3,"href":"https:\/\/www.gramcommerce.si\/hr\/wp-json\/wp\/v2\/pages\/47636\/revisions"}],"predecessor-version":[{"id":48028,"href":"https:\/\/www.gramcommerce.si\/hr\/wp-json\/wp\/v2\/pages\/47636\/revisions\/48028"}],"wp:attachment":[{"href":"https:\/\/www.gramcommerce.si\/hr\/wp-json\/wp\/v2\/media?parent=47636"}],"curies":[{"name":"wp","href":"https:\/\/api.w.org\/{rel}","templated":true}]}}