{"id":47639,"date":"2021-01-27T13:10:59","date_gmt":"2021-01-27T13:10:59","guid":{"rendered":"https:\/\/www.gramcommerce.si\/elektricni-tegljac-multi-mover\/"},"modified":"2021-01-27T13:11:00","modified_gmt":"2021-01-27T13:11:00","slug":"elektricni-tegljac-multi-mover","status":"publish","type":"page","link":"https:\/\/www.gramcommerce.si\/hr\/elektricni-tegljac-multi-mover\/","title":{"rendered":"ELEKTRI\u010cNI TEGLJA\u010c MULTI-MOVER\u00ae"},"content":{"rendered":"<p>[et_pb_section fb_built=&#8221;1&#8243; _builder_version=&#8221;4.4.3&#8243; use_background_color_gradient=&#8221;on&#8221; background_color_gradient_start=&#8221;#eeeeee&#8221; background_color_gradient_end=&#8221;#ffffff&#8221; background_image=&#8221;https:\/\/www.gramcommerce.si\/wp-content\/uploads\/2020\/04\/title-back32gc.png&#8221; background_size=&#8221;contain&#8221; background_position=&#8221;top_right&#8221; custom_padding=&#8221;||45px|||&#8221; saved_tabs=&#8221;all&#8221;][et_pb_row column_structure=&#8221;3_5,2_5&#8243; _builder_version=&#8221;4.4.1&#8243; custom_padding=&#8221;49px||0px||false|false&#8221;][et_pb_column type=&#8221;3_5&#8243; _builder_version=&#8221;4.4.1&#8243;][et_pb_post_title meta=&#8221;off&#8221; featured_image=&#8221;off&#8221; _builder_version=&#8221;4.4.1&#8243; title_font_size=&#8221;32px&#8221; custom_margin=&#8221;||7px||false|false&#8221;][\/et_pb_post_title][et_pb_divider divider_weight=&#8221;4px&#8221; _builder_version=&#8221;4.4.1&#8243; width=&#8221;100px&#8221; animation_style=&#8221;slide&#8221; animation_direction=&#8221;right&#8221; animation_intensity_slide=&#8221;39%&#8221;][\/et_pb_divider][\/et_pb_column][et_pb_column type=&#8221;2_5&#8243; _builder_version=&#8221;4.4.1&#8243;][\/et_pb_column][\/et_pb_row][et_pb_row column_structure=&#8221;2_3,1_3&#8243; make_equal=&#8221;on&#8221; _builder_version=&#8221;4.6.5&#8243; border_color_bottom=&#8221;#dddddd&#8221;][et_pb_column type=&#8221;2_3&#8243; module_class=&#8221;ds-vertical-align&#8221; _builder_version=&#8221;4.6.5&#8243;][\/et_pb_column][et_pb_column type=&#8221;1_3&#8243; _builder_version=&#8221;4.4.3&#8243;][\/et_pb_column][\/et_pb_row][et_pb_row _builder_version=&#8221;4.4.3&#8243; border_color_bottom=&#8221;#dddddd&#8221;][et_pb_column type=&#8221;4_4&#8243; _builder_version=&#8221;4.4.3&#8243;][et_pb_text _builder_version=&#8221;4.6.5&#8243;]<\/p>\n<p>Ru\u010dni i teretni teglja\u010d. Ru\u010dna vu\u010da i guranje vozila, opreme odnosno tereta.<br \/>Elektri\u010dni stroj za vu\u010du i guranje. Manipulator odnosno kolica za transport tereta.<\/p>\n<p>[\/et_pb_text][et_pb_text _builder_version=&#8221;4.6.5&#8243; hover_enabled=&#8221;0&#8243; sticky_enabled=&#8221;0&#8243;]<\/p>\n<p>Multi-Mover\u00ae Europe BV iz Nizozemske je vode\u0107i proizvo\u0111a\u010d i dizajner elektri\u010dnih teglja\u010da s certifikatom CE, koji je u skladu s europskim standardima. Na\u0161a tvrtka Gramm Commerce je slu\u017ebeni zastupnik tvrtke Multi-Mover\u00ae za podru\u010dje Slovenije i Hrvatske.<\/p>\n<p>&nbsp;<\/p>\n<p>Multi-Mover\u00ae je idealno rje\u0161enje za brzu vu\u010du tereta iz skladi\u0161ta i proizvodnih linija. Brojnim tvrtkama u razli\u010ditim industrijama je potrebna brza manipulacija odnosno brzo pomicanje\/transport tereta s jedne lokacije na drugu, a da je pritom sigurnost tereta na prvom mjestu. Time pove\u0107avamo produktivnost rada i manje fizi\u010dki optere\u0107ujemo radnike. Elektri\u010dni manipulatori za vu\u010du i guranje Multi-Mover\u00ae omogu\u0107uju jednostavno i precizno pomicanje tereta s najmanjim te\u017einama (do 1.200 kg) do maksimalnih 80.000 kg (80 tona). Jednostavna upotreba za svakoga i jasan pogled na teret koji mo\u017eete pomicati po \u010dvrstim i ne\u010dvrstim povr\u0161inama. Tehnologija bez podizanja po principu vu\u010de i guranje.<\/p>\n<p>[\/et_pb_text][\/et_pb_column][\/et_pb_row][et_pb_row _builder_version=&#8221;4.4.3&#8243; border_color_bottom=&#8221;#dddddd&#8221; column_structure=&#8221;2_3,1_3&#8243;][et_pb_column type=&#8221;2_3&#8243; _builder_version=&#8221;4.4.3&#8243;][et_pb_text _builder_version=&#8221;4.6.5&#8243; hover_enabled=&#8221;0&#8243; sticky_enabled=&#8221;0&#8243;]<\/p>\n<p>Teglja\u010d\/manipulator Multi-Mover\u00ae je odli\u010dan za pomicanje odnosno vu\u010du, povla\u010denje i guranje:<\/p>\n<ul>\n<li>Kazali\u0161ne opreme i \u0161tandova.<\/li>\n<li>Vlakova, helikoptera i aviona.<\/li>\n<li>Automobila i raznih prikolica.<\/li>\n<li>Rublja i sanitetskog materijala.<\/li>\n<li>Kolica, sanduka i teretnih sanduka.<\/li>\n<li>Industrijske opreme i materijala.<\/li>\n<li>Kombija, kamiona i prikolica.<\/li>\n<li>Brodica, brodova i pomorske odnosno nauti\u010dke opreme, itd.<\/li>\n<\/ul>\n<p>[\/et_pb_text][\/et_pb_column][et_pb_column type=&#8221;1_3&#8243; _builder_version=&#8221;4.4.3&#8243;][et_pb_image src=&#8221;https:\/\/www.gramcommerce.si\/wp-content\/uploads\/2021\/01\/Multi-Mover_Logo.png&#8221; _builder_version=&#8221;4.6.5&#8243; _module_preset=&#8221;default&#8221; title_text=&#8221;Multi-Mover_Logo&#8221; hover_enabled=&#8221;0&#8243; sticky_enabled=&#8221;0&#8243; custom_margin=&#8221;||0px||false|false&#8221; custom_padding=&#8221;60px||||false|false&#8221;][\/et_pb_image][\/et_pb_column][\/et_pb_row][et_pb_row _builder_version=&#8221;4.6.5&#8243; _module_preset=&#8221;default&#8221;][et_pb_column _builder_version=&#8221;4.6.5&#8243; _module_preset=&#8221;default&#8221; type=&#8221;4_4&#8243;][et_pb_text _builder_version=&#8221;4.6.5&#8243; hover_enabled=&#8221;0&#8243; sticky_enabled=&#8221;0&#8243;]<\/p>\n<p align=\"justify\">Multi-Mover\u00ae je odli\u010dno rje\u0161enje za proizvodnje, skladi\u0161ta, ljekarne, trgovine, sajmove, salone, jaha\u0107e klubove, kampove, aerodrome, kazali\u0161ta, vojarne, bolnice, hotele, domove za starije osobe, vatrogasce, hitnu slu\u017ebu, policiju, vojsku i druge djelatnosti.<\/p>\n<p>[\/et_pb_text][\/et_pb_column][\/et_pb_row][et_pb_row _builder_version=&#8221;4.4.3&#8243; border_width_bottom=&#8221;1px&#8221; border_color_bottom=&#8221;#dddddd&#8221;][et_pb_column type=&#8221;4_4&#8243; _builder_version=&#8221;4.4.2&#8243;][et_pb_text _builder_version=&#8221;4.4.3&#8243; text_orientation=&#8221;center&#8221;]<\/p>\n<h3 align=\"justify\">Ru\u010dni teglja\u010d Multi-Mover\u00ae je sna\u017ean, siguran, tih, bez emisija i jednostavan za upravljanje.<\/h3>\n<p>[\/et_pb_text][\/et_pb_column][\/et_pb_row][et_pb_row column_structure=&#8221;1_3,1_3,1_3&#8243; _builder_version=&#8221;4.4.3&#8243; custom_padding=&#8221;45px||40px|||&#8221;][et_pb_column type=&#8221;1_3&#8243; module_class=&#8221;ds-vertical-align&#8221; _builder_version=&#8221;4.4.3&#8243;][et_pb_text _builder_version=&#8221;4.4.3&#8243; text_orientation=&#8221;center&#8221;]<\/p>\n<p><b>Vrlo sna\u017ean.<br \/><\/b>Sna\u017ean i u\u010dinkovit elektromotor.<\/p>\n<p align=\"justify\">\u00a0<\/p>\n<p>[\/et_pb_text][\/et_pb_column][et_pb_column type=&#8221;1_3&#8243; _builder_version=&#8221;4.4.3&#8243;][et_pb_text _builder_version=&#8221;4.4.3&#8243; text_orientation=&#8221;center&#8221;]<\/p>\n<p><strong>Voza\u010dka dozvola NIJE potrebna.<\/strong><br \/>Jednostavna upotreba za sve korisnike manipulatora.<\/p>\n<p>[\/et_pb_text][\/et_pb_column][et_pb_column type=&#8221;1_3&#8243; _builder_version=&#8221;4.4.3&#8243;][et_pb_text _builder_version=&#8221;4.4.3&#8243; text_orientation=&#8221;center&#8221;]<\/p>\n<p><b>Potpuno elektri\u010dni. <\/b>U\u010dinkovite i standardne baterije za rad, bez odr\u017eavanja.<\/p>\n<p>[\/et_pb_text][\/et_pb_column][\/et_pb_row][et_pb_row column_structure=&#8221;1_3,1_3,1_3&#8243; _builder_version=&#8221;4.4.3&#8243; custom_padding=&#8221;8px|||||&#8221;][et_pb_column type=&#8221;1_3&#8243; _builder_version=&#8221;4.4.3&#8243;][et_pb_image src=&#8221;https:\/\/www.gramcommerce.si\/wp-content\/uploads\/2020\/06\/vlacilec-vozil-in-tezje-opreme-Multi-Mover-8.jpg&#8221; _builder_version=&#8221;4.4.3&#8243;][\/et_pb_image][\/et_pb_column][et_pb_column type=&#8221;1_3&#8243; _builder_version=&#8221;4.4.3&#8243;][et_pb_image src=&#8221;https:\/\/www.gramcommerce.si\/wp-content\/uploads\/2020\/06\/vlacilec-vozil-in-tezje-opreme-Multi-Mover-9.jpg&#8221; _builder_version=&#8221;4.4.3&#8243;][\/et_pb_image][\/et_pb_column][et_pb_column type=&#8221;1_3&#8243; _builder_version=&#8221;4.4.3&#8243;][et_pb_image src=&#8221;https:\/\/www.gramcommerce.si\/wp-content\/uploads\/2020\/06\/vlacilec-vozil-in-tezje-opreme-Multi-Mover-10.jpg&#8221; _builder_version=&#8221;4.4.3&#8243;][\/et_pb_image][\/et_pb_column][\/et_pb_row][\/et_pb_section][et_pb_section fb_built=&#8221;1&#8243; _builder_version=&#8221;4.4.2&#8243; custom_padding=&#8221;1px|||||&#8221;][et_pb_row column_structure=&#8221;1_3,1_3,1_3&#8243; _builder_version=&#8221;4.4.3&#8243;][et_pb_column type=&#8221;1_3&#8243; _builder_version=&#8221;4.4.3&#8243;][et_pb_image src=&#8221;https:\/\/www.gramcommerce.si\/wp-content\/uploads\/2020\/05\/vlacilec-vozil-in-tezje-opreme-Multi-Mover-4.jpg&#8221; _builder_version=&#8221;4.4.3&#8243;][\/et_pb_image][\/et_pb_column][et_pb_column type=&#8221;1_3&#8243; _builder_version=&#8221;4.4.3&#8243;][et_pb_image src=&#8221;https:\/\/www.gramcommerce.si\/wp-content\/uploads\/2020\/05\/vlacilec-vozil-in-tezje-opreme-Multi-Mover-3.jpg&#8221; _builder_version=&#8221;4.4.3&#8243;][\/et_pb_image][\/et_pb_column][et_pb_column type=&#8221;1_3&#8243; _builder_version=&#8221;4.4.3&#8243;][et_pb_image src=&#8221;https:\/\/www.gramcommerce.si\/wp-content\/uploads\/2020\/05\/vlacilec-vozil-in-tezje-opreme-Multi-Mover-5.jpg&#8221; _builder_version=&#8221;4.4.3&#8243;][\/et_pb_image][\/et_pb_column][\/et_pb_row][et_pb_row column_structure=&#8221;1_3,1_3,1_3&#8243; _builder_version=&#8221;4.4.3&#8243;][et_pb_column type=&#8221;1_3&#8243; _builder_version=&#8221;4.4.3&#8243;][et_pb_image src=&#8221;https:\/\/www.gramcommerce.si\/wp-content\/uploads\/2020\/05\/vlacilec-vozil-in-tezje-opreme-Multi-Mover-6.jpg&#8221; _builder_version=&#8221;4.4.3&#8243;][\/et_pb_image][\/et_pb_column][et_pb_column type=&#8221;1_3&#8243; _builder_version=&#8221;4.4.3&#8243;][et_pb_image src=&#8221;https:\/\/www.gramcommerce.si\/wp-content\/uploads\/2020\/05\/vlacilec-vozil-in-tezje-opreme-Multi-Mover-7.jpg&#8221; _builder_version=&#8221;4.4.3&#8243;][\/et_pb_image][\/et_pb_column][et_pb_column type=&#8221;1_3&#8243; _builder_version=&#8221;4.4.3&#8243;][et_pb_image src=&#8221;https:\/\/www.gramcommerce.si\/wp-content\/uploads\/2020\/05\/vlacilec-vozil-in-tezje-opreme-Multi-Mover_a.jpg&#8221; _builder_version=&#8221;4.4.3&#8243;][\/et_pb_image][\/et_pb_column][\/et_pb_row][et_pb_row column_structure=&#8221;1_3,1_3,1_3&#8243; _builder_version=&#8221;4.4.3&#8243;][et_pb_column type=&#8221;1_3&#8243; _builder_version=&#8221;4.4.3&#8243;][et_pb_image src=&#8221;https:\/\/www.gramcommerce.si\/wp-content\/uploads\/2020\/05\/vlacilec-vozil-in-tezje-opreme-Multi-Mover_i.jpg&#8221; _builder_version=&#8221;4.4.3&#8243;][\/et_pb_image][\/et_pb_column][et_pb_column type=&#8221;1_3&#8243; _builder_version=&#8221;4.4.3&#8243;][et_pb_image src=&#8221;https:\/\/www.gramcommerce.si\/wp-content\/uploads\/2020\/05\/vlacilec-vozil-in-tezje-opreme-Multi-Mover_m.jpg&#8221; _builder_version=&#8221;4.4.3&#8243;][\/et_pb_image][\/et_pb_column][et_pb_column type=&#8221;1_3&#8243; _builder_version=&#8221;4.4.3&#8243;][et_pb_image src=&#8221;https:\/\/www.gramcommerce.si\/wp-content\/uploads\/2020\/05\/vlacilec-vozil-in-tezje-opreme-Multi-Mover_l.jpg&#8221; _builder_version=&#8221;4.4.3&#8243;][\/et_pb_image][\/et_pb_column][\/et_pb_row][\/et_pb_section][et_pb_section fb_built=&#8221;1&#8243; _builder_version=&#8221;4.4.3&#8243; background_color=&#8221;#ffffff&#8221;][et_pb_row column_structure=&#8221;1_3,1_3,1_3&#8243; make_equal=&#8221;on&#8221; _builder_version=&#8221;4.4.3&#8243; custom_padding=&#8221;45px||45px||true|&#8221; border_width_bottom=&#8221;1px&#8221; border_color_bottom=&#8221;#dddddd&#8221;][et_pb_column type=&#8221;1_3&#8243; module_class=&#8221;ds-vertical-align&#8221; _builder_version=&#8221;4.4.3&#8243;][et_pb_text _builder_version=&#8221;4.4.3&#8243;]<\/p>\n<h4>PREDNOSTI<\/h4>\n<ul>\n<li>\n<p align=\"justify\">Okretan i kompaktan.<\/p>\n<\/li>\n<li>\n<p align=\"justify\">\u0160irok izbor vu\u010dnih priklju\u010daka (kuka).<\/p>\n<\/li>\n<li>\n<p align=\"justify\">Primjereno za unutarnje i vanjske prostore.<\/p>\n<\/li>\n<li>\n<p align=\"justify\">\u0160irok izbor guma\/pneumatika.<\/p>\n<\/li>\n<li>\n<p align=\"justify\">U\u010dinkovite i standardne baterije za rad.<\/p>\n<\/li>\n<li>\n<p align=\"justify\">Bez odr\u017eavanja.<\/p>\n<\/li>\n<li>\n<p align=\"justify\">Program za u\u0161tedu baterije.<\/p>\n<\/li>\n<li>\n<p align=\"justify\">Primjerena protute\u017ea.<\/p>\n<\/li>\n<li>\n<p align=\"justify\">Podesiv program s obzirom na potrebe korisnika.<\/p>\n<\/li>\n<li>\n<p align=\"justify\">Dvogodi\u0161nje jamstvo, Izjava o sukladnosti CE.<\/p>\n<\/li>\n<li>\n<p align=\"justify\">Rezervni dijelovi na zalihi kod proizvo\u0111a\u010da.<\/p>\n<p align=\"justify\">\u00a0<\/p>\n<\/li>\n<\/ul>\n<p>[\/et_pb_text][\/et_pb_column][et_pb_column type=&#8221;1_3&#8243; _builder_version=&#8221;4.4.2&#8243;][et_pb_image src=&#8221;https:\/\/www.gramcommerce.si\/wp-content\/uploads\/2020\/05\/vlacilec-vozil-in-tezje-opreme-Multi-Mover_b.jpg&#8221; _builder_version=&#8221;4.4.3&#8243;][\/et_pb_image][et_pb_image src=&#8221;https:\/\/www.gramcommerce.si\/wp-content\/uploads\/2020\/05\/vlacilec-vozil-in-tezje-opreme-Multi-Mover_e.jpg&#8221; _builder_version=&#8221;4.4.3&#8243;][\/et_pb_image][\/et_pb_column][et_pb_column type=&#8221;1_3&#8243; _builder_version=&#8221;4.4.2&#8243;][et_pb_image src=&#8221;https:\/\/www.gramcommerce.si\/wp-content\/uploads\/2020\/05\/vlacilec-vozil-in-tezje-opreme-Multi-Mover_c.jpg&#8221; _builder_version=&#8221;4.4.3&#8243;][\/et_pb_image][et_pb_image src=&#8221;https:\/\/www.gramcommerce.si\/wp-content\/uploads\/2020\/05\/vlacilec-vozil-in-tezje-opreme-Multi-Mover_d.jpg&#8221; _builder_version=&#8221;4.4.3&#8243;][\/et_pb_image][\/et_pb_column][\/et_pb_row][et_pb_row column_structure=&#8221;1_3,1_3,1_3&#8243; _builder_version=&#8221;4.4.3&#8243; custom_padding=&#8221;45px||45px||true|&#8221; border_color_all=&#8221;#dddddd&#8221; border_width_bottom=&#8221;1px&#8221;][et_pb_column type=&#8221;1_3&#8243; _builder_version=&#8221;4.4.3&#8243;][et_pb_text _builder_version=&#8221;4.4.3&#8243;]<\/p>\n<h4>UKLJU\u010cUJE<\/h4>\n<ul>\n<li>\n<p align=\"justify\">Sna\u017ean i u\u010dinkovit elektromotor.<\/p>\n<\/li>\n<li>\n<p align=\"justify\">Diferencijalni pogon.<\/p>\n<\/li>\n<li>\n<p align=\"justify\">Ko\u010dnica motora i elektromagnetska ko\u010dnica.<\/p>\n<\/li>\n<li>\n<p align=\"justify\">Podesiva brzina do 5 km\/h.<\/p>\n<\/li>\n<li>\n<p align=\"justify\">Voza\u010dka dozvola NIJE potrebna.<\/p>\n<\/li>\n<li>\n<p align=\"justify\">Minimalno odr\u017eavanje.<\/p>\n<\/li>\n<\/ul>\n<p>[\/et_pb_text][\/et_pb_column][et_pb_column type=&#8221;1_3&#8243; _builder_version=&#8221;4.4.3&#8243;][et_pb_image src=&#8221;https:\/\/www.gramcommerce.si\/wp-content\/uploads\/2020\/05\/vlacilec-vozil-in-tezje-opreme-Multi-Mover_f.jpg&#8221; _builder_version=&#8221;4.4.3&#8243;][\/et_pb_image][\/et_pb_column][et_pb_column type=&#8221;1_3&#8243; _builder_version=&#8221;4.4.3&#8243;][et_pb_image src=&#8221;https:\/\/www.gramcommerce.si\/wp-content\/uploads\/2020\/05\/vlacilec-vozil-in-tezje-opreme-Multi-Mover_g.jpg&#8221; _builder_version=&#8221;4.4.3&#8243;][\/et_pb_image][\/et_pb_column][\/et_pb_row][et_pb_row column_structure=&#8221;1_3,1_3,1_3&#8243; make_equal=&#8221;on&#8221; _builder_version=&#8221;4.4.3&#8243; custom_padding=&#8221;45px|||||&#8221;][et_pb_column type=&#8221;1_3&#8243; module_class=&#8221;ds-vertical-align&#8221; _builder_version=&#8221;4.4.3&#8243;][et_pb_text _builder_version=&#8221;4.4.3&#8243; header_4_font=&#8221;|||on|||||&#8221;]<\/p>\n<h4><strong>Jednostavno punjenje<\/strong><\/h4>\n<ul>\n<li>Napunite baterije u roku od 3 \u2013 5 sati s prilo\u017eenim punja\u010dem s uti\u010dnicom za spajanje na struju.<\/li>\n<\/ul>\n<p>[\/et_pb_text][\/et_pb_column][et_pb_column type=&#8221;1_3&#8243; _builder_version=&#8221;4.4.3&#8243;][et_pb_image src=&#8221;https:\/\/www.gramcommerce.si\/wp-content\/uploads\/2020\/05\/vlacilec-vozil-in-tezje-opreme-Multi-Mover_h.jpg&#8221; _builder_version=&#8221;4.4.3&#8243;][\/et_pb_image][\/et_pb_column][et_pb_column type=&#8221;1_3&#8243; _builder_version=&#8221;4.4.3&#8243;][et_pb_image src=&#8221;https:\/\/www.gramcommerce.si\/wp-content\/uploads\/2020\/05\/vlacilec-vozil-in-tezje-opreme-Multi-Mover_k.jpg&#8221; _builder_version=&#8221;4.4.3&#8243;][\/et_pb_image][\/et_pb_column][\/et_pb_row][\/et_pb_section]<\/p>\n","protected":false},"excerpt":{"rendered":"<p>Ru\u010dni i teretni teglja\u010d. Ru\u010dna vu\u010da i guranje vozila, opreme odnosno tereta.Elektri\u010dni stroj za vu\u010du i guranje. Manipulator odnosno kolica za transport tereta.Multi-Mover\u00ae Europe BV iz Nizozemske je vode\u0107i proizvo\u0111a\u010d i dizajner elektri\u010dnih teglja\u010da s certifikatom CE, koji je u skladu s europskim standardima. Na\u0161a tvrtka Gramm Commerce je slu\u017ebeni zastupnik tvrtke Multi-Mover\u00ae za podru\u010dje [&hellip;]<\/p>\n","protected":false},"author":1,"featured_media":0,"parent":0,"menu_order":0,"comment_status":"closed","ping_status":"closed","template":"","meta":{"_seopress_robots_primary_cat":"","_seopress_titles_title":"","_seopress_titles_desc":"","_seopress_robots_index":"","_et_pb_use_builder":"on","_et_pb_old_content":"","_et_gb_content_width":"","footnotes":""},"class_list":["post-47639","page","type-page","status-publish","hentry"],"_links":{"self":[{"href":"https:\/\/www.gramcommerce.si\/hr\/wp-json\/wp\/v2\/pages\/47639","targetHints":{"allow":["GET"]}}],"collection":[{"href":"https:\/\/www.gramcommerce.si\/hr\/wp-json\/wp\/v2\/pages"}],"about":[{"href":"https:\/\/www.gramcommerce.si\/hr\/wp-json\/wp\/v2\/types\/page"}],"author":[{"embeddable":true,"href":"https:\/\/www.gramcommerce.si\/hr\/wp-json\/wp\/v2\/users\/1"}],"replies":[{"embeddable":true,"href":"https:\/\/www.gramcommerce.si\/hr\/wp-json\/wp\/v2\/comments?post=47639"}],"version-history":[{"count":4,"href":"https:\/\/www.gramcommerce.si\/hr\/wp-json\/wp\/v2\/pages\/47639\/revisions"}],"predecessor-version":[{"id":47643,"href":"https:\/\/www.gramcommerce.si\/hr\/wp-json\/wp\/v2\/pages\/47639\/revisions\/47643"}],"wp:attachment":[{"href":"https:\/\/www.gramcommerce.si\/hr\/wp-json\/wp\/v2\/media?parent=47639"}],"curies":[{"name":"wp","href":"https:\/\/api.w.org\/{rel}","templated":true}]}}