{"id":47645,"date":"2021-01-27T13:34:37","date_gmt":"2021-01-27T13:34:37","guid":{"rendered":"https:\/\/www.gramcommerce.si\/varstvo-osebnih-podatkov\/"},"modified":"2021-09-21T11:25:44","modified_gmt":"2021-09-21T11:25:44","slug":"zastita-osobnih-podataka","status":"publish","type":"page","link":"https:\/\/www.gramcommerce.si\/hr\/zastita-osobnih-podataka\/","title":{"rendered":"ZA\u0160TITA OSOBNIH PODATAKA"},"content":{"rendered":"\n[et_pb_section fb_built=&#8221;1&#8243; _builder_version=&#8221;3.22&#8243;][et_pb_row _builder_version=&#8221;3.25&#8243; background_size=&#8221;initial&#8221; background_position=&#8221;top_left&#8221; background_repeat=&#8221;repeat&#8221;][et_pb_column type=&#8221;4_4&#8243; _builder_version=&#8221;3.25&#8243; custom_padding=&#8221;|||&#8221; custom_padding__hover=&#8221;|||&#8221;][et_pb_text _builder_version=&#8221;4.4.3&#8243; background_size=&#8221;initial&#8221; background_position=&#8221;top_left&#8221; background_repeat=&#8221;repeat&#8221; hover_enabled=&#8221;0&#8243;]<h1>Politika o za\u0161titi osobnih podataka<\/h1>\r\n<p>Od samog po\u010detka po\u0161tujemo va\u0161u privatnost na na\u0161oj web stranici i \u0161titimo va\u0161e podatke.<\/p>\r\n<p>Djelujemo sukladno Zakonu o za\u0161titi osobnih podataka (ZVOP-1) i objavljivanjem ovih pravila, kao i Europskom uredbom o za\u0161titi podataka (GDPR).<\/p>\r\n<p>Obvezujemo se na za\u0161titu povjerljivosti osobnih podataka i privatnosti korisnika web stranice. Prikupljene osobne podatke z koristimo isklju\u010divo za pru\u017eanje usluga koje nudimo. Po\u0161tujemo povjerljivost osobnih podataka i privatnost korisnika web stranica, tako da \u0107emo u\u010diniti sve da ih za\u0161titimo od kr\u0161enja i zloupotrebe. Osobni podaci o korisnicima jedno je podru\u010dje kojemu posve\u0107ujemo dodatnu pa\u017enju i pozornost, budu\u0107i da smo svjesni osjetljivosti prirode ovog podru\u010dja.<\/p>\r\n<h2>Upravitelj osobnih podataka i kontaktni podaci<\/h2>\r\n<p>Ova se politika odnosi na obradu (upotrebu) svih osobnih podataka koje provodi tvrtka TOPDRIVE d.o.o. (upravitelj ) ili koje provodi u ime upravitelja.<\/p>\r\n<p>Informacije o operatoru:<br \/>GRAM COMMERCE D.O.O.<br \/>U\u017ei\u0161ka ulica 4<br \/>2000 Maribor<br \/>Porezni broj: SI 42722454<br \/>Registracijski broj: 5616891000<br \/>Telefon: +386 2 614 11 64<br \/>E-mail: info@gramcommerce.si<\/p>\r\n<h2>Kakve osobne podatke obra\u0111ujemo i prikupljamo<\/h2>\r\n<p><strong>Osnovni kontaktni podaci (podaci o identitetu)<\/strong><\/p>\r\n<ul>\r\n<li>ime i prezime, e-mail adresa i telefonski broj<\/li>\r\n<\/ul>\r\n<p><strong>Ostali podaci<\/strong><\/p>\r\n<ul>\r\n<li>koje korisnik dobrovoljno ulazi u kontakt obrazac<\/li>\r\n<\/ul>\r\n<p><strong>Tehni\u010dki podaci<\/strong><\/p>\r\n<ul>\r\n<li>Za sigurnost i provjeru prikupljamo IP adrese, informacije o operacijskom sustavu, pregledniku, operativnom sustavu, lokaciji va\u0161eg ure\u0111aja, vrsti ure\u0111aja kojom pristupate na\u0161oj web stranici i sli\u010dno.<\/li>\r\n<li>Kod posjeta s kola\u010di\u0107i s va\u0161im suglasjem, tako\u0111er prikupljamo podatke kako bismo pru\u017eili bolju funkcionalnost i korisni\u010dko iskustvo, sigurnost, brojanje broja korisnika na web stranici i osiguranje glatkog rada web stranice. Na po\u010detku posjeta korisniku dodijeljen je kola\u010di\u0107 sesije za identifikaciju i pra\u0107enje. Web stranica mo\u017ee pohraniti i druge kola\u010di\u0107e na korisni\u010dkom ra\u010dunalu, kao \u0161to je korisni\u010dki ID u \u0161ifriranom formatu (kako bi se identificirao korisnik pri sljede\u0107em posjetu) i kola\u010di\u0107e Google Analyticsa (analiza posjeta web stranici). Kola\u010di\u0107i sesije pohranjeni su u memoriji poslu\u017eitelja samo tijekom trajanja posjete i bri\u0161u se nakon sat vremena neaktivnosti, a trajni kola\u010di\u0107i se pohranjuju na ra\u010dunalu na 2 godine, a zatim postaju neaktivni.<\/li>\r\n<li>Nismo odgovorni za to\u010dnost, potpunost i aktualnost podataka koje unose korisnici.<\/li>\r\n<\/ul>\r\n<h2>Pravna osnova za obradu osobnih podataka<\/h2>\r\n<p>Va\u0161e osobne podatke mo\u017eemo obraditi na sljede\u0107im pravnim osnovama:<\/p>\r\n<ul>\r\n<li>gdje je to nu\u017eno za ispunjavanje na\u0161ih zakonskih obveza (npr. izdavanje prora\u010duna ili ra\u010duna za naru\u010denu uslugu, za upravljanje financijskim i ra\u010dunovodstvenim knjigama), ali to je pohranjeno samo na poslovnom ra\u010dunalu, a ne na web stranici;<\/li>\r\n<li>kada ste dali pristanak za obradu va\u0161ih osobnih podataka u svrhu obrade (e-vijesti), i imate pravo opozvati pristanak;<\/li>\r\n<li>upotrijebit \u0107emo pitanja koja nam po\u0161aljete putem na\u0161ih obrazaca za kontakt na web stranici ili e-mail adresi objavljenima na web mjestu, isklju\u010divo za rje\u0161avanje problema ili za pripremu odgovora na pitanje.<\/li>\r\n<\/ul>\r\n<h2>Svrha obrade osobnih podataka<\/h2>\r\n<p>Potrebno je izri\u010dito potvrditi sporazum i znati da ste svojim slanje va\u0161eg zahtjeva, komentara ili pitanja preko obrasca za kontakt unijeli svoje podatke koji izra\u017eavaju va\u0161e suglasnost i svijest o tome da va\u0161i podaci (ime i prezime, e-mail adresa, telefon broj) pohranjuju se radi ispravne komunikacije.<\/p>\r\n<p>Va\u0161e osobne podatke mo\u017eemo koristiti za jednu ili vi\u0161e sljede\u0107ih svrha:<\/p>\r\n<ul>\r\n<li>komuniciranje s vama u vezi s pru\u017eanjem na\u0161ih usluga i odgovora na va\u0161e upite i narud\u017ebe;<\/li>\r\n<li>za pravne zahtjeve i za rje\u0161enje sporova;<\/li>\r\n<li>marketin\u0161ke svrhe;<\/li>\r\n<li>za statisti\u010dku analizu kori\u0161tenja na\u0161e web stranice.<\/li>\r\n<\/ul>\r\n<h2>Kako prikupljamo osobne podatke<\/h2>\r\n<p>Podatke o vama prikupljamo na nekoliko na\u010dina:<\/p>\r\n<ul>\r\n<li>kad \u0161aljete upit;<\/li>\r\n<\/ul>\r\n<p>Automatski prikupljamo tehni\u010dke podatke.<\/p>\r\n<p>Google nam pru\u017ea informacije koje ste mu omogu\u0107ili.<\/p>\r\n<h2>Tko ima pristup va\u0161im osobnim podacima<\/h2>\r\n<p>Imamo ekskluzivan pristup va\u0161im osobnim podacima.<br \/>Osim ako to zahtijevaju:<\/p>\r\n<ul>\r\n<li>ovla\u0161tene institucije, ako je to propisano zakonom (sud, itd.);<\/li>\r\n<li>uz va\u0161u suglasnost pru\u017eamo Google Analytics va\u0161e podatke putem kola\u010di\u0107a;<\/li>\r\n<li>ni na koji na\u010din ne prenosimo va\u0161e podatke neovla\u0161tenim tre\u0107im stranama.<\/li>\r\n<\/ul>\r\n<h2>Rokovi za zadr\u017eavanje osobnih podataka<\/h2>\r\n<p>Va\u0161i se osobni podaci pohranjuju i obra\u0111uju u onoj mjeri koja je potrebna za postizanje svrhe obrade i sve dok je to potrebno za dovr\u0161enje naru\u010denih usluga, a zatim u rokovima za obveze koje bi mogle proiza\u0107i iz obrade takvih osobnih podataka, obradu osobnih podataka nu\u017eno je u kontekstu sklapanja ili izvr\u0161enja ugovora.<br \/>Zadr\u017eavamo podatke dobivene na temelju pristanka do otkaza.<br \/>U slu\u010dajevima kada je zakonom propisano rok za \u010duvanje osobnih podataka, podaci se \u010duvaju u skladu sa zakonskim zapovijedima.<\/p>\r\n<h2>Osiguravanje za\u0161tite<\/h2>\r\n<p>Na na\u0161im web stranicama koristimo nekoliko sigurnosnih sustava za za\u0161titu od gubitka, otkrivanja, ne\u017eeljenih izmjena ili zlouporabe podataka. Koristimo tehnologiju SSL (Secure Socket Layer) za prijenos svih osobnih podataka koji pru\u017eaju potrebnu za\u0161titu za\u0161tite podataka, \u010dime se osigurava sigurnost na\u0161ih kupaca dok se podaci prenose u bazu podataka.<br \/><br \/>Samo ovla\u0161tene osobe (zaposlenici, ugovorni partneri) imaju pristup prikupljenim osobnim podacima.<br \/><br \/>Pomozite nam za\u0161tititi svoje osobne podatke osiguravaju\u0107i da su va\u0161e korisni\u010dko ime i lozinka sigurni.<\/p>\r\n<h2>Kola\u010di\u0107i<\/h2>\r\n<p>Kola\u010di\u0107i su tekstualne datoteke u\u010ditane na va\u0161e ra\u010dunalo od strane web servera i ne sadr\u017ee informacije koje bi mogle identificirati va\u0161 identitet. Pomo\u0107u tih server zna da ste se vratili na web stranicu, \u0161to se mo\u017ee koristiti za prilagodbu stranice korisniku.<br \/>Ako ne \u017eelite imati na\u0161e kola\u010di\u0107e na svom ra\u010dunalu, imajte na umu da je pohrana kola\u010di\u0107a pod potpunom kontrolom va\u0161eg preglednika. Odabirom odgovaraju\u0107ih opcija u pregledniku mo\u017eete u bilo kojem trenutku ograni\u010diti ili onemogu\u0107iti pohranu kola\u010di\u0107a te u bilo kojem trenutku trajno izbrisati kola\u010di\u0107e na ure\u0111aju.<\/p>\r\n<h2>Google fonts<\/h2>\r\n<p>Na na\u0161oj web stranici koristimo Google Fonts tvrtke Google (1600 Amphitheater Parkway Mountain View, CA 94043, SAD). Google Fonts se upotrebljava bez provjere autenti\u010dnosti, a kola\u010di\u0107i se ne \u0161alju u API Google Fonts. Ako imate svoj Google ra\u010dun, va\u0161i podaci ne\u0107e se prenijeti tvrtki Google kada upotrebljavate Google Fonts Google registrira samo upotrebu CSS-a i upotrijebljenih fontova i sigurno pohranjuje te podatke. Vi\u0161e o ovim i drugim pitanjima mo\u017eete prona\u0107i na adresi\u00a0<a href=\"http:\/\/&lt;a href=&quot;https:\/\/developers.google.com\/fonts\/faq&quot;&gt;https:\/\/developers.google.com\/fonts\/faq&lt;\/a&gt;\">&lt;a href=&#8221;https:\/\/developers.google.com\/fonts\/faq&#8221;&gt;https:\/\/developers.google.com\/fonts\/faq&lt;\/a&gt;<\/a>.<br \/>Kakve informacije Google prikuplja i kako se te informacije upotrebljavaju mo\u017eete prona\u0107i na adresi\u00a0<a href=\"http:\/\/&lt;a href=&quot;https:\/\/policies.google.com\/privacy?hl=sl&quot;&gt;https:\/\/policies.google.com\/privacy?hl=sl&lt;\/a&gt;\">&lt;a href=&#8221;https:\/\/policies.google.com\/privacy?hl=sl&#8221;&gt;https:\/\/policies.google.com\/privacy?hl=sl&lt;\/a&gt;<\/a>.<\/p>\r\n<h2>Va\u0161a prava<\/h2>\r\n<p>Naru\u010diteljem i korisnicima pru\u017eamo svu podr\u0161ku u ostvarivanju sljede\u0107ih prava:<\/p>\r\n<ul>\r\n<li>na ovoj stranici u potpunosti vas obavje\u0161tavamo o tome kako koristimo Va\u0161e osobne podatke;<\/li>\r\n<li>u odre\u0111enim slu\u010dajevima, mo\u017eete ostvariti i pravo brisanja osobnih podataka; me\u0111utim, ako ste kod nas naru\u010divali, imajte na umu da podatke trebamo \u010duvati u skladu sa zakonom;<\/li>\r\n<li>u odre\u0111enim slu\u010dajevima mo\u017eete zatra\u017eiti privremenu ili trajnu zabranu daljnje obrade va\u0161ih osobnih podataka u cijelosti ili djelomi\u010dno;<\/li>\r\n<li>na va\u0161 zahtjev \u0107emo Vam dostaviti va\u0161e prikupljene osobne podatke u elektroni\u010dkom obliku.<\/li>\r\n<\/ul>\r\n<p>Imate pravo na informacije o va\u0161im osobnim podacima, s kojima raspolagasmo, kao i pravu na brisanje tih podataka. Ako imate bilo kakvih pitanja u vezi brisanja, obrade ili kori\u0161tenja va\u0161ih podataka, kontaktirajte nas putem e-maila ili nam po\u0161aljite zahtjev na na\u0161u adresu.<br \/>Na va\u0161 zahtjev s kojim koristite va\u0161a prava u vezi s osobnim podacima moramo odgovoriti bez nepotrebnog ka\u0161njenja i najkasnije mjesec dana nakon primitka va\u0161eg zahtjeva.<\/p>\r\n<p>Sve promjene na\u0161e politike o privatnosti objaviti \u0107e se na ovoj web stranici.<\/p>[\/et_pb_text][\/et_pb_column][\/et_pb_row][\/et_pb_section]\n","protected":false},"excerpt":{"rendered":"<p>Politika o za\u0161titi osobnih podataka Od samog po\u010detka po\u0161tujemo va\u0161u privatnost na na\u0161oj web stranici i \u0161titimo va\u0161e podatke. Djelujemo sukladno Zakonu o za\u0161titi osobnih podataka (ZVOP-1) i objavljivanjem ovih pravila, kao i Europskom uredbom o za\u0161titi podataka (GDPR). Obvezujemo se na za\u0161titu povjerljivosti osobnih podataka i privatnosti korisnika web stranice. Prikupljene osobne podatke z [&hellip;]<\/p>\n","protected":false},"author":1,"featured_media":0,"parent":0,"menu_order":0,"comment_status":"closed","ping_status":"open","template":"","meta":{"_seopress_robots_primary_cat":"","_seopress_titles_title":"","_seopress_titles_desc":"","_seopress_robots_index":"","_et_pb_use_builder":"on","_et_pb_old_content":"","_et_gb_content_width":"","footnotes":""},"class_list":["post-47645","page","type-page","status-publish","hentry"],"_links":{"self":[{"href":"https:\/\/www.gramcommerce.si\/hr\/wp-json\/wp\/v2\/pages\/47645","targetHints":{"allow":["GET"]}}],"collection":[{"href":"https:\/\/www.gramcommerce.si\/hr\/wp-json\/wp\/v2\/pages"}],"about":[{"href":"https:\/\/www.gramcommerce.si\/hr\/wp-json\/wp\/v2\/types\/page"}],"author":[{"embeddable":true,"href":"https:\/\/www.gramcommerce.si\/hr\/wp-json\/wp\/v2\/users\/1"}],"replies":[{"embeddable":true,"href":"https:\/\/www.gramcommerce.si\/hr\/wp-json\/wp\/v2\/comments?post=47645"}],"version-history":[{"count":15,"href":"https:\/\/www.gramcommerce.si\/hr\/wp-json\/wp\/v2\/pages\/47645\/revisions"}],"predecessor-version":[{"id":48873,"href":"https:\/\/www.gramcommerce.si\/hr\/wp-json\/wp\/v2\/pages\/47645\/revisions\/48873"}],"wp:attachment":[{"href":"https:\/\/www.gramcommerce.si\/hr\/wp-json\/wp\/v2\/media?parent=47645"}],"curies":[{"name":"wp","href":"https:\/\/api.w.org\/{rel}","templated":true}]}}