{"id":47705,"date":"2021-03-22T09:56:06","date_gmt":"2021-03-22T09:56:06","guid":{"rendered":"https:\/\/www.gramcommerce.si\/mobilni-manipulator-za-industriju\/"},"modified":"2021-03-22T11:38:18","modified_gmt":"2021-03-22T11:38:18","slug":"mobilni-manipulator-za-industriju","status":"publish","type":"page","link":"https:\/\/www.gramcommerce.si\/hr\/mobilni-manipulator-za-industriju\/","title":{"rendered":"MOBILNI MANIPULATOR ZA INDUSTRIJU"},"content":{"rendered":"<p>[et_pb_section fb_built=&#8221;1&#8243; _builder_version=&#8221;4.4.3&#8243; use_background_color_gradient=&#8221;on&#8221; background_color_gradient_start=&#8221;#eeeeee&#8221; background_color_gradient_end=&#8221;#ffffff&#8221; background_image=&#8221;https:\/\/www.gramcommerce.si\/wp-content\/uploads\/2020\/04\/title-back32gc.png&#8221; background_size=&#8221;contain&#8221; background_position=&#8221;top_right&#8221; custom_padding=&#8221;||4px|||&#8221; saved_tabs=&#8221;all&#8221;][et_pb_row column_structure=&#8221;3_5,2_5&#8243; _builder_version=&#8221;4.4.1&#8243; custom_padding=&#8221;49px||0px||false|false&#8221;][et_pb_column type=&#8221;3_5&#8243; _builder_version=&#8221;4.4.1&#8243;][et_pb_post_title meta=&#8221;off&#8221; featured_image=&#8221;off&#8221; _builder_version=&#8221;4.4.1&#8243; title_font_size=&#8221;32px&#8221; custom_margin=&#8221;||7px||false|false&#8221;][\/et_pb_post_title][et_pb_divider divider_weight=&#8221;4px&#8221; _builder_version=&#8221;4.4.1&#8243; width=&#8221;100px&#8221; animation_style=&#8221;slide&#8221; animation_direction=&#8221;right&#8221; animation_intensity_slide=&#8221;39%&#8221;][\/et_pb_divider][\/et_pb_column][et_pb_column type=&#8221;2_5&#8243; _builder_version=&#8221;4.4.1&#8243;][\/et_pb_column][\/et_pb_row][et_pb_row column_structure=&#8221;3_4,1_4&#8243; _builder_version=&#8221;4.4.2&#8243;][et_pb_column type=&#8221;3_4&#8243; _builder_version=&#8221;4.4.2&#8243;][et_pb_text _builder_version=&#8221;4.6.5&#8243; header_2_text_align=&#8221;left&#8221; header_2_font_size=&#8221;19px&#8221; custom_padding=&#8221;||6px|||&#8221; hover_enabled=&#8221;0&#8243; sticky_enabled=&#8221;0&#8243;]<\/p>\n<h2>MOBILNA ILI POMI\u010cNA DIZALICA, odnosno INDUSTRIJSKI MANIPULATOR ZA TRANSPORT, PODIZANJE, ZAKRETANJE I SPU\u0160TANJE<\/h2>\n<p align=\"justify\">Manipulator za transport, podizanje, zakretanje i spu\u0161tanje nudi individualna rje\u0161enja za radnje koje savr\u0161eno odgovaraju va\u0161oj robi, lokaciji, operateru i specifi\u010dnoj zada\u0107i radnje. Manipulator omogu\u0107uje sljede\u0107e radnje: dizanje, spu\u0161tanje, rotiranje, okretanje, hvatanje, naginjanje, dr\u017eanje, biranje narud\u017ebi, pozicioniranje, potiskivanje, ukrcavanje paleta te mnogo vi\u0161e. Zahvata\u010d mo\u017ee biti u obliku vilica, vila, valjkaste rampe, na kuki i razli\u010ditih zahvata\u010da omogu\u0107uje ergonomsko punjenje strojeva, polica, sustava za punjenje i transport, centrifuga, paleta, valjkastih stolova na razli\u010ditim radnim mjestima.<\/p>\n<p>[\/et_pb_text][\/et_pb_column][et_pb_column type=&#8221;1_4&#8243; _builder_version=&#8221;4.4.2&#8243;][\/et_pb_column][\/et_pb_row][\/et_pb_section][et_pb_section fb_built=&#8221;1&#8243; _builder_version=&#8221;4.6.5&#8243; _module_preset=&#8221;default&#8221;][et_pb_row column_structure=&#8221;1_2,1_2&#8243; _builder_version=&#8221;4.6.5&#8243; width=&#8221;90%&#8221; custom_margin=&#8221;26px|auto||auto||&#8221; custom_padding=&#8221;15px|||||&#8221;][et_pb_column type=&#8221;1_2&#8243; _builder_version=&#8221;4.4.1&#8243; link_option_url=&#8221;\/flow-pack-pakiranje-pfm\/&#8221; background__hover_enabled=&#8221;off|desktop&#8221; background_color__hover=&#8221;rgba(0,0,0,0.5)&#8221; background_enable_color__hover=&#8221;on&#8221; custom_padding__hover_enabled=&#8221;off|desktop&#8221;][et_pb_image src=&#8221;https:\/\/www.gramcommerce.si\/wp-content\/uploads\/2020\/12\/mobilni-manipulator-manuvit.jpg&#8221; title_text=&#8221;mobilni manipulator manuvit&#8221; url=&#8221;https:\/\/www.gramcommerce.si\/hr\/mobilni-manipulator-manuvit-za-vece-nosivosti\/&#8221; show_bottom_space=&#8221;off&#8221; force_fullwidth=&#8221;on&#8221; _builder_version=&#8221;4.6.5&#8243; custom_margin=&#8221;||||false|false&#8221; custom_padding=&#8221;0px||0px||true|false&#8221; hover_enabled=&#8221;0&#8243; border_width_all=&#8221;1px&#8221; border_color_all=&#8221;#83ca9c&#8221; sticky_enabled=&#8221;0&#8243;][\/et_pb_image][et_pb_text _builder_version=&#8221;4.6.5&#8243; text_font=&#8221;|600|||||||&#8221; text_text_color=&#8221;#000000&#8243; text_font_size=&#8221;15px&#8221; background_color=&#8221;#83ca9c&#8221; text_orientation=&#8221;center&#8221; min_height=&#8221;63px&#8221; custom_margin=&#8221;||||false|false&#8221; custom_padding=&#8221;18px||7px||false|false&#8221; link_option_url=&#8221;https:\/\/www.gramcommerce.si\/hr\/mobilni-manipulator-manuvit-za-vece-nosivosti\/&#8221; hover_enabled=&#8221;0&#8243; box_shadow_style=&#8221;preset3&#8243; box_shadow_color=&#8221;#ffffff&#8221; box_shadow_color__hover=&#8221;rgba(0,0,0,0.22)&#8221; box_shadow_color__hover_enabled=&#8221;on|hover&#8221; background_color__hover=&#8221;#e2f200&#8243; background_enable_color__hover=&#8221;on&#8221; background__hover_enabled=&#8221;off|hover&#8221; sticky_enabled=&#8221;0&#8243;]<\/p>\n<p>MOBILNI MANIPULATOR MANUVIT\u00a0ZA VE\u0106E NOSIVOSTI<\/p>\n<p>[\/et_pb_text][\/et_pb_column][et_pb_column type=&#8221;1_2&#8243; _builder_version=&#8221;4.4.1&#8243; background__hover_enabled=&#8221;off|desktop&#8221; background_color__hover=&#8221;rgba(0,0,0,0.5)&#8221; background_enable_color__hover=&#8221;on&#8221;][et_pb_image src=&#8221;https:\/\/www.gramcommerce.si\/wp-content\/uploads\/2020\/04\/manipulator-mobilni.jpg&#8221; title_text=&#8221;manipulator mobilni&#8221; url=&#8221;https:\/\/www.gramcommerce.si\/hr\/mobilni-manipulator-za-manje-nosivosti\/&#8221; show_bottom_space=&#8221;off&#8221; force_fullwidth=&#8221;on&#8221; _builder_version=&#8221;4.6.5&#8243; custom_margin=&#8221;||||false|false&#8221; custom_padding=&#8221;0px||0px||true|false&#8221; hover_enabled=&#8221;0&#8243; border_width_all=&#8221;1px&#8221; border_color_all=&#8221;#83ca9c&#8221; sticky_enabled=&#8221;0&#8243;][\/et_pb_image][et_pb_text _builder_version=&#8221;4.6.5&#8243; text_font=&#8221;|600|||||||&#8221; text_text_color=&#8221;#000000&#8243; text_font_size=&#8221;15px&#8221; background_color=&#8221;#83ca9c&#8221; text_orientation=&#8221;center&#8221; min_height=&#8221;63px&#8221; custom_margin=&#8221;||||false|false&#8221; custom_padding=&#8221;18px||7px||false|false&#8221; link_option_url=&#8221;https:\/\/www.gramcommerce.si\/hr\/mobilni-manipulator-za-manje-nosivosti\/&#8221; hover_enabled=&#8221;0&#8243; box_shadow_style=&#8221;preset3&#8243; box_shadow_color=&#8221;#ffffff&#8221; background_color__hover=&#8221;#e2f200&#8243; background_enable_color__hover=&#8221;on&#8221; box_shadow_color__hover_enabled=&#8221;on|hover&#8221; box_shadow_color__hover=&#8221;rgba(0,0,0,0.22)&#8221; background__hover_enabled=&#8221;off|hover&#8221; sticky_enabled=&#8221;0&#8243;]<\/p>\n<p>MOBILNI MANIPULATOR ZA MANJE NOSIVOSTI<\/p>\n<p>[\/et_pb_text][\/et_pb_column][\/et_pb_row][\/et_pb_section]<\/p>\n","protected":false},"excerpt":{"rendered":"<p>MOBILNA ILI POMI\u010cNA DIZALICA, odnosno INDUSTRIJSKI MANIPULATOR ZA TRANSPORT, PODIZANJE, ZAKRETANJE I SPU\u0160TANJE Manipulator za transport, podizanje, zakretanje i spu\u0161tanje nudi individualna rje\u0161enja za radnje koje savr\u0161eno odgovaraju va\u0161oj robi, lokaciji, operateru i specifi\u010dnoj zada\u0107i radnje. Manipulator omogu\u0107uje sljede\u0107e radnje: dizanje, spu\u0161tanje, rotiranje, okretanje, hvatanje, naginjanje, dr\u017eanje, biranje narud\u017ebi, pozicioniranje, potiskivanje, ukrcavanje paleta te mnogo [&hellip;]<\/p>\n","protected":false},"author":1,"featured_media":0,"parent":0,"menu_order":0,"comment_status":"closed","ping_status":"closed","template":"","meta":{"_seopress_robots_primary_cat":"","_seopress_titles_title":"","_seopress_titles_desc":"","_seopress_robots_index":"","_et_pb_use_builder":"on","_et_pb_old_content":"","_et_gb_content_width":"","footnotes":""},"class_list":["post-47705","page","type-page","status-publish","hentry"],"_links":{"self":[{"href":"https:\/\/www.gramcommerce.si\/hr\/wp-json\/wp\/v2\/pages\/47705","targetHints":{"allow":["GET"]}}],"collection":[{"href":"https:\/\/www.gramcommerce.si\/hr\/wp-json\/wp\/v2\/pages"}],"about":[{"href":"https:\/\/www.gramcommerce.si\/hr\/wp-json\/wp\/v2\/types\/page"}],"author":[{"embeddable":true,"href":"https:\/\/www.gramcommerce.si\/hr\/wp-json\/wp\/v2\/users\/1"}],"replies":[{"embeddable":true,"href":"https:\/\/www.gramcommerce.si\/hr\/wp-json\/wp\/v2\/comments?post=47705"}],"version-history":[{"count":10,"href":"https:\/\/www.gramcommerce.si\/hr\/wp-json\/wp\/v2\/pages\/47705\/revisions"}],"predecessor-version":[{"id":47756,"href":"https:\/\/www.gramcommerce.si\/hr\/wp-json\/wp\/v2\/pages\/47705\/revisions\/47756"}],"wp:attachment":[{"href":"https:\/\/www.gramcommerce.si\/hr\/wp-json\/wp\/v2\/media?parent=47705"}],"curies":[{"name":"wp","href":"https:\/\/api.w.org\/{rel}","templated":true}]}}