{"id":47714,"date":"2021-03-22T10:20:44","date_gmt":"2021-03-22T10:20:44","guid":{"rendered":"https:\/\/www.gramcommerce.si\/mobilni-manipulator-manuvit-za-vece-nosivosti\/"},"modified":"2021-03-22T10:20:45","modified_gmt":"2021-03-22T10:20:45","slug":"mobilni-manipulator-manuvit-za-vece-nosivosti","status":"publish","type":"page","link":"https:\/\/www.gramcommerce.si\/hr\/mobilni-manipulator-manuvit-za-vece-nosivosti\/","title":{"rendered":"MOBILNI MANIPULATOR MANUVIT ZA VE\u0106E NOSIVOSTI"},"content":{"rendered":"<p>[et_pb_section fb_built=&#8221;1&#8243; _builder_version=&#8221;4.6.5&#8243; use_background_color_gradient=&#8221;on&#8221; background_color_gradient_start=&#8221;#eeeeee&#8221; background_color_gradient_end=&#8221;#ffffff&#8221; background_image=&#8221;https:\/\/www.gramcommerce.si\/wp-content\/uploads\/2020\/04\/title-back32gc.png&#8221; background_size=&#8221;contain&#8221; background_position=&#8221;top_right&#8221; custom_padding=&#8221;||0px||false|false&#8221; saved_tabs=&#8221;all&#8221;][et_pb_row column_structure=&#8221;3_5,2_5&#8243; _builder_version=&#8221;4.4.1&#8243; custom_padding=&#8221;49px||0px||false|false&#8221;][et_pb_column type=&#8221;3_5&#8243; _builder_version=&#8221;4.4.1&#8243;][et_pb_post_title meta=&#8221;off&#8221; featured_image=&#8221;off&#8221; _builder_version=&#8221;4.6.5&#8243; title_font_size=&#8221;32px&#8221; width=&#8221;550px&#8221; width_tablet=&#8221;100%&#8221; width_phone=&#8221;100%&#8221; width_last_edited=&#8221;on|tablet&#8221; custom_margin=&#8221;||7px||false|false&#8221;][\/et_pb_post_title][et_pb_divider divider_weight=&#8221;4px&#8221; _builder_version=&#8221;4.4.1&#8243; width=&#8221;100px&#8221; animation_style=&#8221;slide&#8221; animation_direction=&#8221;right&#8221; animation_intensity_slide=&#8221;39%&#8221;][\/et_pb_divider][\/et_pb_column][et_pb_column type=&#8221;2_5&#8243; _builder_version=&#8221;4.4.1&#8243;][\/et_pb_column][\/et_pb_row][et_pb_row column_structure=&#8221;1_2,1_2&#8243; _builder_version=&#8221;4.6.5&#8243; _module_preset=&#8221;default&#8221; custom_margin=&#8221;185px||||false|false&#8221; custom_margin_tablet=&#8221;0px||||false|false&#8221; custom_margin_phone=&#8221;&#8221; custom_margin_last_edited=&#8221;on|desktop&#8221; custom_padding=&#8221;||5px||false|false&#8221;][et_pb_column type=&#8221;1_2&#8243; _builder_version=&#8221;4.6.5&#8243; _module_preset=&#8221;default&#8221;][et_pb_image src=&#8221;https:\/\/www.gramcommerce.si\/wp-content\/uploads\/2021\/01\/manuvit-logo.jpg&#8221; title_text=&#8221;manuvit logo&#8221; _builder_version=&#8221;4.6.5&#8243; _module_preset=&#8221;default&#8221; width=&#8221;65%&#8221; custom_margin=&#8221;-15px||||false|false&#8221;][\/et_pb_image][\/et_pb_column][et_pb_column type=&#8221;1_2&#8243; _builder_version=&#8221;4.6.5&#8243; _module_preset=&#8221;default&#8221;][et_pb_text _builder_version=&#8221;4.6.5&#8243; header_2_text_align=&#8221;left&#8221; header_2_font_size=&#8221;19px&#8221; custom_padding=&#8221;||6px|||&#8221; hover_enabled=&#8221;0&#8243; sticky_enabled=&#8221;0&#8243;]<\/p>\n<p>Manuvit iz Francuske vode\u0107i je proizvo\u0111a\u010d i dizajner mobilnih dizala i manipulatora sa certifikatom CE koji udovoljavaju europskim standardima. Na\u0161a tvrtka Gram Commerce slu\u017ebeni je predstavnik tvrtke Manuvit za podru\u010dje Slovenije, Hrvatske i Srbije.<\/p>\n<p>[\/et_pb_text][\/et_pb_column][\/et_pb_row][\/et_pb_section][et_pb_section fb_built=&#8221;1&#8243; _builder_version=&#8221;4.6.5&#8243; custom_padding=&#8221;0px||||false|false&#8221;][et_pb_row column_structure=&#8221;1_3,1_3,1_3&#8243; make_equal=&#8221;on&#8221; _builder_version=&#8221;4.6.5&#8243; custom_margin=&#8221;-1px||||false|false&#8221; custom_padding=&#8221;0px|||||&#8221; border_width_bottom=&#8221;1px&#8221; border_color_bottom=&#8221;#dddddd&#8221;][et_pb_column type=&#8221;1_3&#8243; module_class=&#8221;ds-vertical-align&#8221; _builder_version=&#8221;4.4.3&#8243;][et_pb_text _builder_version=&#8221;4.4.3&#8243;]<\/p>\n<p><strong>Nudimo rje\u0161enja po mjeri za manipulaciju:<\/strong><\/p>\n<ul>\n<li>Ba\u010dvama<\/li>\n<li>Zavojnicama<\/li>\n<li>Rolama<\/li>\n<li>Industrijskim rolama<\/li>\n<li>Kutijama<\/li>\n<li>Kolutima<\/li>\n<li>Trakama<\/li>\n<\/ul>\n<p>[\/et_pb_text][\/et_pb_column][et_pb_column type=&#8221;1_3&#8243; module_class=&#8221;ds-vertical-align&#8221; _builder_version=&#8221;4.4.3&#8243;][et_pb_text _builder_version=&#8221;4.4.3&#8243;]<\/p>\n<ul>\n<li>Paletama<\/li>\n<li>Gumama<\/li>\n<li>Ko\u0161arama<\/li>\n<li>Kanistrima<\/li>\n<li>Sanducima<\/li>\n<li>Lancima<\/li>\n<li>Industrijskim pojasevima<\/li>\n<\/ul>\n<p>[\/et_pb_text][\/et_pb_column][et_pb_column type=&#8221;1_3&#8243; _builder_version=&#8221;4.4.3&#8243;][et_pb_image src=&#8221;https:\/\/www.gramcommerce.si\/wp-content\/uploads\/2021\/01\/mobilni-manipulator-manuvit-za-vecjo-nosilnost.jpg&#8221; title_text=&#8221;mobilni manipulator manuvit za ve\u010de nosivosti&#8221; _builder_version=&#8221;4.6.5&#8243; custom_padding=&#8221;37px||||false|false&#8221;][\/et_pb_image][\/et_pb_column][\/et_pb_row][et_pb_row make_equal=&#8221;on&#8221; _builder_version=&#8221;4.4.3&#8243; custom_padding=&#8221;45px||45px||true|&#8221; border_color_bottom=&#8221;#dddddd&#8221;][et_pb_column type=&#8221;4_4&#8243; module_class=&#8221;ds-vertical-align&#8221; _builder_version=&#8221;4.4.3&#8243;][et_pb_text _builder_version=&#8221;4.6.5&#8243; header_2_text_align=&#8221;left&#8221; header_2_font_size=&#8221;19px&#8221; text_orientation=&#8221;justified&#8221; custom_padding=&#8221;||8px|||&#8221;]<\/p>\n<p align=\"justify\">Dodana vrijednost na\u0161ih manipulatora je prilagodljivost podvozja s obzirom na optere\u0107enje manipulatora, naro\u010dito prilikom podizanja ve\u0107e te\u017eine. Manipulator rje\u0161ava problem radnog procesa korisnika i pove\u0107ava produktivnost. Inteligentna i po mjeri napravljena rje\u0161enja za manipulaciju robom omogu\u0107uju da se kompleksne i fizi\u010dki zahtjevne operacije izvode jednostavno, sigurno, ergonomski i u\u010dinkovito. Svaki manipulator je planiran u tijesnoj suradnji s krajnjim korisnikom kako bismo ponudili optimalno rje\u0161enje. Hvatamo se u ko\u0161tac sa svim problemima manipulacije, od jednostavnih do vrlo kompleksnih.<\/p>\n<p>[\/et_pb_text][\/et_pb_column][\/et_pb_row][et_pb_row column_structure=&#8221;2_5,3_5&#8243; _builder_version=&#8221;4.4.3&#8243;][et_pb_column type=&#8221;2_5&#8243; _builder_version=&#8221;4.4.3&#8243;][et_pb_text _builder_version=&#8221;4.4.3&#8243;]<\/p>\n<p><u>Dizajn je namijenjen intenzivnoj upotrebi:<\/u><\/p>\n<ul>\n<li><strong>Ergonomije<\/strong> koja se prilago\u0111ava operateru.<\/li>\n<\/ul>\n<ul>\n<li><strong>Pouzdanosti<\/strong> i kvalitete materijala na du\u017ei rok.<\/li>\n<\/ul>\n<ul>\n<li><strong>\u0160irokog spektra<\/strong> standardnih i prilago\u0111enih dodataka.<\/li>\n<\/ul>\n<p><u>Prednosti na\u0161eg manipulatora:<\/u><\/p>\n<ul>\n<li><strong>Pouzdanost:<\/strong> Potpuni nadzor nad proizvodnim procesom.<\/li>\n<\/ul>\n<ul>\n<li><strong>Ergonomija:<\/strong> Modularnost \u0161asije, prilago\u0111avanje optere\u0107enjima i okolini.<\/li>\n<\/ul>\n<ul>\n<li><strong>Sigurnost:<\/strong> U skladu s propisima i standardima.<\/li>\n<\/ul>\n<ul>\n<li><strong>Dodatna oprema:<\/strong> \u0160iroka ponuda standardnih dodataka. Razvoj prilago\u0111enih rje\u0161enja (po mjeri).<\/li>\n<\/ul>\n<p>[\/et_pb_text][\/et_pb_column][et_pb_column type=&#8221;3_5&#8243; _builder_version=&#8221;4.4.3&#8243;][et_pb_image src=&#8221;https:\/\/www.gramcommerce.si\/wp-content\/uploads\/2021\/01\/mauvit-za-vecjo-nosilnost-blaga.jpg&#8221; title_text=&#8221;mauvit za ve\u0107e nosivosti&#8221; _builder_version=&#8221;4.6.5&#8243; _module_preset=&#8221;default&#8221; custom_padding=&#8221;50px||||false|false&#8221;][\/et_pb_image][\/et_pb_column][\/et_pb_row][et_pb_row _builder_version=&#8221;4.4.2&#8243; custom_padding=&#8221;68px|||||&#8221;][et_pb_column type=&#8221;4_4&#8243; _builder_version=&#8221;4.4.2&#8243;][et_pb_text _builder_version=&#8221;4.4.3&#8243; text_font=&#8221;|700|||||||&#8221; text_text_color=&#8221;#000000&#8243; text_font_size=&#8221;19px&#8221; text_orientation=&#8221;center&#8221;]<\/p>\n<p>Manipulatore prilago\u0111avamo svakom kupcu pojedina\u010dno te ih nudimo gotove po sustavu \u201eklju\u010d u ruke\u201c.<br \/>Jam\u010dimo dobavu, monta\u017eu, servis i garanciju te dobavu rezervnih dijelova.<\/p>\n<p>[\/et_pb_text][\/et_pb_column][\/et_pb_row][et_pb_row column_structure=&#8221;1_4,1_4,1_4,1_4&#8243; use_custom_gutter=&#8221;on&#8221; _builder_version=&#8221;4.4.3&#8243; custom_padding=&#8221;||45px|||&#8221; border_color_bottom=&#8221;#dddddd&#8221;][et_pb_column type=&#8221;1_4&#8243; _builder_version=&#8221;4.4.3&#8243;][et_pb_image src=&#8221;https:\/\/www.gramcommerce.si\/wp-content\/uploads\/2020\/06\/manipulator-za-transport10.jpg&#8221; _builder_version=&#8221;4.4.3&#8243; border_width_all=&#8221;1px&#8221; border_color_all=&#8221;#dddddd&#8221;][\/et_pb_image][et_pb_image src=&#8221;https:\/\/www.gramcommerce.si\/wp-content\/uploads\/2021\/01\/mobilni-manipulator-vecja-nosilnost-4.png&#8221; title_text=&#8221;mobilni manipulator vecja nosilnost (4)&#8221; _builder_version=&#8221;4.6.5&#8243; border_width_all=&#8221;1px&#8221; border_color_all=&#8221;#dddddd&#8221;][\/et_pb_image][et_pb_image src=&#8221;https:\/\/www.gramcommerce.si\/wp-content\/uploads\/2021\/01\/mobilni-manipulator-vecja-nosilnost-10.png&#8221; title_text=&#8221;mobilni manipulator vecja nosilnost (10)&#8221; _builder_version=&#8221;4.6.5&#8243; border_width_all=&#8221;1px&#8221; border_color_all=&#8221;#dddddd&#8221;][\/et_pb_image][et_pb_image src=&#8221;https:\/\/www.gramcommerce.si\/wp-content\/uploads\/2021\/01\/mobilni-manipulator-vecja-nosilnost-6.png&#8221; title_text=&#8221;mobilni manipulator vecja nosilnost (6)&#8221; _builder_version=&#8221;4.6.5&#8243; border_width_all=&#8221;1px&#8221; border_color_all=&#8221;#dddddd&#8221;][\/et_pb_image][\/et_pb_column][et_pb_column type=&#8221;1_4&#8243; _builder_version=&#8221;4.4.3&#8243;][et_pb_image src=&#8221;https:\/\/www.gramcommerce.si\/wp-content\/uploads\/2020\/06\/manipulator-za-transport3.jpg&#8221; _builder_version=&#8221;4.4.3&#8243; border_width_all=&#8221;1px&#8221; border_color_all=&#8221;#dddddd&#8221;][\/et_pb_image][et_pb_image src=&#8221;https:\/\/www.gramcommerce.si\/wp-content\/uploads\/2021\/01\/mobilni-manipulator-vecja-nosilnost-3.png&#8221; title_text=&#8221;mobilni manipulator vecja nosilnost (3)&#8221; _builder_version=&#8221;4.6.5&#8243; border_width_all=&#8221;1px&#8221; border_color_all=&#8221;#dddddd&#8221;][\/et_pb_image][et_pb_image src=&#8221;https:\/\/www.gramcommerce.si\/wp-content\/uploads\/2021\/01\/mobilni-manipulator-vecja-nosilnost-5.png&#8221; title_text=&#8221;mobilni manipulator vecja nosilnost (5)&#8221; _builder_version=&#8221;4.6.5&#8243; border_width_all=&#8221;1px&#8221; border_color_all=&#8221;#dddddd&#8221;][\/et_pb_image][et_pb_image src=&#8221;https:\/\/www.gramcommerce.si\/wp-content\/uploads\/2021\/01\/mobilni-manipulator-vecja-nosilnost-9.png&#8221; title_text=&#8221;mobilni manipulator vecja nosilnost (9)&#8221; _builder_version=&#8221;4.6.5&#8243; border_width_all=&#8221;1px&#8221; border_color_all=&#8221;#dddddd&#8221;][\/et_pb_image][\/et_pb_column][et_pb_column type=&#8221;1_4&#8243; _builder_version=&#8221;4.4.3&#8243;][et_pb_image src=&#8221;https:\/\/www.gramcommerce.si\/wp-content\/uploads\/2020\/06\/manipulator-za-transport12.jpg&#8221; _builder_version=&#8221;4.4.3&#8243; border_width_all=&#8221;1px&#8221; border_color_all=&#8221;#dddddd&#8221;][\/et_pb_image][et_pb_image src=&#8221;https:\/\/www.gramcommerce.si\/wp-content\/uploads\/2021\/01\/mobilni-manipulator-vecja-nosilnost-2.png&#8221; title_text=&#8221;mobilni manipulator vecja nosilnost (2)&#8221; _builder_version=&#8221;4.6.5&#8243; border_width_all=&#8221;1px&#8221; border_color_all=&#8221;#dddddd&#8221;][\/et_pb_image][et_pb_image src=&#8221;https:\/\/www.gramcommerce.si\/wp-content\/uploads\/2021\/01\/mobilni-manipulator-vecja-nosilnost-8.png&#8221; title_text=&#8221;mobilni manipulator vecja nosilnost (8)&#8221; _builder_version=&#8221;4.6.5&#8243; border_width_all=&#8221;1px&#8221; border_color_all=&#8221;#dddddd&#8221;][\/et_pb_image][et_pb_image src=&#8221;https:\/\/www.gramcommerce.si\/wp-content\/uploads\/2020\/06\/manipulator-za-transport11.jpg&#8221; _builder_version=&#8221;4.4.3&#8243; border_color_all=&#8221;#dddddd&#8221;][\/et_pb_image][\/et_pb_column][et_pb_column type=&#8221;1_4&#8243; _builder_version=&#8221;4.4.3&#8243;][et_pb_image src=&#8221;https:\/\/www.gramcommerce.si\/wp-content\/uploads\/2020\/06\/manipulator-za-transport4.jpg&#8221; _builder_version=&#8221;4.4.3&#8243; border_width_all=&#8221;1px&#8221; border_color_all=&#8221;#dddddd&#8221;][\/et_pb_image][et_pb_image src=&#8221;https:\/\/www.gramcommerce.si\/wp-content\/uploads\/2021\/01\/mobilni-manipulator-vecja-nosilnost-1.png&#8221; title_text=&#8221;mobilni manipulator vecja nosilnost (1)&#8221; _builder_version=&#8221;4.6.5&#8243; border_width_all=&#8221;1px&#8221; border_color_all=&#8221;#dddddd&#8221;][\/et_pb_image][et_pb_image src=&#8221;https:\/\/www.gramcommerce.si\/wp-content\/uploads\/2021\/01\/mobilni-manipulator-vecja-nosilnost-7.png&#8221; title_text=&#8221;mobilni manipulator vecja nosilnost (7)&#8221; _builder_version=&#8221;4.6.5&#8243; border_width_all=&#8221;1px&#8221; border_color_all=&#8221;#dddddd&#8221;][\/et_pb_image][et_pb_image src=&#8221;https:\/\/www.gramcommerce.si\/wp-content\/uploads\/2020\/06\/manipulator-za-transport13.jpg&#8221; _builder_version=&#8221;4.4.3&#8243;][\/et_pb_image][\/et_pb_column][\/et_pb_row][\/et_pb_section]<\/p>\n","protected":false},"excerpt":{"rendered":"<p>Manuvit iz Francuske vode\u0107i je proizvo\u0111a\u010d i dizajner mobilnih dizala i manipulatora sa certifikatom CE koji udovoljavaju europskim standardima. Na\u0161a tvrtka Gram Commerce slu\u017ebeni je predstavnik tvrtke Manuvit za podru\u010dje Slovenije, Hrvatske i Srbije. Nudimo rje\u0161enja po mjeri za manipulaciju: Ba\u010dvama Zavojnicama Rolama Industrijskim rolama Kutijama Kolutima Trakama Paletama Gumama Ko\u0161arama Kanistrima Sanducima Lancima Industrijskim [&hellip;]<\/p>\n","protected":false},"author":1,"featured_media":0,"parent":0,"menu_order":0,"comment_status":"closed","ping_status":"closed","template":"","meta":{"_seopress_robots_primary_cat":"","_seopress_titles_title":"","_seopress_titles_desc":"","_seopress_robots_index":"","_et_pb_use_builder":"on","_et_pb_old_content":"","_et_gb_content_width":"","footnotes":""},"class_list":["post-47714","page","type-page","status-publish","hentry"],"_links":{"self":[{"href":"https:\/\/www.gramcommerce.si\/hr\/wp-json\/wp\/v2\/pages\/47714","targetHints":{"allow":["GET"]}}],"collection":[{"href":"https:\/\/www.gramcommerce.si\/hr\/wp-json\/wp\/v2\/pages"}],"about":[{"href":"https:\/\/www.gramcommerce.si\/hr\/wp-json\/wp\/v2\/types\/page"}],"author":[{"embeddable":true,"href":"https:\/\/www.gramcommerce.si\/hr\/wp-json\/wp\/v2\/users\/1"}],"replies":[{"embeddable":true,"href":"https:\/\/www.gramcommerce.si\/hr\/wp-json\/wp\/v2\/comments?post=47714"}],"version-history":[{"count":4,"href":"https:\/\/www.gramcommerce.si\/hr\/wp-json\/wp\/v2\/pages\/47714\/revisions"}],"predecessor-version":[{"id":47718,"href":"https:\/\/www.gramcommerce.si\/hr\/wp-json\/wp\/v2\/pages\/47714\/revisions\/47718"}],"wp:attachment":[{"href":"https:\/\/www.gramcommerce.si\/hr\/wp-json\/wp\/v2\/media?parent=47714"}],"curies":[{"name":"wp","href":"https:\/\/api.w.org\/{rel}","templated":true}]}}