{"id":47730,"date":"2021-03-22T10:53:12","date_gmt":"2021-03-22T10:53:12","guid":{"rendered":"https:\/\/www.gramcommerce.si\/podizni-uredaj-za-industriju\/pametni-podizni-uredaj-liongrip\/"},"modified":"2021-03-22T10:53:13","modified_gmt":"2021-03-22T10:53:13","slug":"pametni-podizni-uredaj-liongrip","status":"publish","type":"page","link":"https:\/\/www.gramcommerce.si\/hr\/podizni-uredaj-za-industriju\/pametni-podizni-uredaj-liongrip\/","title":{"rendered":"PAMETNI PODIZNI URE\u0110AJ LIONGRIP\u00ae"},"content":{"rendered":"<p>[et_pb_section fb_built=&#8221;1&#8243; _builder_version=&#8221;4.4.3&#8243; use_background_color_gradient=&#8221;on&#8221; background_color_gradient_start=&#8221;#eeeeee&#8221; background_color_gradient_end=&#8221;#ffffff&#8221; background_image=&#8221;https:\/\/www.gramcommerce.si\/wp-content\/uploads\/2020\/04\/title-back32gc.png&#8221; background_size=&#8221;contain&#8221; background_position=&#8221;top_right&#8221; min_height=&#8221;350px&#8221; custom_padding=&#8221;||35px|||&#8221; saved_tabs=&#8221;all&#8221;][et_pb_row column_structure=&#8221;3_5,2_5&#8243; _builder_version=&#8221;4.4.1&#8243; custom_padding=&#8221;49px||0px||false|false&#8221;][et_pb_column type=&#8221;3_5&#8243; _builder_version=&#8221;4.4.1&#8243;][et_pb_post_title meta=&#8221;off&#8221; featured_image=&#8221;off&#8221; _builder_version=&#8221;4.4.1&#8243; title_font_size=&#8221;32px&#8221; custom_margin=&#8221;||7px||false|false&#8221;][\/et_pb_post_title][et_pb_divider divider_weight=&#8221;4px&#8221; _builder_version=&#8221;4.4.1&#8243; width=&#8221;100px&#8221; animation_style=&#8221;slide&#8221; animation_direction=&#8221;right&#8221; animation_intensity_slide=&#8221;39%&#8221;][\/et_pb_divider][\/et_pb_column][et_pb_column type=&#8221;2_5&#8243; _builder_version=&#8221;4.4.1&#8243;][\/et_pb_column][\/et_pb_row][et_pb_row column_structure=&#8221;3_5,2_5&#8243; _builder_version=&#8221;4.4.3&#8243;][et_pb_column type=&#8221;3_5&#8243; _builder_version=&#8221;4.4.3&#8243;][et_pb_text _builder_version=&#8221;4.4.3&#8243;]<\/p>\n<p align=\"justify\">Liongrip\u00ae djeluje sli\u010dno kao pametan mi\u0161i\u0107. Operater mo\u017ee minimalnom silom pomicati velika optere\u0107enja. Razli\u010diti zahvata\u010di omogu\u0107uju maksimalnu prilagodljivost produktu. Liongrip\u00ae spaja inovativan dizajn s visokom fleksibilno\u0161\u0107u i dobrom ergonomijom.<\/p>\n<p>[\/et_pb_text][\/et_pb_column][et_pb_column type=&#8221;2_5&#8243; _builder_version=&#8221;4.4.3&#8243;][\/et_pb_column][\/et_pb_row][et_pb_row column_structure=&#8221;1_3,1_3,1_3&#8243; _builder_version=&#8221;4.4.3&#8243; custom_padding=&#8221;21px|||||&#8221;][et_pb_column type=&#8221;1_3&#8243; _builder_version=&#8221;4.4.3&#8243;][et_pb_image src=&#8221;https:\/\/www.gramcommerce.si\/wp-content\/uploads\/2020\/09\/pametna-dvizna-naprava-Liongrip1-2.jpg&#8221; _builder_version=&#8221;4.4.3&#8243; hover_enabled=&#8221;0&#8243; border_width_all=&#8221;1px&#8221; border_color_all=&#8221;#eeeeee&#8221;][\/et_pb_image][\/et_pb_column][et_pb_column type=&#8221;1_3&#8243; _builder_version=&#8221;4.4.3&#8243;][et_pb_image src=&#8221;https:\/\/www.gramcommerce.si\/wp-content\/uploads\/2020\/09\/pametna-dvizna-naprava-Liongrip1.jpg&#8221; _builder_version=&#8221;4.4.3&#8243;][\/et_pb_image][\/et_pb_column][et_pb_column type=&#8221;1_3&#8243; _builder_version=&#8221;4.4.3&#8243;][\/et_pb_column][\/et_pb_row][\/et_pb_section][et_pb_section fb_built=&#8221;1&#8243; _builder_version=&#8221;4.4.3&#8243; background_enable_color=&#8221;off&#8221; custom_padding=&#8221;35px|||||&#8221;][et_pb_row column_structure=&#8221;3_5,2_5&#8243; _builder_version=&#8221;4.4.3&#8243; custom_margin=&#8221;0px||||false|false&#8221; custom_padding=&#8221;45px||45px||false|false&#8221; border_width_bottom=&#8221;1px&#8221; border_color_bottom=&#8221;#eeeeee&#8221;][et_pb_column type=&#8221;3_5&#8243; _builder_version=&#8221;4.4.3&#8243;][et_pb_text _builder_version=&#8221;4.4.3&#8243;]<\/p>\n<h2>INDUSTRIJSKI MANIPULATOR LIONGRIP\u00ae<\/h2>\n<p align=\"justify\">Pomo\u0107u na\u0161eg podiznog ure\u0111aja LionGrip\u00ae mo\u017eete podignuti velike terete u kombinaciji s velikim dometom. Teret je mogu\u0107e uhvatiti izvan te\u017ei\u0161ta. LionGrip\u00ae je opremljen ru\u010dicom osjetljivom na silu te se uslijed najmanjeg kretnje ruke jednostavno podigne. Kada tradicionalni manipulator\/podizni ure\u0111aj nije dovoljan, LionGrip\u00ae jednostavno izvr\u0161i svoj posao. Podizni ure\u0111aj mo\u017eete jednostavno utovariti sa strane i pomaknuti na drugu lokaciju. Na\u0161 jedinstveni podizni ure\u0111aj omogu\u0107uje da se manipulacija odvija neometano kako bismo rasteretili le\u0111a i ramena zaposlenika.<\/p>\n<p>&nbsp;<\/p>\n<p>[\/et_pb_text][\/et_pb_column][et_pb_column type=&#8221;2_5&#8243; _builder_version=&#8221;4.4.3&#8243;][et_pb_image src=&#8221;https:\/\/www.gramcommerce.si\/wp-content\/uploads\/2020\/09\/pametna-dvizna-naprava-Liongrip2.jpg&#8221; _builder_version=&#8221;4.4.3&#8243;][\/et_pb_image][\/et_pb_column][\/et_pb_row][et_pb_row column_structure=&#8221;3_5,2_5&#8243; _builder_version=&#8221;4.4.3&#8243; custom_padding=&#8221;45px|||||&#8221;][et_pb_column type=&#8221;3_5&#8243; _builder_version=&#8221;4.4.3&#8243;][et_pb_text _builder_version=&#8221;4.4.3&#8243;]<\/p>\n<h2>LIONGRIP\u00ae<\/h2>\n<p align=\"justify\">Pametna ru\u010dica\/upravlja\u010d LionGrip\u00ae je osjetljiv na silu i omogu\u0107uje da podizni krakovi prate i najmanje kretnje prema gore i dolje. Pametni podizni ure\u0111aj LionGrip\u00ae se jednostavno prilago\u0111ava razli\u010ditim svrhama upotrebe. Ugra\u0111eno je mno\u0161tvo funkcija i tvorni\u010dkih postavki koje u kombinaciji sa zahvata\u010dima izra\u0111enima po mjeri omogu\u0107uju sigurnost i optimalnu manipulaciju. Ograni\u010denje je mogu\u0107e u slu\u010daju snage podizanja, zaklju\u010davanja zahvata\u010da\/klije\u0161ta kada je teret u zraku, usisavanja zra\u010dnih kanala vakuumskih zahvata\u010da, itd. Zbog svoje robusne i \u010diste linije dizajna ovom podiznom ure\u0111aju je potrebno minimalno odr\u017eavanje i nadomjesni dijelovi, \u010dime je investicija ekonomi\u010dna na duge staze. Isporuka i ugradnja manipulatora LionGrip\u00ae na lokaciji kupca je jednostavna i ne traje dugo.<\/p>\n<p align=\"justify\">Liongrip\u00ae specifikacije:<\/p>\n<ul>\n<li>Domet kretanja: 1 m, 1,25 m, 1,5 m i 2 m (odnosno prema narud\u017ebi)<\/li>\n<li>Standardna du\u017eina ruke: 2,5 m, 3 m, 3,5 m i 4 m (odnosno prema narud\u017ebi)<\/li>\n<li>Radno podru\u010dje: preko 400\u00b0<\/li>\n<li>Nosivost: LG50 do 70 kg, LG80 do 200 kg<\/li>\n<li>Elektri\u010dno spajanje: 110 V ili 230 V AC<\/li>\n<li>Tlak zraka: 6 bar<\/li>\n<li>Boja: \u017duta<\/li>\n<\/ul>\n<p>[\/et_pb_text][\/et_pb_column][et_pb_column type=&#8221;2_5&#8243; _builder_version=&#8221;4.4.3&#8243;][et_pb_image src=&#8221;https:\/\/www.gramcommerce.si\/wp-content\/uploads\/2020\/09\/pametna-dvizna-naprava-Liongrip3.jpg&#8221; _builder_version=&#8221;4.4.3&#8243;][\/et_pb_image][\/et_pb_column][\/et_pb_row][et_pb_row _builder_version=&#8221;4.4.3&#8243; custom_padding=&#8221;45px|||||&#8221;][et_pb_column type=&#8221;4_4&#8243; _builder_version=&#8221;4.4.3&#8243;][et_pb_text _builder_version=&#8221;4.4.3&#8243;]<\/p>\n<h2>Mogu\u0107nosti podiznog ure\u0111aja Liongrip\u00ae<\/h2>\n<p>[\/et_pb_text][\/et_pb_column][\/et_pb_row][et_pb_row column_structure=&#8221;1_2,1_2&#8243; _builder_version=&#8221;4.4.3&#8243; custom_padding=&#8221;||45px|||&#8221; border_width_bottom=&#8221;1px&#8221; border_color_bottom=&#8221;#dddddd&#8221;][et_pb_column type=&#8221;1_2&#8243; _builder_version=&#8221;4.4.3&#8243;][et_pb_text _builder_version=&#8221;4.4.3&#8243;]<\/p>\n<h3>TRA\u010cNICE<\/h3>\n<p align=\"justify\">Dostupnost manipulatora na razli\u010ditim lokacijama omogu\u0107uje mobilnost tra\u010dnica.<\/p>\n<p>[\/et_pb_text][et_pb_image src=&#8221;https:\/\/www.gramcommerce.si\/wp-content\/uploads\/2020\/09\/pametna-dvizna-naprava-Liongrip-Tirnice1A-1.jpg&#8221; _builder_version=&#8221;4.4.3&#8243; hover_enabled=&#8221;0&#8243;][\/et_pb_image][\/et_pb_column][et_pb_column type=&#8221;1_2&#8243; _builder_version=&#8221;4.4.3&#8243;][et_pb_image src=&#8221;https:\/\/www.gramcommerce.si\/wp-content\/uploads\/2020\/09\/pametna-dvizna-naprava-Liongrip-Tirnice2.jpg&#8221; _builder_version=&#8221;4.4.3&#8243; custom_margin=&#8221;85px||||false|false&#8221;][\/et_pb_image][\/et_pb_column][\/et_pb_row][et_pb_row column_structure=&#8221;1_2,1_2&#8243; _builder_version=&#8221;4.4.3&#8243; custom_margin=&#8221;-1px|auto||auto||&#8221; custom_padding=&#8221;45px|||||&#8221;][et_pb_column type=&#8221;1_2&#8243; _builder_version=&#8221;4.4.3&#8243;][et_pb_text _builder_version=&#8221;4.4.3&#8243;]<\/p>\n<h2>STUP<\/h2>\n<p align=\"justify\">Stupno podizanje u automobilskoj industriji.<\/p>\n<p>[\/et_pb_text][\/et_pb_column][et_pb_column type=&#8221;1_2&#8243; _builder_version=&#8221;4.4.3&#8243;][et_pb_text _builder_version=&#8221;4.4.3&#8243;]<\/p>\n<h3>TELESKOP<\/h3>\n<p>Teleskopska manipulacija za vre\u0107e.<\/p>\n<p>[\/et_pb_text][\/et_pb_column][\/et_pb_row][et_pb_row column_structure=&#8221;1_2,1_2&#8243; _builder_version=&#8221;4.4.3&#8243; custom_padding=&#8221;||45px|||&#8221; border_width_bottom=&#8221;1px&#8221; border_color_bottom=&#8221;#dddddd&#8221;][et_pb_column type=&#8221;1_2&#8243; _builder_version=&#8221;4.4.3&#8243;][et_pb_image src=&#8221;https:\/\/www.gramcommerce.si\/wp-content\/uploads\/2020\/09\/pametna-dvizna-naprava-Liongrip-steber.jpg&#8221; _builder_version=&#8221;4.4.3&#8243;][\/et_pb_image][\/et_pb_column][et_pb_column type=&#8221;1_2&#8243; _builder_version=&#8221;4.4.3&#8243;][et_pb_image src=&#8221;https:\/\/www.gramcommerce.si\/wp-content\/uploads\/2020\/09\/pametna-dvizna-naprava-Liongrip-Teleskop1.png&#8221; _builder_version=&#8221;4.4.3&#8243; border_width_all=&#8221;1px&#8221; border_color_all=&#8221;#eeeeee&#8221;][\/et_pb_image][\/et_pb_column][\/et_pb_row][et_pb_row _builder_version=&#8221;4.4.3&#8243; custom_padding=&#8221;45px|||||&#8221;][et_pb_column type=&#8221;4_4&#8243; _builder_version=&#8221;4.4.3&#8243;][et_pb_text _builder_version=&#8221;4.4.3&#8243;]<\/p>\n<h2>ZAHVATA\u010cI<\/h2>\n<p>&nbsp;<\/p>\n<p>[\/et_pb_text][\/et_pb_column][\/et_pb_row][et_pb_row column_structure=&#8221;3_5,2_5&#8243; _builder_version=&#8221;4.4.3&#8243; custom_padding=&#8221;||45px|||&#8221; border_width_bottom=&#8221;1px&#8221; border_color_bottom=&#8221;#dddddd&#8221;][et_pb_column type=&#8221;3_5&#8243; _builder_version=&#8221;4.4.3&#8243;][et_pb_text _builder_version=&#8221;4.4.3&#8243; header_3_font_size=&#8221;19px&#8221;]<\/p>\n<h3 align=\"justify\"><strong>ZAHVATA\u010cI ZA ROLE<\/strong><\/h3>\n<p>U ponudi imamo originalne zahvata\u010de LionGrip\u00ae ili od drugih proizvo\u0111a\u010da, ovisno o potrebama kupca. Po mjeri izra\u0111eni zahvata\u010d za role LionGrip\u00ae je optimalno prilago\u0111en za podizanje i brzo pomicanje malih rola na palete. Zahvata\u010d za role je izra\u0111en za podizanje tereta do 100 kg, ovisno o du\u017eini role i du\u017eine ruke zahvata\u010da i raspona zahvata\u010da Liongrip\u00ae.<\/p>\n<p>[\/et_pb_text][\/et_pb_column][et_pb_column type=&#8221;2_5&#8243; _builder_version=&#8221;4.4.3&#8243;][et_pb_image src=&#8221;https:\/\/www.gramcommerce.si\/wp-content\/uploads\/2020\/09\/pametna-dvizna-naprava-Liongrip-Prijemalo-za-role.png&#8221; _builder_version=&#8221;4.4.3&#8243; border_width_all=&#8221;1px&#8221; border_color_all=&#8221;#eeeeee&#8221;][\/et_pb_image][\/et_pb_column][\/et_pb_row][et_pb_row column_structure=&#8221;3_5,2_5&#8243; _builder_version=&#8221;4.4.3&#8243; custom_padding=&#8221;45px||45px||false|false&#8221; border_width_bottom=&#8221;1px&#8221; border_color_bottom=&#8221;#dddddd&#8221;][et_pb_column type=&#8221;3_5&#8243; _builder_version=&#8221;4.4.3&#8243;][et_pb_text _builder_version=&#8221;4.4.3&#8243; header_3_font_size=&#8221;19px&#8221;]<\/p>\n<h3 align=\"justify\"><strong>ZAHVATA\u010c ZA OKRETANJE PALETA<\/strong><\/h3>\n<p>Okreta\u010d paleta omogu\u0107uje slaganje paleta odozgo jedne na drugu, s le\u0111ne strane na le\u0111nu stranu i s bo\u010dne strane na stranu, \u0161to mo\u017ee predstavljati velik izazov. Radnik ru\u010dnim preslagivanjem i pomicanjem prili\u010dno riskira povrede le\u0111a te dolazi do dodatnih tro\u0161kova uslijed o\u0161te\u0107enja paleta. Zahvata\u010dem za okretanje paleta je navedeni zadatak jednostavno rije\u0161en. Okreta\u010d paleta je potpuno prilago\u0111en na\u0161em pametnom manipulatoru Liongrip\u00ae i uspje\u0161an u manipulaciji ve\u0107inom drvenih paleta. Jednostavno i lagano odlo\u017eite palete koje su le\u0111no okrenute ili ih odlo\u017eite u normalnom polo\u017eaju. Mogu\u0107e je jednostavno poslo\u017eiti (u red) palete gdje je svaka druga le\u0111no poslo\u017eena.<\/p>\n<p>Za lak\u0161i pristup paletama koje su poslo\u017eene visoko u redu integriran je raspon visine u zahvata\u010du\/okreta\u010du, \u0161to omogu\u0107uje ergonomsko manipuliranje paletama. Okreta\u010d paleta sigurno zahva\u0107a paletu koja je okrenuta odozgo prema dolje s tijesnim zahva\u0107anjem sredinom nosive noge palete. Pravilnim okretanjem i pomicanjem paleta koje se ne smiju okretati mogu\u0107e je lagano manipulirati bez zahva\u0107anja zahvata\u010da za noge paleta. Paleta mo\u017ee jednostavno biti naslonjena na vilice. Pomicanje i kretanje vilica se odvija posve simetri\u010dno. Okreta\u010d za palete je oblikovan za potrebe pomicanja paleta te\u017eine do 40 kg. Veli\u010dina palete kojom je mogu\u0107e manipulirati ovisi o te\u017eini palete.<\/p>\n<p>[\/et_pb_text][\/et_pb_column][et_pb_column type=&#8221;2_5&#8243; _builder_version=&#8221;4.4.3&#8243;][et_pb_image src=&#8221;https:\/\/www.gramcommerce.si\/wp-content\/uploads\/2020\/09\/pametna-dvizna-naprava-Liongrip-Prijemalo-za-obracanje-palet.jpg&#8221; _builder_version=&#8221;4.4.3&#8243; border_width_all=&#8221;1px&#8221; border_color_all=&#8221;#eeeeee&#8221;][\/et_pb_image][\/et_pb_column][\/et_pb_row][et_pb_row column_structure=&#8221;3_5,2_5&#8243; _builder_version=&#8221;4.4.3&#8243; custom_padding=&#8221;45px||45px||false|false&#8221; border_width_bottom=&#8221;1px&#8221; border_color_bottom=&#8221;#dddddd&#8221;][et_pb_column type=&#8221;3_5&#8243; _builder_version=&#8221;4.4.3&#8243;][et_pb_text _builder_version=&#8221;4.4.3&#8243; header_3_font_size=&#8221;19px&#8221;]<\/p>\n<h3 align=\"justify\"><strong>VAKUUMSKI ZAHVATA\u010c<\/strong><\/h3>\n<p align=\"justify\">Vakuum je \u010desto optimalan na\u010din za zahva\u0107anje razli\u010ditih materijala i proizvoda. U ponudi imamo rje\u0161enja za glatke i hrapave materijale, vre\u0107e, kutije, panele i plo\u010de, itd.<\/p>\n<p align=\"justify\">Za hrapave povr\u0161ine \u0107e mo\u017eda biti potrebno vi\u0161e od jedne vakuumske pumpe. Hrapavi materijalI se za potrebe sigurnosti manipulacije dodatno ispituju.<\/p>\n<p>[\/et_pb_text][\/et_pb_column][et_pb_column type=&#8221;2_5&#8243; _builder_version=&#8221;4.4.3&#8243;][et_pb_image src=&#8221;https:\/\/www.gramcommerce.si\/wp-content\/uploads\/2020\/09\/pametna-dvizna-naprava-Liongrip-Vakuumsko-prijemalo.jpg&#8221; _builder_version=&#8221;4.4.3&#8243; border_width_all=&#8221;1px&#8221; border_color_all=&#8221;#eeeeee&#8221;][\/et_pb_image][\/et_pb_column][\/et_pb_row][et_pb_row column_structure=&#8221;3_5,2_5&#8243; _builder_version=&#8221;4.4.3&#8243; custom_padding=&#8221;45px||45px||false|false&#8221; border_width_bottom=&#8221;1px&#8221; border_color_bottom=&#8221;#dddddd&#8221;][et_pb_column type=&#8221;3_5&#8243; _builder_version=&#8221;4.4.3&#8243;][et_pb_text _builder_version=&#8221;4.4.3&#8243; header_3_font_size=&#8221;19px&#8221;]<\/p>\n<h3>VAKUUMSKA DIZALICA ODNOSNO ZAHVATA\u010c ZA NERAVNE POVR\u0160INE<\/h3>\n<p>Za proizvode s neravnom povr\u0161inom mo\u017eemo opremiti zahvata\u010d fleksibilnim sisaljkama odnosno hvataljkama s velikim hodom.<\/p>\n<p>[\/et_pb_text][\/et_pb_column][et_pb_column type=&#8221;2_5&#8243; _builder_version=&#8221;4.4.3&#8243;][et_pb_image src=&#8221;https:\/\/www.gramcommerce.si\/wp-content\/uploads\/2020\/09\/pametna-dvizna-naprava-Liongrip-Vakuumsko-dvigalo.jpg&#8221; _builder_version=&#8221;4.4.3&#8243; border_width_all=&#8221;1px&#8221; border_color_all=&#8221;#eeeeee&#8221;][\/et_pb_image][\/et_pb_column][\/et_pb_row][et_pb_row column_structure=&#8221;3_5,2_5&#8243; _builder_version=&#8221;4.4.3&#8243; custom_padding=&#8221;45px||45px||false|false&#8221; border_width_bottom=&#8221;1px&#8221; border_color_bottom=&#8221;#dddddd&#8221;][et_pb_column type=&#8221;3_5&#8243; _builder_version=&#8221;4.4.3&#8243;][et_pb_text _builder_version=&#8221;4.4.3&#8243; header_3_font_size=&#8221;19px&#8221;]<\/p>\n<h3>NAGIBNI ILI ROTACIJSKI ZAHVATA\u010c<\/h3>\n<p>Zahvata\u010d je oblikovan tako da se teret mo\u017ee nagnuti i\/ili rotirati. Pomicanje mo\u017ee biti elektri\u010dno ili pneumatsko, ovisno o zahtjevima.<\/p>\n<p>[\/et_pb_text][\/et_pb_column][et_pb_column type=&#8221;2_5&#8243; _builder_version=&#8221;4.4.3&#8243;][et_pb_image src=&#8221;https:\/\/www.gramcommerce.si\/wp-content\/uploads\/2020\/09\/pametna-dvizna-naprava-Liongrip-Nagibno-prijemalo.jpg&#8221; _builder_version=&#8221;4.4.3&#8243; border_width_all=&#8221;1px&#8221; border_color_all=&#8221;#eeeeee&#8221;][\/et_pb_image][\/et_pb_column][\/et_pb_row][et_pb_row column_structure=&#8221;3_5,2_5&#8243; _builder_version=&#8221;4.4.3&#8243; custom_padding=&#8221;45px||45px||false|false&#8221; border_width_bottom=&#8221;1px&#8221; border_color_bottom=&#8221;#dddddd&#8221;][et_pb_column type=&#8221;3_5&#8243; _builder_version=&#8221;4.4.3&#8243;][et_pb_text _builder_version=&#8221;4.4.3&#8243; header_3_font_size=&#8221;19px&#8221;]<\/p>\n<h3>VAKUUMSKI ZAHVATA\u010c ZA TE\u017dAK TERET<\/h3>\n<p>Vakuumski zahvata\u010d je prikladan i za pomicanje velikih i te\u0161kih proizvoda. Slika prikazuje proizvod te\u017eine od 200 kg koji pomi\u010de zahvata\u010d (izra\u0111en po mjeri). Zahvata\u010d mo\u017eemo okretati za 180\u00b0.<\/p>\n<p>[\/et_pb_text][\/et_pb_column][et_pb_column type=&#8221;2_5&#8243; _builder_version=&#8221;4.4.3&#8243;][et_pb_image src=&#8221;https:\/\/www.gramcommerce.si\/wp-content\/uploads\/2020\/09\/pametna-dvizna-naprava-Liongrip-Vakuumsko-prijemalo-za-tezke-tovore.jpg&#8221; _builder_version=&#8221;4.4.3&#8243; border_width_all=&#8221;1px&#8221; border_color_all=&#8221;#eeeeee&#8221;][\/et_pb_image][\/et_pb_column][\/et_pb_row][et_pb_row column_structure=&#8221;3_5,2_5&#8243; _builder_version=&#8221;4.4.3&#8243; custom_padding=&#8221;45px||45px||false|false&#8221; border_width_bottom=&#8221;1px&#8221; border_color_bottom=&#8221;#dddddd&#8221;][et_pb_column type=&#8221;3_5&#8243; _builder_version=&#8221;4.4.3&#8243;][et_pb_text _builder_version=&#8221;4.4.3&#8243; header_3_font_size=&#8221;19px&#8221;]<\/p>\n<h3>STANDARDNI ZAHVATA\u010c ZA VODILICE<\/h3>\n<p>Standardni zahvata\u010d je prikladan za hvatanje okruglih vodilica promjera 40 \u2013 150 mm. Zahvata\u010d pokre\u0107e zra\u010dni motor s funkcijom samozaklju\u010davanja vijaka za za\u0161titu prilikom pomicanja. Dostupno u desnoj i lijevoj verziji s jednostavnim prebacivanjem iz jedne u drugu.<\/p>\n<p>[\/et_pb_text][\/et_pb_column][et_pb_column type=&#8221;2_5&#8243; _builder_version=&#8221;4.4.3&#8243;][et_pb_image src=&#8221;https:\/\/www.gramcommerce.si\/wp-content\/uploads\/2020\/09\/pametna-dvizna-naprava-Liongrip-Standardno-prijemalo-na-gredi.jpg&#8221; _builder_version=&#8221;4.4.3&#8243; border_width_all=&#8221;1px&#8221; border_color_all=&#8221;#eeeeee&#8221;][\/et_pb_image][\/et_pb_column][\/et_pb_row][et_pb_row column_structure=&#8221;3_5,2_5&#8243; _builder_version=&#8221;4.4.3&#8243; custom_padding=&#8221;45px||45px||false|false&#8221; border_width_bottom=&#8221;1px&#8221; border_color_bottom=&#8221;#dddddd&#8221;][et_pb_column type=&#8221;3_5&#8243; _builder_version=&#8221;4.4.3&#8243;][et_pb_text _builder_version=&#8221;4.4.3&#8243; header_3_font_size=&#8221;19px&#8221;]<\/p>\n<h3>USKI ZAHVATA\u010c ZA OSOVINE<\/h3>\n<p align=\"justify\">Kada je prostor za zahva\u0107anje ograni\u010den, zahvata\u010d djeluje \u010dvrsto po principu samozaklju\u010davanja. Unato\u010d kratkom zahvatu, vodilicu je mogu\u0107e zaustaviti i pomicati vodoravno.<\/p>\n<p>[\/et_pb_text][\/et_pb_column][et_pb_column type=&#8221;2_5&#8243; _builder_version=&#8221;4.4.3&#8243;][et_pb_image src=&#8221;https:\/\/www.gramcommerce.si\/wp-content\/uploads\/2020\/09\/pametna-dvizna-naprava-Liongrip-Ozko-prijemalo-za-gredi.jpg&#8221; _builder_version=&#8221;4.4.3&#8243; border_width_all=&#8221;1px&#8221; border_color_all=&#8221;#eeeeee&#8221;][\/et_pb_image][\/et_pb_column][\/et_pb_row][et_pb_row column_structure=&#8221;3_5,2_5&#8243; _builder_version=&#8221;4.4.3&#8243; custom_padding=&#8221;45px||45px||false|false&#8221; border_width_bottom=&#8221;1px&#8221; border_color_bottom=&#8221;#dddddd&#8221;][et_pb_column type=&#8221;3_5&#8243; _builder_version=&#8221;4.4.3&#8243;][et_pb_text _builder_version=&#8221;4.4.3&#8243; header_3_font_size=&#8221;19px&#8221;]<\/p>\n<h3>SIMETRI\u010cNI ZAHVATA\u010c ZA OSOVINE<\/h3>\n<p>Kada su dva stroja stra\u017enjim dijelom okrenuta jedan prema drugome, tada mo\u017ee simetri\u010dni zahvata\u010d za vodilice biti odgovaraju\u0107e rje\u0161enje. Isti predstavlja rje\u0161enje za pomicanje te\u0161kih vodilica za dva stroja jednim samim manipulatorom. Liongrip\u00ae se postavlja na sredinu izme\u0111u dva stroja kako bi se manipulacija odvijala za oba polo\u017eaja. Svaki zahvata\u010d se specifi\u010dno prilago\u0111ava vodilici za optimalnu manipulaciju.<\/p>\n<p>[\/et_pb_text][\/et_pb_column][et_pb_column type=&#8221;2_5&#8243; _builder_version=&#8221;4.4.3&#8243;][et_pb_image src=&#8221;https:\/\/www.gramcommerce.si\/wp-content\/uploads\/2020\/09\/pametna-dvizna-naprava-Liongrip-Simetricno-prijemalo-za-gredi.jpg&#8221; _builder_version=&#8221;4.4.3&#8243; border_width_all=&#8221;1px&#8221; border_color_all=&#8221;#eeeeee&#8221;][\/et_pb_image][\/et_pb_column][\/et_pb_row][et_pb_row column_structure=&#8221;3_5,2_5&#8243; _builder_version=&#8221;4.4.3&#8243; custom_padding=&#8221;45px||45px||false|false&#8221; border_width_bottom=&#8221;1px&#8221; border_color_bottom=&#8221;#dddddd&#8221;][et_pb_column type=&#8221;3_5&#8243; _builder_version=&#8221;4.4.3&#8243;][et_pb_text _builder_version=&#8221;4.4.3&#8243; header_3_font_size=&#8221;19px&#8221;]<\/p>\n<h3>VILICE ZA PODIZANJE PALETA<\/h3>\n<p>Liongrip\u00ae opremljen vilicama je potpun za podizanje i pomicanje paleta. Izbjegnite nastanak povreda zaposlenika s na\u0161im pametnim podiznim ure\u0111ajem.<\/p>\n<p>[\/et_pb_text][\/et_pb_column][et_pb_column type=&#8221;2_5&#8243; _builder_version=&#8221;4.4.3&#8243;][et_pb_image src=&#8221;https:\/\/www.gramcommerce.si\/wp-content\/uploads\/2020\/09\/pametna-dvizna-naprava-Liongrip-Vilice-za-dvig-palet.jpg&#8221; _builder_version=&#8221;4.4.3&#8243; border_width_all=&#8221;1px&#8221; border_color_all=&#8221;#eeeeee&#8221;][\/et_pb_image][\/et_pb_column][\/et_pb_row][et_pb_row column_structure=&#8221;3_5,2_5&#8243; _builder_version=&#8221;4.4.3&#8243; custom_padding=&#8221;45px||45px||false|false&#8221; border_color_bottom=&#8221;#dddddd&#8221;][et_pb_column type=&#8221;3_5&#8243; _builder_version=&#8221;4.4.3&#8243;][et_pb_text _builder_version=&#8221;4.4.3&#8243; header_3_font_size=&#8221;19px&#8221;]<\/p>\n<h3>ZAHVATA\u010c ZA OKRUGLE POVR\u0160INE<\/h3>\n<p>Zahvata\u010d za neravne povr\u0161ine zahva\u0107a proizvod, podigne ga s tla i jednostavno pomakne na \u017eeljeni cilj.<\/p>\n<p>[\/et_pb_text][\/et_pb_column][et_pb_column type=&#8221;2_5&#8243; _builder_version=&#8221;4.4.3&#8243;][et_pb_image src=&#8221;https:\/\/www.gramcommerce.si\/wp-content\/uploads\/2020\/09\/pametna-dvizna-naprava-Liongrip-Prijemalo-za-okrogle-povrsine.jpg&#8221; _builder_version=&#8221;4.4.3&#8243; border_width_all=&#8221;1px&#8221; border_color_all=&#8221;#eeeeee&#8221;][\/et_pb_image][\/et_pb_column][\/et_pb_row][\/et_pb_section]<\/p>\n","protected":false},"excerpt":{"rendered":"<p>Liongrip\u00ae djeluje sli\u010dno kao pametan mi\u0161i\u0107. Operater mo\u017ee minimalnom silom pomicati velika optere\u0107enja. Razli\u010diti zahvata\u010di omogu\u0107uju maksimalnu prilagodljivost produktu. Liongrip\u00ae spaja inovativan dizajn s visokom fleksibilno\u0161\u0107u i dobrom ergonomijom.INDUSTRIJSKI MANIPULATOR LIONGRIP\u00ae Pomo\u0107u na\u0161eg podiznog ure\u0111aja LionGrip\u00ae mo\u017eete podignuti velike terete u kombinaciji s velikim dometom. Teret je mogu\u0107e uhvatiti izvan te\u017ei\u0161ta. LionGrip\u00ae je opremljen ru\u010dicom [&hellip;]<\/p>\n","protected":false},"author":1,"featured_media":0,"parent":47724,"menu_order":0,"comment_status":"closed","ping_status":"closed","template":"","meta":{"_seopress_robots_primary_cat":"","_seopress_titles_title":"","_seopress_titles_desc":"","_seopress_robots_index":"","_et_pb_use_builder":"on","_et_pb_old_content":"","_et_gb_content_width":"","footnotes":""},"class_list":["post-47730","page","type-page","status-publish","hentry"],"_links":{"self":[{"href":"https:\/\/www.gramcommerce.si\/hr\/wp-json\/wp\/v2\/pages\/47730","targetHints":{"allow":["GET"]}}],"collection":[{"href":"https:\/\/www.gramcommerce.si\/hr\/wp-json\/wp\/v2\/pages"}],"about":[{"href":"https:\/\/www.gramcommerce.si\/hr\/wp-json\/wp\/v2\/types\/page"}],"author":[{"embeddable":true,"href":"https:\/\/www.gramcommerce.si\/hr\/wp-json\/wp\/v2\/users\/1"}],"replies":[{"embeddable":true,"href":"https:\/\/www.gramcommerce.si\/hr\/wp-json\/wp\/v2\/comments?post=47730"}],"version-history":[{"count":4,"href":"https:\/\/www.gramcommerce.si\/hr\/wp-json\/wp\/v2\/pages\/47730\/revisions"}],"predecessor-version":[{"id":47734,"href":"https:\/\/www.gramcommerce.si\/hr\/wp-json\/wp\/v2\/pages\/47730\/revisions\/47734"}],"up":[{"embeddable":true,"href":"https:\/\/www.gramcommerce.si\/hr\/wp-json\/wp\/v2\/pages\/47724"}],"wp:attachment":[{"href":"https:\/\/www.gramcommerce.si\/hr\/wp-json\/wp\/v2\/media?parent=47730"}],"curies":[{"name":"wp","href":"https:\/\/api.w.org\/{rel}","templated":true}]}}