{"id":47991,"date":"2021-09-13T10:57:43","date_gmt":"2021-09-13T10:57:43","guid":{"rendered":"https:\/\/www.gramcommerce.si\/agilox-igv-inteligentno-vodeno-vozilo\/"},"modified":"2021-09-21T14:22:34","modified_gmt":"2021-09-21T14:22:34","slug":"agilox-igv-inteligentno-vodeno-vozilo","status":"publish","type":"page","link":"https:\/\/www.gramcommerce.si\/hr\/agilox-igv-inteligentno-vodeno-vozilo\/","title":{"rendered":"AGILOX IGV \u2013 Inteligentno vo\u0111eno vozilo"},"content":{"rendered":"<p>[et_pb_section fb_built=&#8221;1&#8243; _builder_version=&#8221;4.4.3&#8243; use_background_color_gradient=&#8221;on&#8221; background_color_gradient_start=&#8221;#eeeeee&#8221; background_color_gradient_end=&#8221;#ffffff&#8221; background_image=&#8221;https:\/\/www.gramcommerce.si\/wp-content\/uploads\/2020\/04\/title-back32gc.png&#8221; background_size=&#8221;contain&#8221; background_position=&#8221;top_right&#8221; custom_padding=&#8221;||45px|||&#8221; saved_tabs=&#8221;all&#8221; global_colors_info=&#8221;{}&#8221;][et_pb_row column_structure=&#8221;3_5,2_5&#8243; _builder_version=&#8221;4.4.1&#8243; custom_padding=&#8221;49px||0px||false|false&#8221; global_colors_info=&#8221;{}&#8221;][et_pb_column type=&#8221;3_5&#8243; _builder_version=&#8221;4.4.1&#8243; global_colors_info=&#8221;{}&#8221;][et_pb_text _builder_version=&#8221;4.6.5&#8243; _module_preset=&#8221;default&#8221; header_font_size=&#8221;32px&#8221; header_2_font_size=&#8221;32px&#8221; header_3_font_size=&#8221;32px&#8221; header_4_font_size=&#8221;32px&#8221; header_5_font_size=&#8221;32px&#8221; header_6_font_size=&#8221;32px&#8221; custom_margin=&#8221;||-7px||false|false&#8221; global_colors_info=&#8221;{}&#8221;]<\/p>\n<h1>AGILOX IGV<\/h1>\n<p>[\/et_pb_text][et_pb_text _builder_version=&#8221;4.6.5&#8243; _module_preset=&#8221;default&#8221; header_font_size=&#8221;32px&#8221; header_2_font_size=&#8221;32px&#8221; header_3_font_size=&#8221;32px&#8221; header_4_font_size=&#8221;32px&#8221; header_5_font_size=&#8221;32px&#8221; header_6_font_size=&#8221;32px&#8221; custom_margin=&#8221;||8px||false|false&#8221; global_colors_info=&#8221;{}&#8221;]<\/p>\n<h1>Inteligentno Vo\u0111eno Vozilo<\/h1>\n<p>[\/et_pb_text][et_pb_divider divider_weight=&#8221;4px&#8221; _builder_version=&#8221;4.4.1&#8243; width=&#8221;100px&#8221; animation_style=&#8221;slide&#8221; animation_direction=&#8221;right&#8221; animation_intensity_slide=&#8221;39%&#8221; global_colors_info=&#8221;{}&#8221;][\/et_pb_divider][\/et_pb_column][et_pb_column type=&#8221;2_5&#8243; _builder_version=&#8221;4.4.1&#8243; global_colors_info=&#8221;{}&#8221;][\/et_pb_column][\/et_pb_row][et_pb_row column_structure=&#8221;1_2,1_2&#8243; _builder_version=&#8221;4.4.2&#8243; custom_padding=&#8221;50px|||||&#8221; global_colors_info=&#8221;{}&#8221;][et_pb_column type=&#8221;1_2&#8243; _builder_version=&#8221;4.4.2&#8243; global_colors_info=&#8221;{}&#8221;][et_pb_image src=&#8221;https:\/\/www.gramcommerce.si\/wp-content\/uploads\/2021\/09\/Logo_AGILOX32.png&#8221; title_text=&#8221;Logo_AGILOX32&#8243; _builder_version=&#8221;4.6.5&#8243; _module_preset=&#8221;default&#8221; global_colors_info=&#8221;{}&#8221;][\/et_pb_image][\/et_pb_column][et_pb_column type=&#8221;1_2&#8243; _builder_version=&#8221;4.4.2&#8243; global_colors_info=&#8221;{}&#8221;][\/et_pb_column][\/et_pb_row][\/et_pb_section][et_pb_section fb_built=&#8221;1&#8243; _builder_version=&#8221;4.4.2&#8243; custom_padding=&#8221;0px|||||&#8221; global_colors_info=&#8221;{}&#8221;][et_pb_row _builder_version=&#8221;4.4.2&#8243; custom_padding=&#8221;50px|||||&#8221; global_colors_info=&#8221;{}&#8221;][et_pb_column type=&#8221;4_4&#8243; _builder_version=&#8221;4.4.2&#8243; global_colors_info=&#8221;{}&#8221;][et_pb_text _builder_version=&#8221;4.10.8&#8243; _module_preset=&#8221;default&#8221; global_colors_info=&#8221;{}&#8221;]<\/p>\n<p style=\"text-align: justify;\"><strong>AGILOX IGV iz Austrije je vode\u0107i proizvo\u0111a\u010d i dizajner logisti\u010dko-inteligentnih (vo\u0111enih) vozila za proizvodnje s CE certifikatom koji je u skladu s europskim standardima. <\/strong><strong>Na\u0161a tvrtka Gram Commerce je slu\u017ebeni zastupnik tvrtke AGILOX Systems GmbH za podru\u010dje Slovenije, Hrvatske, Srbije, Bosne i Hercegovine te Sjeverne Makedonije.<\/strong><\/p>\n<p>[\/et_pb_text][\/et_pb_column][\/et_pb_row][et_pb_row make_equal=&#8221;on&#8221; _builder_version=&#8221;4.4.3&#8243; border_color_bottom=&#8221;#dddddd&#8221; global_colors_info=&#8221;{}&#8221;][et_pb_column type=&#8221;4_4&#8243; module_class=&#8221;ds-vertical-align&#8221; _builder_version=&#8221;4.4.3&#8243; global_colors_info=&#8221;{}&#8221;][et_pb_text _builder_version=&#8221;4.6.5&#8243; header_2_text_align=&#8221;left&#8221; header_2_font_size=&#8221;19px&#8221; text_orientation=&#8221;justified&#8221; custom_padding=&#8221;||6px|||&#8221; global_colors_info=&#8221;{}&#8221;]<\/p>\n<h2 style=\"text-align: justify;\">NOVA GENERACIJA. OD AGV DO IGV.<\/h2>\n<p style=\"text-align: justify;\">S Agiloxom se era AGV-a privodi kraju, a nova generacija IGV-a zapo\u010dinje.<\/p>\n<p style=\"text-align: justify;\">Agilox je prvo i unikatno vozilo s inteligentnim vodi\u010dem za vodoravno premje\u0161tanje robe. Agilox je pokret. Agilox je inovacija. Agilox je automatizacija.<br \/> Agilox je simbiotska veza izme\u0111u sofisticiranog softvera i mobilne robotike koja predstavlja novu generaciju automatski vo\u0111enih vozila, IGV \u2013 Intelligent Guided Vehicles, tj. inteligentno vo\u0111ena vozila.<\/p>\n<p style=\"text-align: justify;\">Stru\u010dna ekipa tvrtke Agilox Services Gmbh je sa svojim dugogodi\u0161njim iskustvom povezala sve instrumente trenutnog upravljanja lancem opskrbe s najsuvremenijom informacijskom i automatiziranom tehnologijom te je 2017. godine razvila kompaktni IGV koji donosi solidno smanjenje tro\u0161kova u intralogisti\u010dkom upravljanju.<\/p>\n<p>[\/et_pb_text][\/et_pb_column][\/et_pb_row][et_pb_row column_structure=&#8221;1_2,1_2&#8243; make_equal=&#8221;on&#8221; _builder_version=&#8221;4.6.5&#8243; custom_margin=&#8221;||||false|false&#8221; custom_padding=&#8221;||60px||false|false&#8221; border_width_bottom=&#8221;1px&#8221; border_color_bottom=&#8221;#dddddd&#8221; global_colors_info=&#8221;{}&#8221;][et_pb_column type=&#8221;1_2&#8243; module_class=&#8221;ds-vertical-align&#8221; _builder_version=&#8221;4.4.3&#8243; global_colors_info=&#8221;{}&#8221;][et_pb_text _builder_version=&#8221;4.6.5&#8243; header_2_text_align=&#8221;left&#8221; header_2_font_size=&#8221;19px&#8221; text_orientation=&#8221;justified&#8221; custom_padding=&#8221;||6px|||&#8221; global_colors_info=&#8221;{}&#8221;]<\/p>\n<p>Vrhunska tehnologija jam\u010di maksimalnu fleksibilnost u unaprje\u0111enju intralogisti\u010dkih procesa: revolucionarni koncept aktiviranja koji omogu\u0107uje 360-stupanjsku rotaciju.<\/p>\n<p>Sustav ne zahtijeva dodatnu infrastrukturu, a mo\u017ee raditi 24 sata na dan, 365 dana u godini pove\u0107avaju\u0107i proizvodnju postrojenja, sve od malih poduzetnika do velikih korporacija.<\/p>\n<p>Od AGV do IGV. Nova generacija inteligentno vo\u0111enih vozila.<\/p>\n<p>Na\u0161a specijalnost su inteligentni logisti\u010dki roboti koje u cijelosti (100 %) proizvodi AGILOX u Austriji \u2013 od mehanike, elektrotehnike, automatizacije, navigacije do softvera \u2013 sve je proizveo na\u0161 Agilox.<\/p>\n<p>[\/et_pb_text][\/et_pb_column][et_pb_column type=&#8221;1_2&#8243; module_class=&#8221;ds-vertical-align&#8221; _builder_version=&#8221;4.4.3&#8243; global_colors_info=&#8221;{}&#8221;][et_pb_image src=&#8221;https:\/\/www.gramcommerce.si\/wp-content\/uploads\/2021\/09\/AGILOX-IGV.jpg&#8221; title_text=&#8221;AGILOX IGV&#8221; _builder_version=&#8221;4.6.5&#8243; _module_preset=&#8221;default&#8221; global_colors_info=&#8221;{}&#8221;][\/et_pb_image][\/et_pb_column][\/et_pb_row][et_pb_row make_equal=&#8221;on&#8221; _builder_version=&#8221;4.4.3&#8243; custom_padding=&#8221;45px||0px||false|&#8221; border_color_bottom=&#8221;#dddddd&#8221; global_colors_info=&#8221;{}&#8221;][et_pb_column type=&#8221;4_4&#8243; module_class=&#8221;ds-vertical-align&#8221; _builder_version=&#8221;4.4.3&#8243; global_colors_info=&#8221;{}&#8221;][et_pb_text _builder_version=&#8221;4.10.8&#8243; header_2_text_align=&#8221;left&#8221; header_2_font_size=&#8221;19px&#8221; text_orientation=&#8221;justified&#8221; custom_padding=&#8221;||0px|||&#8221; global_colors_info=&#8221;{}&#8221;]<\/p>\n<p style=\"text-align: justify;\">AGV je grupa proizvoda unutar koje su vozila trenutno u ponudi, a koja preuzimaju automatizirane transporte te nisu namijenjena tehnologiji stacionarnih transportera. AGILOX proizvodi novu, radikalnu grupu proizvoda koja \u0107e dugoro\u010dno zamijeniti AGV-ove. Ta se grupa proizvoda naziva IGV \u2013 Intelligent Guided Vehicles, tj. inteligentno vo\u0111ena vozila. <strong>Navedena vozila imaju sljede\u0107a obilje\u017eja:<\/strong><\/p>\n<p>[\/et_pb_text][\/et_pb_column][\/et_pb_row][et_pb_row column_structure=&#8221;1_2,1_2&#8243; make_equal=&#8221;on&#8221; _builder_version=&#8221;4.4.3&#8243; custom_padding=&#8221;0px||0px||false|&#8221; border_width_bottom=&#8221;1px&#8221; border_color_bottom=&#8221;#dddddd&#8221; global_colors_info=&#8221;{}&#8221;][et_pb_column type=&#8221;1_2&#8243; module_class=&#8221;ds-vertical-align&#8221; _builder_version=&#8221;4.4.3&#8243; global_colors_info=&#8221;{}&#8221;][et_pb_text _builder_version=&#8221;4.10.8&#8243; header_2_text_align=&#8221;left&#8221; header_2_font_size=&#8221;19px&#8221; custom_padding=&#8221;||56px|||&#8221; global_colors_info=&#8221;{}&#8221;]<\/p>\n<p>&nbsp;<\/p>\n<ul>\n<li>prava <strong>inteligencija rojeva<\/strong>, izravna komunikacija izme\u0111u vozila na svim podru\u010djima<\/li>\n<li><strong>nema kontrolnog sustava<\/strong>, otvorena su\u010delja, dodjela prema bilo kojem broju instanci<\/li>\n<li>bez ograni\u010denja u vrstama sustava naru\u010divanja<\/li>\n<li>dinami\u010dna raspodjela narud\u017ebi i preraspodjela ovisno o situaciji<\/li>\n<li>neprestano procjenjivanje rute, dinami\u010dno usmjeravanje<\/li>\n<li>bez ograni\u010denja u <strong>slobodi kretanja<\/strong><\/li>\n<li>maksimalna energetska u\u010dinkovitost u pokretu<\/li>\n<li>najsuvremeniji sustavi za prijenos i pohranu energije<\/li>\n<li>fleksibilnost u rukovanju teretom do i uklju\u010duju\u0107i<\/li>\n<li><strong>automatizirana zamjena alata<\/strong> odre\u0111enim alatima za upravljanje ili<\/li>\n<li>barem pru\u017eanje potrebnih su\u010delja<\/li>\n<li>mo\u017ee se integrirati u svoju okolinu od strane kupca u najkra\u0107em mogu\u0107em vremenu<\/li>\n<\/ul>\n<p>&nbsp;<\/p>\n<p>[\/et_pb_text][\/et_pb_column][et_pb_column type=&#8221;1_2&#8243; _builder_version=&#8221;4.4.3&#8243; global_colors_info=&#8221;{}&#8221;][et_pb_image src=&#8221;https:\/\/www.gramcommerce.si\/wp-content\/uploads\/2021\/09\/agilox4.jpg&#8221; title_text=&#8221;agilox4&#8243; _builder_version=&#8221;4.10.8&#8243; custom_margin=&#8221;60px||||false|false&#8221; hover_enabled=&#8221;0&#8243; global_colors_info=&#8221;{}&#8221; sticky_enabled=&#8221;0&#8243;][\/et_pb_image][\/et_pb_column][\/et_pb_row][et_pb_row make_equal=&#8221;on&#8221; _builder_version=&#8221;4.4.3&#8243; custom_padding=&#8221;45px||0px||false|&#8221; border_color_bottom=&#8221;#dddddd&#8221; global_colors_info=&#8221;{}&#8221;][et_pb_column type=&#8221;4_4&#8243; module_class=&#8221;ds-vertical-align&#8221; _builder_version=&#8221;4.4.3&#8243; global_colors_info=&#8221;{}&#8221;][et_pb_text _builder_version=&#8221;4.6.5&#8243; header_2_text_align=&#8221;left&#8221; header_2_font_size=&#8221;19px&#8221; custom_padding=&#8221;||56px|||&#8221; global_colors_info=&#8221;{}&#8221;]<\/p>\n<h2>ZA\u0160TO ODABRATI AGILOX<\/h2>\n<p>[\/et_pb_text][\/et_pb_column][\/et_pb_row][et_pb_row column_structure=&#8221;1_3,1_3,1_3&#8243; _builder_version=&#8221;4.6.5&#8243; _module_preset=&#8221;default&#8221; global_colors_info=&#8221;{}&#8221;][et_pb_column type=&#8221;1_3&#8243; _builder_version=&#8221;4.6.5&#8243; _module_preset=&#8221;default&#8221; global_colors_info=&#8221;{}&#8221;][et_pb_blurb title=&#8221;INTEGRACIJA&#8221; image=&#8221;https:\/\/www.gramcommerce.si\/wp-content\/uploads\/2021\/09\/integracija.jpg&#8221; _builder_version=&#8221;4.6.5&#8243; _module_preset=&#8221;default&#8221; global_colors_info=&#8221;{}&#8221;]<\/p>\n<p>Kratko vrijeme pu\u0161tanja u pogon. Dizajniran za integraciju u korporativne informacijske sustave i industrijsku automatizaciju. Nije potrebna kompleksna infrastruktura.<\/p>\n<p>[\/et_pb_blurb][\/et_pb_column][et_pb_column type=&#8221;1_3&#8243; _builder_version=&#8221;4.6.5&#8243; _module_preset=&#8221;default&#8221; global_colors_info=&#8221;{}&#8221;][et_pb_blurb title=&#8221;PROSTOR I DIZAJN&#8221; image=&#8221;https:\/\/www.gramcommerce.si\/wp-content\/uploads\/2021\/09\/prostor-in-oblikovanje.jpg&#8221; _builder_version=&#8221;4.6.5&#8243; _module_preset=&#8221;default&#8221; global_colors_info=&#8221;{}&#8221;]<\/p>\n<p>Sve je elektri\u010dno. Nema ulja. Kompaktan i tanak za sve aplikacije u sku\u010denim prostorima. Ugra\u0111eni ugodni svjetlosni i zvu\u010dni signali za potrebe sigurnosti i komunikacije. Dizajniran s niskim psiholo\u0161kim u\u010dinkom: podsje\u0107a na ljudsku figuru u stiliziranom dizajnu.<\/p>\n<p>[\/et_pb_blurb][\/et_pb_column][et_pb_column type=&#8221;1_3&#8243; _builder_version=&#8221;4.6.5&#8243; _module_preset=&#8221;default&#8221; global_colors_info=&#8221;{}&#8221;][et_pb_blurb title=&#8221;NAVIGACIJA&#8221; image=&#8221;https:\/\/www.gramcommerce.si\/wp-content\/uploads\/2021\/09\/navigacija.jpg&#8221; _builder_version=&#8221;4.6.5&#8243; _module_preset=&#8221;default&#8221; global_colors_info=&#8221;{}&#8221;]<\/p>\n<p>Postavljanje temelji na profilima i oblicima, bez fiksnih referenci. 2D laserski skener 360\u00b0. Automatsko prikupljanje mape okoline. Obila\u017eenje prepreka. Detekcija paleta i korekcija poravnanja. Preciznost pozicioniranja od 2 mm.<\/p>\n<p>[\/et_pb_blurb][\/et_pb_column][\/et_pb_row][et_pb_row column_structure=&#8221;1_3,1_3,1_3&#8243; _builder_version=&#8221;4.6.5&#8243; _module_preset=&#8221;default&#8221; custom_padding=&#8221;||45px||false|false&#8221; border_width_bottom=&#8221;1px&#8221; border_color_bottom=&#8221;#dddddd&#8221; global_colors_info=&#8221;{}&#8221;][et_pb_column type=&#8221;1_3&#8243; _builder_version=&#8221;4.6.5&#8243; _module_preset=&#8221;default&#8221; global_colors_info=&#8221;{}&#8221;][et_pb_blurb title=&#8221;INTELIGENCIJA&#8221; image=&#8221;https:\/\/www.gramcommerce.si\/wp-content\/uploads\/2021\/09\/smart-logic.jpg&#8221; _builder_version=&#8221;4.6.5&#8243; _module_preset=&#8221;default&#8221; global_colors_info=&#8221;{}&#8221;]<\/p>\n<p>Kontrolni sustav je integriran u vozilo. Autonomnost u odlu\u010divanju. Automatska identifikacija najbolje putanje.<\/p>\n<p>[\/et_pb_blurb][\/et_pb_column][et_pb_column type=&#8221;1_3&#8243; _builder_version=&#8221;4.6.5&#8243; _module_preset=&#8221;default&#8221; global_colors_info=&#8221;{}&#8221;][et_pb_blurb title=&#8221;SIGURNOST&#8221; image=&#8221;https:\/\/www.gramcommerce.si\/wp-content\/uploads\/2021\/09\/varnost.jpg&#8221; _builder_version=&#8221;4.6.5&#8243; _module_preset=&#8221;default&#8221; global_colors_info=&#8221;{}&#8221;]<\/p>\n<p>360- stupanjska pokrivenost. Dva 2D laserska skenera na svodnom dijelu. Ultrazvu\u010dni senzori na kraju i izme\u0111u vje\u0161ala. Mo\u017ee biti opremljen 3D skenerom za identifikaciju prepreka. Upravljanje sigurnosnim redundantnim sustavom.<\/p>\n<p>[\/et_pb_blurb][\/et_pb_column][et_pb_column type=&#8221;1_3&#8243; _builder_version=&#8221;4.6.5&#8243; _module_preset=&#8221;default&#8221; global_colors_info=&#8221;{}&#8221;][et_pb_blurb title=&#8221;UPRAVLJANJE I VU\u010cA&#8221; image=&#8221;https:\/\/www.gramcommerce.si\/wp-content\/uploads\/2021\/09\/upravljanje.jpg&#8221; _builder_version=&#8221;4.6.5&#8243; _module_preset=&#8221;default&#8221; global_colors_info=&#8221;{}&#8221;]<\/p>\n<p>Upravljanje i vu\u010da na \u010detiri neovisne i patentirane pokretne jedinice. 360-stupanjska rotacija same kabine. Minimalni radijus rotacije izosi 1950 mm. Premje\u0161tanje u svim smjerovima. Maksimalna brzina iznosi 1,4 m\/s.<\/p>\n<p>[\/et_pb_blurb][\/et_pb_column][\/et_pb_row][et_pb_row column_structure=&#8221;1_2,1_2&#8243; make_equal=&#8221;on&#8221; _builder_version=&#8221;4.6.5&#8243; custom_margin=&#8221;||||false|false&#8221; custom_padding=&#8221;45px||45px||false|false&#8221; border_color_bottom=&#8221;#dddddd&#8221; global_colors_info=&#8221;{}&#8221;][et_pb_column type=&#8221;1_2&#8243; module_class=&#8221;ds-vertical-align&#8221; _builder_version=&#8221;4.4.3&#8243; global_colors_info=&#8221;{}&#8221;][et_pb_text _builder_version=&#8221;4.6.5&#8243; header_2_text_align=&#8221;left&#8221; header_2_font_size=&#8221;19px&#8221; text_orientation=&#8221;justified&#8221; custom_padding=&#8221;||6px|||&#8221; global_colors_info=&#8221;{}&#8221;]<\/p>\n<h2>UPOTREBA<\/h2>\n<p>Automatski utovar i istovar strojeva.<br \/>Automatizirani prijevoz robe od skladi\u0161ta do proizvodnih linija.<br \/>Prijenos materijala od skladi\u0161ta do sabirnih podru\u010dja.<br \/>Automatizacija prikupljanja gotovih proizvoda.<br \/>Priprema i nadzor utovara zapakirane robe izlaznog prijevoza.<br \/>Kreiranje, automatizacija i upravljanje me\u0111uspremnicima.<br \/>Automatizacija pomicanja paleta.<br \/>Opskrba proizvodnih linija.<\/p>\n<p>[\/et_pb_text][\/et_pb_column][et_pb_column type=&#8221;1_2&#8243; module_class=&#8221;ds-vertical-align&#8221; _builder_version=&#8221;4.4.3&#8243; global_colors_info=&#8221;{}&#8221;][et_pb_text _builder_version=&#8221;4.6.5&#8243; header_2_text_align=&#8221;left&#8221; header_2_font_size=&#8221;19px&#8221; text_orientation=&#8221;justified&#8221; custom_padding=&#8221;||6px|||&#8221; global_colors_info=&#8221;{}&#8221;]<\/p>\n<h2 style=\"text-align: justify;\">IPER AMORTIZACIJA<\/h2>\n<p style=\"text-align: justify;\">Iskori\u0161tavanjem IPER AMORTIZACIJE 2018 investiranje u AGILOX je danas jo\u0161 prakti\u010dnije zahvaljuju\u0107i razdoblju povrata ulaganja manjem od 2 godine!<\/p>\n<p style=\"text-align: justify;\">Automatizacija temelji na standardizaciji. Mobilni logisti\u010dki roboti rado preuzimaju kontinuirane zada\u0107e, a uz podr\u0161ku ljudi pokrivaju vr\u0161na optere\u0107enja. Suradnja izme\u0111u ljudi i strojeva je klju\u010dna. Na\u0161a vozila se koriste ve\u0107im dijelom u proizvodnoj logistici. Oblikovanje je usmjereno na opskrbu i zbrinjavanje proizvodne opreme u uskim okru\u017eenjima.<\/p>\n<p>[\/et_pb_text][\/et_pb_column][\/et_pb_row][et_pb_row column_structure=&#8221;1_2,1_2&#8243; make_equal=&#8221;on&#8221; _builder_version=&#8221;4.6.5&#8243; custom_margin=&#8221;||||false|false&#8221; custom_padding=&#8221;||45px||false|false&#8221; border_width_bottom=&#8221;1px&#8221; border_color_bottom=&#8221;#dddddd&#8221; global_colors_info=&#8221;{}&#8221;][et_pb_column type=&#8221;1_2&#8243; module_class=&#8221;ds-vertical-align&#8221; _builder_version=&#8221;4.4.3&#8243; global_colors_info=&#8221;{}&#8221;][et_pb_text _builder_version=&#8221;4.6.5&#8243; _module_preset=&#8221;default&#8221; global_colors_info=&#8221;{}&#8221;]<\/p>\n<h3 style=\"text-align: center;\">AGILOX ONE<\/h3>\n<p>[\/et_pb_text][et_pb_image src=&#8221;https:\/\/www.gramcommerce.si\/wp-content\/uploads\/2021\/09\/AGILOX-ONE-2.jpg&#8221; title_text=&#8221;AGILOX ONE&#8221; _builder_version=&#8221;4.6.5&#8243; _module_preset=&#8221;default&#8221; global_colors_info=&#8221;{}&#8221;][\/et_pb_image][\/et_pb_column][et_pb_column type=&#8221;1_2&#8243; module_class=&#8221;ds-vertical-align&#8221; _builder_version=&#8221;4.4.3&#8243; global_colors_info=&#8221;{}&#8221;][et_pb_text _builder_version=&#8221;4.6.5&#8243; _module_preset=&#8221;default&#8221; global_colors_info=&#8221;{}&#8221;]<\/p>\n<h3 style=\"text-align: center;\">AGILOX OCF<\/h3>\n<p>[\/et_pb_text][et_pb_image src=&#8221;https:\/\/www.gramcommerce.si\/wp-content\/uploads\/2021\/09\/AGILOX-OCF.jpg&#8221; title_text=&#8221;AGILOX OCF&#8221; _builder_version=&#8221;4.6.5&#8243; _module_preset=&#8221;default&#8221; global_colors_info=&#8221;{}&#8221;][\/et_pb_image][\/et_pb_column][\/et_pb_row][et_pb_row _builder_version=&#8221;4.4.2&#8243; custom_padding=&#8221;68px|||||&#8221; global_colors_info=&#8221;{}&#8221;][et_pb_column type=&#8221;4_4&#8243; _builder_version=&#8221;4.4.2&#8243; global_colors_info=&#8221;{}&#8221;][et_pb_text _builder_version=&#8221;4.4.3&#8243; text_font=&#8221;|700|||||||&#8221; text_text_color=&#8221;#000000&#8243; text_font_size=&#8221;19px&#8221; text_orientation=&#8221;center&#8221; global_colors_info=&#8221;{}&#8221;]<\/p>\n<p>Za sve projekte se specifi\u010dno prilago\u0111avamo kupcu te ih nudimo gotove po sustavu \u201eklju\u010d u ruke\u201c.<br \/>Jam\u010dimo dobavu, monta\u017eu, servis i garanciju te dobavu rezervnih dijelova.<\/p>\n<p>[\/et_pb_text][\/et_pb_column][\/et_pb_row][\/et_pb_section]<\/p>\n","protected":false},"excerpt":{"rendered":"<p>AGILOX IGVInteligentno Vo\u0111eno VoziloAGILOX IGV iz Austrije je vode\u0107i proizvo\u0111a\u010d i dizajner logisti\u010dko-inteligentnih (vo\u0111enih) vozila za proizvodnje s CE certifikatom koji je u skladu s europskim standardima. Na\u0161a tvrtka Gram Commerce je slu\u017ebeni zastupnik tvrtke AGILOX Systems GmbH za podru\u010dje Slovenije, Hrvatske, Srbije, Bosne i Hercegovine te Sjeverne Makedonije.NOVA GENERACIJA. OD AGV DO IGV. S [&hellip;]<\/p>\n","protected":false},"author":1,"featured_media":0,"parent":0,"menu_order":0,"comment_status":"closed","ping_status":"closed","template":"","meta":{"_seopress_robots_primary_cat":"","_seopress_titles_title":"","_seopress_titles_desc":"","_seopress_robots_index":"","_et_pb_use_builder":"on","_et_pb_old_content":"","_et_gb_content_width":"","footnotes":""},"class_list":["post-47991","page","type-page","status-publish","hentry"],"_links":{"self":[{"href":"https:\/\/www.gramcommerce.si\/hr\/wp-json\/wp\/v2\/pages\/47991","targetHints":{"allow":["GET"]}}],"collection":[{"href":"https:\/\/www.gramcommerce.si\/hr\/wp-json\/wp\/v2\/pages"}],"about":[{"href":"https:\/\/www.gramcommerce.si\/hr\/wp-json\/wp\/v2\/types\/page"}],"author":[{"embeddable":true,"href":"https:\/\/www.gramcommerce.si\/hr\/wp-json\/wp\/v2\/users\/1"}],"replies":[{"embeddable":true,"href":"https:\/\/www.gramcommerce.si\/hr\/wp-json\/wp\/v2\/comments?post=47991"}],"version-history":[{"count":8,"href":"https:\/\/www.gramcommerce.si\/hr\/wp-json\/wp\/v2\/pages\/47991\/revisions"}],"predecessor-version":[{"id":48881,"href":"https:\/\/www.gramcommerce.si\/hr\/wp-json\/wp\/v2\/pages\/47991\/revisions\/48881"}],"wp:attachment":[{"href":"https:\/\/www.gramcommerce.si\/hr\/wp-json\/wp\/v2\/media?parent=47991"}],"curies":[{"name":"wp","href":"https:\/\/api.w.org\/{rel}","templated":true}]}}