{"id":47671,"date":"2021-01-28T12:02:29","date_gmt":"2021-01-28T12:02:29","guid":{"rendered":"https:\/\/www.gramcommerce.si\/o-kompaniji\/"},"modified":"2021-03-23T10:39:36","modified_gmt":"2021-03-23T10:39:36","slug":"o-kompaniji","status":"publish","type":"page","link":"https:\/\/www.gramcommerce.si\/sr\/o-kompaniji\/","title":{"rendered":"O KOMPANIJI"},"content":{"rendered":"\n[et_pb_section fb_built=&#8220;1&#8243; _builder_version=&#8220;4.4.2&#8243; use_background_color_gradient=&#8220;on&#8220; background_color_gradient_start=&#8220;#eeeeee&#8220; background_color_gradient_end=&#8220;#ffffff&#8220; background_image=&#8220;https:\/\/www.gramcommerce.si\/wp-content\/uploads\/2020\/04\/title-back32gc.png&#8220; background_size=&#8220;contain&#8220; background_position=&#8220;top_right&#8220; custom_padding=&#8220;||87px|||&#8220; global_module=&#8220;591&#8243; saved_tabs=&#8220;all&#8220;][et_pb_row column_structure=&#8220;3_5,2_5&#8243; _builder_version=&#8220;4.4.1&#8243; custom_padding=&#8220;49px||0px||false|false&#8220;][et_pb_column type=&#8220;3_5&#8243; _builder_version=&#8220;4.4.1&#8243;]<p>[et_pb_post_title meta=&#8220;off&#8220; featured_image=&#8220;off&#8220; _builder_version=&#8220;4.4.1&#8243; title_font_size=&#8220;32px&#8220; custom_margin=&#8220;||7px||false|false&#8220;][\/et_pb_post_title][et_pb_divider divider_weight=&#8220;4px&#8220; _builder_version=&#8220;4.4.1&#8243; width=&#8220;100px&#8220; animation_style=&#8220;slide&#8220; animation_direction=&#8220;right&#8220; animation_intensity_slide=&#8220;39%&#8220;][\/et_pb_divider]<\/p>[\/et_pb_column][et_pb_column type=&#8220;2_5&#8243; _builder_version=&#8220;4.4.1&#8243;][\/et_pb_column][\/et_pb_row][\/et_pb_section][et_pb_section fb_built=&#8220;1&#8243; _builder_version=&#8220;4.3.2&#8243; custom_padding=&#8220;14px||74px|||&#8220;][et_pb_row _builder_version=&#8220;4.3.2&#8243; custom_padding=&#8220;||59px|||&#8220;][et_pb_column type=&#8220;4_4&#8243; _builder_version=&#8220;4.3.2&#8243;][et_pb_text _builder_version=&#8220;4.4.3&#8243;]<p align=\"justify\">Kompanija Gram Commerce d.o.o. osnovana je 1992. godine u Mariboru. Nudimo vam kompleksna re\u0161enja za automatizaciju i logistiku za proizvodnje, skladi\u0161ta i otpremu robe. Na\u0161a oprema obuhvata najbolji i najkvalitetniji materijal, \u0161to korisniku garantuje dugi vek trajanja i visoku stopu bezbednog delovanja. Na\u0161e usmerenje je u automatizaciju procesa u cilju smanjenja samih tro\u0161kova, kao i pove\u0107anja efikasnosti i uspe\u0161nosti. Ve\u0107ina re\u0161enja je izvedena po sistemu klju\u010d u ruke posebno za svakog kupca. Na\u0161e reference obuhvataju kako manja preduze\u0107a tako i multinacionalne kompanije, koje nam ukazuju poverenje ve\u0107 niz godina.<\/p>\r\n<p align=\"justify\">Radimo po metodi zadovoljni kupac \u2013 zadovoljni prodavac. Prilikom ve\u0107ih projekata \u010desto sara\u0111ujemo sa nekoliko priznatih proizvo\u0111a\u010da. Kupac na\u0161e opreme se prilikom isporuke rezervnih delova ili ostvarivanju garancije i servisa obra\u0107a samo na\u0161em preduze\u0107u jer mu nudimo celokupnu podr\u0161ku prodajnih aktivnosti. Na\u0161e osnovne prednosti preduze\u0107a su kvalitet, pouzdanost i saradnja. Smatramo da optimalna automatizacija proizvodnih i logisti\u010dkih procesa pove\u0107ava efikasnost rada i u\u0161tedu tro\u0161kova na dugi rok (brzi povra\u0107aj investicije). Na\u0161e prodajno tr\u017ei\u0161te pokriva dr\u017eave EU i van EU, kao \u0161to su: Srbija, Bosna i Hercegovina i Makedonija.<\/p>[\/et_pb_text][\/et_pb_column][\/et_pb_row][et_pb_row _builder_version=&#8220;4.4.3&#8243; background_color=&#8220;#ffffff&#8220; custom_margin=&#8220;||33px||false|false&#8220; custom_padding=&#8220;40px|41px|40px|41px|true|true&#8220; animation_style=&#8220;flip&#8220; box_shadow_style=&#8220;preset1&#8243; box_shadow_blur=&#8220;55px&#8220; box_shadow_color=&#8220;rgba(0,0,0,0.2)&#8220;][et_pb_column type=&#8220;4_4&#8243; _builder_version=&#8220;4.4.3&#8243;][et_pb_text _builder_version=&#8220;4.4.3&#8243;]<p align=\"justify\">\u00a0<\/p>\r\n<p align=\"justify\">Specijalizovani smo za automatizaciju proizvodnih i logisti\u010dkih procesa:<\/p>\r\n<ul>\r\n<li>Automatizacija i logistika u proizvodnji,<\/li>\r\n<li>Transportni sistemi, robotizacija, klasi\u010dna paletizacija, automatske paletne dizalice.<\/li>\r\n<li>Logistika ambala\u017ee na proizvodne linije.<\/li>\r\n<li>Logistika zavr\u0161nih proizvoda i paleta u skladi\u0161te.<\/li>\r\n<li>Skladi\u0161no regalni sistemi razli\u010ditih verzija.<\/li>\r\n<li>Logistika paleta iz skladi\u0161ta\/u skladi\u0161te i ulaganje\/odlaganje paleta na relaciji skladi\u0161te\/kamion, kontejner i obratno.<\/li>\r\n<li>Kompletna re\u0161enja upravljanja logistikom na relaciji proizvodnja \u2013 skladi\u0161te \u2013 kamion\/kontejner.<\/li>\r\n<\/ul>[\/et_pb_text][\/et_pb_column][\/et_pb_row][et_pb_row column_structure=&#8220;1_2,1_2&#8243; _builder_version=&#8220;4.4.3&#8243; custom_margin=&#8220;|auto|-11px|auto||&#8220;][et_pb_column type=&#8220;1_2&#8243; _builder_version=&#8220;4.4.3&#8243;][et_pb_text _builder_version=&#8220;4.4.3&#8243;]<h3>Na\u0161 prodajni program:<\/h3>[\/et_pb_text][\/et_pb_column][et_pb_column type=&#8220;1_2&#8243; _builder_version=&#8220;4.4.3&#8243;][et_pb_text _builder_version=&#8220;4.4.3&#8243;]<h3>Na\u0161e dosada\u0161nje reference:<\/h3>[\/et_pb_text][\/et_pb_column][\/et_pb_row][et_pb_row column_structure=&#8220;1_2,1_4,1_4&#8243; _builder_version=&#8220;4.4.3&#8243; custom_margin=&#8220;-13px|auto||auto||&#8220; custom_padding=&#8220;3px|||||&#8220;][et_pb_column type=&#8220;1_2&#8243; _builder_version=&#8220;4.4.3&#8243;][et_pb_text _builder_version=&#8220;4.4.3&#8243;]<p>&nbsp;<\/p>\r\n<ul>\r\n<li>\r\n<p align=\"justify\">Automatska i proto\u010dna regalna skladi\u0161ta i regalne dizalice.<\/p>\r\n<\/li>\r\n<li>\r\n<p align=\"justify\">Automatizacija ulaganja i odlaganja paleta u kamione.<\/p>\r\n<\/li>\r\n<li>\r\n<p align=\"justify\">Manipulatori (fiksni i mobilni).<\/p>\r\n<\/li>\r\n<li>\r\n<p align=\"justify\">Paletizacija i depaletizacija.<\/p>\r\n<\/li>\r\n<li>\r\n<p align=\"justify\">Robotizacija, automatizacija, transport uvijanje.<\/p>\r\n<\/li>\r\n<li>\r\n<p align=\"justify\">Specijalni sistemi manipulacije proizvoda i skladi\u0161ni sistemi.<\/p>\r\n<\/li>\r\n<li>\r\n<p align=\"justify\">Transportni sistemi i transportna kolica.<\/p>\r\n<\/li>\r\n<li>\r\n<p align=\"justify\">Kamion za vu\u010du (za vu\u010denje i potiskivanje).<\/p>\r\n<\/li>\r\n<li>\r\n<p align=\"justify\">Bezbednosni tu\u0161evi i ispiranje vodom.<\/p>\r\n<\/li>\r\n<li>\r\n<p align=\"justify\">Dizalice i dizalice za industriju.<\/p>\r\n<p align=\"justify\">\u00a0<\/p>\r\n<p align=\"justify\">\u00a0<\/p>\r\n<\/li>\r\n<\/ul>[\/et_pb_text][\/et_pb_column][et_pb_column type=&#8220;1_4&#8243; _builder_version=&#8220;4.4.3&#8243;][et_pb_text _builder_version=&#8220;4.4.3&#8243; custom_padding=&#8220;0px|||||&#8220;]<p>&nbsp;<\/p>\r\n<ul>\r\n<li>\r\n<p align=\"justify\">\u010cakove\u010dkovi mlinovi,<\/p>\r\n<\/li>\r\n<li>\r\n<p align=\"justify\">Steklarna Hrastnik,<\/p>\r\n<\/li>\r\n<li>\r\n<p align=\"justify\">HENKEL Maribor,<\/p>\r\n<\/li>\r\n<li>\r\n<p align=\"justify\">Silkem \u2013 TALUM,<\/p>\r\n<\/li>\r\n<li>\r\n<p align=\"justify\">Croning livarna,<\/p>\r\n<\/li>\r\n<li>\r\n<p align=\"justify\">Perutnina Ptuj,<\/p>\r\n<\/li>\r\n<li>\r\n<p align=\"justify\">HENKEL Srbija,<\/p>\r\n<\/li>\r\n<li>\r\n<p align=\"justify\">Vipava 1894,<\/p>\r\n<\/li>\r\n<li>\r\n<p align=\"justify\">LIV Systems,<\/p>\r\n<\/li>\r\n<li>\r\n<p align=\"justify\">SIJ Acroni,<\/p>\r\n<\/li>\r\n<li>\r\n<p align=\"justify\">Radenska,<\/p>\r\n<\/li>\r\n<\/ul>[\/et_pb_text][\/et_pb_column][et_pb_column type=&#8220;1_4&#8243; _builder_version=&#8220;4.4.3&#8243;][et_pb_text _builder_version=&#8220;4.4.3&#8243;]<p>&nbsp;<\/p>\r\n<ul>\r\n<li>Carlsberg,<\/li>\r\n<li>Podravka,<\/li>\r\n<li>Belinka,<\/li>\r\n<li>Vindija,<\/li>\r\n<li>KRKA,<\/li>\r\n<li>Cetis,<\/li>\r\n<li>Iskra,<\/li>\r\n<li>\u017dito,<\/li>\r\n<li>Tab,<\/li>\r\n<li>Jub,\u2026<\/li>\r\n<\/ul>[\/et_pb_text][\/et_pb_column][\/et_pb_row][\/et_pb_section][et_pb_section fb_built=&#8220;1&#8243; prev_background_color=&#8220;#ffffff&#8220; admin_label=&#8220;section&#8220; module_id=&#8220;o-kompaniji&#8220; _builder_version=&#8220;4.4.1&#8243; use_background_color_gradient=&#8220;on&#8220; background_color_gradient_start=&#8220;#eeeeee&#8220; background_color_gradient_end=&#8220;#ffffff&#8220; custom_padding=&#8220;183px|||||&#8220; top_divider_style=&#8220;arrow2&#8243; global_module=&#8220;46590&#8243; saved_tabs=&#8220;all&#8220;][et_pb_row _builder_version=&#8220;4.4.2&#8243;][et_pb_column type=&#8220;4_4&#8243; _builder_version=&#8220;4.4.2&#8243;][et_pb_image src=&#8220;https:\/\/www.gramcommerce.si\/wp-content\/uploads\/2020\/04\/gramcommerce_logo-300px.png&#8220; align=&#8220;center&#8220; _builder_version=&#8220;4.4.2&#8243;][\/et_pb_image][\/et_pb_column][\/et_pb_row][et_pb_row _builder_version=&#8220;4.4.2&#8243; background_image=&#8220;https:\/\/www.gramcommerce.si\/wp-content\/uploads\/2020\/04\/gramcommerce_back.png&#8220; background_size=&#8220;initial&#8220; custom_padding=&#8220;||0px||false|false&#8220; locked=&#8220;off&#8220;][et_pb_column type=&#8220;4_4&#8243; _builder_version=&#8220;4.4.2&#8243;][et_pb_text _builder_version=&#8220;4.4.2&#8243; header_2_text_align=&#8220;center&#8220; custom_margin=&#8220;||15px|||&#8220; custom_padding=&#8220;1px||||false|false&#8220;]<h2>NA\u0160I KUPCI<\/h2>[\/et_pb_text][\/et_pb_column][\/et_pb_row][et_pb_row _builder_version=&#8220;4.4.1&#8243;][et_pb_column type=&#8220;4_4&#8243; _builder_version=&#8220;4.4.1&#8243;][dica_divi_carousel show_items_desktop=&#8220;5&#8243; multislide=&#8220;on&#8220; transition_duration=&#8220;2000&#8243; loop=&#8220;on&#8220; autoplay=&#8220;on&#8220; autoplay_speed=&#8220;3000&#8243; dot_nav=&#8220;on&#8220; item_spacing=&#8220;54&#8243; equal_height=&#8220;on&#8220; advanced_effect=&#8220;1&#8243; arrow_nav_color=&#8220;#006600&#8243; dots_active_color=&#8220;#006600&#8243; _builder_version=&#8220;4.4.3&#8243;][dica_divi_carouselitem admin_label=&#8220;zito&#8220; button_url_new_window=&#8220;1&#8243; image=&#8220;https:\/\/www.gramcommerce.si\/wp-content\/uploads\/2020\/04\/zito-logo.png&#8220; _builder_version=&#8220;4.4.3&#8243;][\/dica_divi_carouselitem][dica_divi_carouselitem admin_label=&#8220;talum&#8220; button_url_new_window=&#8220;1&#8243; image=&#8220;https:\/\/www.gramcommerce.si\/wp-content\/uploads\/2020\/04\/silkem-talum-logo.png&#8220; _builder_version=&#8220;4.4.3&#8243;][\/dica_divi_carouselitem][dica_divi_carouselitem admin_label=&#8220;podravka&#8220; button_url_new_window=&#8220;1&#8243; image=&#8220;https:\/\/www.gramcommerce.si\/wp-content\/uploads\/2020\/04\/podravka-logo.png&#8220; _builder_version=&#8220;4.4.3&#8243;][\/dica_divi_carouselitem][dica_divi_carouselitem admin_label=&#8220;livarna&#8220; button_url_new_window=&#8220;1&#8243; image=&#8220;https:\/\/www.gramcommerce.si\/wp-content\/uploads\/2020\/04\/kronig-livarna-logo-1.png&#8220; _builder_version=&#8220;4.4.3&#8243;][\/dica_divi_carouselitem][dica_divi_carouselitem admin_label=&#8220;henkel&#8220; button_url_new_window=&#8220;1&#8243; image=&#8220;https:\/\/www.gramcommerce.si\/wp-content\/uploads\/2020\/04\/henkel-logo.png&#8220; _builder_version=&#8220;4.4.3&#8243;][\/dica_divi_carouselitem][dica_divi_carouselitem admin_label=&#8220;liv&#8220; button_url_new_window=&#8220;1&#8243; image=&#8220;https:\/\/www.gramcommerce.si\/wp-content\/uploads\/2020\/04\/kolektor-liv.png&#8220; _builder_version=&#8220;4.4.3&#8243;][\/dica_divi_carouselitem][dica_divi_carouselitem admin_label=&#8220;acroni&#8220; button_url_new_window=&#8220;1&#8243; image=&#8220;https:\/\/www.gramcommerce.si\/wp-content\/uploads\/2020\/04\/SIJ-Acroni-logo.png&#8220; _builder_version=&#8220;4.4.3&#8243;][\/dica_divi_carouselitem][dica_divi_carouselitem admin_label=&#8220;krka&#8220; button_url_new_window=&#8220;1&#8243; image=&#8220;https:\/\/www.gramcommerce.si\/wp-content\/uploads\/2020\/04\/krka-logo.png&#8220; _builder_version=&#8220;4.4.3&#8243;][\/dica_divi_carouselitem][dica_divi_carouselitem admin_label=&#8220;hrastnik&#8220; button_url_new_window=&#8220;1&#8243; image=&#8220;https:\/\/www.gramcommerce.si\/wp-content\/uploads\/2020\/04\/Steklarna_Hrastnik_Logo.png&#8220; _builder_version=&#8220;4.4.3&#8243;][\/dica_divi_carouselitem][dica_divi_carouselitem admin_label=&#8220;vipava&#8220; button_url_new_window=&#8220;1&#8243; image=&#8220;https:\/\/www.gramcommerce.si\/wp-content\/uploads\/2020\/04\/vipava_logo_new.png&#8220; _builder_version=&#8220;4.4.3&#8243;][\/dica_divi_carouselitem][dica_divi_carouselitem admin_label=&#8220;cetis&#8220; button_url_new_window=&#8220;1&#8243; image=&#8220;https:\/\/www.gramcommerce.si\/wp-content\/uploads\/2020\/05\/cetis.png&#8220; _builder_version=&#8220;4.4.3&#8243;][\/dica_divi_carouselitem][dica_divi_carouselitem admin_label=&#8220;vindija&#8220; button_url_new_window=&#8220;1&#8243; image=&#8220;https:\/\/www.gramcommerce.si\/wp-content\/uploads\/2020\/05\/Vindija_Logo.svg_.png&#8220; _builder_version=&#8220;4.4.3&#8243;][\/dica_divi_carouselitem][dica_divi_carouselitem admin_label=&#8220;perutnina ptuj&#8220; button_url_new_window=&#8220;1&#8243; image=&#8220;https:\/\/www.gramcommerce.si\/wp-content\/uploads\/2020\/05\/tm-perutnina-ptuj-l2.png&#8220; _builder_version=&#8220;4.4.3&#8243;][\/dica_divi_carouselitem][dica_divi_carouselitem admin_label=&#8220;iskra&#8220; button_url_new_window=&#8220;1&#8243; image=&#8220;https:\/\/www.gramcommerce.si\/wp-content\/uploads\/2020\/05\/iskra.png&#8220; _builder_version=&#8220;4.4.3&#8243;][\/dica_divi_carouselitem][dica_divi_carouselitem admin_label=&#8220;jub&#8220; button_url_new_window=&#8220;1&#8243; image=&#8220;https:\/\/www.gramcommerce.si\/wp-content\/uploads\/2020\/05\/JUB-Logo-HR-Reduced.png&#8220; _builder_version=&#8220;4.4.3&#8243;][\/dica_divi_carouselitem][dica_divi_carouselitem admin_label=&#8220;carlsberg&#8220; button_url_new_window=&#8220;1&#8243; image=&#8220;https:\/\/www.gramcommerce.si\/wp-content\/uploads\/2020\/05\/Carlsberg-Logo-500&#215;222-1.png&#8220; _builder_version=&#8220;4.4.3&#8243;][\/dica_divi_carouselitem][dica_divi_carouselitem admin_label=&#8220;tab&#8220; button_url_new_window=&#8220;1&#8243; image=&#8220;https:\/\/www.gramcommerce.si\/wp-content\/uploads\/2020\/05\/tab.png&#8220; _builder_version=&#8220;4.4.3&#8243;][\/dica_divi_carouselitem][dica_divi_carouselitem admin_label=&#8220;belinka&#8220; button_url_new_window=&#8220;1&#8243; image=&#8220;https:\/\/www.gramcommerce.si\/wp-content\/uploads\/2020\/05\/belinka.png&#8220; _builder_version=&#8220;4.4.3&#8243;][\/dica_divi_carouselitem][dica_divi_carouselitem admin_label=&#8220;radenska&#8220; button_url_new_window=&#8220;1&#8243; image=&#8220;https:\/\/www.gramcommerce.si\/wp-content\/uploads\/2020\/05\/radenska_adriatic_logo.png&#8220; _builder_version=&#8220;4.4.3&#8243;][\/dica_divi_carouselitem][dica_divi_carouselitem admin_label=&#8220;cakovecki mlinovi&#8220; button_url_new_window=&#8220;1&#8243; image=&#8220;https:\/\/www.gramcommerce.si\/wp-content\/uploads\/2020\/05\/cak-mlinovi-logo-2018.png&#8220; _builder_version=&#8220;4.4.3&#8243;][\/dica_divi_carouselitem][\/dica_divi_carousel][\/et_pb_column][\/et_pb_row][\/et_pb_section]\n","protected":false},"excerpt":{"rendered":"<p>Kompanija Gram Commerce d.o.o. osnovana je 1992. godine u Mariboru. Nudimo vam kompleksna re\u0161enja za automatizaciju i logistiku za proizvodnje, skladi\u0161ta i otpremu robe. Na\u0161a oprema obuhvata najbolji i najkvalitetniji materijal, \u0161to korisniku garantuje dugi vek trajanja i visoku stopu bezbednog delovanja. Na\u0161e usmerenje je u automatizaciju procesa u cilju smanjenja samih tro\u0161kova, kao i [&hellip;]<\/p>\n","protected":false},"author":1,"featured_media":0,"parent":0,"menu_order":0,"comment_status":"closed","ping_status":"closed","template":"","meta":{"_seopress_robots_primary_cat":"","_seopress_titles_title":"","_seopress_titles_desc":"","_seopress_robots_index":"","_et_pb_use_builder":"on","_et_pb_old_content":"","_et_gb_content_width":"","footnotes":""},"class_list":["post-47671","page","type-page","status-publish","hentry"],"_links":{"self":[{"href":"https:\/\/www.gramcommerce.si\/sr\/wp-json\/wp\/v2\/pages\/47671","targetHints":{"allow":["GET"]}}],"collection":[{"href":"https:\/\/www.gramcommerce.si\/sr\/wp-json\/wp\/v2\/pages"}],"about":[{"href":"https:\/\/www.gramcommerce.si\/sr\/wp-json\/wp\/v2\/types\/page"}],"author":[{"embeddable":true,"href":"https:\/\/www.gramcommerce.si\/sr\/wp-json\/wp\/v2\/users\/1"}],"replies":[{"embeddable":true,"href":"https:\/\/www.gramcommerce.si\/sr\/wp-json\/wp\/v2\/comments?post=47671"}],"version-history":[{"count":11,"href":"https:\/\/www.gramcommerce.si\/sr\/wp-json\/wp\/v2\/pages\/47671\/revisions"}],"predecessor-version":[{"id":47900,"href":"https:\/\/www.gramcommerce.si\/sr\/wp-json\/wp\/v2\/pages\/47671\/revisions\/47900"}],"wp:attachment":[{"href":"https:\/\/www.gramcommerce.si\/sr\/wp-json\/wp\/v2\/media?parent=47671"}],"curies":[{"name":"wp","href":"https:\/\/api.w.org\/{rel}","templated":true}]}}