{"id":47673,"date":"2021-01-28T12:25:20","date_gmt":"2021-01-28T12:25:20","guid":{"rendered":"https:\/\/www.gramcommerce.si\/automatizacija-i-logistika-u-proizvodnji\/"},"modified":"2021-01-28T12:25:21","modified_gmt":"2021-01-28T12:25:21","slug":"automatizacija-i-logistika-u-proizvodnji","status":"publish","type":"page","link":"https:\/\/www.gramcommerce.si\/sr\/automatizacija-i-logistika-u-proizvodnji\/","title":{"rendered":"AUTOMATIZACIJA I LOGISTIKA U PROIZVODNJI"},"content":{"rendered":"<p>[et_pb_section fb_built=&#8220;1&#8243; _builder_version=&#8220;4.4.3&#8243; use_background_color_gradient=&#8220;on&#8220; background_color_gradient_start=&#8220;#eeeeee&#8220; background_color_gradient_end=&#8220;#ffffff&#8220; background_image=&#8220;https:\/\/www.gramcommerce.si\/wp-content\/uploads\/2020\/04\/title-back32gc.png&#8220; background_size=&#8220;contain&#8220; background_position=&#8220;top_right&#8220; custom_padding=&#8220;||76px|||&#8220; saved_tabs=&#8220;all&#8220;][et_pb_row column_structure=&#8220;3_5,2_5&#8243; _builder_version=&#8220;4.4.1&#8243; custom_padding=&#8220;49px||0px||false|false&#8220;][et_pb_column type=&#8220;3_5&#8243; _builder_version=&#8220;4.4.1&#8243;][et_pb_post_title meta=&#8220;off&#8220; featured_image=&#8220;off&#8220; _builder_version=&#8220;4.4.1&#8243; title_font_size=&#8220;32px&#8220; custom_margin=&#8220;||7px||false|false&#8220;][\/et_pb_post_title][et_pb_divider divider_weight=&#8220;4px&#8220; _builder_version=&#8220;4.4.1&#8243; width=&#8220;100px&#8220; animation_style=&#8220;slide&#8220; animation_direction=&#8220;right&#8220; animation_intensity_slide=&#8220;39%&#8220;][\/et_pb_divider][et_pb_text _builder_version=&#8220;4.4.3&#8243;]<\/p>\n<p>Nudimo re\u0161enja klju\u010d u ruke za kompanije u razli\u010ditim granama industrije (farmaceutska industrija, hemijska industrija, kozmeti\u010dka industrija, automobilska industrija, prehrambena industrija, industrija pi\u0107a i proizvodnja mle\u010dnih proizvoda i za druge industrije).<\/p>\n<p>[\/et_pb_text][\/et_pb_column][et_pb_column type=&#8220;2_5&#8243; _builder_version=&#8220;4.4.1&#8243;][\/et_pb_column][\/et_pb_row][\/et_pb_section][et_pb_section fb_built=&#8220;1&#8243; _builder_version=&#8220;4.4.3&#8243; background_enable_color=&#8220;off&#8220;][et_pb_row _builder_version=&#8220;4.4.3&#8243;][et_pb_column type=&#8220;4_4&#8243; _builder_version=&#8220;4.4.3&#8243;][et_pb_text _builder_version=&#8220;4.4.3&#8243;]<\/p>\n<h4>NUDIMO VAM<\/h4>\n<p>[\/et_pb_text][\/et_pb_column][\/et_pb_row][et_pb_row column_structure=&#8220;1_2,1_2&#8243; _builder_version=&#8220;4.4.2&#8243; custom_padding=&#8220;2px|||||&#8220;][et_pb_column type=&#8220;1_2&#8243; _builder_version=&#8220;4.4.2&#8243;][et_pb_text _builder_version=&#8220;4.4.3&#8243;]<\/p>\n<ul>\n<li>Transportne sisteme za transport ambala\u017ee u proizvodnju.<\/li>\n<li>Transportne sisteme iz proizvodnje u skladi\u0161te.<\/li>\n<li>Kompletna re\u0161enja vo\u0111enja logistike na relaciji: radni nalog \u2013 proizvodnja \u2013 skladi\u0161te \u2013 kamion\/kontejner.<\/li>\n<li>Klasi\u010dnu paletizaciju i depaletizaciju odn. klasi\u010dne depaletizere i paletizere.<\/li>\n<li>Robotizaciju u razli\u010dne svrhe upotrebe: depaletizacija, paletizacija, poslu\u017eivanje ma\u0161ina, razli\u010diti na\u010dini zavarivanja, bru\u0161enje, poliranje\u2026<\/li>\n<li>Sveobuhvatna re\u0161enja u automatizaciji proizvodnih linija.<\/li>\n<li>Robote, robotizaciju, automatizaciju.<\/li>\n<li>Robotske sisteme na klju\u010d u ruke za razli\u010dite namene.<\/li>\n<li>Kori\u0161\u0107ene robote KUKA (Premium roboti).<\/li>\n<li>Programiranje robota.<\/li>\n<\/ul>\n<p>[\/et_pb_text][\/et_pb_column][et_pb_column type=&#8220;1_2&#8243; _builder_version=&#8220;4.4.2&#8243;][et_pb_text _builder_version=&#8220;4.4.3&#8243;]<\/p>\n<ul>\n<li>Servis robota i linija.<\/li>\n<li>Servis robotizacije i robotskih \u0107elija.<\/li>\n<li>Programiranje kontrolera SIEMENS.<\/li>\n<li>Omota\u010di paleta, kartonerke, ma\u0161ine za povezivanje, ma\u0161ine za navla\u010denje folije.<\/li>\n<li>Transportnu opremu i transportne linije.<\/li>\n<li>RK linearno upravljanje, servo-motore, elektroopremu.<\/li>\n<li>Frekventne pretvara\u010de i motorne prenose LENZE, SEW.<\/li>\n<li>Ugradnju senzora, senzorike.<\/li>\n<li>Izradu elektroplanova (E-plan).<\/li>\n<li>Projektovanje robotskih \u0107elija.<\/li>\n<li>Preseljenje robotskih \u0107elija i automatizovanih linija.<\/li>\n<\/ul>\n<p>[\/et_pb_text][\/et_pb_column][\/et_pb_row][et_pb_row _builder_version=&#8220;4.4.3&#8243;][et_pb_column type=&#8220;4_4&#8243; _builder_version=&#8220;4.4.3&#8243;][et_pb_text _builder_version=&#8220;4.4.3&#8243;]<\/p>\n<h2>Robotizacija i automatizacija<\/h2>\n<p>Nudimo sve vrste robotskih \u0107elija za razli\u010dite namene u industriji. Pomo\u0107u robota robotizujemo-automatizujemo aplikacije kao \u0161to je poslu\u017eivanje ma\u0161ina, automatskih ma\u0161ina za se\u010denje i presa, ma\u0161ina za brizganje plastike i gume, zavarivanje TIG\/MIG\/MAG\/pod prahom, plazma zavarivanje i se\u010denje, paletizaciju i manipulaciju razli\u010ditih proizvoda, bru\u0161enje-poliranje, lakiranje-farbanje, se\u010denje, montiranje, lepljenje, \u0161rafljenje, 3D robotsko se\u010denje, frikciono zavarivanje, kontrolisanje proizvodnih procesa i aplikacije robotskog vida u najrazli\u010ditijim ostalim radnim procesima.<\/p>\n<p>[\/et_pb_text][\/et_pb_column][\/et_pb_row][et_pb_row column_structure=&#8220;3_5,2_5&#8243; _builder_version=&#8220;4.4.3&#8243; custom_margin=&#8220;-11px|auto||auto||&#8220;][et_pb_column type=&#8220;3_5&#8243; _builder_version=&#8220;4.4.3&#8243;][et_pb_text _builder_version=&#8220;4.4.3&#8243;]<\/p>\n<p><strong> Dodatu vrednost ostvarujemo pomo\u0107u:<\/strong><\/p>\n<ul>\n<li>Visokokvalitetne, pouzdane i efikasne opreme.<\/li>\n<li>Energetski efikasne i robusne opreme.<\/li>\n<li>Visoko automatizovane opreme.<\/li>\n<li>Modularnim dizajnom, koji omogu\u0107ava fleksibilnost i optimalnu implementaciju.<\/li>\n<li>Najnovijim bezbednosnim standardima.<\/li>\n<li>Inovativnim re\u0161enjima i visokom tehnologijom.<\/li>\n<li>Primenom znanja i dugogodi\u0161njih iskustava prilikom razvoja i konstrukcije opreme.<\/li>\n<li>Svi na\u0161i proizvodi su opremljeni sertifikatom za usagla\u0161enost sa oznakom CE.<\/li>\n<\/ul>\n<p>[\/et_pb_text][\/et_pb_column][et_pb_column type=&#8220;2_5&#8243; _builder_version=&#8220;4.4.3&#8243;][et_pb_image src=&#8220;https:\/\/www.gramcommerce.si\/wp-content\/uploads\/2020\/09\/avtomatizacija-in-logistika-v-proizvodnji.jpg&#8220; _builder_version=&#8220;4.4.3&#8243;][\/et_pb_image][\/et_pb_column][\/et_pb_row][et_pb_row _builder_version=&#8220;4.4.3&#8243; custom_padding=&#8220;45px||45px||false|false&#8220; border_width_bottom=&#8220;1px&#8220; border_color_bottom=&#8220;#eeeeee&#8220;][et_pb_column type=&#8220;4_4&#8243; _builder_version=&#8220;4.4.3&#8243;][et_pb_text _builder_version=&#8220;4.4.3&#8243; text_font=&#8220;|700|||||||&#8220; text_text_color=&#8220;#444444&#8243; text_font_size=&#8220;19px&#8220; text_orientation=&#8220;center&#8220;]<\/p>\n<p>Za sve projekte se posebno prilago\u0111avamo kupcu i nudimo re\u0161enje klju\u010d u ruke. <br \/>Obezbe\u0111ujemo isporuku, monta\u017eu, servis i garanciju i isporuku rezervnih delova.<\/p>\n<p>[\/et_pb_text][\/et_pb_column][\/et_pb_row][et_pb_row _builder_version=&#8220;4.4.3&#8243;][et_pb_column type=&#8220;4_4&#8243; _builder_version=&#8220;4.4.3&#8243;][et_pb_text _builder_version=&#8220;4.4.3&#8243;]<\/p>\n<h2>Primeri iz prakse<\/h2>\n<p>&nbsp;<\/p>\n<h3>Projektovanje i izvo\u0111enje logisti\u010dkih re\u0161enja proizvodnje \u2013 skladi\u0161te<\/h3>\n<p>[\/et_pb_text][et_pb_text _builder_version=&#8220;4.4.3&#8243;]<\/p>\n<p>Vertikalne automatske paletne dizalice. Transportni sistemi razli\u010dnih verzija. Spiralni sistemi za podizanje.<\/p>\n<p>[\/et_pb_text][\/et_pb_column][\/et_pb_row][et_pb_row column_structure=&#8220;1_4,1_4,1_4,1_4&#8243; _builder_version=&#8220;4.4.3&#8243; custom_padding=&#8220;0px|||||&#8220;][et_pb_column type=&#8220;1_4&#8243; _builder_version=&#8220;4.4.3&#8243;][et_pb_image src=&#8220;https:\/\/www.gramcommerce.si\/wp-content\/uploads\/2020\/09\/avtomatizacija-in-logistika-v-proizvodnji2.jpg&#8220; _builder_version=&#8220;4.4.3&#8243;][\/et_pb_image][\/et_pb_column][et_pb_column type=&#8220;1_4&#8243; _builder_version=&#8220;4.4.3&#8243;][et_pb_image src=&#8220;https:\/\/www.gramcommerce.si\/wp-content\/uploads\/2020\/09\/avtomatizacija-in-logistika-v-proizvodnji3.png&#8220; _builder_version=&#8220;4.4.3&#8243; border_width_all=&#8220;1px&#8220; border_color_all=&#8220;#eeeeee&#8220;][\/et_pb_image][\/et_pb_column][et_pb_column type=&#8220;1_4&#8243; _builder_version=&#8220;4.4.3&#8243;][et_pb_image src=&#8220;https:\/\/www.gramcommerce.si\/wp-content\/uploads\/2020\/09\/avtomatizacija-in-logistika-v-proizvodnji4.jpg&#8220; _builder_version=&#8220;4.4.3&#8243;][\/et_pb_image][\/et_pb_column][et_pb_column type=&#8220;1_4&#8243; _builder_version=&#8220;4.4.3&#8243;][et_pb_image src=&#8220;https:\/\/www.gramcommerce.si\/wp-content\/uploads\/2020\/09\/avtomatizacija-in-logistika-v-proizvodnji5.jpg&#8220; _builder_version=&#8220;4.4.3&#8243;][\/et_pb_image][\/et_pb_column][\/et_pb_row][et_pb_row column_structure=&#8220;1_4,1_4,1_4,1_4&#8243; _builder_version=&#8220;4.4.3&#8243; custom_padding=&#8220;0px||45px||false|false&#8220; border_width_bottom=&#8220;1px&#8220; border_color_bottom=&#8220;#eeeeee&#8220;][et_pb_column type=&#8220;1_4&#8243; _builder_version=&#8220;4.4.3&#8243;][et_pb_image src=&#8220;https:\/\/www.gramcommerce.si\/wp-content\/uploads\/2020\/09\/avtomatizacija-in-logistika-v-proizvodnji6.jpg&#8220; _builder_version=&#8220;4.4.3&#8243;][\/et_pb_image][\/et_pb_column][et_pb_column type=&#8220;1_4&#8243; _builder_version=&#8220;4.4.3&#8243;][et_pb_image src=&#8220;https:\/\/www.gramcommerce.si\/wp-content\/uploads\/2020\/09\/avtomatizacija-in-logistika-v-proizvodnji7.jpg&#8220; _builder_version=&#8220;4.4.3&#8243; border_width_all=&#8220;1px&#8220; border_color_all=&#8220;#eeeeee&#8220;][\/et_pb_image][\/et_pb_column][et_pb_column type=&#8220;1_4&#8243; _builder_version=&#8220;4.4.3&#8243;][et_pb_image src=&#8220;https:\/\/www.gramcommerce.si\/wp-content\/uploads\/2020\/09\/avtomatizacija-in-logistika-v-proizvodnji8.jpg&#8220; _builder_version=&#8220;4.4.3&#8243;][\/et_pb_image][\/et_pb_column][et_pb_column type=&#8220;1_4&#8243; _builder_version=&#8220;4.4.3&#8243;][et_pb_image src=&#8220;https:\/\/www.gramcommerce.si\/wp-content\/uploads\/2020\/09\/avtomatizacija-in-logistika-v-proizvodnji9.jpg&#8220; _builder_version=&#8220;4.4.3&#8243;][\/et_pb_image][\/et_pb_column][\/et_pb_row][et_pb_row _builder_version=&#8220;4.4.3&#8243;][et_pb_column type=&#8220;4_4&#8243; _builder_version=&#8220;4.4.3&#8243;][et_pb_text _builder_version=&#8220;4.4.3&#8243; hover_enabled=&#8220;0&#8243;]<\/p>\n<p>Specijalni sistemi manipulacije kartona, kesa, paketa (preuzimanje iz proizvodnje, transport u druge prostorije, spasavanje prostorske logistike).<\/p>\n<p>[\/et_pb_text][\/et_pb_column][\/et_pb_row][et_pb_row column_structure=&#8220;1_4,1_4,1_4,1_4&#8243; _builder_version=&#8220;4.4.3&#8243; custom_padding=&#8220;0px||45px||false|false&#8220; border_width_bottom=&#8220;1px&#8220; border_color_bottom=&#8220;#eeeeee&#8220;][et_pb_column type=&#8220;1_4&#8243; _builder_version=&#8220;4.4.3&#8243;][et_pb_image src=&#8220;https:\/\/www.gramcommerce.si\/wp-content\/uploads\/2020\/09\/avtomatizacija-in-logistika-v-proizvodnji10.jpg&#8220; _builder_version=&#8220;4.4.3&#8243;][\/et_pb_image][\/et_pb_column][et_pb_column type=&#8220;1_4&#8243; _builder_version=&#8220;4.4.3&#8243;][et_pb_image src=&#8220;https:\/\/www.gramcommerce.si\/wp-content\/uploads\/2020\/09\/avtomatizacija-in-logistika-v-proizvodnji11.jpg&#8220; _builder_version=&#8220;4.4.3&#8243; border_color_all=&#8220;#eeeeee&#8220;][\/et_pb_image][\/et_pb_column][et_pb_column type=&#8220;1_4&#8243; _builder_version=&#8220;4.4.3&#8243;][et_pb_image src=&#8220;https:\/\/www.gramcommerce.si\/wp-content\/uploads\/2020\/09\/avtomatizacija-in-logistika-v-proizvodnji12.jpg&#8220; _builder_version=&#8220;4.4.3&#8243;][\/et_pb_image][\/et_pb_column][et_pb_column type=&#8220;1_4&#8243; _builder_version=&#8220;4.4.3&#8243;][et_pb_image src=&#8220;https:\/\/www.gramcommerce.si\/wp-content\/uploads\/2020\/09\/avtomatizacija-in-logistika-v-proizvodnji13.jpg&#8220; _builder_version=&#8220;4.4.3&#8243;][\/et_pb_image][\/et_pb_column][\/et_pb_row][et_pb_row _builder_version=&#8220;4.4.3&#8243;][et_pb_column type=&#8220;4_4&#8243; _builder_version=&#8220;4.4.3&#8243;][et_pb_text _builder_version=&#8220;4.4.3&#8243;]<\/p>\n<p>Klasi\u010dna paletizacija i depaletizacija odn. klasi\u010dni paletizer i depaletizer (za termo pakete, kese, sanduke, kartone \u2026\u2026).<\/p>\n<p>[\/et_pb_text][\/et_pb_column][\/et_pb_row][et_pb_row column_structure=&#8220;1_4,1_4,1_4,1_4&#8243; _builder_version=&#8220;4.4.3&#8243; custom_padding=&#8220;3px|||||&#8220;][et_pb_column type=&#8220;1_4&#8243; _builder_version=&#8220;4.4.3&#8243;][et_pb_image src=&#8220;https:\/\/www.gramcommerce.si\/wp-content\/uploads\/2020\/09\/avtomatizacija-in-logistika-v-proizvodnji14.jpg&#8220; _builder_version=&#8220;4.4.3&#8243;][\/et_pb_image][\/et_pb_column][et_pb_column type=&#8220;1_4&#8243; _builder_version=&#8220;4.4.3&#8243;][et_pb_image src=&#8220;https:\/\/www.gramcommerce.si\/wp-content\/uploads\/2020\/09\/avtomatizacija-in-logistika-v-proizvodnji15.png&#8220; _builder_version=&#8220;4.4.3&#8243; border_width_all=&#8220;1px&#8220; border_color_all=&#8220;#eeeeee&#8220;][\/et_pb_image][\/et_pb_column][et_pb_column type=&#8220;1_4&#8243; _builder_version=&#8220;4.4.3&#8243;][et_pb_image src=&#8220;https:\/\/www.gramcommerce.si\/wp-content\/uploads\/2020\/09\/avtomatizacija-in-logistika-v-proizvodnji16.jpg&#8220; _builder_version=&#8220;4.4.3&#8243;][\/et_pb_image][\/et_pb_column][et_pb_column type=&#8220;1_4&#8243; _builder_version=&#8220;4.4.3&#8243;][et_pb_image src=&#8220;https:\/\/www.gramcommerce.si\/wp-content\/uploads\/2020\/09\/avtomatizacija-in-logistika-v-proizvodnji17.jpg&#8220; _builder_version=&#8220;4.4.3&#8243;][\/et_pb_image][\/et_pb_column][\/et_pb_row][et_pb_row column_structure=&#8220;1_4,1_4,1_4,1_4&#8243; _builder_version=&#8220;4.4.3&#8243; custom_padding=&#8220;0px||45px||false|false&#8220; border_width_bottom=&#8220;1px&#8220; border_color_bottom=&#8220;#eeeeee&#8220;][et_pb_column type=&#8220;1_4&#8243; _builder_version=&#8220;4.4.3&#8243;][et_pb_image src=&#8220;https:\/\/www.gramcommerce.si\/wp-content\/uploads\/2020\/09\/avtomatizacija-in-logistika-v-proizvodnji18.jpg&#8220; _builder_version=&#8220;4.4.3&#8243;][\/et_pb_image][\/et_pb_column][et_pb_column type=&#8220;1_4&#8243; _builder_version=&#8220;4.4.3&#8243;][et_pb_image src=&#8220;https:\/\/www.gramcommerce.si\/wp-content\/uploads\/2020\/09\/avtomatizacija-in-logistika-v-proizvodnji19.jpg&#8220; _builder_version=&#8220;4.4.3&#8243; border_width_all=&#8220;1px&#8220; border_color_all=&#8220;#eeeeee&#8220;][\/et_pb_image][\/et_pb_column][et_pb_column type=&#8220;1_4&#8243; _builder_version=&#8220;4.4.3&#8243;][et_pb_image src=&#8220;https:\/\/www.gramcommerce.si\/wp-content\/uploads\/2020\/09\/avtomatizacija-in-logistika-v-proizvodnji20.jpg&#8220; _builder_version=&#8220;4.4.3&#8243;][\/et_pb_image][\/et_pb_column][et_pb_column type=&#8220;1_4&#8243; _builder_version=&#8220;4.4.3&#8243;][\/et_pb_column][\/et_pb_row][et_pb_row _builder_version=&#8220;4.4.3&#8243;][et_pb_column type=&#8220;4_4&#8243; _builder_version=&#8220;4.4.3&#8243;][et_pb_text _builder_version=&#8220;4.4.3&#8243; hover_enabled=&#8220;0&#8243;]<\/p>\n<p>Depaletizacija ili depaletizer boca.<\/p>\n<p>[\/et_pb_text][\/et_pb_column][\/et_pb_row][et_pb_row column_structure=&#8220;1_4,1_4,1_4,1_4&#8243; _builder_version=&#8220;4.4.3&#8243; custom_padding=&#8220;0px||45px||false|false&#8220; border_width_bottom=&#8220;1px&#8220; border_color_bottom=&#8220;#eeeeee&#8220;][et_pb_column type=&#8220;1_4&#8243; _builder_version=&#8220;4.4.3&#8243;][et_pb_image src=&#8220;https:\/\/www.gramcommerce.si\/wp-content\/uploads\/2020\/09\/avtomatizacija-in-logistika-v-proizvodnji21.jpg&#8220; _builder_version=&#8220;4.4.3&#8243;][\/et_pb_image][\/et_pb_column][et_pb_column type=&#8220;1_4&#8243; _builder_version=&#8220;4.4.3&#8243;][et_pb_image src=&#8220;https:\/\/www.gramcommerce.si\/wp-content\/uploads\/2020\/09\/avtomatizacija-in-logistika-v-proizvodnji22.jpg&#8220; _builder_version=&#8220;4.4.3&#8243; border_width_all=&#8220;1px&#8220; border_color_all=&#8220;#eeeeee&#8220;][\/et_pb_image][\/et_pb_column][et_pb_column type=&#8220;1_4&#8243; _builder_version=&#8220;4.4.3&#8243;][et_pb_image src=&#8220;https:\/\/www.gramcommerce.si\/wp-content\/uploads\/2020\/09\/avtomatizacija-in-logistika-v-proizvodnji23.jpg&#8220; _builder_version=&#8220;4.4.3&#8243;][\/et_pb_image][\/et_pb_column][et_pb_column type=&#8220;1_4&#8243; _builder_version=&#8220;4.4.3&#8243;][\/et_pb_column][\/et_pb_row][et_pb_row _builder_version=&#8220;4.4.3&#8243;][et_pb_column type=&#8220;4_4&#8243; _builder_version=&#8220;4.4.3&#8243;][et_pb_text _builder_version=&#8220;4.4.3&#8243;]<\/p>\n<p>Robotizacija za razli\u010dite namene upotrebe.<\/p>\n<p>[\/et_pb_text][\/et_pb_column][\/et_pb_row][et_pb_row column_structure=&#8220;1_4,1_4,1_4,1_4&#8243; _builder_version=&#8220;4.4.3&#8243; custom_padding=&#8220;0px|||||&#8220;][et_pb_column type=&#8220;1_4&#8243; _builder_version=&#8220;4.4.3&#8243;][et_pb_image src=&#8220;https:\/\/www.gramcommerce.si\/wp-content\/uploads\/2020\/09\/avtomatizacija-in-logistika-v-proizvodnji24.jpg&#8220; _builder_version=&#8220;4.4.3&#8243;][\/et_pb_image][\/et_pb_column][et_pb_column type=&#8220;1_4&#8243; _builder_version=&#8220;4.4.3&#8243;][et_pb_image src=&#8220;https:\/\/www.gramcommerce.si\/wp-content\/uploads\/2020\/09\/avtomatizacija-in-logistika-v-proizvodnji25.jpg&#8220; _builder_version=&#8220;4.4.3&#8243; border_color_all=&#8220;#eeeeee&#8220;][\/et_pb_image][\/et_pb_column][et_pb_column type=&#8220;1_4&#8243; _builder_version=&#8220;4.4.3&#8243;][et_pb_image src=&#8220;https:\/\/www.gramcommerce.si\/wp-content\/uploads\/2020\/09\/avtomatizacija-in-logistika-v-proizvodnji26.jpg&#8220; _builder_version=&#8220;4.4.3&#8243;][\/et_pb_image][\/et_pb_column][et_pb_column type=&#8220;1_4&#8243; _builder_version=&#8220;4.4.3&#8243;][et_pb_image src=&#8220;https:\/\/www.gramcommerce.si\/wp-content\/uploads\/2020\/09\/avtomatizacija-in-logistika-v-proizvodnji27.jpg&#8220; _builder_version=&#8220;4.4.3&#8243;][\/et_pb_image][\/et_pb_column][\/et_pb_row][et_pb_row column_structure=&#8220;1_4,1_4,1_4,1_4&#8243; _builder_version=&#8220;4.4.3&#8243; custom_padding=&#8220;0px|||||&#8220;][et_pb_column type=&#8220;1_4&#8243; _builder_version=&#8220;4.4.3&#8243;][et_pb_image src=&#8220;https:\/\/www.gramcommerce.si\/wp-content\/uploads\/2020\/09\/avtomatizacija-in-logistika-v-proizvodnji28.jpg&#8220; _builder_version=&#8220;4.4.3&#8243;][\/et_pb_image][\/et_pb_column][et_pb_column type=&#8220;1_4&#8243; _builder_version=&#8220;4.4.3&#8243;][et_pb_image src=&#8220;https:\/\/www.gramcommerce.si\/wp-content\/uploads\/2020\/09\/avtomatizacija-in-logistika-v-proizvodnji29.jpg&#8220; _builder_version=&#8220;4.4.3&#8243; border_color_all=&#8220;#eeeeee&#8220;][\/et_pb_image][\/et_pb_column][et_pb_column type=&#8220;1_4&#8243; _builder_version=&#8220;4.4.3&#8243;][et_pb_image src=&#8220;https:\/\/www.gramcommerce.si\/wp-content\/uploads\/2020\/09\/avtomatizacija-in-logistika-v-proizvodnji30.jpg&#8220; _builder_version=&#8220;4.4.3&#8243;][\/et_pb_image][\/et_pb_column][et_pb_column type=&#8220;1_4&#8243; _builder_version=&#8220;4.4.3&#8243;][et_pb_image src=&#8220;https:\/\/www.gramcommerce.si\/wp-content\/uploads\/2020\/09\/avtomatizacija-in-logistika-v-proizvodnji31-1.jpg&#8220; _builder_version=&#8220;4.4.3&#8243;][\/et_pb_image][\/et_pb_column][\/et_pb_row][et_pb_row column_structure=&#8220;1_4,1_4,1_4,1_4&#8243; _builder_version=&#8220;4.4.3&#8243; custom_padding=&#8220;2px||45px||false|false&#8220; border_width_bottom=&#8220;1px&#8220; border_color_bottom=&#8220;#eeeeee&#8220;][et_pb_column type=&#8220;1_4&#8243; _builder_version=&#8220;4.4.3&#8243;][et_pb_image src=&#8220;https:\/\/www.gramcommerce.si\/wp-content\/uploads\/2020\/09\/avtomatizacija-in-logistika-v-proizvodnji32.jpg&#8220; _builder_version=&#8220;4.4.3&#8243;][\/et_pb_image][\/et_pb_column][et_pb_column type=&#8220;1_4&#8243; _builder_version=&#8220;4.4.3&#8243;][et_pb_image src=&#8220;https:\/\/www.gramcommerce.si\/wp-content\/uploads\/2020\/09\/avtomatizacija-in-logistika-v-proizvodnji33.jpg&#8220; _builder_version=&#8220;4.4.3&#8243; border_color_all=&#8220;#eeeeee&#8220;][\/et_pb_image][\/et_pb_column][et_pb_column type=&#8220;1_4&#8243; _builder_version=&#8220;4.4.3&#8243;][et_pb_image src=&#8220;https:\/\/www.gramcommerce.si\/wp-content\/uploads\/2020\/09\/avtomatizacija-in-logistika-v-proizvodnji34.png&#8220; _builder_version=&#8220;4.4.3&#8243;][\/et_pb_image][\/et_pb_column][et_pb_column type=&#8220;1_4&#8243; _builder_version=&#8220;4.4.3&#8243;][et_pb_image src=&#8220;https:\/\/www.gramcommerce.si\/wp-content\/uploads\/2020\/09\/avtomatizacija-in-logistika-v-proizvodnji1.jpg&#8220; _builder_version=&#8220;4.4.3&#8243;][\/et_pb_image][\/et_pb_column][\/et_pb_row][et_pb_row _builder_version=&#8220;4.4.3&#8243;][et_pb_column type=&#8220;4_4&#8243; _builder_version=&#8220;4.4.3&#8243;][et_pb_text _builder_version=&#8220;4.4.3&#8243;]<\/p>\n<p>Magnetne glave i robotizacija, za razli\u010dite namene upotrebe.<\/p>\n<p>[\/et_pb_text][\/et_pb_column][\/et_pb_row][et_pb_row column_structure=&#8220;1_4,1_4,1_4,1_4&#8243; _builder_version=&#8220;4.4.3&#8243; custom_padding=&#8220;0px||45px||false|false&#8220; border_width_bottom=&#8220;1px&#8220; border_color_bottom=&#8220;#eeeeee&#8220;][et_pb_column type=&#8220;1_4&#8243; _builder_version=&#8220;4.4.3&#8243;][et_pb_image src=&#8220;https:\/\/www.gramcommerce.si\/wp-content\/uploads\/2020\/09\/avtomatizacija-in-logistika-v-proizvodnji35-1.jpg&#8220; _builder_version=&#8220;4.4.3&#8243;][\/et_pb_image][\/et_pb_column][et_pb_column type=&#8220;1_4&#8243; _builder_version=&#8220;4.4.3&#8243;][et_pb_image src=&#8220;https:\/\/www.gramcommerce.si\/wp-content\/uploads\/2020\/09\/avtomatizacija-in-logistika-v-proizvodnji36.jpg&#8220; _builder_version=&#8220;4.4.3&#8243; border_width_all=&#8220;1px&#8220; border_color_all=&#8220;#eeeeee&#8220;][\/et_pb_image][\/et_pb_column][et_pb_column type=&#8220;1_4&#8243; _builder_version=&#8220;4.4.3&#8243;][et_pb_image src=&#8220;https:\/\/www.gramcommerce.si\/wp-content\/uploads\/2020\/09\/avtomatizacija-in-logistika-v-proizvodnji37.jpg&#8220; _builder_version=&#8220;4.4.3&#8243;][\/et_pb_image][\/et_pb_column][et_pb_column type=&#8220;1_4&#8243; _builder_version=&#8220;4.4.3&#8243;][\/et_pb_column][\/et_pb_row][et_pb_row _builder_version=&#8220;4.4.3&#8243;][et_pb_column type=&#8220;4_4&#8243; _builder_version=&#8220;4.4.3&#8243;][et_pb_text _builder_version=&#8220;4.4.3&#8243;]<\/p>\n<p>Kompletna linijska re\u0161enje (vizualizacija, farbanje, transportni sistem).<\/p>\n<p>[\/et_pb_text][\/et_pb_column][\/et_pb_row][et_pb_row column_structure=&#8220;1_4,1_4,1_4,1_4&#8243; _builder_version=&#8220;4.4.3&#8243; custom_padding=&#8220;0px||45px||false|false&#8220; border_width_bottom=&#8220;1px&#8220; border_color_bottom=&#8220;#eeeeee&#8220;][et_pb_column type=&#8220;1_4&#8243; _builder_version=&#8220;4.4.3&#8243;][et_pb_image src=&#8220;https:\/\/www.gramcommerce.si\/wp-content\/uploads\/2020\/09\/avtomatizacija-in-logistika-v-proizvodnji38.jpg&#8220; _builder_version=&#8220;4.4.3&#8243;][\/et_pb_image][\/et_pb_column][et_pb_column type=&#8220;1_4&#8243; _builder_version=&#8220;4.4.3&#8243;][et_pb_image src=&#8220;https:\/\/www.gramcommerce.si\/wp-content\/uploads\/2020\/09\/avtomatizacija-in-logistika-v-proizvodnji39.jpg&#8220; _builder_version=&#8220;4.4.3&#8243; border_width_all=&#8220;1px&#8220; border_color_all=&#8220;#eeeeee&#8220;][\/et_pb_image][\/et_pb_column][et_pb_column type=&#8220;1_4&#8243; _builder_version=&#8220;4.4.3&#8243;][et_pb_image src=&#8220;https:\/\/www.gramcommerce.si\/wp-content\/uploads\/2020\/09\/avtomatizacija-in-logistika-v-proizvodnji40.jpg&#8220; _builder_version=&#8220;4.4.3&#8243;][\/et_pb_image][\/et_pb_column][et_pb_column type=&#8220;1_4&#8243; _builder_version=&#8220;4.4.3&#8243;][\/et_pb_column][\/et_pb_row][et_pb_row _builder_version=&#8220;4.4.3&#8243;][et_pb_column type=&#8220;4_4&#8243; _builder_version=&#8220;4.4.3&#8243;][et_pb_text _builder_version=&#8220;4.4.3&#8243;]<\/p>\n<p>Re\u0161enja na metalnim proizvodima i plastici.<\/p>\n<p>[\/et_pb_text][\/et_pb_column][\/et_pb_row][et_pb_row column_structure=&#8220;1_4,1_4,1_4,1_4&#8243; _builder_version=&#8220;4.4.3&#8243; custom_padding=&#8220;0px|||||&#8220;][et_pb_column type=&#8220;1_4&#8243; _builder_version=&#8220;4.4.3&#8243;][et_pb_image src=&#8220;https:\/\/www.gramcommerce.si\/wp-content\/uploads\/2020\/09\/avtomatizacija-in-logistika-v-proizvodnji41.jpg&#8220; _builder_version=&#8220;4.4.3&#8243;][\/et_pb_image][\/et_pb_column][et_pb_column type=&#8220;1_4&#8243; _builder_version=&#8220;4.4.3&#8243;][et_pb_image src=&#8220;https:\/\/www.gramcommerce.si\/wp-content\/uploads\/2020\/09\/avtomatizacija-in-logistika-v-proizvodnji42.jpg&#8220; _builder_version=&#8220;4.4.3&#8243; border_width_all=&#8220;1px&#8220; border_color_all=&#8220;#eeeeee&#8220;][\/et_pb_image][\/et_pb_column][et_pb_column type=&#8220;1_4&#8243; _builder_version=&#8220;4.4.3&#8243;][et_pb_image src=&#8220;https:\/\/www.gramcommerce.si\/wp-content\/uploads\/2020\/09\/avtomatizacija-in-logistika-v-proizvodnji43.jpg&#8220; _builder_version=&#8220;4.4.3&#8243;][\/et_pb_image][\/et_pb_column][et_pb_column type=&#8220;1_4&#8243; _builder_version=&#8220;4.4.3&#8243;][\/et_pb_column][\/et_pb_row][\/et_pb_section]<\/p>\n","protected":false},"excerpt":{"rendered":"<p>Nudimo re\u0161enja klju\u010d u ruke za kompanije u razli\u010ditim granama industrije (farmaceutska industrija, hemijska industrija, kozmeti\u010dka industrija, automobilska industrija, prehrambena industrija, industrija pi\u0107a i proizvodnja mle\u010dnih proizvoda i za druge industrije).NUDIMO VAM Transportne sisteme za transport ambala\u017ee u proizvodnju. Transportne sisteme iz proizvodnje u skladi\u0161te. Kompletna re\u0161enja vo\u0111enja logistike na relaciji: radni nalog \u2013 proizvodnja [&hellip;]<\/p>\n","protected":false},"author":1,"featured_media":0,"parent":0,"menu_order":0,"comment_status":"closed","ping_status":"closed","template":"","meta":{"_seopress_robots_primary_cat":"","_seopress_titles_title":"","_seopress_titles_desc":"","_seopress_robots_index":"","_et_pb_use_builder":"on","_et_pb_old_content":"","_et_gb_content_width":"","footnotes":""},"class_list":["post-47673","page","type-page","status-publish","hentry"],"_links":{"self":[{"href":"https:\/\/www.gramcommerce.si\/sr\/wp-json\/wp\/v2\/pages\/47673","targetHints":{"allow":["GET"]}}],"collection":[{"href":"https:\/\/www.gramcommerce.si\/sr\/wp-json\/wp\/v2\/pages"}],"about":[{"href":"https:\/\/www.gramcommerce.si\/sr\/wp-json\/wp\/v2\/types\/page"}],"author":[{"embeddable":true,"href":"https:\/\/www.gramcommerce.si\/sr\/wp-json\/wp\/v2\/users\/1"}],"replies":[{"embeddable":true,"href":"https:\/\/www.gramcommerce.si\/sr\/wp-json\/wp\/v2\/comments?post=47673"}],"version-history":[{"count":4,"href":"https:\/\/www.gramcommerce.si\/sr\/wp-json\/wp\/v2\/pages\/47673\/revisions"}],"predecessor-version":[{"id":47677,"href":"https:\/\/www.gramcommerce.si\/sr\/wp-json\/wp\/v2\/pages\/47673\/revisions\/47677"}],"wp:attachment":[{"href":"https:\/\/www.gramcommerce.si\/sr\/wp-json\/wp\/v2\/media?parent=47673"}],"curies":[{"name":"wp","href":"https:\/\/api.w.org\/{rel}","templated":true}]}}