{"id":47683,"date":"2021-02-01T10:12:06","date_gmt":"2021-02-01T10:12:06","guid":{"rendered":"https:\/\/www.gramcommerce.si\/automatizacija-i-logistika-u-skladistu\/"},"modified":"2021-03-22T13:42:21","modified_gmt":"2021-03-22T13:42:21","slug":"automatizacija-i-logistika-u-skladistu","status":"publish","type":"page","link":"https:\/\/www.gramcommerce.si\/sr\/automatizacija-i-logistika-u-skladistu\/","title":{"rendered":"AUTOMATIZACIJA I LOGISTIKA U SKLADI\u0160TU"},"content":{"rendered":"<p>[et_pb_section fb_built=&#8220;1&#8243; _builder_version=&#8220;4.4.3&#8243; use_background_color_gradient=&#8220;on&#8220; background_color_gradient_start=&#8220;#eeeeee&#8220; background_color_gradient_end=&#8220;#ffffff&#8220; background_image=&#8220;https:\/\/www.gramcommerce.si\/wp-content\/uploads\/2020\/04\/title-back32gc.png&#8220; background_size=&#8220;contain&#8220; background_position=&#8220;top_right&#8220; custom_padding=&#8220;||45px|||&#8220; saved_tabs=&#8220;all&#8220;][et_pb_row column_structure=&#8220;3_5,2_5&#8243; _builder_version=&#8220;4.4.1&#8243; custom_padding=&#8220;49px||0px||false|false&#8220;][et_pb_column type=&#8220;3_5&#8243; _builder_version=&#8220;4.4.1&#8243;][et_pb_post_title meta=&#8220;off&#8220; featured_image=&#8220;off&#8220; _builder_version=&#8220;4.4.1&#8243; title_font_size=&#8220;32px&#8220; custom_margin=&#8220;||7px||false|false&#8220;][\/et_pb_post_title][et_pb_divider divider_weight=&#8220;4px&#8220; _builder_version=&#8220;4.4.1&#8243; width=&#8220;100px&#8220; animation_style=&#8220;slide&#8220; animation_direction=&#8220;right&#8220; animation_intensity_slide=&#8220;39%&#8220;][\/et_pb_divider][et_pb_text _builder_version=&#8220;4.4.3&#8243;]<\/p>\n<p>Nudimo logisti\u010dke sisteme klju\u010d u ruke za skladi\u0161tenje razli\u010ditih verzija paleta, sa krajnjim proizvodima (palete EURO 800\u00d71200, 1000\u00d71200 i 600\u00d71200 mm).<\/p>\n<p>[\/et_pb_text][\/et_pb_column][et_pb_column type=&#8220;2_5&#8243; _builder_version=&#8220;4.4.1&#8243;][\/et_pb_column][\/et_pb_row][\/et_pb_section][et_pb_section fb_built=&#8220;1&#8243; _builder_version=&#8220;4.4.3&#8243;][et_pb_row column_structure=&#8220;3_5,2_5&#8243; _builder_version=&#8220;4.4.3&#8243;][et_pb_column type=&#8220;3_5&#8243; _builder_version=&#8220;4.4.3&#8243;][et_pb_text _builder_version=&#8220;4.4.3&#8243;]<\/p>\n<h3>NUDIMO VAM:<\/h3>\n<ul>\n<li>\n<p>Preuzimanje i kontrolu paleta, koje je potrebno uskladi\u0161titi.<\/p>\n<\/li>\n<li>\n<p>Izrada jednostubnih i dvostubnih dizalica za punjenje skladi\u0161nih regala.<\/p>\n<\/li>\n<li>\n<p>Izrada i monta\u017ea kompletnih skladi\u0161no regalnih sistema.<\/p>\n<\/li>\n<li>\n<p>Proto\u010dna i visokoregalna skladi\u0161ta.<\/p>\n<\/li>\n<li>\n<p>Projektovanje i izvo\u0111enje skladi\u0161ta (od temelja do zavr\u0161ne gradnje).<\/p>\n<\/li>\n<li>\n<p>Kompletna re\u0161enja vo\u0111enja logistike skladi\u0161ta.<\/p>\n<\/li>\n<\/ul>\n<p>[\/et_pb_text][\/et_pb_column][et_pb_column type=&#8220;2_5&#8243; _builder_version=&#8220;4.4.3&#8243;][et_pb_image src=&#8220;https:\/\/www.gramcommerce.si\/wp-content\/uploads\/2020\/09\/avtomatizacija-in-logistika-v-skladiscu.jpg&#8220; _builder_version=&#8220;4.4.3&#8243;][\/et_pb_image][\/et_pb_column][\/et_pb_row][\/et_pb_section][et_pb_section fb_built=&#8220;1&#8243; _builder_version=&#8220;4.4.2&#8243; custom_padding=&#8220;0px|||||&#8220;][et_pb_row _builder_version=&#8220;4.4.2&#8243; background_image=&#8220;https:\/\/www.gramcommerce.si\/wp-content\/uploads\/2020\/04\/gramcommerce_back.png&#8220; background_size=&#8220;initial&#8220; custom_padding=&#8220;||0px||false|false&#8220; locked=&#8220;off&#8220;][et_pb_column type=&#8220;4_4&#8243; _builder_version=&#8220;4.4.2&#8243;][et_pb_text _builder_version=&#8220;4.4.2&#8243; header_2_text_align=&#8220;center&#8220; custom_margin=&#8220;||15px|||&#8220; custom_padding=&#8220;1px||||false|false&#8220;]<\/p>\n<h2>BROJNE REFERENCE ZA<\/h2>\n<p>[\/et_pb_text][\/et_pb_column][\/et_pb_row][et_pb_row column_structure=&#8220;1_5,1_5,1_5,1_5,1_5&#8243; make_equal=&#8220;on&#8220; _builder_version=&#8220;4.4.2&#8243; custom_margin=&#8220;24px|auto||auto||&#8220;][et_pb_column type=&#8220;1_5&#8243; module_class=&#8220;ds-vertical-align&#8220; _builder_version=&#8220;4.4.2&#8243; custom_padding=&#8220;35px|9px|35px|9px|true|true&#8220; border_width_all=&#8220;2px&#8220; border_color_all=&#8220;#83ca9c&#8220; box_shadow_style=&#8220;preset1&#8243; box_shadow_blur=&#8220;55px&#8220; box_shadow_color=&#8220;#ffffff&#8220; border_color_all__hover_enabled=&#8220;off|hover&#8220; border_color_all__hover=&#8220;#83ca9c&#8220; box_shadow_color__hover_enabled=&#8220;on|hover&#8220; box_shadow_color__hover=&#8220;rgba(0,0,0,0.18)&#8220;][et_pb_text _builder_version=&#8220;4.4.3&#8243; text_font=&#8220;|700||on|||||&#8220; text_orientation=&#8220;center&#8220;]<\/p>\n<p>Regalne dizalice<\/p>\n<p>[\/et_pb_text][\/et_pb_column][et_pb_column type=&#8220;1_5&#8243; module_class=&#8220;ds-vertical-align&#8220; _builder_version=&#8220;4.4.2&#8243; custom_padding=&#8220;35px|9px|35px|9px|true|true&#8220; border_width_all=&#8220;2px&#8220; border_color_all=&#8220;#83ca9c&#8220; box_shadow_style=&#8220;preset1&#8243; box_shadow_blur=&#8220;55px&#8220; box_shadow_color=&#8220;#ffffff&#8220; border_color_all__hover=&#8220;#83ca9c&#8220; border_color_all__hover_enabled=&#8220;on|hover&#8220; box_shadow_color__hover=&#8220;rgba(0,0,0,0.18)&#8220; box_shadow_color__hover_enabled=&#8220;on|hover&#8220;][et_pb_text _builder_version=&#8220;4.4.2&#8243; text_font=&#8220;|700||on|||||&#8220; text_orientation=&#8220;center&#8220;]<\/p>\n<p>Proto\u010dna skladi\u0161ta<\/p>\n<p>[\/et_pb_text][\/et_pb_column][et_pb_column type=&#8220;1_5&#8243; module_class=&#8220;ds-vertical-align&#8220; _builder_version=&#8220;4.4.2&#8243; custom_padding=&#8220;35px|9px|35px|9px|true|true&#8220; border_width_all=&#8220;2px&#8220; border_color_all=&#8220;#83ca9c&#8220; box_shadow_style=&#8220;preset1&#8243; box_shadow_blur=&#8220;55px&#8220; box_shadow_color=&#8220;#ffffff&#8220; border_color_all__hover=&#8220;#83ca9c&#8220; border_color_all__hover_enabled=&#8220;on|hover&#8220; box_shadow_color__hover=&#8220;rgba(0,0,0,0.18)&#8220; box_shadow_color__hover_enabled=&#8220;on|hover&#8220;][et_pb_text _builder_version=&#8220;4.4.2&#8243; text_font=&#8220;|700||on|||||&#8220; text_orientation=&#8220;center&#8220;]<\/p>\n<p>Transportna kolica<\/p>\n<p>[\/et_pb_text][\/et_pb_column][et_pb_column type=&#8220;1_5&#8243; module_class=&#8220;ds-vertical-align&#8220; _builder_version=&#8220;4.4.2&#8243; custom_padding=&#8220;35px|9px|35px|9px|true|true&#8220; border_width_all=&#8220;2px&#8220; border_color_all=&#8220;#83ca9c&#8220; box_shadow_style=&#8220;preset1&#8243; box_shadow_blur=&#8220;55px&#8220; box_shadow_color=&#8220;#ffffff&#8220; border_color_all__hover=&#8220;#83ca9c&#8220; border_color_all__hover_enabled=&#8220;on|hover&#8220; box_shadow_color__hover=&#8220;rgba(0,0,0,0.18)&#8220; box_shadow_color__hover_enabled=&#8220;on|hover&#8220;][et_pb_text _builder_version=&#8220;4.4.2&#8243; text_font=&#8220;|700||on|||||&#8220; text_orientation=&#8220;center&#8220;]<\/p>\n<p>Transportni sistemi<\/p>\n<p>[\/et_pb_text][\/et_pb_column][et_pb_column type=&#8220;1_5&#8243; module_class=&#8220;ds-vertical-align&#8220; _builder_version=&#8220;4.4.2&#8243; custom_padding=&#8220;35px|9px|35px|9px|true|true&#8220; border_width_all=&#8220;2px&#8220; border_color_all=&#8220;#83ca9c&#8220; box_shadow_style=&#8220;preset1&#8243; box_shadow_blur=&#8220;55px&#8220; box_shadow_color=&#8220;#ffffff&#8220; border_color_all__hover=&#8220;#83ca9c&#8220; border_color_all__hover_enabled=&#8220;on|hover&#8220; box_shadow_color__hover=&#8220;rgba(0,0,0,0.18)&#8220; box_shadow_color__hover_enabled=&#8220;on|hover&#8220;][et_pb_text _builder_version=&#8220;4.4.3&#8243; text_font=&#8220;|700||on|||||&#8220; text_orientation=&#8220;center&#8220;]<\/p>\n<p>Automatska regalna skladi\u0161ta<\/p>\n<p>[\/et_pb_text][\/et_pb_column][\/et_pb_row][\/et_pb_section][et_pb_section fb_built=&#8220;1&#8243; _builder_version=&#8220;4.4.2&#8243; background_color=&#8220;#eeeeee&#8220;][et_pb_row column_structure=&#8220;1_2,1_2&#8243; _builder_version=&#8220;4.4.2&#8243;][et_pb_column type=&#8220;1_2&#8243; _builder_version=&#8220;4.4.2&#8243;][et_pb_text _builder_version=&#8220;4.4.3&#8243;]<\/p>\n<p>Sara\u0111ujemo sa odli\u010dnim stru\u010dnjacima za projektovanje, vo\u0111enje i izvo\u0111enje najzahtevnijih projekata u oblasti logistike i izrade dizalica velike nosivosti. Na\u0161e stru\u010dnjake \u010dine odli\u010dni in\u017eenjeri elektrotehnike, ma\u0161instva i gra\u0111evinarstva, kao i stru\u010dnjaci u oblasti ra\u010dunarstva i informatike. Mo\u017eemo ponuditi vo\u0111enje projekata, projektovanje, izvo\u0111enje radova u radionicama i na terenu, ispitivanje, pu\u0161tanje u pogon i kontrolu. Pratimo in\u017eenjering izvo\u0111enja projekata po sistemu funkcionalnog klju\u010da.<\/p>\n<p>[\/et_pb_text][\/et_pb_column][et_pb_column type=&#8220;1_2&#8243; _builder_version=&#8220;4.4.2&#8243;][et_pb_text _builder_version=&#8220;4.4.3&#8243;]<\/p>\n<p>Obezbe\u0111ujem brzu i kvalitetnu reakciju i prilagodljivost naru\u010diocu u cilju optimizacije tro\u0161kova, po\u0161tovanja vremenskih okvira i obezbe\u0111ivanja kvaliteta. Projektovanje mehani\u010dkih delova i elektri\u010dnih veza i razvoj softvera temelje se na dugogodi\u0161njim iskustvima stru\u010dnjaka. Proizvodne delatnosti izvode partnerska preduze\u0107a u kojima mo\u017eemo da obezbedimo visoku stru\u010dnost i preciznost izrade u \u017eeljenim vremenskim okvirima. Na\u0161a grupa stru\u010dnjaka je obu\u010dena za terenske radove. Imamo iskustva sa pu\u0161tanjem sistema u pogon i sposobni smo da se suo\u010dimo sa najrazli\u010ditijim izazovima.<\/p>\n<p>[\/et_pb_text][\/et_pb_column][\/et_pb_row][et_pb_row _builder_version=&#8220;4.4.2&#8243;][et_pb_column type=&#8220;4_4&#8243; _builder_version=&#8220;4.4.2&#8243;][et_pb_text _builder_version=&#8220;4.4.3&#8243; text_font=&#8220;|700|||||||&#8220; text_text_color=&#8220;#000000&#8243; text_font_size=&#8220;19px&#8220; text_orientation=&#8220;center&#8220;]<\/p>\n<p>Za sve projekte se posebno prilago\u0111avamo kupcu i nudimo ih po sistemu klju\u010d u ruke.<br \/>Obezbe\u0111ujemo isporuku, monta\u017eu, servis i garanciju i isporuku rezervnih delova.<\/p>\n<p>[\/et_pb_text][\/et_pb_column][\/et_pb_row][\/et_pb_section][et_pb_section fb_built=&#8220;1&#8243; _builder_version=&#8220;4.4.3&#8243;][et_pb_row _builder_version=&#8220;4.4.3&#8243;][et_pb_column type=&#8220;4_4&#8243; _builder_version=&#8220;4.4.3&#8243;][et_pb_text _builder_version=&#8220;4.4.3&#8243;]<\/p>\n<h2>Primeri iz prakse<\/h2>\n<p>&nbsp;<\/p>\n<h3>Jednostubne i dvostubne regalne dizalice, proto\u010dna i automatska regalna skladi\u0161ta, automatizacija ulaganja paleta u vozila<\/h3>\n<p>[\/et_pb_text][et_pb_text _builder_version=&#8220;4.4.3&#8243;]Jednostubne i dvostubne dizalice za razli\u010dite svrhe i nosivosti.<\/p>\n<p>&nbsp;<\/p>\n<p>[\/et_pb_text][\/et_pb_column][\/et_pb_row][et_pb_row column_structure=&#8220;1_4,1_4,1_4,1_4&#8243; _builder_version=&#8220;4.4.3&#8243; custom_padding=&#8220;0px||45px||false|false&#8220; border_width_bottom=&#8220;1px&#8220; border_color_bottom=&#8220;#eeeeee&#8220;][et_pb_column type=&#8220;1_4&#8243; _builder_version=&#8220;4.4.3&#8243;][et_pb_image src=&#8220;https:\/\/www.gramcommerce.si\/wp-content\/uploads\/2020\/09\/avtomatizacija-in-logistika-v-skladiscu1.jpg&#8220; _builder_version=&#8220;4.4.3&#8243; border_width_all=&#8220;1px&#8220; border_color_all=&#8220;#eeeeee&#8220;][\/et_pb_image][\/et_pb_column][et_pb_column type=&#8220;1_4&#8243; _builder_version=&#8220;4.4.3&#8243;][et_pb_image src=&#8220;https:\/\/www.gramcommerce.si\/wp-content\/uploads\/2020\/09\/avtomatizacija-in-logistika-v-skladiscu2.jpg&#8220; _builder_version=&#8220;4.4.3&#8243;][\/et_pb_image][\/et_pb_column][et_pb_column type=&#8220;1_4&#8243; _builder_version=&#8220;4.4.3&#8243;][et_pb_image src=&#8220;https:\/\/www.gramcommerce.si\/wp-content\/uploads\/2020\/09\/avtomatizacija-in-logistika-v-skladiscu3.jpg&#8220; _builder_version=&#8220;4.4.3&#8243;][\/et_pb_image][\/et_pb_column][et_pb_column type=&#8220;1_4&#8243; _builder_version=&#8220;4.4.3&#8243;][\/et_pb_column][\/et_pb_row][et_pb_row _builder_version=&#8220;4.4.3&#8243;][et_pb_column type=&#8220;4_4&#8243; _builder_version=&#8220;4.4.3&#8243;][et_pb_text _builder_version=&#8220;4.4.3&#8243;]<\/p>\n<p>Regalna dizalica i proto\u010dno reglano skladi\u0161te.<\/p>\n<p>[\/et_pb_text][\/et_pb_column][\/et_pb_row][et_pb_row column_structure=&#8220;3_5,2_5&#8243; _builder_version=&#8220;4.4.3&#8243; custom_padding=&#8220;0px||45px||false|false&#8220; border_width_bottom=&#8220;1px&#8220; border_color_bottom=&#8220;#eeeeee&#8220;][et_pb_column type=&#8220;3_5&#8243; _builder_version=&#8220;4.4.3&#8243;][et_pb_text _builder_version=&#8220;4.4.3&#8243;]<\/p>\n<p>Skladi\u0161te je namenjeno \u010duvanju paleta sa bocama bezalkoholnih pi\u0107a. Specifi\u010dnost skladi\u0161ta su proto\u010dna skladi\u0161na mesta koja su dizajnirana kao dugi hodnici sa blago isko\u0161enom valjkastom prugom. Reglana dizalica sa ugra\u0111enim isko\u0161enim transporterom na jednoj strani automatski puni skladi\u0161ne hodnike. Na drugoj strani hodnika preuzimaju palete sa pi\u0107em vilju\u0161kari. Skladi\u0161te funkcioni\u0161e po sistemu FIFO. Dizalicu smo u celosti projektovali i izradili, pobrinuli smo se i za softver na PLC nivou, sistem SCADA i vezu na SAP.<\/p>\n<p>[\/et_pb_text][\/et_pb_column][et_pb_column type=&#8220;2_5&#8243; _builder_version=&#8220;4.4.3&#8243;][et_pb_image src=&#8220;https:\/\/www.gramcommerce.si\/wp-content\/uploads\/2020\/09\/avtomatizacija-in-logistika-v-skladiscu6.jpg&#8220; _builder_version=&#8220;4.4.3&#8243;][\/et_pb_image][\/et_pb_column][\/et_pb_row][et_pb_row _builder_version=&#8220;4.4.3&#8243; hover_enabled=&#8220;0&#8243; column_structure=&#8220;3_5,2_5&#8243; border_width_bottom=&#8220;1px&#8220; border_color_bottom=&#8220;#eeeeee&#8220; custom_padding=&#8220;45px||45px||false|false&#8220;][et_pb_column type=&#8220;3_5&#8243; _builder_version=&#8220;4.4.3&#8243;][et_pb_text _builder_version=&#8220;4.4.3&#8243; hover_enabled=&#8220;0&#8243;]<\/p>\n<p align=\"justify\">Prikaz transportnog sistema ulaza paleta (sa kontrolom podataka na paletama i gabaritnikom paleta), preuzimanja paleta sa regalnom dizalicom i unos paleta u regalni sistem.<\/p>\n<p>[\/et_pb_text][\/et_pb_column][et_pb_column type=&#8220;2_5&#8243; _builder_version=&#8220;4.4.3&#8243;][et_pb_image src=&#8220;https:\/\/www.gramcommerce.si\/wp-content\/uploads\/2020\/09\/avtomatizacija-in-logistika-v-skladiscu4.jpg&#8220; _builder_version=&#8220;4.4.3&#8243; border_width_all=&#8220;1px&#8220; border_color_all=&#8220;#eeeeee&#8220;][\/et_pb_image][\/et_pb_column][\/et_pb_row][et_pb_row _builder_version=&#8220;4.4.3&#8243;][et_pb_column type=&#8220;4_4&#8243; _builder_version=&#8220;4.4.3&#8243;][et_pb_text _builder_version=&#8220;4.4.3&#8243;]<\/p>\n<p align=\"justify\">Regalne dizalice i visoko regalna skladi\u0161ta, visine do 38 m, brzina do 5 m\/s.<\/p>\n<p>[\/et_pb_text][\/et_pb_column][\/et_pb_row][et_pb_row column_structure=&#8220;1_4,1_4,1_4,1_4&#8243; _builder_version=&#8220;4.4.3&#8243; custom_padding=&#8220;0px||45px||false|false&#8220; border_width_bottom=&#8220;1px&#8220; border_color_bottom=&#8220;#eeeeee&#8220;][et_pb_column type=&#8220;1_4&#8243; _builder_version=&#8220;4.4.3&#8243;][et_pb_image src=&#8220;https:\/\/www.gramcommerce.si\/wp-content\/uploads\/2020\/09\/avtomatizacija-in-logistika-v-skladiscu7.jpg&#8220; _builder_version=&#8220;4.4.3&#8243; border_width_all=&#8220;1px&#8220; border_color_all=&#8220;#eeeeee&#8220;][\/et_pb_image][\/et_pb_column][et_pb_column type=&#8220;1_4&#8243; _builder_version=&#8220;4.4.3&#8243;][et_pb_image src=&#8220;https:\/\/www.gramcommerce.si\/wp-content\/uploads\/2020\/09\/avtomatizacija-in-logistika-v-skladiscu8.jpg&#8220; _builder_version=&#8220;4.4.3&#8243; border_width_all=&#8220;1px&#8220; border_color_all=&#8220;#eeeeee&#8220;][\/et_pb_image][\/et_pb_column][et_pb_column type=&#8220;1_4&#8243; _builder_version=&#8220;4.4.3&#8243;][\/et_pb_column][et_pb_column type=&#8220;1_4&#8243; _builder_version=&#8220;4.4.3&#8243;][\/et_pb_column][\/et_pb_row][et_pb_row _builder_version=&#8220;4.4.3&#8243;][et_pb_column type=&#8220;4_4&#8243; _builder_version=&#8220;4.4.3&#8243;][et_pb_text _builder_version=&#8220;4.4.3&#8243;]<\/p>\n<p>Transportne jedinice: standardne ili nestandardne, te\u017eina do 17 t, du\u017eina do 15 m. Transport i skladi\u0161tenje profila, kolutova razli\u010ditih du\u017eina i te\u017eina. Prikaz manipulacije paketa, kolutova ve\u0107ih dimenzija i te\u017eine (logistika skladi\u0161te \u2013 proizvodnja \u2013 skladi\u0161te&#8230;).<\/p>\n<p>[\/et_pb_text][\/et_pb_column][\/et_pb_row][et_pb_row column_structure=&#8220;1_4,1_4,1_4,1_4&#8243; _builder_version=&#8220;4.4.3&#8243; custom_padding=&#8220;0px||45px||false|false&#8220; border_width_bottom=&#8220;1px&#8220; border_color_bottom=&#8220;#eeeeee&#8220;][et_pb_column type=&#8220;1_4&#8243; _builder_version=&#8220;4.4.3&#8243;][et_pb_image src=&#8220;https:\/\/www.gramcommerce.si\/wp-content\/uploads\/2020\/09\/avtomatizacija-in-logistika-v-skladiscu9.jpg&#8220; _builder_version=&#8220;4.4.3&#8243; border_width_all=&#8220;1px&#8220; border_color_all=&#8220;#eeeeee&#8220;][\/et_pb_image][\/et_pb_column][et_pb_column type=&#8220;1_4&#8243; _builder_version=&#8220;4.4.3&#8243;][et_pb_image src=&#8220;https:\/\/www.gramcommerce.si\/wp-content\/uploads\/2020\/09\/avtomatizacija-in-logistika-v-skladiscu10.jpg&#8220; _builder_version=&#8220;4.4.3&#8243; border_width_all=&#8220;1px&#8220; border_color_all=&#8220;#eeeeee&#8220;][\/et_pb_image][\/et_pb_column][et_pb_column type=&#8220;1_4&#8243; _builder_version=&#8220;4.4.3&#8243;][et_pb_image src=&#8220;https:\/\/www.gramcommerce.si\/wp-content\/uploads\/2020\/09\/avtomatizacija-in-logistika-v-skladiscu11.jpg&#8220; _builder_version=&#8220;4.4.3&#8243; border_width_all=&#8220;1px&#8220; border_color_all=&#8220;#eeeeee&#8220;][\/et_pb_image][\/et_pb_column][et_pb_column type=&#8220;1_4&#8243; _builder_version=&#8220;4.4.3&#8243;][\/et_pb_column][\/et_pb_row][et_pb_row _builder_version=&#8220;4.4.3&#8243;][et_pb_column type=&#8220;4_4&#8243; _builder_version=&#8220;4.4.3&#8243;][et_pb_text _builder_version=&#8220;4.4.3&#8243; hover_enabled=&#8220;0&#8243;]<\/p>\n<p>Miniloading skladi\u0161ni sistemi, automatizacija preuzimanja, skladi\u0161tenja i oduzimanja iz skladi\u0161ta.<\/p>\n<p>[\/et_pb_text][\/et_pb_column][\/et_pb_row][et_pb_row column_structure=&#8220;1_4,1_4,1_4,1_4&#8243; _builder_version=&#8220;4.4.3&#8243; custom_padding=&#8220;0px||45px||false|false&#8220; border_width_bottom=&#8220;1px&#8220; border_color_bottom=&#8220;#eeeeee&#8220;][et_pb_column type=&#8220;1_4&#8243; _builder_version=&#8220;4.4.3&#8243;][et_pb_image src=&#8220;https:\/\/www.gramcommerce.si\/wp-content\/uploads\/2020\/09\/avtomatizacija-in-logistika-v-skladiscu12.jpg&#8220; _builder_version=&#8220;4.4.3&#8243; border_width_all=&#8220;1px&#8220; border_color_all=&#8220;#eeeeee&#8220;][\/et_pb_image][\/et_pb_column][et_pb_column type=&#8220;1_4&#8243; _builder_version=&#8220;4.4.3&#8243;][et_pb_image src=&#8220;https:\/\/www.gramcommerce.si\/wp-content\/uploads\/2020\/09\/avtomatizacija-in-logistika-v-skladiscu13.jpg&#8220; _builder_version=&#8220;4.4.3&#8243; border_width_all=&#8220;1px&#8220; border_color_all=&#8220;#eeeeee&#8220;][\/et_pb_image][\/et_pb_column][et_pb_column type=&#8220;1_4&#8243; _builder_version=&#8220;4.4.3&#8243;][\/et_pb_column][et_pb_column type=&#8220;1_4&#8243; _builder_version=&#8220;4.4.3&#8243;][\/et_pb_column][\/et_pb_row][et_pb_row _builder_version=&#8220;4.4.3&#8243;][et_pb_column type=&#8220;4_4&#8243; _builder_version=&#8220;4.4.3&#8243;][et_pb_text _builder_version=&#8220;4.4.3&#8243; hover_enabled=&#8220;0&#8243;]<\/p>\n<p align=\"justify\">Specijalna transportna kolica i dizalice za te\u017ee terete i komunikaciju u proizvodnji (specifi\u010dnost: dva pogona vo\u017enje, \u0161to zna\u010di da kolica mo\u017ee da pokre\u0107e u slu\u010daju kvara jednog od oba pogona), razli\u010dite nosivosti, primer na slici je nosivost 14.000 kg.<\/p>\n<p align=\"justify\">Dvostubne dizalice za kontejnere, palice, profile,\u2026<\/p>\n<p align=\"justify\"><strong>Tehni\u010dki podaci:<br \/><\/strong>Visina: 10,98 m<br \/>Nosivost: 14.000 kg<br \/>Brzina vo\u017enje: 120 m\/min (2 m\/s)<br \/>Brzina podizanja: 30 m\/min (0,5 m\/s)<\/p>\n<p>[\/et_pb_text][\/et_pb_column][\/et_pb_row][et_pb_row column_structure=&#8220;1_4,1_4,1_4,1_4&#8243; _builder_version=&#8220;4.4.3&#8243; custom_padding=&#8220;0px||45px||false|false&#8220; border_color_bottom=&#8220;#eeeeee&#8220;][et_pb_column type=&#8220;1_4&#8243; _builder_version=&#8220;4.4.3&#8243;][et_pb_image src=&#8220;https:\/\/www.gramcommerce.si\/wp-content\/uploads\/2020\/09\/avtomatizacija-in-logistika-v-skladiscu15-1.jpg&#8220; _builder_version=&#8220;4.4.3&#8243; border_width_all=&#8220;1px&#8220; border_color_all=&#8220;#eeeeee&#8220;][\/et_pb_image][\/et_pb_column][et_pb_column type=&#8220;1_4&#8243; _builder_version=&#8220;4.4.3&#8243;][et_pb_image src=&#8220;https:\/\/www.gramcommerce.si\/wp-content\/uploads\/2020\/09\/avtomatizacija-in-logistika-v-skladiscu14.jpg&#8220; _builder_version=&#8220;4.4.3&#8243; border_width_all=&#8220;1px&#8220; border_color_all=&#8220;#eeeeee&#8220;][\/et_pb_image][\/et_pb_column][et_pb_column type=&#8220;1_4&#8243; _builder_version=&#8220;4.4.3&#8243;][et_pb_image src=&#8220;https:\/\/www.gramcommerce.si\/wp-content\/uploads\/2020\/09\/avtomatizacija-in-logistika-v-skladiscu16-1.jpg&#8220; _builder_version=&#8220;4.4.3&#8243; border_width_all=&#8220;1px&#8220; border_color_all=&#8220;#eeeeee&#8220;][\/et_pb_image][\/et_pb_column][et_pb_column type=&#8220;1_4&#8243; _builder_version=&#8220;4.4.3&#8243;][et_pb_image src=&#8220;https:\/\/www.gramcommerce.si\/wp-content\/uploads\/2020\/09\/avtomatizacija-in-logistika-v-skladiscu17-1.jpg&#8220; _builder_version=&#8220;4.4.3&#8243; border_width_all=&#8220;1px&#8220; border_color_all=&#8220;#eeeeee&#8220;][\/et_pb_image][\/et_pb_column][\/et_pb_row][\/et_pb_section]<\/p>\n","protected":false},"excerpt":{"rendered":"<p>Nudimo logisti\u010dke sisteme klju\u010d u ruke za skladi\u0161tenje razli\u010ditih verzija paleta, sa krajnjim proizvodima (palete EURO 800\u00d71200, 1000\u00d71200 i 600\u00d71200 mm).NUDIMO VAM: Preuzimanje i kontrolu paleta, koje je potrebno uskladi\u0161titi. Izrada jednostubnih i dvostubnih dizalica za punjenje skladi\u0161nih regala. Izrada i monta\u017ea kompletnih skladi\u0161no regalnih sistema. Proto\u010dna i visokoregalna skladi\u0161ta. Projektovanje i izvo\u0111enje skladi\u0161ta (od [&hellip;]<\/p>\n","protected":false},"author":1,"featured_media":0,"parent":0,"menu_order":0,"comment_status":"closed","ping_status":"closed","template":"","meta":{"_seopress_robots_primary_cat":"","_seopress_titles_title":"","_seopress_titles_desc":"","_seopress_robots_index":"","_et_pb_use_builder":"on","_et_pb_old_content":"","_et_gb_content_width":"","footnotes":""},"class_list":["post-47683","page","type-page","status-publish","hentry"],"_links":{"self":[{"href":"https:\/\/www.gramcommerce.si\/sr\/wp-json\/wp\/v2\/pages\/47683","targetHints":{"allow":["GET"]}}],"collection":[{"href":"https:\/\/www.gramcommerce.si\/sr\/wp-json\/wp\/v2\/pages"}],"about":[{"href":"https:\/\/www.gramcommerce.si\/sr\/wp-json\/wp\/v2\/types\/page"}],"author":[{"embeddable":true,"href":"https:\/\/www.gramcommerce.si\/sr\/wp-json\/wp\/v2\/users\/1"}],"replies":[{"embeddable":true,"href":"https:\/\/www.gramcommerce.si\/sr\/wp-json\/wp\/v2\/comments?post=47683"}],"version-history":[{"count":7,"href":"https:\/\/www.gramcommerce.si\/sr\/wp-json\/wp\/v2\/pages\/47683\/revisions"}],"predecessor-version":[{"id":47873,"href":"https:\/\/www.gramcommerce.si\/sr\/wp-json\/wp\/v2\/pages\/47683\/revisions\/47873"}],"wp:attachment":[{"href":"https:\/\/www.gramcommerce.si\/sr\/wp-json\/wp\/v2\/media?parent=47683"}],"curies":[{"name":"wp","href":"https:\/\/api.w.org\/{rel}","templated":true}]}}