{"id":47688,"date":"2021-02-01T10:15:41","date_gmt":"2021-02-01T10:15:41","guid":{"rendered":"https:\/\/www.gramcommerce.si\/bezbednosni-tusevi-i-ispiranje\/"},"modified":"2021-02-01T10:15:42","modified_gmt":"2021-02-01T10:15:42","slug":"bezbednosni-tusevi-i-ispiranje","status":"publish","type":"page","link":"https:\/\/www.gramcommerce.si\/sr\/bezbednosni-tusevi-i-ispiranje\/","title":{"rendered":"BEZBEDNOSNI TU\u0160EVI I ISPIRANJE"},"content":{"rendered":"<p>[et_pb_section fb_built=&#8220;1&#8243; _builder_version=&#8220;4.4.3&#8243; use_background_color_gradient=&#8220;on&#8220; background_color_gradient_start=&#8220;#eeeeee&#8220; background_color_gradient_end=&#8220;#ffffff&#8220; background_image=&#8220;https:\/\/www.gramcommerce.si\/wp-content\/uploads\/2020\/04\/title-back32gc.png&#8220; background_size=&#8220;contain&#8220; background_position=&#8220;top_right&#8220; min_height=&#8220;381px&#8220; custom_padding=&#8220;||145px|||&#8220; saved_tabs=&#8220;all&#8220;][et_pb_row column_structure=&#8220;3_5,2_5&#8243; _builder_version=&#8220;4.4.1&#8243; custom_padding=&#8220;49px||0px||false|false&#8220;][et_pb_column type=&#8220;3_5&#8243; _builder_version=&#8220;4.4.1&#8243;][et_pb_post_title meta=&#8220;off&#8220; featured_image=&#8220;off&#8220; _builder_version=&#8220;4.4.1&#8243; title_font_size=&#8220;32px&#8220; custom_margin=&#8220;||7px||false|false&#8220;][\/et_pb_post_title][et_pb_divider divider_weight=&#8220;4px&#8220; _builder_version=&#8220;4.4.1&#8243; width=&#8220;100px&#8220; animation_style=&#8220;slide&#8220; animation_direction=&#8220;right&#8220; animation_intensity_slide=&#8220;39%&#8220;][\/et_pb_divider][\/et_pb_column][et_pb_column type=&#8220;2_5&#8243; _builder_version=&#8220;4.4.1&#8243;][\/et_pb_column][\/et_pb_row][\/et_pb_section][et_pb_section fb_built=&#8220;1&#8243; _builder_version=&#8220;4.4.3&#8243; background_enable_color=&#8220;off&#8220; custom_padding=&#8220;55px|||||&#8220;][et_pb_row _builder_version=&#8220;4.4.3&#8243; custom_padding=&#8220;45px||3px||false|&#8220;][et_pb_column type=&#8220;4_4&#8243; _builder_version=&#8220;4.4.3&#8243;][et_pb_text _builder_version=&#8220;4.4.3&#8243;]<\/p>\n<h2>BEZBEDNOSNI TU\u0160 ZA O\u010cI \u2013 RU\u010cNI<\/h2>\n<p>Ru\u010dni bezbednosni tu\u0161 postoji u verziji sa jednom ili dve brizgalne glave za ispiranje jednog ili oba oka. Na raspolaganju je fiksni ili mobilni tu\u0161 koji se skida sa nosa\u010da tako da mo\u017eemo da pomognemo povre\u0111enom koji le\u017ei na tlu, kao i ru\u010dni tu\u0161.<\/p>\n<p>&nbsp;<\/p>\n<p>[\/et_pb_text][\/et_pb_column][\/et_pb_row][et_pb_row column_structure=&#8220;1_3,1_3,1_3&#8243; _builder_version=&#8220;4.4.3&#8243; custom_padding=&#8220;||45px|||&#8220; border_width_bottom=&#8220;1px&#8220; border_color_bottom=&#8220;#dddddd&#8220;][et_pb_column type=&#8220;1_3&#8243; _builder_version=&#8220;4.4.3&#8243;][et_pb_image src=&#8220;https:\/\/www.gramcommerce.si\/wp-content\/uploads\/2020\/05\/varnostni-tusi1.jpg&#8220; _builder_version=&#8220;4.4.3&#8243;][\/et_pb_image][\/et_pb_column][et_pb_column type=&#8220;1_3&#8243; _builder_version=&#8220;4.4.3&#8243;][et_pb_image src=&#8220;https:\/\/www.gramcommerce.si\/wp-content\/uploads\/2020\/05\/varnostni-tusi2.jpg&#8220; _builder_version=&#8220;4.4.3&#8243; border_width_all=&#8220;1px&#8220; border_color_all=&#8220;#eeeeee&#8220;][\/et_pb_image][\/et_pb_column][et_pb_column type=&#8220;1_3&#8243; _builder_version=&#8220;4.4.3&#8243;][et_pb_image src=&#8220;https:\/\/www.gramcommerce.si\/wp-content\/uploads\/2020\/05\/varnostni-tusi.jpg&#8220; _builder_version=&#8220;4.4.3&#8243;][\/et_pb_image][\/et_pb_column][\/et_pb_row][et_pb_row _builder_version=&#8220;4.4.3&#8243; custom_padding=&#8220;45px|||||&#8220;][et_pb_column type=&#8220;4_4&#8243; _builder_version=&#8220;4.4.3&#8243;][et_pb_text _builder_version=&#8220;4.4.3&#8243;]<\/p>\n<h2>BEZBEDNOSNI TU\u0160 ZA O\u010cI S POSUDOM ILI UMIVAONIKOM<\/h2>\n<p>Bezbednosni tu\u0161evi za o\u010di se isporu\u010duju i sa posudom od ner\u0111aju\u0107eg \u010delika. Sa dve brizgalne glave visokog kapaciteta za opse\u017eniju disperziju vode, gde voda jednostavno oti\u010de u posudu.<\/p>\n<p>[\/et_pb_text][\/et_pb_column][\/et_pb_row][et_pb_row column_structure=&#8220;1_3,1_3,1_3&#8243; _builder_version=&#8220;4.4.3&#8243; custom_padding=&#8220;||45px|||&#8220; border_width_bottom=&#8220;1px&#8220; border_color_bottom=&#8220;#dddddd&#8220;][et_pb_column type=&#8220;1_3&#8243; _builder_version=&#8220;4.4.3&#8243;][et_pb_image src=&#8220;https:\/\/www.gramcommerce.si\/wp-content\/uploads\/2020\/05\/varnostni-tusi3.jpg&#8220; _builder_version=&#8220;4.4.3&#8243;][\/et_pb_image][\/et_pb_column][et_pb_column type=&#8220;1_3&#8243; _builder_version=&#8220;4.4.3&#8243;][et_pb_image src=&#8220;https:\/\/www.gramcommerce.si\/wp-content\/uploads\/2020\/05\/varnostni-tusi5.jpg&#8220; _builder_version=&#8220;4.4.3&#8243; border_width_all=&#8220;1px&#8220; border_color_all=&#8220;#eeeeee&#8220;][\/et_pb_image][\/et_pb_column][et_pb_column type=&#8220;1_3&#8243; _builder_version=&#8220;4.4.3&#8243;][et_pb_image src=&#8220;https:\/\/www.gramcommerce.si\/wp-content\/uploads\/2020\/05\/varnostni-tusi4.jpg&#8220; _builder_version=&#8220;4.4.3&#8243;][\/et_pb_image][\/et_pb_column][\/et_pb_row][et_pb_row _builder_version=&#8220;4.4.3&#8243; custom_padding=&#8220;45px|||||&#8220;][et_pb_column type=&#8220;4_4&#8243; _builder_version=&#8220;4.4.3&#8243;][et_pb_text _builder_version=&#8220;4.4.3&#8243;]<\/p>\n<h2>MOBILNA STANICA ZA ISPIRANJE O\u010cIJU<\/h2>\n<p>Stanica za ispiranje o\u010diju pogodna je zbog jednostavnog postavljanja blizu ugro\u017eenog radnog mesta. Mogu\u0107i su modeli za stonu ili zidnu upotrebu. Sa cisternom od ner\u0111aju\u0107eg \u010delika ili hemijski otporne plastike zapremina rezervoara je od 3,8 do 60 litara za razli\u010dito vreme ispiranja. Zapremina rezervoara 60 litara zadovoljava pribli\u017eno 15 minuta ispiranja. Preporu\u010dujemo za laboratorije i druge industrije.<\/p>\n<p>[\/et_pb_text][\/et_pb_column][\/et_pb_row][et_pb_row column_structure=&#8220;1_3,1_3,1_3&#8243; _builder_version=&#8220;4.4.3&#8243; custom_padding=&#8220;||45px|||&#8220; border_width_bottom=&#8220;1px&#8220; border_color_bottom=&#8220;#dddddd&#8220;][et_pb_column type=&#8220;1_3&#8243; _builder_version=&#8220;4.4.3&#8243;][et_pb_image src=&#8220;https:\/\/www.gramcommerce.si\/wp-content\/uploads\/2020\/05\/varnostni-tusi7.png&#8220; _builder_version=&#8220;4.4.3&#8243;][\/et_pb_image][\/et_pb_column][et_pb_column type=&#8220;1_3&#8243; _builder_version=&#8220;4.4.3&#8243;][et_pb_image src=&#8220;https:\/\/www.gramcommerce.si\/wp-content\/uploads\/2020\/05\/varnostni-tusi6.jpg&#8220; _builder_version=&#8220;4.4.3&#8243; border_width_all=&#8220;1px&#8220; border_color_all=&#8220;#eeeeee&#8220;][\/et_pb_image][\/et_pb_column][et_pb_column type=&#8220;1_3&#8243; _builder_version=&#8220;4.4.3&#8243;][\/et_pb_column][\/et_pb_row][et_pb_row _builder_version=&#8220;4.4.3&#8243; custom_margin=&#8220;-1px|auto||auto||&#8220; custom_padding=&#8220;45px|||||&#8220;][et_pb_column type=&#8220;4_4&#8243; _builder_version=&#8220;4.4.3&#8243;][et_pb_text _builder_version=&#8220;4.4.3&#8243;]<\/p>\n<h2>BEZBEDNOSNI TU\u0160EVI ZA LABORATORIJE<\/h2>\n<p>Bezbednosni tu\u0161evi za telo se mogu ugraditi iznad vrata, mogu da se pri\u010dvrste na zid ili plafon. Bezbednosni tu\u0161evi od ner\u0111aju\u0107eg \u010delika se koriste prvenstveno za laboratorije. Nudimo vi\u0161e tipova bezbednosnih tu\u0161eva i tako se prilago\u0111avamo kupcu i njegovim \u017eeljama.<\/p>\n<p>[\/et_pb_text][\/et_pb_column][\/et_pb_row][et_pb_row column_structure=&#8220;1_3,1_3,1_3&#8243; _builder_version=&#8220;4.4.3&#8243; custom_padding=&#8220;||45px|||&#8220; border_width_bottom=&#8220;1px&#8220; border_color_bottom=&#8220;#dddddd&#8220;][et_pb_column type=&#8220;1_3&#8243; _builder_version=&#8220;4.4.3&#8243;][et_pb_image src=&#8220;https:\/\/www.gramcommerce.si\/wp-content\/uploads\/2020\/05\/varnostni-tusi8.jpg&#8220; _builder_version=&#8220;4.4.3&#8243;][\/et_pb_image][\/et_pb_column][et_pb_column type=&#8220;1_3&#8243; _builder_version=&#8220;4.4.3&#8243;][et_pb_image src=&#8220;https:\/\/www.gramcommerce.si\/wp-content\/uploads\/2020\/05\/varnostni-tusi9.jpg&#8220; _builder_version=&#8220;4.4.3&#8243; border_width_all=&#8220;1px&#8220; border_color_all=&#8220;#eeeeee&#8220;][\/et_pb_image][\/et_pb_column][et_pb_column type=&#8220;1_3&#8243; _builder_version=&#8220;4.4.3&#8243;][et_pb_image src=&#8220;https:\/\/www.gramcommerce.si\/wp-content\/uploads\/2020\/05\/varnostni-tusi10.png&#8220; _builder_version=&#8220;4.4.3&#8243;][\/et_pb_image][\/et_pb_column][\/et_pb_row][et_pb_row _builder_version=&#8220;4.4.3&#8243; custom_padding=&#8220;45px|||||&#8220;][et_pb_column type=&#8220;4_4&#8243; _builder_version=&#8220;4.4.3&#8243;][et_pb_text _builder_version=&#8220;4.4.3&#8243;]<\/p>\n<h2>BEZBEDNOSNI TU\u0160EVI ZA INDUSTRIJU<\/h2>\n<p>Samostoje\u0107i bezbednosni tu\u0161evi za telo i razli\u010dite kombinacije bezbednosnih tu\u0161eva za kori\u0161\u0107enje u industriji. Na raspolaganju su tu\u0161evi od ner\u0111aju\u0107eg \u010delika. Samooto\u010dni industrijski bezbednosni tu\u0161evi omogu\u0107avaju oticanje iz vru\u0107eg okru\u017eenja. Bezbednosne tu\u0161 kabine i stanice nas \u0161tite od mraza. Bezbednosni tu\u0161evi, koji s grejanom vodom za o\u010di \u0161tite od mraza i bezbednosni tu\u0161evi za telo (te\u0161ka industrija), na raspolaganju su i u izradi od ner\u0111aju\u0107eg \u010delika.<\/p>\n<p>[\/et_pb_text][\/et_pb_column][\/et_pb_row][et_pb_row column_structure=&#8220;1_5,1_5,1_5,1_5,1_5&#8243; _builder_version=&#8220;4.4.3&#8243; custom_padding=&#8220;||45px|||&#8220; border_width_bottom=&#8220;1px&#8220; border_color_bottom=&#8220;#dddddd&#8220;][et_pb_column type=&#8220;1_5&#8243; _builder_version=&#8220;4.4.3&#8243;][et_pb_image src=&#8220;https:\/\/www.gramcommerce.si\/wp-content\/uploads\/2020\/05\/varnostni-tusi13.jpg&#8220; _builder_version=&#8220;4.4.3&#8243;][\/et_pb_image][\/et_pb_column][et_pb_column type=&#8220;1_5&#8243; _builder_version=&#8220;4.4.3&#8243;][et_pb_image src=&#8220;https:\/\/www.gramcommerce.si\/wp-content\/uploads\/2020\/05\/varnostni-tusi12.jpg&#8220; _builder_version=&#8220;4.4.3&#8243; border_width_all=&#8220;1px&#8220; border_color_all=&#8220;#eeeeee&#8220;][\/et_pb_image][\/et_pb_column][et_pb_column type=&#8220;1_5&#8243; _builder_version=&#8220;4.4.3&#8243;][et_pb_image src=&#8220;https:\/\/www.gramcommerce.si\/wp-content\/uploads\/2020\/05\/varnostni-tusi11.jpg&#8220; _builder_version=&#8220;4.4.3&#8243;][\/et_pb_image][\/et_pb_column][et_pb_column type=&#8220;1_5&#8243; _builder_version=&#8220;4.4.3&#8243;][et_pb_image src=&#8220;https:\/\/www.gramcommerce.si\/wp-content\/uploads\/2020\/05\/varnostni-tusi15.jpg&#8220; _builder_version=&#8220;4.4.3&#8243; border_width_all=&#8220;1px&#8220; border_color_all=&#8220;#eeeeee&#8220;][\/et_pb_image][\/et_pb_column][et_pb_column type=&#8220;1_5&#8243; _builder_version=&#8220;4.4.3&#8243;][et_pb_image src=&#8220;https:\/\/www.gramcommerce.si\/wp-content\/uploads\/2020\/05\/varnostni-tusi14.jpg&#8220; _builder_version=&#8220;4.4.3&#8243; border_width_all=&#8220;1px&#8220; border_color_all=&#8220;#eeeeee&#8220;][\/et_pb_image][\/et_pb_column][\/et_pb_row][et_pb_row _builder_version=&#8220;4.4.3&#8243; custom_margin=&#8220;-3px|auto||auto||&#8220; custom_padding=&#8220;45px|||||&#8220;][et_pb_column type=&#8220;4_4&#8243; _builder_version=&#8220;4.4.3&#8243;][et_pb_text _builder_version=&#8220;4.4.3&#8243;]<\/p>\n<h2>DODACI ZA BEZBEDNOSNE TU\u0160EVE<\/h2>\n<p>Kod bezbednosnih tu\u0161eva za telo i o\u010di postoji mogu\u0107nost da regulator protoka stalno snabdeva vodom, sistemom filtriranja mo\u017ee 100-procentno sterilna voda snabdevati bezbednosne tu\u0161eve i za ispiranje o\u010diju. Za\u0161titni ventil sa zatvara\u010dem \u0161titi od smrzavanja i od zapu\u0161avanja. Ventil za me\u0161anje sa termostatom brine o dovodu tople vode bezbednosnih tu\u0161eva. Alarmni sistemi omogu\u0107avaju informisanje u hitnim slu\u010dajevima.<\/p>\n<p>[\/et_pb_text][\/et_pb_column][\/et_pb_row][et_pb_row column_structure=&#8220;1_3,1_3,1_3&#8243; _builder_version=&#8220;4.4.3&#8243; custom_padding=&#8220;||45px|||&#8220; border_width_bottom=&#8220;1px&#8220; border_color_bottom=&#8220;#dddddd&#8220;][et_pb_column type=&#8220;1_3&#8243; _builder_version=&#8220;4.4.3&#8243;][et_pb_image src=&#8220;https:\/\/www.gramcommerce.si\/wp-content\/uploads\/2020\/05\/varnostni-tusi17.jpg&#8220; _builder_version=&#8220;4.4.3&#8243;][\/et_pb_image][\/et_pb_column][et_pb_column type=&#8220;1_3&#8243; _builder_version=&#8220;4.4.3&#8243;][et_pb_image src=&#8220;https:\/\/www.gramcommerce.si\/wp-content\/uploads\/2020\/05\/varnostni-tusi16.jpg&#8220; _builder_version=&#8220;4.4.3&#8243; border_width_all=&#8220;1px&#8220; border_color_all=&#8220;#eeeeee&#8220;][\/et_pb_image][\/et_pb_column][et_pb_column type=&#8220;1_3&#8243; _builder_version=&#8220;4.4.3&#8243;][\/et_pb_column][\/et_pb_row][et_pb_row _builder_version=&#8220;4.4.3&#8243; custom_padding=&#8220;45px|||||&#8220;][et_pb_column type=&#8220;4_4&#8243; _builder_version=&#8220;4.4.3&#8243;][et_pb_text _builder_version=&#8220;4.4.3&#8243;]<\/p>\n<h2>BEZBEDNOSNI TU\u0160 SA REZERVOAROM<\/h2>\n<p>Bezbednosni tu\u0161evi sa rezervoarom od pocinkovanog \u010delika ili ner\u0111aju\u0107eg \u010delika. Na raspolaganju su i bezbednosni tu\u0161evi sa grejanom i izolovanom kabinom za upotrebu u ekstremno hladnim i te\u0161kim okru\u017eenjima. Nudimo i mobilne rezervoare koje jednostavno ru\u010dno prebacujemo. Na raspolaganju su i dodatne mogu\u0107nosti za bezbednosne tu\u0161eve u rezervoaru, kao \u0161to je blic, policijska svetla, osvetljenje podru\u010dja, rashladna jedinica itd.<\/p>\n<p>[\/et_pb_text][\/et_pb_column][\/et_pb_row][et_pb_row column_structure=&#8220;1_3,1_3,1_3&#8243; _builder_version=&#8220;4.6.5&#8243; custom_padding=&#8220;||45px|||&#8220; hover_enabled=&#8220;0&#8243; border_color_bottom=&#8220;#dddddd&#8220; sticky_enabled=&#8220;0&#8243;][et_pb_column type=&#8220;1_3&#8243; _builder_version=&#8220;4.4.3&#8243;][et_pb_image src=&#8220;https:\/\/www.gramcommerce.si\/wp-content\/uploads\/2020\/05\/varnostni-tusi19.jpg&#8220; _builder_version=&#8220;4.4.3&#8243; border_width_all=&#8220;1px&#8220; border_color_all=&#8220;#eeeeee&#8220;][\/et_pb_image][\/et_pb_column][et_pb_column type=&#8220;1_3&#8243; _builder_version=&#8220;4.4.3&#8243;][et_pb_image src=&#8220;https:\/\/www.gramcommerce.si\/wp-content\/uploads\/2020\/05\/varnostni-tusi18.jpg&#8220; _builder_version=&#8220;4.4.3&#8243; border_width_all=&#8220;1px&#8220; border_color_all=&#8220;#eeeeee&#8220;][\/et_pb_image][\/et_pb_column][et_pb_column type=&#8220;1_3&#8243; _builder_version=&#8220;4.4.3&#8243;][\/et_pb_column][\/et_pb_row][\/et_pb_section]<\/p>\n","protected":false},"excerpt":{"rendered":"<p>BEZBEDNOSNI TU\u0160 ZA O\u010cI \u2013 RU\u010cNI Ru\u010dni bezbednosni tu\u0161 postoji u verziji sa jednom ili dve brizgalne glave za ispiranje jednog ili oba oka. Na raspolaganju je fiksni ili mobilni tu\u0161 koji se skida sa nosa\u010da tako da mo\u017eemo da pomognemo povre\u0111enom koji le\u017ei na tlu, kao i ru\u010dni tu\u0161. &nbsp;BEZBEDNOSNI TU\u0160 ZA O\u010cI S [&hellip;]<\/p>\n","protected":false},"author":1,"featured_media":0,"parent":0,"menu_order":0,"comment_status":"closed","ping_status":"closed","template":"","meta":{"_seopress_robots_primary_cat":"","_seopress_titles_title":"","_seopress_titles_desc":"","_seopress_robots_index":"","_et_pb_use_builder":"on","_et_pb_old_content":"","_et_gb_content_width":"","footnotes":""},"class_list":["post-47688","page","type-page","status-publish","hentry"],"_links":{"self":[{"href":"https:\/\/www.gramcommerce.si\/sr\/wp-json\/wp\/v2\/pages\/47688","targetHints":{"allow":["GET"]}}],"collection":[{"href":"https:\/\/www.gramcommerce.si\/sr\/wp-json\/wp\/v2\/pages"}],"about":[{"href":"https:\/\/www.gramcommerce.si\/sr\/wp-json\/wp\/v2\/types\/page"}],"author":[{"embeddable":true,"href":"https:\/\/www.gramcommerce.si\/sr\/wp-json\/wp\/v2\/users\/1"}],"replies":[{"embeddable":true,"href":"https:\/\/www.gramcommerce.si\/sr\/wp-json\/wp\/v2\/comments?post=47688"}],"version-history":[{"count":4,"href":"https:\/\/www.gramcommerce.si\/sr\/wp-json\/wp\/v2\/pages\/47688\/revisions"}],"predecessor-version":[{"id":47692,"href":"https:\/\/www.gramcommerce.si\/sr\/wp-json\/wp\/v2\/pages\/47688\/revisions\/47692"}],"wp:attachment":[{"href":"https:\/\/www.gramcommerce.si\/sr\/wp-json\/wp\/v2\/media?parent=47688"}],"curies":[{"name":"wp","href":"https:\/\/api.w.org\/{rel}","templated":true}]}}