{"id":47693,"date":"2021-02-01T10:37:04","date_gmt":"2021-02-01T10:37:04","guid":{"rendered":"https:\/\/www.gramcommerce.si\/dizalice-i-liftovi\/"},"modified":"2021-02-01T10:37:05","modified_gmt":"2021-02-01T10:37:05","slug":"dizalice-i-liftovi","status":"publish","type":"page","link":"https:\/\/www.gramcommerce.si\/sr\/dizalice-i-liftovi\/","title":{"rendered":"DIZALICE I LIFTOVI"},"content":{"rendered":"<p>[et_pb_section fb_built=&#8220;1&#8243; _builder_version=&#8220;4.4.3&#8243; use_background_color_gradient=&#8220;on&#8220; background_color_gradient_start=&#8220;#eeeeee&#8220; background_color_gradient_end=&#8220;#ffffff&#8220; background_image=&#8220;https:\/\/www.gramcommerce.si\/wp-content\/uploads\/2020\/04\/title-back32gc.png&#8220; background_size=&#8220;contain&#8220; background_position=&#8220;top_right&#8220; custom_padding=&#8220;||45px|||&#8220; saved_tabs=&#8220;all&#8220;][et_pb_row column_structure=&#8220;3_5,2_5&#8243; _builder_version=&#8220;4.4.1&#8243; custom_padding=&#8220;49px||0px||false|false&#8220;][et_pb_column type=&#8220;3_5&#8243; _builder_version=&#8220;4.4.1&#8243;][et_pb_post_title meta=&#8220;off&#8220; featured_image=&#8220;off&#8220; _builder_version=&#8220;4.4.1&#8243; title_font_size=&#8220;32px&#8220; custom_margin=&#8220;||7px||false|false&#8220;][\/et_pb_post_title][et_pb_divider divider_weight=&#8220;4px&#8220; _builder_version=&#8220;4.4.1&#8243; width=&#8220;100px&#8220; animation_style=&#8220;slide&#8220; animation_direction=&#8220;right&#8220; animation_intensity_slide=&#8220;39%&#8220;][\/et_pb_divider][\/et_pb_column][et_pb_column type=&#8220;2_5&#8243; _builder_version=&#8220;4.4.1&#8243;][\/et_pb_column][\/et_pb_row][et_pb_row column_structure=&#8220;1_2,1_2&#8243; _builder_version=&#8220;4.4.2&#8243; custom_padding=&#8220;50px|||||&#8220;][et_pb_column type=&#8220;1_2&#8243; _builder_version=&#8220;4.4.2&#8243;][et_pb_image src=&#8220;https:\/\/www.gramcommerce.si\/wp-content\/uploads\/2020\/05\/zerjavi-in-dvigala-6.jpg&#8220; _builder_version=&#8220;4.4.3&#8243;][\/et_pb_image][\/et_pb_column][et_pb_column type=&#8220;1_2&#8243; _builder_version=&#8220;4.4.2&#8243;][\/et_pb_column][\/et_pb_row][\/et_pb_section][et_pb_section fb_built=&#8220;1&#8243; _builder_version=&#8220;4.4.2&#8243; custom_padding=&#8220;86px|||||&#8220;][et_pb_row make_equal=&#8220;on&#8220; _builder_version=&#8220;4.4.3&#8243; border_color_bottom=&#8220;#dddddd&#8220;][et_pb_column type=&#8220;4_4&#8243; module_class=&#8220;ds-vertical-align&#8220; _builder_version=&#8220;4.4.3&#8243;][et_pb_text _builder_version=&#8220;4.4.3&#8243; header_2_text_align=&#8220;left&#8220; header_2_font_size=&#8220;19px&#8220; text_orientation=&#8220;justified&#8220; custom_padding=&#8220;||6px|||&#8220;]<\/p>\n<h2>MOSTNE DIZALICE ILI MOSTNI LIFTOVI<\/h2>\n<p>Mostne dizalice se koriste za transport i manipulaciju najrazli\u010ditijih vrsta optere\u0107enja u proizvodnim halama, radionicama, skladi\u0161nim prostorijama, energetskim objektima, valjaonicama, livnicama, prilikom izvo\u0111enja tehnolo\u0161kog procesa, monta\u017ee ili demonta\u017ee raznovrsne opreme ili sli\u010dno. Nudimo mostne dizalice ili mostne liftove, kako ih nazivamo. Dizalice opremamo vrhunskom opremom engleskog proizvo\u0111a\u010da Street Cranes, koji nudi opremu od 2 t do 200 t nosivosti. Dizalice izra\u0111ujemo u razli\u010ditim verzijama od klasi\u010dnih mostnih u jednonosivnoj ili dvonosivoj verziji, do vise\u0107ih mostnih dizalica raspona do 40 m i vi\u0161e. Sve dizalice pravimo u skladu sa slovena\u010dkim i evropskim zakonodavstvom i standardima o gradnji dizalica.<\/p>\n<p>[\/et_pb_text][\/et_pb_column][\/et_pb_row][et_pb_row column_structure=&#8220;1_3,1_3,1_3&#8243; make_equal=&#8220;on&#8220; _builder_version=&#8220;4.4.3&#8243; custom_padding=&#8220;||45px|||&#8220; border_width_bottom=&#8220;1px&#8220; border_color_bottom=&#8220;#dddddd&#8220;][et_pb_column type=&#8220;1_3&#8243; _builder_version=&#8220;4.4.3&#8243;][et_pb_text _builder_version=&#8220;4.4.3&#8243; header_2_text_align=&#8220;left&#8220; header_2_font_size=&#8220;19px&#8220; custom_padding=&#8220;||6px|||&#8220;]<\/p>\n<p>Glavne karakteristike:<\/p>\n<ul>\n<li>Vrhunski kvalitet svih komponenti<\/li>\n<li>Nosivost od 125 kg do 200 t, razli\u010ditog raspona<\/li>\n<li>Standardne verzije do 50 t<\/li>\n<li>Verzije s klasi\u010dnim ma\u010dkom za te\u017ee uslove do 200 t<\/li>\n<li>Verzija sa lan\u010danim (do 5 t) ili vitlom za u\u017ee (do 200 t)<\/li>\n<li>Prilago\u0111ena za optimalnu iskori\u0161\u0107enost prostora<\/li>\n<li>Visoki radni razredi do FEM 4m (ISO M7)<\/li>\n<li>Postavljanje razli\u010ditih standardnih hvataljki<\/li>\n<li>Izrada posebnih traverzi po meri<\/li>\n<\/ul>\n<p>[\/et_pb_text][\/et_pb_column][et_pb_column type=&#8220;1_3&#8243; module_class=&#8220;ds-vertical-align&#8220; _builder_version=&#8220;4.4.3&#8243;][et_pb_image src=&#8220;https:\/\/www.gramcommerce.si\/wp-content\/uploads\/2020\/06\/zerjavi-in-dvigala-13.jpg&#8220; align=&#8220;center&#8220; _builder_version=&#8220;4.4.3&#8243;][\/et_pb_image][\/et_pb_column][et_pb_column type=&#8220;1_3&#8243; _builder_version=&#8220;4.4.3&#8243;][et_pb_image src=&#8220;https:\/\/www.gramcommerce.si\/wp-content\/uploads\/2020\/05\/zerjavi-in-dvigala-8.jpg&#8220; _builder_version=&#8220;4.4.3&#8243;][\/et_pb_image][et_pb_image src=&#8220;https:\/\/www.gramcommerce.si\/wp-content\/uploads\/2020\/05\/zerjavi-in-dvigala-3.jpg&#8220; _builder_version=&#8220;4.4.3&#8243;][\/et_pb_image][\/et_pb_column][\/et_pb_row][et_pb_row make_equal=&#8220;on&#8220; _builder_version=&#8220;4.4.3&#8243; custom_padding=&#8220;45px||0px||false|&#8220; hover_enabled=&#8220;0&#8243; border_color_bottom=&#8220;#dddddd&#8220;][et_pb_column type=&#8220;4_4&#8243; module_class=&#8220;ds-vertical-align&#8220; _builder_version=&#8220;4.4.3&#8243;][et_pb_text _builder_version=&#8220;4.4.3&#8243; header_2_text_align=&#8220;left&#8220; header_2_font_size=&#8220;19px&#8220; custom_padding=&#8220;||0px|||&#8220; hover_enabled=&#8220;0&#8243; text_orientation=&#8220;justified&#8220;]<\/p>\n<h2>KONZOLNE DIZALICE ILI KONZOLNI LIFTOVI<\/h2>\n<p align=\"justify\">Konzolne dizalice i konzolni liftovi su prakti\u010dna re\u0161enja pomo\u0107u kojih na odre\u0111enom radnom mestu za se\u010denje, mestu za zavarivanje, utovar itd. omogu\u0107avamo brzo i bezbedno podizanje i preno\u0161enje tereta. Proizvodimo ih u razli\u010ditim verzijama od klasi\u010dnih slobodnostoje\u0107ih koje se postavljaju na namenski temelj ili direktno u tlo, do zidnih, koji se montiraju na stub hale ili direktni zid. Ru\u010dicu mo\u017eemo da izvedemo fiksno, rotaciono ili prelomno za zahtevnije operacije. Svi pomaci mogu biti ru\u010dni, ru\u010dno \u2013 elektri\u010dni ili sasvim elektri\u010dni za \u0161to manji napor prilikom rada. Konzolni liftovi predstavljaju vrlo jednostavno i povoljno re\u0161enje manipulacije s teretom, zbog \u010dega su veoma omiljeni. Konzolne dizalice ili konzolne liftove nudimo do nosivosti od 10 t i du\u017eine ru\u010dice do 10 m sa ru\u010dnim ili el. ma\u010dkom, kao i ru\u010dnim ili el. rotacijom ru\u010dice.<\/p>\n<p>&nbsp;<\/p>\n<p>[\/et_pb_text][\/et_pb_column][\/et_pb_row][et_pb_row column_structure=&#8220;1_2,1_2&#8243; make_equal=&#8220;on&#8220; _builder_version=&#8220;4.4.3&#8243; custom_padding=&#8220;0px||45px||false|&#8220; hover_enabled=&#8220;0&#8243; border_width_bottom=&#8220;1px&#8220; border_color_bottom=&#8220;#dddddd&#8220;][et_pb_column type=&#8220;1_2&#8243; module_class=&#8220;ds-vertical-align&#8220; _builder_version=&#8220;4.4.3&#8243;][et_pb_text _builder_version=&#8220;4.4.3&#8243; header_2_text_align=&#8220;left&#8220; header_2_font_size=&#8220;19px&#8220; custom_padding=&#8220;||56px|||&#8220; hover_enabled=&#8220;0&#8243;]<\/p>\n<p align=\"justify\">Glavne karakteristike:<\/p>\n<ul>\n<li>\n<p align=\"justify\">Nosivosti od 125 kg do 10 t, ru\u010dice do 10 m<\/p>\n<\/li>\n<li>\n<p align=\"justify\">Visine podizanja do 10 m<\/p>\n<\/li>\n<li>\n<p align=\"justify\">Rotacija 180 \u00ba, 270 \u00ba ili 360 \u00ba beskona\u010dno<\/p>\n<\/li>\n<li>\n<p align=\"justify\">Izvo\u0111enje s lomljivom rukom<\/p>\n<\/li>\n<li>\n<p align=\"justify\">Izrada posebnih verzija<\/p>\n<\/li>\n<li>\n<p align=\"justify\">Priprema planova i \u0161ablona za temelj<\/p>\n<\/li>\n<\/ul>\n<p>[\/et_pb_text][\/et_pb_column][et_pb_column type=&#8220;1_2&#8243; _builder_version=&#8220;4.4.3&#8243;][et_pb_image src=&#8220;https:\/\/www.gramcommerce.si\/wp-content\/uploads\/2020\/05\/zerjavi-in-dvigala-b-1.jpg&#8220; _builder_version=&#8220;4.4.3&#8243;][\/et_pb_image][\/et_pb_column][\/et_pb_row][et_pb_row column_structure=&#8220;3_5,2_5&#8243; make_equal=&#8220;on&#8220; _builder_version=&#8220;4.4.3&#8243; custom_padding=&#8220;45px||45px||true|&#8220; border_width_bottom=&#8220;1px&#8220; border_color_bottom=&#8220;#dddddd&#8220; custom_margin=&#8220;-1px|auto||auto||&#8220;][et_pb_column type=&#8220;3_5&#8243; _builder_version=&#8220;4.4.3&#8243;][et_pb_text _builder_version=&#8220;4.4.3&#8243; header_2_text_align=&#8220;left&#8220; header_2_font_size=&#8220;19px&#8220; custom_padding=&#8220;||56px|||&#8220;]<\/p>\n<h2>JEDNO\u0160INSKE PRUGE<\/h2>\n<p align=\"justify\">Jedno\u0161inske pruge ili monorail su najjednostavnija forma dizalica. Ugra\u0111ujemo ih kada \u017eelimo da teret prenesemo sa jednog mesta na drugu lokaciju u istoj liniji jer ma\u010dak putuje fiksnom konstrukcijom (profilom). Uobi\u010dajene jedno\u0161inske pruge su ravne, mogu da se izvedu i sa zavojima (u radijus). Pruge se mogu oka\u010diti na plafon, mogu biti izvedene konzolno, sa zida ili slobodnostoje\u0107e na konstrukciji, sa stubovima. Mogu\u0107e su tako\u0111e i verzije sa skretnicama. Oprema nam dozvoljava verziju jedno\u0161inskih pruga do nosivosti 25 t uz kori\u0161\u0107enje jednog ma\u010dka ili nekoliko sa kombinacijom vi\u0161e njih.<\/p>\n<p align=\"justify\">\u00a0<\/p>\n<p align=\"justify\">\u00a0<\/p>\n<p align=\"justify\">\u00a0<\/p>\n<p align=\"justify\"><strong>Glavne karakteristike:<\/strong><\/p>\n<ul>\n<li>\n<p align=\"justify\">Nosivost od 125 kg do 25 t<\/p>\n<\/li>\n<li>\n<p align=\"justify\">Ravne ili ukrivljene verzije<\/p>\n<\/li>\n<li>\n<p align=\"justify\">Monta\u017ea na plafon, zid ili slobodnostoje\u0107e<\/p>\n<\/li>\n<li>\n<p align=\"justify\">Izrada posebnih verzija<\/p>\n<\/li>\n<\/ul>\n<p>[\/et_pb_text][\/et_pb_column][et_pb_column type=&#8220;2_5&#8243; module_class=&#8220;ds-vertical-align&#8220; _builder_version=&#8220;4.4.3&#8243;][et_pb_image src=&#8220;https:\/\/www.gramcommerce.si\/wp-content\/uploads\/2020\/06\/zerjavi-in-dvigala-c1.jpg&#8220; align=&#8220;center&#8220; _builder_version=&#8220;4.4.3&#8243;][\/et_pb_image][\/et_pb_column][\/et_pb_row][et_pb_row make_equal=&#8220;on&#8220; _builder_version=&#8220;4.4.3&#8243; custom_padding=&#8220;45px||0px||false|&#8220; border_color_bottom=&#8220;#dddddd&#8220;][et_pb_column type=&#8220;4_4&#8243; module_class=&#8220;ds-vertical-align&#8220; _builder_version=&#8220;4.4.3&#8243;][et_pb_text _builder_version=&#8220;4.4.3&#8243; header_2_text_align=&#8220;left&#8220; header_2_font_size=&#8220;19px&#8220; custom_padding=&#8220;||56px|||&#8220;]<\/p>\n<h2>LAKE VISE\u0106E DIZALICE I LIFTOVI<\/h2>\n<p align=\"justify\">Dizalice od lakih profila Prosystem napravljene su za jednostavnu manipulaciju tereta do 2000 kg. Precizna izrada i kvalitetne komponente obezbe\u0111uju mali otpor kotrljanja oko 1% te\u017eine tereta, \u0161to obezbe\u0111uje jednostavno pomeranje tereta. Svi pomaci su standardno ru\u010dni (vo\u017enja ma\u010dke i dizalice), a mogu\u0107e je i re\u0161enje na elektropogon. Dizalice i pruge od lakih profila su uglavnom oka\u010dene na plafonsku konstrukciju ili na samostoje\u0107u konstrukciju. Veliki izbor ve\u0161anja, profila i kolica nam omogu\u0107avaju izbor pravog sistema za svaku situaciju.<\/p>\n<p align=\"justify\">\u00a0<\/p>\n<p align=\"justify\">\u00a0<\/p>\n<p align=\"justify\">\u00a0<\/p>\n<p align=\"justify\"><strong>Glavne karakteristike:<\/strong><\/p>\n<ul>\n<li>\n<p align=\"justify\">Nosivost do 2 t<\/p>\n<\/li>\n<li>\n<p align=\"justify\">Rasponi do 8 m<\/p>\n<\/li>\n<li>\n<p align=\"justify\">Laka verzija za jednostavnu monta\u017eu bez zavarivanja<\/p>\n<\/li>\n<li>\n<p align=\"justify\">Minimalni ugaoni (1% te\u017eine tereta) otpor za jednostavno rukovanje<\/p>\n<\/li>\n<li>\n<p align=\"justify\">Sa ugra\u0111enom indikacijom preoptere\u0107enja spada u najbezbednije sisteme te vrste<\/p>\n<\/li>\n<li>\n<p align=\"justify\">I u aluminijumskoj verziji do 500 kg nosivosti<\/p>\n<\/li>\n<li>\n<p align=\"justify\">Opcioni elektri\u010dni pogoni ma\u010dke i dizalice<\/p>\n<\/li>\n<li>\n<p align=\"justify\">Standardna ili niska verzija za optimalnu iskori\u0161\u0107enost visine<\/p>\n<\/li>\n<\/ul>\n<p>[\/et_pb_text][\/et_pb_column][\/et_pb_row][et_pb_row column_structure=&#8220;1_3,1_3,1_3&#8243; use_custom_gutter=&#8220;on&#8220; _builder_version=&#8220;4.4.3&#8243; custom_padding=&#8220;||45px|||&#8220; border_width_bottom=&#8220;1px&#8220; border_color_bottom=&#8220;#dddddd&#8220;][et_pb_column type=&#8220;1_3&#8243; _builder_version=&#8220;4.4.3&#8243;][et_pb_image src=&#8220;https:\/\/www.gramcommerce.si\/wp-content\/uploads\/2020\/06\/zerjav-monorail-lahki-3.jpg&#8220; _builder_version=&#8220;4.4.3&#8243; border_width_all=&#8220;1px&#8220; border_color_all=&#8220;#dddddd&#8220;][\/et_pb_image][\/et_pb_column][et_pb_column type=&#8220;1_3&#8243; _builder_version=&#8220;4.4.3&#8243;][et_pb_image src=&#8220;https:\/\/www.gramcommerce.si\/wp-content\/uploads\/2020\/06\/zerjav-monorail-radius-lahki-2.jpg&#8220; _builder_version=&#8220;4.4.3&#8243; border_width_all=&#8220;1px&#8220; border_color_all=&#8220;#dddddd&#8220;][\/et_pb_image][\/et_pb_column][et_pb_column type=&#8220;1_3&#8243; _builder_version=&#8220;4.4.3&#8243;][et_pb_image src=&#8220;https:\/\/www.gramcommerce.si\/wp-content\/uploads\/2020\/06\/zerjav-viseci-lahki-1.jpg&#8220; _builder_version=&#8220;4.4.3&#8243; border_width_all=&#8220;1px&#8220; border_color_all=&#8220;#dddddd&#8220;][\/et_pb_image][\/et_pb_column][\/et_pb_row][et_pb_row column_structure=&#8220;3_5,2_5&#8243; make_equal=&#8220;on&#8220; _builder_version=&#8220;4.4.3&#8243; custom_padding=&#8220;45px||45px||true|&#8220; border_width_bottom=&#8220;1px&#8220; border_color_bottom=&#8220;#dddddd&#8220;][et_pb_column type=&#8220;3_5&#8243; module_class=&#8220;ds-vertical-align&#8220; _builder_version=&#8220;4.4.3&#8243;][et_pb_text _builder_version=&#8220;4.4.3&#8243; header_2_text_align=&#8220;left&#8220; header_2_font_size=&#8220;19px&#8220; custom_padding=&#8220;||56px|||&#8220;]<\/p>\n<h2>SPECIJALNE DIZALICE I LIFTOVI<\/h2>\n<p align=\"justify\">U slu\u010daju da vam standardne dizalice i liftovi ne odgovaraju, poma\u017eemo vam da prona\u0111ete alternativno re\u0161enje.<\/p>\n<p align=\"justify\">\u00a0<\/p>\n<p align=\"justify\">\u00a0<\/p>\n<p align=\"justify\">\u00a0<\/p>\n<p align=\"justify\"><strong>Glavne karakteristike:<\/strong><\/p>\n<ul>\n<li>\n<p align=\"justify\">namenska izrada za individualne kupce<\/p>\n<\/li>\n<li>\n<p align=\"justify\">posebna re\u0161enja uz kori\u0161\u0107enje hidraulike, pneumatike ili magnetne tehnike<\/p>\n<\/li>\n<li>\n<p align=\"justify\">kori\u0161\u0107enje vrhunskih komponenti<\/p>\n<\/li>\n<li>\n<p align=\"justify\">specifikacije (nosivosti, brzina, \u2026) s obzirom na potrebe klijenta.<\/p>\n<\/li>\n<\/ul>\n<p>[\/et_pb_text][\/et_pb_column][et_pb_column type=&#8220;2_5&#8243; module_class=&#8220;ds-vertical-align&#8220; _builder_version=&#8220;4.4.3&#8243;][et_pb_image src=&#8220;https:\/\/www.gramcommerce.si\/wp-content\/uploads\/2020\/06\/zerjavi-in-dvigala-a1.jpg&#8220; _builder_version=&#8220;4.4.3&#8243;][\/et_pb_image][\/et_pb_column][\/et_pb_row][et_pb_row _builder_version=&#8220;4.4.2&#8243; custom_padding=&#8220;68px|||||&#8220;][et_pb_column type=&#8220;4_4&#8243; _builder_version=&#8220;4.4.2&#8243;][et_pb_text _builder_version=&#8220;4.4.3&#8243; text_font=&#8220;|700|||||||&#8220; text_text_color=&#8220;#000000&#8243; text_font_size=&#8220;19px&#8220; text_orientation=&#8220;center&#8220;]<\/p>\n<p>Za sve projekte se posebno prilago\u0111avamo kupcu i nudimo ih po sistemu klju\u010d u ruke. <br \/>Obezbe\u0111ujemo isporuku, monta\u017eu, servis i garanciju i isporuku rezervnih delova.<\/p>\n<p>[\/et_pb_text][\/et_pb_column][\/et_pb_row][\/et_pb_section]<\/p>\n","protected":false},"excerpt":{"rendered":"<p>MOSTNE DIZALICE ILI MOSTNI LIFTOVI Mostne dizalice se koriste za transport i manipulaciju najrazli\u010ditijih vrsta optere\u0107enja u proizvodnim halama, radionicama, skladi\u0161nim prostorijama, energetskim objektima, valjaonicama, livnicama, prilikom izvo\u0111enja tehnolo\u0161kog procesa, monta\u017ee ili demonta\u017ee raznovrsne opreme ili sli\u010dno. Nudimo mostne dizalice ili mostne liftove, kako ih nazivamo. Dizalice opremamo vrhunskom opremom engleskog proizvo\u0111a\u010da Street Cranes, koji [&hellip;]<\/p>\n","protected":false},"author":1,"featured_media":0,"parent":0,"menu_order":0,"comment_status":"closed","ping_status":"closed","template":"","meta":{"_seopress_robots_primary_cat":"","_seopress_titles_title":"","_seopress_titles_desc":"","_seopress_robots_index":"","_et_pb_use_builder":"on","_et_pb_old_content":"","_et_gb_content_width":"","footnotes":""},"class_list":["post-47693","page","type-page","status-publish","hentry"],"_links":{"self":[{"href":"https:\/\/www.gramcommerce.si\/sr\/wp-json\/wp\/v2\/pages\/47693","targetHints":{"allow":["GET"]}}],"collection":[{"href":"https:\/\/www.gramcommerce.si\/sr\/wp-json\/wp\/v2\/pages"}],"about":[{"href":"https:\/\/www.gramcommerce.si\/sr\/wp-json\/wp\/v2\/types\/page"}],"author":[{"embeddable":true,"href":"https:\/\/www.gramcommerce.si\/sr\/wp-json\/wp\/v2\/users\/1"}],"replies":[{"embeddable":true,"href":"https:\/\/www.gramcommerce.si\/sr\/wp-json\/wp\/v2\/comments?post=47693"}],"version-history":[{"count":4,"href":"https:\/\/www.gramcommerce.si\/sr\/wp-json\/wp\/v2\/pages\/47693\/revisions"}],"predecessor-version":[{"id":47697,"href":"https:\/\/www.gramcommerce.si\/sr\/wp-json\/wp\/v2\/pages\/47693\/revisions\/47697"}],"wp:attachment":[{"href":"https:\/\/www.gramcommerce.si\/sr\/wp-json\/wp\/v2\/media?parent=47693"}],"curies":[{"name":"wp","href":"https:\/\/api.w.org\/{rel}","templated":true}]}}