{"id":47698,"date":"2021-02-01T10:44:59","date_gmt":"2021-02-01T10:44:59","guid":{"rendered":"https:\/\/www.gramcommerce.si\/elektricni-tegljac-multi-mover\/"},"modified":"2021-02-01T10:45:00","modified_gmt":"2021-02-01T10:45:00","slug":"elektricni-tegljac-multi-mover","status":"publish","type":"page","link":"https:\/\/www.gramcommerce.si\/sr\/elektricni-tegljac-multi-mover\/","title":{"rendered":"ELEKTRI\u010cNI TEGLJA\u010c MULTI-MOVER\u00ae"},"content":{"rendered":"<p>[et_pb_section fb_built=&#8220;1&#8243; _builder_version=&#8220;4.4.3&#8243; use_background_color_gradient=&#8220;on&#8220; background_color_gradient_start=&#8220;#eeeeee&#8220; background_color_gradient_end=&#8220;#ffffff&#8220; background_image=&#8220;https:\/\/www.gramcommerce.si\/wp-content\/uploads\/2020\/04\/title-back32gc.png&#8220; background_size=&#8220;contain&#8220; background_position=&#8220;top_right&#8220; custom_padding=&#8220;||45px|||&#8220; saved_tabs=&#8220;all&#8220;][et_pb_row column_structure=&#8220;3_5,2_5&#8243; _builder_version=&#8220;4.4.1&#8243; custom_padding=&#8220;49px||0px||false|false&#8220;][et_pb_column type=&#8220;3_5&#8243; _builder_version=&#8220;4.4.1&#8243;][et_pb_post_title meta=&#8220;off&#8220; featured_image=&#8220;off&#8220; _builder_version=&#8220;4.4.1&#8243; title_font_size=&#8220;32px&#8220; custom_margin=&#8220;||7px||false|false&#8220;][\/et_pb_post_title][et_pb_divider divider_weight=&#8220;4px&#8220; _builder_version=&#8220;4.4.1&#8243; width=&#8220;100px&#8220; animation_style=&#8220;slide&#8220; animation_direction=&#8220;right&#8220; animation_intensity_slide=&#8220;39%&#8220;][\/et_pb_divider][\/et_pb_column][et_pb_column type=&#8220;2_5&#8243; _builder_version=&#8220;4.4.1&#8243;][\/et_pb_column][\/et_pb_row][et_pb_row column_structure=&#8220;2_3,1_3&#8243; make_equal=&#8220;on&#8220; _builder_version=&#8220;4.6.5&#8243; border_color_bottom=&#8220;#dddddd&#8220;][et_pb_column type=&#8220;2_3&#8243; module_class=&#8220;ds-vertical-align&#8220; _builder_version=&#8220;4.6.5&#8243;][\/et_pb_column][et_pb_column type=&#8220;1_3&#8243; _builder_version=&#8220;4.4.3&#8243;][\/et_pb_column][\/et_pb_row][et_pb_row _builder_version=&#8220;4.4.3&#8243; border_color_bottom=&#8220;#dddddd&#8220;][et_pb_column type=&#8220;4_4&#8243; _builder_version=&#8220;4.4.3&#8243;][et_pb_text _builder_version=&#8220;4.6.5&#8243;]<\/p>\n<p>Ru\u010dni i teretni teglja\u010d. Ru\u010dna vu\u010da i potisak vozila, opreme odn. tereta.<br \/>Elektri\u010dni teglja\u010d i potiskiva\u010d. Manipulator odn. kolica za transport tereta.<\/p>\n<p>[\/et_pb_text][et_pb_text _builder_version=&#8220;4.6.5&#8243; hover_enabled=&#8220;0&#8243; sticky_enabled=&#8220;0&#8243;]<\/p>\n<p>Multi-Mover\u00ae Europe BV iz Holandije je vode\u0107i proizvo\u0111a\u010d i dizajner elektri\u010dnih teglja\u010da sa CE sertifikatom, koji je u skladu sa evropskim standardima. Na\u0161e preduze\u0107e Gram Commerce je zvani\u010dni zastupnik preduze\u0107a Multi-Mover\u00ae za teritoriju Slovenije i Hrvatske.<\/p>\n<p>&nbsp;<\/p>\n<p>Multi-Mover\u00ae je idealno re\u0161enje za brzu vu\u010du tereta iz skladi\u0161ta i sa proizvodnih linija. Brojnim preduze\u0107ima u razli\u010ditim industrijama potrebna je brza manipulacija odn. brzo pomeranje\/transport tereta sa jedne lokacije na drugu gde je bezbednost tereta na prvom mestu. Na taj na\u010din pove\u0107avamo produktivnost rada i manje fizi\u010dki optere\u0107ujemo zaposlene. Multi-Mover\u00ae elektri\u010dni manipulatori za vu\u010du i potisak omogu\u0107avaju jednostavno i precizno pomeranje sve od malih te\u017eina (do 1.200 kg) do maksimalne te\u017eine 80.000 kg (80 tona). Jednostavna upotreba za svakoga i jasan pogled na teret koji mo\u017eete da pomerate po mekim ili tvrdim povr\u0161inama. Tehnologija je bez podizanja, po principu potiska i povla\u010denja.<\/p>\n<p>[\/et_pb_text][\/et_pb_column][\/et_pb_row][et_pb_row _builder_version=&#8220;4.4.3&#8243; border_color_bottom=&#8220;#dddddd&#8220; column_structure=&#8220;2_3,1_3&#8243;][et_pb_column type=&#8220;2_3&#8243; _builder_version=&#8220;4.4.3&#8243;][et_pb_text _builder_version=&#8220;4.6.5&#8243; hover_enabled=&#8220;0&#8243; sticky_enabled=&#8220;0&#8243;]<\/p>\n<p>Multi-Mover\u00ae teglja\u010d\/manipulator je odli\u010dan za pomeranje odn. vu\u010du, potezanje i potiskivanje:<\/p>\n<ul>\n<li>Pozori\u0161ne opreme i tezgi.<\/li>\n<li>Vozova, helikoptera i aviona.<\/li>\n<li>Automobila i razli\u010ditih prikolica.<\/li>\n<li>Ve\u0161a i sanitetskog materijala.<\/li>\n<li>Kolica, kontejnera i kesona.<\/li>\n<li>Industrijske opreme i materijala.<\/li>\n<li>Kombija, kamiona i prikolica.<\/li>\n<li>\u010camaca, brodova i pomorske opreme odn. nautika\u2026<\/li>\n<\/ul>\n<p>[\/et_pb_text][\/et_pb_column][et_pb_column type=&#8220;1_3&#8243; _builder_version=&#8220;4.4.3&#8243;][et_pb_image src=&#8220;https:\/\/www.gramcommerce.si\/wp-content\/uploads\/2021\/01\/Multi-Mover_Logo.png&#8220; _builder_version=&#8220;4.6.5&#8243; _module_preset=&#8220;default&#8220; title_text=&#8220;Multi-Mover_Logo&#8220; hover_enabled=&#8220;0&#8243; sticky_enabled=&#8220;0&#8243; custom_margin=&#8220;||0px||false|false&#8220; custom_padding=&#8220;60px||||false|false&#8220;][\/et_pb_image][\/et_pb_column][\/et_pb_row][et_pb_row _builder_version=&#8220;4.6.5&#8243; _module_preset=&#8220;default&#8220;][et_pb_column _builder_version=&#8220;4.6.5&#8243; _module_preset=&#8220;default&#8220; type=&#8220;4_4&#8243;][et_pb_text _builder_version=&#8220;4.6.5&#8243; hover_enabled=&#8220;0&#8243; sticky_enabled=&#8220;0&#8243;]<\/p>\n<p align=\"justify\">Multi-Mover\u00ae je odli\u010dno re\u0161enje za proizvodnje, skladi\u0161ta, farmacije, trgovine, sajmove, salone, jaha\u010dke klubove, kampove, aerodrome, bolnice, hotele, domove za stare, vatrogasce, policiju, vojsku i druge delatnosti\u2026<\/p>\n<p>[\/et_pb_text][\/et_pb_column][\/et_pb_row][et_pb_row _builder_version=&#8220;4.4.3&#8243; border_width_bottom=&#8220;1px&#8220; border_color_bottom=&#8220;#dddddd&#8220;][et_pb_column type=&#8220;4_4&#8243; _builder_version=&#8220;4.4.2&#8243;][et_pb_text _builder_version=&#8220;4.4.3&#8243; text_orientation=&#8220;center&#8220;]<\/p>\n<h3 align=\"justify\">Multi-Mover\u00ae ru\u010dni teglja\u010d je sna\u017ean, bezbedan, tih, bez emisija, i jednostavan za upravljanje.<\/h3>\n<p>[\/et_pb_text][\/et_pb_column][\/et_pb_row][et_pb_row column_structure=&#8220;1_3,1_3,1_3&#8243; _builder_version=&#8220;4.4.3&#8243; custom_padding=&#8220;45px||40px|||&#8220;][et_pb_column type=&#8220;1_3&#8243; module_class=&#8220;ds-vertical-align&#8220; _builder_version=&#8220;4.4.3&#8243;][et_pb_text _builder_version=&#8220;4.4.3&#8243; text_orientation=&#8220;center&#8220;]<\/p>\n<p><b>Veoma sna\u017ean.<br \/><\/b>Sna\u017ean i jak elektromotor.<\/p>\n<p align=\"justify\">\u00a0<\/p>\n<p>[\/et_pb_text][\/et_pb_column][et_pb_column type=&#8220;1_3&#8243; _builder_version=&#8220;4.4.3&#8243;][et_pb_text _builder_version=&#8220;4.4.3&#8243; text_orientation=&#8220;center&#8220;]<\/p>\n<p><strong>Voza\u010dka dozvola NIJE potrebna.<\/strong><br \/>Jednostavna upotreba za sve korisnike manipulatora.<\/p>\n<p>[\/et_pb_text][\/et_pb_column][et_pb_column type=&#8220;1_3&#8243; _builder_version=&#8220;4.4.3&#8243;][et_pb_text _builder_version=&#8220;4.4.3&#8243; text_orientation=&#8220;center&#8220;]<\/p>\n<p><strong>Potpuno elektri\u010dni.<\/strong><br \/>Jake i standardne baterije za rad, bez odr\u017eavanja.<\/p>\n<p>[\/et_pb_text][\/et_pb_column][\/et_pb_row][et_pb_row column_structure=&#8220;1_3,1_3,1_3&#8243; _builder_version=&#8220;4.4.3&#8243; custom_padding=&#8220;8px|||||&#8220;][et_pb_column type=&#8220;1_3&#8243; _builder_version=&#8220;4.4.3&#8243;][et_pb_image src=&#8220;https:\/\/www.gramcommerce.si\/wp-content\/uploads\/2020\/06\/vlacilec-vozil-in-tezje-opreme-Multi-Mover-8.jpg&#8220; _builder_version=&#8220;4.4.3&#8243;][\/et_pb_image][\/et_pb_column][et_pb_column type=&#8220;1_3&#8243; _builder_version=&#8220;4.4.3&#8243;][et_pb_image src=&#8220;https:\/\/www.gramcommerce.si\/wp-content\/uploads\/2020\/06\/vlacilec-vozil-in-tezje-opreme-Multi-Mover-9.jpg&#8220; _builder_version=&#8220;4.4.3&#8243;][\/et_pb_image][\/et_pb_column][et_pb_column type=&#8220;1_3&#8243; _builder_version=&#8220;4.4.3&#8243;][et_pb_image src=&#8220;https:\/\/www.gramcommerce.si\/wp-content\/uploads\/2020\/06\/vlacilec-vozil-in-tezje-opreme-Multi-Mover-10.jpg&#8220; _builder_version=&#8220;4.4.3&#8243;][\/et_pb_image][\/et_pb_column][\/et_pb_row][\/et_pb_section][et_pb_section fb_built=&#8220;1&#8243; _builder_version=&#8220;4.4.2&#8243; custom_padding=&#8220;1px|||||&#8220;][et_pb_row column_structure=&#8220;1_3,1_3,1_3&#8243; _builder_version=&#8220;4.4.3&#8243;][et_pb_column type=&#8220;1_3&#8243; _builder_version=&#8220;4.4.3&#8243;][et_pb_image src=&#8220;https:\/\/www.gramcommerce.si\/wp-content\/uploads\/2020\/05\/vlacilec-vozil-in-tezje-opreme-Multi-Mover-4.jpg&#8220; _builder_version=&#8220;4.4.3&#8243;][\/et_pb_image][\/et_pb_column][et_pb_column type=&#8220;1_3&#8243; _builder_version=&#8220;4.4.3&#8243;][et_pb_image src=&#8220;https:\/\/www.gramcommerce.si\/wp-content\/uploads\/2020\/05\/vlacilec-vozil-in-tezje-opreme-Multi-Mover-3.jpg&#8220; _builder_version=&#8220;4.4.3&#8243;][\/et_pb_image][\/et_pb_column][et_pb_column type=&#8220;1_3&#8243; _builder_version=&#8220;4.4.3&#8243;][et_pb_image src=&#8220;https:\/\/www.gramcommerce.si\/wp-content\/uploads\/2020\/05\/vlacilec-vozil-in-tezje-opreme-Multi-Mover-5.jpg&#8220; _builder_version=&#8220;4.4.3&#8243;][\/et_pb_image][\/et_pb_column][\/et_pb_row][et_pb_row column_structure=&#8220;1_3,1_3,1_3&#8243; _builder_version=&#8220;4.4.3&#8243;][et_pb_column type=&#8220;1_3&#8243; _builder_version=&#8220;4.4.3&#8243;][et_pb_image src=&#8220;https:\/\/www.gramcommerce.si\/wp-content\/uploads\/2020\/05\/vlacilec-vozil-in-tezje-opreme-Multi-Mover-6.jpg&#8220; _builder_version=&#8220;4.4.3&#8243;][\/et_pb_image][\/et_pb_column][et_pb_column type=&#8220;1_3&#8243; _builder_version=&#8220;4.4.3&#8243;][et_pb_image src=&#8220;https:\/\/www.gramcommerce.si\/wp-content\/uploads\/2020\/05\/vlacilec-vozil-in-tezje-opreme-Multi-Mover-7.jpg&#8220; _builder_version=&#8220;4.4.3&#8243;][\/et_pb_image][\/et_pb_column][et_pb_column type=&#8220;1_3&#8243; _builder_version=&#8220;4.4.3&#8243;][et_pb_image src=&#8220;https:\/\/www.gramcommerce.si\/wp-content\/uploads\/2020\/05\/vlacilec-vozil-in-tezje-opreme-Multi-Mover_a.jpg&#8220; _builder_version=&#8220;4.4.3&#8243;][\/et_pb_image][\/et_pb_column][\/et_pb_row][et_pb_row column_structure=&#8220;1_3,1_3,1_3&#8243; _builder_version=&#8220;4.4.3&#8243;][et_pb_column type=&#8220;1_3&#8243; _builder_version=&#8220;4.4.3&#8243;][et_pb_image src=&#8220;https:\/\/www.gramcommerce.si\/wp-content\/uploads\/2020\/05\/vlacilec-vozil-in-tezje-opreme-Multi-Mover_i.jpg&#8220; _builder_version=&#8220;4.4.3&#8243;][\/et_pb_image][\/et_pb_column][et_pb_column type=&#8220;1_3&#8243; _builder_version=&#8220;4.4.3&#8243;][et_pb_image src=&#8220;https:\/\/www.gramcommerce.si\/wp-content\/uploads\/2020\/05\/vlacilec-vozil-in-tezje-opreme-Multi-Mover_m.jpg&#8220; _builder_version=&#8220;4.4.3&#8243;][\/et_pb_image][\/et_pb_column][et_pb_column type=&#8220;1_3&#8243; _builder_version=&#8220;4.4.3&#8243;][et_pb_image src=&#8220;https:\/\/www.gramcommerce.si\/wp-content\/uploads\/2020\/05\/vlacilec-vozil-in-tezje-opreme-Multi-Mover_l.jpg&#8220; _builder_version=&#8220;4.4.3&#8243;][\/et_pb_image][\/et_pb_column][\/et_pb_row][\/et_pb_section][et_pb_section fb_built=&#8220;1&#8243; _builder_version=&#8220;4.4.3&#8243; background_color=&#8220;#ffffff&#8220;][et_pb_row column_structure=&#8220;1_3,1_3,1_3&#8243; make_equal=&#8220;on&#8220; _builder_version=&#8220;4.4.3&#8243; custom_padding=&#8220;45px||45px||true|&#8220; border_width_bottom=&#8220;1px&#8220; border_color_bottom=&#8220;#dddddd&#8220;][et_pb_column type=&#8220;1_3&#8243; module_class=&#8220;ds-vertical-align&#8220; _builder_version=&#8220;4.4.3&#8243;][et_pb_text _builder_version=&#8220;4.4.3&#8243;]<\/p>\n<h4>PREDNOSTI<\/h4>\n<ul>\n<li>\n<p align=\"justify\">Agilan i kompaktan.<\/p>\n<\/li>\n<li>\n<p align=\"justify\">\u0160irok izbor priklju\u010daka za vu\u010du (kuka).<\/p>\n<\/li>\n<li>\n<p align=\"justify\">Pogodno za unutra\u0161nje i spolja\u0161nje prostore.<\/p>\n<\/li>\n<li>\n<p align=\"justify\">\u0160irok izbor guma\/pneumatika.<\/p>\n<\/li>\n<li>\n<p align=\"justify\">Jake i standardne baterije za rad.<\/p>\n<\/li>\n<li>\n<p align=\"justify\">Bez odr\u017eavanja.<\/p>\n<\/li>\n<li>\n<p align=\"justify\">Program za \u0161tednju baterije.<\/p>\n<\/li>\n<li>\n<p align=\"justify\">Pogodan protivteg.<\/p>\n<\/li>\n<li>\n<p align=\"justify\">Program podesiv pojedincu.<\/p>\n<\/li>\n<li>\n<p align=\"justify\">Dvogodi\u0161nja garancija, CE izjava o usagla\u0161enosti.<\/p>\n<\/li>\n<li>\n<p align=\"justify\">Rezervni delovi na zalihi kod proizvo\u0111a\u010da.<\/p>\n<p align=\"justify\">\u00a0<\/p>\n<\/li>\n<\/ul>\n<p>[\/et_pb_text][\/et_pb_column][et_pb_column type=&#8220;1_3&#8243; _builder_version=&#8220;4.4.2&#8243;][et_pb_image src=&#8220;https:\/\/www.gramcommerce.si\/wp-content\/uploads\/2020\/05\/vlacilec-vozil-in-tezje-opreme-Multi-Mover_b.jpg&#8220; _builder_version=&#8220;4.4.3&#8243;][\/et_pb_image][et_pb_image src=&#8220;https:\/\/www.gramcommerce.si\/wp-content\/uploads\/2020\/05\/vlacilec-vozil-in-tezje-opreme-Multi-Mover_e.jpg&#8220; _builder_version=&#8220;4.4.3&#8243;][\/et_pb_image][\/et_pb_column][et_pb_column type=&#8220;1_3&#8243; _builder_version=&#8220;4.4.2&#8243;][et_pb_image src=&#8220;https:\/\/www.gramcommerce.si\/wp-content\/uploads\/2020\/05\/vlacilec-vozil-in-tezje-opreme-Multi-Mover_c.jpg&#8220; _builder_version=&#8220;4.4.3&#8243;][\/et_pb_image][et_pb_image src=&#8220;https:\/\/www.gramcommerce.si\/wp-content\/uploads\/2020\/05\/vlacilec-vozil-in-tezje-opreme-Multi-Mover_d.jpg&#8220; _builder_version=&#8220;4.4.3&#8243;][\/et_pb_image][\/et_pb_column][\/et_pb_row][et_pb_row column_structure=&#8220;1_3,1_3,1_3&#8243; _builder_version=&#8220;4.4.3&#8243; custom_padding=&#8220;45px||45px||true|&#8220; border_color_all=&#8220;#dddddd&#8220; border_width_bottom=&#8220;1px&#8220;][et_pb_column type=&#8220;1_3&#8243; _builder_version=&#8220;4.4.3&#8243;][et_pb_text _builder_version=&#8220;4.4.3&#8243;]<\/p>\n<h4>UKLJU\u010cENO<\/h4>\n<ul>\n<li>\n<p align=\"justify\">Sna\u017ean i jak elektromotor.<\/p>\n<\/li>\n<li>\n<p align=\"justify\">Diferencijalni pogon.<\/p>\n<\/li>\n<li>\n<p align=\"justify\">Ko\u010denje motora i elektromagnetna ko\u010dnica.<\/p>\n<\/li>\n<li>\n<p align=\"justify\">Podesiva brzina do 5 km\/h.<\/p>\n<\/li>\n<li>\n<p align=\"justify\">Voza\u010dka dozvola NIJE potrebna.<\/p>\n<\/li>\n<li>\n<p align=\"justify\">Minimalno odr\u017eavanje.<\/p>\n<\/li>\n<\/ul>\n<p>[\/et_pb_text][\/et_pb_column][et_pb_column type=&#8220;1_3&#8243; _builder_version=&#8220;4.4.3&#8243;][et_pb_image src=&#8220;https:\/\/www.gramcommerce.si\/wp-content\/uploads\/2020\/05\/vlacilec-vozil-in-tezje-opreme-Multi-Mover_f.jpg&#8220; _builder_version=&#8220;4.4.3&#8243;][\/et_pb_image][\/et_pb_column][et_pb_column type=&#8220;1_3&#8243; _builder_version=&#8220;4.4.3&#8243;][et_pb_image src=&#8220;https:\/\/www.gramcommerce.si\/wp-content\/uploads\/2020\/05\/vlacilec-vozil-in-tezje-opreme-Multi-Mover_g.jpg&#8220; _builder_version=&#8220;4.4.3&#8243;][\/et_pb_image][\/et_pb_column][\/et_pb_row][et_pb_row column_structure=&#8220;1_3,1_3,1_3&#8243; make_equal=&#8220;on&#8220; _builder_version=&#8220;4.4.3&#8243; custom_padding=&#8220;45px|||||&#8220;][et_pb_column type=&#8220;1_3&#8243; module_class=&#8220;ds-vertical-align&#8220; _builder_version=&#8220;4.4.3&#8243;][et_pb_text _builder_version=&#8220;4.4.3&#8243; header_4_font=&#8220;|||on|||||&#8220;]<\/p>\n<h4>Jednostavno punjenje<\/h4>\n<ul>\n<li>Baterije napunite za 3-5 sati uz prilo\u017eeni punja\u010d s priklju\u010divanjem na strujnu uti\u010dnicu.<\/li>\n<\/ul>\n<p>[\/et_pb_text][\/et_pb_column][et_pb_column type=&#8220;1_3&#8243; _builder_version=&#8220;4.4.3&#8243;][et_pb_image src=&#8220;https:\/\/www.gramcommerce.si\/wp-content\/uploads\/2020\/05\/vlacilec-vozil-in-tezje-opreme-Multi-Mover_h.jpg&#8220; _builder_version=&#8220;4.4.3&#8243;][\/et_pb_image][\/et_pb_column][et_pb_column type=&#8220;1_3&#8243; _builder_version=&#8220;4.4.3&#8243;][et_pb_image src=&#8220;https:\/\/www.gramcommerce.si\/wp-content\/uploads\/2020\/05\/vlacilec-vozil-in-tezje-opreme-Multi-Mover_k.jpg&#8220; _builder_version=&#8220;4.4.3&#8243;][\/et_pb_image][\/et_pb_column][\/et_pb_row][\/et_pb_section]<\/p>\n","protected":false},"excerpt":{"rendered":"<p>Ru\u010dni i teretni teglja\u010d. Ru\u010dna vu\u010da i potisak vozila, opreme odn. tereta.Elektri\u010dni teglja\u010d i potiskiva\u010d. Manipulator odn. kolica za transport tereta.Multi-Mover\u00ae Europe BV iz Holandije je vode\u0107i proizvo\u0111a\u010d i dizajner elektri\u010dnih teglja\u010da sa CE sertifikatom, koji je u skladu sa evropskim standardima. Na\u0161e preduze\u0107e Gram Commerce je zvani\u010dni zastupnik preduze\u0107a Multi-Mover\u00ae za teritoriju Slovenije i [&hellip;]<\/p>\n","protected":false},"author":1,"featured_media":0,"parent":0,"menu_order":0,"comment_status":"closed","ping_status":"closed","template":"","meta":{"_seopress_robots_primary_cat":"","_seopress_titles_title":"","_seopress_titles_desc":"","_seopress_robots_index":"","_et_pb_use_builder":"on","_et_pb_old_content":"","_et_gb_content_width":"","footnotes":""},"class_list":["post-47698","page","type-page","status-publish","hentry"],"_links":{"self":[{"href":"https:\/\/www.gramcommerce.si\/sr\/wp-json\/wp\/v2\/pages\/47698","targetHints":{"allow":["GET"]}}],"collection":[{"href":"https:\/\/www.gramcommerce.si\/sr\/wp-json\/wp\/v2\/pages"}],"about":[{"href":"https:\/\/www.gramcommerce.si\/sr\/wp-json\/wp\/v2\/types\/page"}],"author":[{"embeddable":true,"href":"https:\/\/www.gramcommerce.si\/sr\/wp-json\/wp\/v2\/users\/1"}],"replies":[{"embeddable":true,"href":"https:\/\/www.gramcommerce.si\/sr\/wp-json\/wp\/v2\/comments?post=47698"}],"version-history":[{"count":4,"href":"https:\/\/www.gramcommerce.si\/sr\/wp-json\/wp\/v2\/pages\/47698\/revisions"}],"predecessor-version":[{"id":47702,"href":"https:\/\/www.gramcommerce.si\/sr\/wp-json\/wp\/v2\/pages\/47698\/revisions\/47702"}],"wp:attachment":[{"href":"https:\/\/www.gramcommerce.si\/sr\/wp-json\/wp\/v2\/media?parent=47698"}],"curies":[{"name":"wp","href":"https:\/\/api.w.org\/{rel}","templated":true}]}}