{"id":47815,"date":"2021-03-22T12:35:52","date_gmt":"2021-03-22T12:35:52","guid":{"rendered":"https:\/\/www.gramcommerce.si\/podizni-uredjaj-za-industriju\/pametni-podzini-uredjaj-liongrip\/"},"modified":"2021-03-22T12:35:53","modified_gmt":"2021-03-22T12:35:53","slug":"pametni-podzini-uredjaj-liongrip","status":"publish","type":"page","link":"https:\/\/www.gramcommerce.si\/sr\/podizni-uredjaj-za-industriju\/pametni-podzini-uredjaj-liongrip\/","title":{"rendered":"PAMETNI PODZINI URE\u0110AJ LIONGRIP\u00ae"},"content":{"rendered":"<p>[et_pb_section fb_built=&#8220;1&#8243; _builder_version=&#8220;4.4.3&#8243; use_background_color_gradient=&#8220;on&#8220; background_color_gradient_start=&#8220;#eeeeee&#8220; background_color_gradient_end=&#8220;#ffffff&#8220; background_image=&#8220;https:\/\/www.gramcommerce.si\/wp-content\/uploads\/2020\/04\/title-back32gc.png&#8220; background_size=&#8220;contain&#8220; background_position=&#8220;top_right&#8220; min_height=&#8220;350px&#8220; custom_padding=&#8220;||35px|||&#8220; saved_tabs=&#8220;all&#8220;][et_pb_row column_structure=&#8220;3_5,2_5&#8243; _builder_version=&#8220;4.4.1&#8243; custom_padding=&#8220;49px||0px||false|false&#8220;][et_pb_column type=&#8220;3_5&#8243; _builder_version=&#8220;4.4.1&#8243;][et_pb_post_title meta=&#8220;off&#8220; featured_image=&#8220;off&#8220; _builder_version=&#8220;4.4.1&#8243; title_font_size=&#8220;32px&#8220; custom_margin=&#8220;||7px||false|false&#8220;][\/et_pb_post_title][et_pb_divider divider_weight=&#8220;4px&#8220; _builder_version=&#8220;4.4.1&#8243; width=&#8220;100px&#8220; animation_style=&#8220;slide&#8220; animation_direction=&#8220;right&#8220; animation_intensity_slide=&#8220;39%&#8220;][\/et_pb_divider][\/et_pb_column][et_pb_column type=&#8220;2_5&#8243; _builder_version=&#8220;4.4.1&#8243;][\/et_pb_column][\/et_pb_row][et_pb_row column_structure=&#8220;3_5,2_5&#8243; _builder_version=&#8220;4.4.3&#8243;][et_pb_column type=&#8220;3_5&#8243; _builder_version=&#8220;4.4.3&#8243;][et_pb_text _builder_version=&#8220;4.4.3&#8243;]<\/p>\n<p align=\"justify\">Liongrip\u00ae funkcioni\u0161e sli\u010dno kao pametni mi\u0161i\u0107. Minimalnom snagom rukovaoc\/operater mo\u017ee da pomera velika optere\u0107enja. Razli\u010dite hvataljke omogu\u0107avaju maksimalnu prilagodljivost proizvodu. Liongrip\u00ae spaja inovativan dizajn sa visokom fleksibilno\u0161\u0107u i dobrom ergonomijom.<\/p>\n<p>[\/et_pb_text][\/et_pb_column][et_pb_column type=&#8220;2_5&#8243; _builder_version=&#8220;4.4.3&#8243;][\/et_pb_column][\/et_pb_row][et_pb_row column_structure=&#8220;1_3,1_3,1_3&#8243; _builder_version=&#8220;4.4.3&#8243; custom_padding=&#8220;21px|||||&#8220;][et_pb_column type=&#8220;1_3&#8243; _builder_version=&#8220;4.4.3&#8243;][et_pb_image src=&#8220;https:\/\/www.gramcommerce.si\/wp-content\/uploads\/2020\/09\/pametna-dvizna-naprava-Liongrip1-2.jpg&#8220; _builder_version=&#8220;4.4.3&#8243; hover_enabled=&#8220;0&#8243; border_width_all=&#8220;1px&#8220; border_color_all=&#8220;#eeeeee&#8220;][\/et_pb_image][\/et_pb_column][et_pb_column type=&#8220;1_3&#8243; _builder_version=&#8220;4.4.3&#8243;][et_pb_image src=&#8220;https:\/\/www.gramcommerce.si\/wp-content\/uploads\/2020\/09\/pametna-dvizna-naprava-Liongrip1.jpg&#8220; _builder_version=&#8220;4.4.3&#8243;][\/et_pb_image][\/et_pb_column][et_pb_column type=&#8220;1_3&#8243; _builder_version=&#8220;4.4.3&#8243;][\/et_pb_column][\/et_pb_row][\/et_pb_section][et_pb_section fb_built=&#8220;1&#8243; _builder_version=&#8220;4.4.3&#8243; background_enable_color=&#8220;off&#8220; custom_padding=&#8220;35px|||||&#8220;][et_pb_row column_structure=&#8220;3_5,2_5&#8243; _builder_version=&#8220;4.4.3&#8243; custom_margin=&#8220;0px||||false|false&#8220; custom_padding=&#8220;45px||45px||false|false&#8220; border_width_bottom=&#8220;1px&#8220; border_color_bottom=&#8220;#eeeeee&#8220;][et_pb_column type=&#8220;3_5&#8243; _builder_version=&#8220;4.4.3&#8243;][et_pb_text _builder_version=&#8220;4.4.3&#8243;]<\/p>\n<h2>LIONGRIP\u00ae\u00a0 INDUSTRIJSKI MANIPULATOR<\/h2>\n<p align=\"justify\">Pomo\u0107u na\u0161eg podiznog ure\u0111aja LionGrip\u00ae mo\u017eete podi\u0107i velike terete u kombinaciji sa dugim opsegom. Teret je mogu\u0107e uhvatiti izvan te\u017ei\u0161ta. LionGrip\u00ae je opremljen ru\u010dkom koja je osetljiva na silu i prilikom najmanjeg pokreta ruke se jednostavno podi\u017ee. Kada tradicionalni manipulator\/ure\u0111aj za podizanje nije dovoljan, LionGrip\u00ae jednostavno obavlja svoj posao. Podizni ure\u0111aj mo\u017eete jednostavno natovariti sa strane i pomeriti na drugu lokaciju. Na\u0161 jedinstveni podizni ure\u0111aj omogu\u0107ava da se manipulacija odvija beste\u017einski i tako da rasteretimo le\u0111a i ramena zaposlenih.<\/p>\n<p>&nbsp;<\/p>\n<p>[\/et_pb_text][\/et_pb_column][et_pb_column type=&#8220;2_5&#8243; _builder_version=&#8220;4.4.3&#8243;][et_pb_image src=&#8220;https:\/\/www.gramcommerce.si\/wp-content\/uploads\/2020\/09\/pametna-dvizna-naprava-Liongrip2.jpg&#8220; _builder_version=&#8220;4.4.3&#8243;][\/et_pb_image][\/et_pb_column][\/et_pb_row][et_pb_row column_structure=&#8220;3_5,2_5&#8243; _builder_version=&#8220;4.4.3&#8243; custom_padding=&#8220;45px|||||&#8220;][et_pb_column type=&#8220;3_5&#8243; _builder_version=&#8220;4.4.3&#8243;][et_pb_text _builder_version=&#8220;4.4.3&#8243;]<\/p>\n<h2>LIONGRIP\u00ae<\/h2>\n<p align=\"justify\">LionGrip\u00ae pametna ru\u010dka\/upravlja\u010d je osetljiv na silu i obezbe\u0111uje da podizne ruke prate najmanji pokret nagore i nadole. Pametni podizni ure\u0111aj LionGrip\u00ae jednostavno se prilago\u0111ava razli\u010ditim namenama upotrebe. Ugra\u0111eno je mnogo funkcija i pretpode\u0161avanja, koji u kombinaciji po meri napravljenim hvataljkama obezbe\u0111uju kako bezbednost tako i optimalnu manipulaciju. Ograni\u010denje mo\u017ee biti prilikom pre pode\u0161avanja snage podizanja, prilikom zaklju\u010davanja hvataljki\/\u010deljusti, kada je teret u vazduhu, prilikom usisavanja vazdu\u0161nih kanala vakuum hvataljki\u2026 Zbog robusne i \u010diste linije dizajna, ovom podiznom ure\u0111aju je potrebno minimalano odr\u017eavanje i zamenski delovi, \u0161to \u010dini investiciju \u0161tedljivom na dugi rok. Isporuka i monta\u017ea manipulatora LionGrip\u00ae na lokaciji kupca je jednostavna i ne traje dugo.<\/p>\n<p align=\"justify\">Liongrip\u00ae specifikacije:<\/p>\n<ul>\n<li>Raspon pokreta: 1 m, 1,25 m, 1,5 m in 2 m (odnosno po porud\u017ebini)<\/li>\n<li>Standardna du\u017eina ruke: 2,5m, 3m, 3,5m &amp; 4m (odnosno po narud\u017ebini)<\/li>\n<li>Podru\u010dje rada: preko 400\u00b0<\/li>\n<li>Nosivost: LG50 do 70kg, LG80 do 200kg<\/li>\n<li>Elektri\u010dni priklju\u010dak: 110 V ili 230 V AC<\/li>\n<li>Vazdu\u0161ni pritisak: 6 bar<\/li>\n<li>Boja: \u017duta<\/li>\n<\/ul>\n<p>[\/et_pb_text][\/et_pb_column][et_pb_column type=&#8220;2_5&#8243; _builder_version=&#8220;4.4.3&#8243;][et_pb_image src=&#8220;https:\/\/www.gramcommerce.si\/wp-content\/uploads\/2020\/09\/pametna-dvizna-naprava-Liongrip3.jpg&#8220; _builder_version=&#8220;4.4.3&#8243;][\/et_pb_image][\/et_pb_column][\/et_pb_row][et_pb_row _builder_version=&#8220;4.4.3&#8243; custom_padding=&#8220;45px|||||&#8220;][et_pb_column type=&#8220;4_4&#8243; _builder_version=&#8220;4.4.3&#8243;][et_pb_text _builder_version=&#8220;4.4.3&#8243;]<\/p>\n<h2>Mogu\u0107nosti podiznog ure\u0111aja Liongrip\u00ae<\/h2>\n<p>[\/et_pb_text][\/et_pb_column][\/et_pb_row][et_pb_row column_structure=&#8220;1_2,1_2&#8243; _builder_version=&#8220;4.4.3&#8243; custom_padding=&#8220;||45px|||&#8220; border_width_bottom=&#8220;1px&#8220; border_color_bottom=&#8220;#dddddd&#8220;][et_pb_column type=&#8220;1_2&#8243; _builder_version=&#8220;4.4.3&#8243;][et_pb_text _builder_version=&#8220;4.4.3&#8243;]<\/p>\n<h3>\u0160INE<\/h3>\n<p align=\"justify\">Dostupnost manipulatora na razli\u010ditim lokacijama omogu\u0107ava mobilnost \u0161ina.<\/p>\n<p>[\/et_pb_text][et_pb_image src=&#8220;https:\/\/www.gramcommerce.si\/wp-content\/uploads\/2020\/09\/pametna-dvizna-naprava-Liongrip-Tirnice1A-1.jpg&#8220; _builder_version=&#8220;4.4.3&#8243; hover_enabled=&#8220;0&#8243;][\/et_pb_image][\/et_pb_column][et_pb_column type=&#8220;1_2&#8243; _builder_version=&#8220;4.4.3&#8243;][et_pb_image src=&#8220;https:\/\/www.gramcommerce.si\/wp-content\/uploads\/2020\/09\/pametna-dvizna-naprava-Liongrip-Tirnice2.jpg&#8220; _builder_version=&#8220;4.4.3&#8243; custom_margin=&#8220;85px||||false|false&#8220;][\/et_pb_image][\/et_pb_column][\/et_pb_row][et_pb_row column_structure=&#8220;1_2,1_2&#8243; _builder_version=&#8220;4.4.3&#8243; custom_margin=&#8220;-1px|auto||auto||&#8220; custom_padding=&#8220;45px|||||&#8220;][et_pb_column type=&#8220;1_2&#8243; _builder_version=&#8220;4.4.3&#8243;][et_pb_text _builder_version=&#8220;4.4.3&#8243;]<\/p>\n<h2>STUB<\/h2>\n<p align=\"justify\">Podizni stub u automobilskoj industriji.<\/p>\n<p>[\/et_pb_text][\/et_pb_column][et_pb_column type=&#8220;1_2&#8243; _builder_version=&#8220;4.4.3&#8243;][et_pb_text _builder_version=&#8220;4.4.3&#8243;]<\/p>\n<h3>TELESKOP<\/h3>\n<p>Teleskopska manipulacija za kese.<\/p>\n<p>[\/et_pb_text][\/et_pb_column][\/et_pb_row][et_pb_row column_structure=&#8220;1_2,1_2&#8243; _builder_version=&#8220;4.4.3&#8243; custom_padding=&#8220;||45px|||&#8220; border_width_bottom=&#8220;1px&#8220; border_color_bottom=&#8220;#dddddd&#8220;][et_pb_column type=&#8220;1_2&#8243; _builder_version=&#8220;4.4.3&#8243;][et_pb_image src=&#8220;https:\/\/www.gramcommerce.si\/wp-content\/uploads\/2020\/09\/pametna-dvizna-naprava-Liongrip-steber.jpg&#8220; _builder_version=&#8220;4.4.3&#8243;][\/et_pb_image][\/et_pb_column][et_pb_column type=&#8220;1_2&#8243; _builder_version=&#8220;4.4.3&#8243;][et_pb_image src=&#8220;https:\/\/www.gramcommerce.si\/wp-content\/uploads\/2020\/09\/pametna-dvizna-naprava-Liongrip-Teleskop1.png&#8220; _builder_version=&#8220;4.4.3&#8243; border_width_all=&#8220;1px&#8220; border_color_all=&#8220;#eeeeee&#8220;][\/et_pb_image][\/et_pb_column][\/et_pb_row][et_pb_row _builder_version=&#8220;4.4.3&#8243; custom_padding=&#8220;45px|||||&#8220;][et_pb_column type=&#8220;4_4&#8243; _builder_version=&#8220;4.4.3&#8243;][et_pb_text _builder_version=&#8220;4.4.3&#8243;]<\/p>\n<h2>HVATALJKE<\/h2>\n<p>&nbsp;<\/p>\n<p>[\/et_pb_text][\/et_pb_column][\/et_pb_row][et_pb_row column_structure=&#8220;3_5,2_5&#8243; _builder_version=&#8220;4.4.3&#8243; custom_padding=&#8220;||45px|||&#8220; border_width_bottom=&#8220;1px&#8220; border_color_bottom=&#8220;#dddddd&#8220;][et_pb_column type=&#8220;3_5&#8243; _builder_version=&#8220;4.4.3&#8243;][et_pb_text _builder_version=&#8220;4.4.3&#8243; header_3_font_size=&#8220;19px&#8220;]<\/p>\n<h3 align=\"justify\"><strong>HVATALJKE ZA ROLNE<\/strong><\/h3>\n<p>Mo\u017eemo ponuditi original hvataljke Liongrip\u00ae ili od drugih proizvo\u0111a\u010da, zavisno od potreba kupca. Po meri napravljene hvataljke za rolne Liongrip\u00ae su optimalno prilago\u0111ene za podizanje i brzo pomeranje malih rolni na palete. Hvataljke za rolne su napravljene za podizanje do 100 kg, zavisno od du\u017eine rolne i du\u017eine ruke hvataljke i raspona hvataljke Liongrip\u00ae.<\/p>\n<p>[\/et_pb_text][\/et_pb_column][et_pb_column type=&#8220;2_5&#8243; _builder_version=&#8220;4.4.3&#8243;][et_pb_image src=&#8220;https:\/\/www.gramcommerce.si\/wp-content\/uploads\/2020\/09\/pametna-dvizna-naprava-Liongrip-Prijemalo-za-role.png&#8220; _builder_version=&#8220;4.4.3&#8243; border_width_all=&#8220;1px&#8220; border_color_all=&#8220;#eeeeee&#8220;][\/et_pb_image][\/et_pb_column][\/et_pb_row][et_pb_row column_structure=&#8220;3_5,2_5&#8243; _builder_version=&#8220;4.4.3&#8243; custom_padding=&#8220;45px||45px||false|false&#8220; border_width_bottom=&#8220;1px&#8220; border_color_bottom=&#8220;#dddddd&#8220;][et_pb_column type=&#8220;3_5&#8243; _builder_version=&#8220;4.4.3&#8243;][et_pb_text _builder_version=&#8220;4.4.3&#8243; header_3_font_size=&#8220;19px&#8220;]<\/p>\n<h3 align=\"justify\"><strong>HVATALJKE ZA OKRETANJE PALETA<\/strong><\/h3>\n<p>Okreta\u010d paleta omogu\u0107ava slaganje paleta odozgo jedne na druge, sa pole\u0111ine na pole\u0111inu i bo\u010dne na bo\u010dne, \u0161to ume da predstavlja veliki izazov. Kada se palete preme\u0161taju i pomeraju ru\u010dno, radnik znatno rizikuje da podlegne povredama le\u0111a i dolazi do dodatnih tro\u0161kova prilikom o\u0161te\u0107enja paleta. Hvataljkom za okretanje paleta je zadatak ove vrste jednostavno re\u0161en. Okreta\u010d paleta je potpuno prilago\u0111en na\u0161em pametnom manipulatoru Liongrip\u00ae i uspe\u0161an je prilikom manipulacije ve\u0107ine drvenih paleta. Jednostavno i lako mo\u017eete odlo\u017eiti palete koje su okrenute na pole\u0111inu ili ih odlo\u017eite u normalnom polo\u017eaju. Jednostavno je mogu\u0107e slo\u017eiti \/u red) palete gde je svaka druga slo\u017eena na pole\u0111inu.<\/p>\n<p>Za lak\u0161i dohvat paleta koje su slo\u017eene visoko u redu, raspon visine integrisan je u hvataljku\/okreta\u010d, \u0161to omogu\u0107ava ergonomsko manipulisanje paletama. Okreta\u010d paleta bezbedno hvata paletu koja je okrenuta odozgo-nadole s \u010dvrstim hvatanjem po sredini nose\u0107e noge palete. Pravilno okretanje i pomeranje paleta koje ne smeju da se okre\u0107u, mogu\u0107e je manipulisati sa lako\u0107om bez zahvatanja nogu paleta. Paleta mo\u017ee biti jednostavno naslonjena na vilju\u0161ke. Pomeranje i kretanje vilju\u0161aka odvija se potpuno simetri\u010dno. Okreta\u010d za palete je napravljen za pomeranje paleta do 40 kg. Veli\u010dina palete kojom je mogu\u0107e manipulisati, zavisi od te\u017eine palete.<\/p>\n<p>[\/et_pb_text][\/et_pb_column][et_pb_column type=&#8220;2_5&#8243; _builder_version=&#8220;4.4.3&#8243;][et_pb_image src=&#8220;https:\/\/www.gramcommerce.si\/wp-content\/uploads\/2020\/09\/pametna-dvizna-naprava-Liongrip-Prijemalo-za-obracanje-palet.jpg&#8220; _builder_version=&#8220;4.4.3&#8243; border_width_all=&#8220;1px&#8220; border_color_all=&#8220;#eeeeee&#8220;][\/et_pb_image][\/et_pb_column][\/et_pb_row][et_pb_row column_structure=&#8220;3_5,2_5&#8243; _builder_version=&#8220;4.4.3&#8243; custom_padding=&#8220;45px||45px||false|false&#8220; border_width_bottom=&#8220;1px&#8220; border_color_bottom=&#8220;#dddddd&#8220;][et_pb_column type=&#8220;3_5&#8243; _builder_version=&#8220;4.4.3&#8243;][et_pb_text _builder_version=&#8220;4.4.3&#8243; header_3_font_size=&#8220;19px&#8220;]<\/p>\n<h3 align=\"justify\"><strong>VAKUUM HVATALJKA<\/strong><\/h3>\n<p>Vakuum je \u010desto optimalan na\u010din za hvatanje razli\u010ditih materijala i proizvoda. Imamo re\u0161enja za glatke i hrapave materijale, za kese, kutije, panele i plo\u010de itd.<\/p>\n<p>Za hrapave povr\u0161ine mo\u017eda \u0107e biti potrebno vi\u0161e od jedne vakuumske pumpe. Da bi se obezbedila sigurnost funkcionisanja manipulacije, hrapavi materijali se dodatno testiraju.<\/p>\n<p>[\/et_pb_text][\/et_pb_column][et_pb_column type=&#8220;2_5&#8243; _builder_version=&#8220;4.4.3&#8243;][et_pb_image src=&#8220;https:\/\/www.gramcommerce.si\/wp-content\/uploads\/2020\/09\/pametna-dvizna-naprava-Liongrip-Vakuumsko-prijemalo.jpg&#8220; _builder_version=&#8220;4.4.3&#8243; border_width_all=&#8220;1px&#8220; border_color_all=&#8220;#eeeeee&#8220;][\/et_pb_image][\/et_pb_column][\/et_pb_row][et_pb_row column_structure=&#8220;3_5,2_5&#8243; _builder_version=&#8220;4.4.3&#8243; custom_padding=&#8220;45px||45px||false|false&#8220; border_width_bottom=&#8220;1px&#8220; border_color_bottom=&#8220;#dddddd&#8220;][et_pb_column type=&#8220;3_5&#8243; _builder_version=&#8220;4.4.3&#8243;][et_pb_text _builder_version=&#8220;4.4.3&#8243; header_3_font_size=&#8220;19px&#8220;]<\/p>\n<h3><strong>VAKUUMSKI LIFT ODN. HVATALJKA ZA NERAVNE POVR\u0160INE<\/strong><\/h3>\n<p>Za proizvode neravne povr\u0161ine, hvata\u010d mo\u017eemo opremiti fleksibilnim sisaljkama odn. hvata\u010dima s velikim hodom.<\/p>\n<p>[\/et_pb_text][\/et_pb_column][et_pb_column type=&#8220;2_5&#8243; _builder_version=&#8220;4.4.3&#8243;][et_pb_image src=&#8220;https:\/\/www.gramcommerce.si\/wp-content\/uploads\/2020\/09\/pametna-dvizna-naprava-Liongrip-Vakuumsko-dvigalo.jpg&#8220; _builder_version=&#8220;4.4.3&#8243; border_width_all=&#8220;1px&#8220; border_color_all=&#8220;#eeeeee&#8220;][\/et_pb_image][\/et_pb_column][\/et_pb_row][et_pb_row column_structure=&#8220;3_5,2_5&#8243; _builder_version=&#8220;4.4.3&#8243; custom_padding=&#8220;45px||45px||false|false&#8220; border_width_bottom=&#8220;1px&#8220; border_color_bottom=&#8220;#dddddd&#8220;][et_pb_column type=&#8220;3_5&#8243; _builder_version=&#8220;4.4.3&#8243;][et_pb_text _builder_version=&#8220;4.4.3&#8243; header_3_font_size=&#8220;19px&#8220;]<\/p>\n<h3><strong>NAGIBNO ILI ROTACIONO HVATANJE<\/strong><\/h3>\n<p>Hvatanje je koncipirano tako da se teret mo\u017ee iskositi i\/ili zarotirati, vrteti. Pomeranje mo\u017ee biti elektri\u010dno ili pneumatsko, zavisno od zahteva.<\/p>\n<p>[\/et_pb_text][\/et_pb_column][et_pb_column type=&#8220;2_5&#8243; _builder_version=&#8220;4.4.3&#8243;][et_pb_image src=&#8220;https:\/\/www.gramcommerce.si\/wp-content\/uploads\/2020\/09\/pametna-dvizna-naprava-Liongrip-Nagibno-prijemalo.jpg&#8220; _builder_version=&#8220;4.4.3&#8243; border_width_all=&#8220;1px&#8220; border_color_all=&#8220;#eeeeee&#8220;][\/et_pb_image][\/et_pb_column][\/et_pb_row][et_pb_row column_structure=&#8220;3_5,2_5&#8243; _builder_version=&#8220;4.4.3&#8243; custom_padding=&#8220;45px||45px||false|false&#8220; border_width_bottom=&#8220;1px&#8220; border_color_bottom=&#8220;#dddddd&#8220;][et_pb_column type=&#8220;3_5&#8243; _builder_version=&#8220;4.4.3&#8243;][et_pb_text _builder_version=&#8220;4.4.3&#8243; header_3_font_size=&#8220;19px&#8220;]<\/p>\n<h3><strong>VAKUUM HVATALJKA ZA TE\u0160KE TERETE<\/strong><\/h3>\n<p>Vakuum hvataljka je pogodna i za pomeranje velikih i te\u0161kih proizvoda. Na slici je proizvod te\u017eine 200 kilograma, koji pomera (po meri napravljena) hvataljka. Hvataljku mo\u017eemo da okre\u0107emo za 180\u00b0.<\/p>\n<p>[\/et_pb_text][\/et_pb_column][et_pb_column type=&#8220;2_5&#8243; _builder_version=&#8220;4.4.3&#8243;][et_pb_image src=&#8220;https:\/\/www.gramcommerce.si\/wp-content\/uploads\/2020\/09\/pametna-dvizna-naprava-Liongrip-Vakuumsko-prijemalo-za-tezke-tovore.jpg&#8220; _builder_version=&#8220;4.4.3&#8243; border_width_all=&#8220;1px&#8220; border_color_all=&#8220;#eeeeee&#8220;][\/et_pb_image][\/et_pb_column][\/et_pb_row][et_pb_row column_structure=&#8220;3_5,2_5&#8243; _builder_version=&#8220;4.4.3&#8243; custom_padding=&#8220;45px||45px||false|false&#8220; border_width_bottom=&#8220;1px&#8220; border_color_bottom=&#8220;#dddddd&#8220;][et_pb_column type=&#8220;3_5&#8243; _builder_version=&#8220;4.4.3&#8243;][et_pb_text _builder_version=&#8220;4.4.3&#8243; header_3_font_size=&#8220;19px&#8220;]<\/p>\n<h3><strong>STANDARDNA HVATALJKA ZA GREDE<\/strong><\/h3>\n<p>Standardna hvataljka je pogodna za hvatanje okruglih greda sa pre\u010dnikom 40\u2013150 mm. Hvataljka pokre\u0107e vazdu\u0161ni motor sa funkcijom samozaklju\u010davanja vijaka za za\u0161titu prilikom pomeranja. Na raspolaganju u desnoj i levoj verziji s jednostavnim prebacivanjem iz jedne u drugu.<\/p>\n<p>[\/et_pb_text][\/et_pb_column][et_pb_column type=&#8220;2_5&#8243; _builder_version=&#8220;4.4.3&#8243;][et_pb_image src=&#8220;https:\/\/www.gramcommerce.si\/wp-content\/uploads\/2020\/09\/pametna-dvizna-naprava-Liongrip-Standardno-prijemalo-na-gredi.jpg&#8220; _builder_version=&#8220;4.4.3&#8243; border_width_all=&#8220;1px&#8220; border_color_all=&#8220;#eeeeee&#8220;][\/et_pb_image][\/et_pb_column][\/et_pb_row][et_pb_row column_structure=&#8220;3_5,2_5&#8243; _builder_version=&#8220;4.4.3&#8243; custom_padding=&#8220;45px||45px||false|false&#8220; border_width_bottom=&#8220;1px&#8220; border_color_bottom=&#8220;#dddddd&#8220;][et_pb_column type=&#8220;3_5&#8243; _builder_version=&#8220;4.4.3&#8243;][et_pb_text _builder_version=&#8220;4.4.3&#8243; header_3_font_size=&#8220;19px&#8220;]<\/p>\n<h3><strong>USKA HVATALJKA ZA GREDE<\/strong><\/h3>\n<p align=\"justify\">Kada je prostor za hvatanje greda ograni\u010den, hvataljka radi sna\u017eno, po principu samozaklju\u010davanja. Uprkos kratkom hvatanju grede se mogu zadr\u017eati i pomerati vodoravno.<\/p>\n<p>[\/et_pb_text][\/et_pb_column][et_pb_column type=&#8220;2_5&#8243; _builder_version=&#8220;4.4.3&#8243;][et_pb_image src=&#8220;https:\/\/www.gramcommerce.si\/wp-content\/uploads\/2020\/09\/pametna-dvizna-naprava-Liongrip-Ozko-prijemalo-za-gredi.jpg&#8220; _builder_version=&#8220;4.4.3&#8243; border_width_all=&#8220;1px&#8220; border_color_all=&#8220;#eeeeee&#8220;][\/et_pb_image][\/et_pb_column][\/et_pb_row][et_pb_row column_structure=&#8220;3_5,2_5&#8243; _builder_version=&#8220;4.4.3&#8243; custom_padding=&#8220;45px||45px||false|false&#8220; border_width_bottom=&#8220;1px&#8220; border_color_bottom=&#8220;#dddddd&#8220;][et_pb_column type=&#8220;3_5&#8243; _builder_version=&#8220;4.4.3&#8243;][et_pb_text _builder_version=&#8220;4.4.3&#8243; header_3_font_size=&#8220;19px&#8220;]<\/p>\n<h3><strong>SIMETRI\u010cNE HVATALJKE ZA GREDE<\/strong><\/h3>\n<p>Kada su dve ma\u0161ine okrenute zadnjim delom jedna prema drugoj, simetri\u010dna hvataljka za grede mo\u017ee da bude odgovaraju\u0107e re\u0161enje. Omogu\u0107ava re\u0161enje za pomeranje te\u0161kih greda za dve ma\u0161ine sa samo jednim manipulatorom. Liongrip\u00ae se postavlja na sredinu, izme\u0111u dve ma\u0161ine da bi se manipulacija odvijala za obe pozicije. Svaka hvataljka se specifi\u010dno prilago\u0111ava gredi za optimalnu manipulaciju.<\/p>\n<p>[\/et_pb_text][\/et_pb_column][et_pb_column type=&#8220;2_5&#8243; _builder_version=&#8220;4.4.3&#8243;][et_pb_image src=&#8220;https:\/\/www.gramcommerce.si\/wp-content\/uploads\/2020\/09\/pametna-dvizna-naprava-Liongrip-Simetricno-prijemalo-za-gredi.jpg&#8220; _builder_version=&#8220;4.4.3&#8243; border_width_all=&#8220;1px&#8220; border_color_all=&#8220;#eeeeee&#8220;][\/et_pb_image][\/et_pb_column][\/et_pb_row][et_pb_row column_structure=&#8220;3_5,2_5&#8243; _builder_version=&#8220;4.4.3&#8243; custom_padding=&#8220;45px||45px||false|false&#8220; border_width_bottom=&#8220;1px&#8220; border_color_bottom=&#8220;#dddddd&#8220;][et_pb_column type=&#8220;3_5&#8243; _builder_version=&#8220;4.4.3&#8243;][et_pb_text _builder_version=&#8220;4.4.3&#8243; header_3_font_size=&#8220;19px&#8220;]<\/p>\n<h3><strong>VILJU\u0160KE ZA PODIZANJE PALETA<\/strong><\/h3>\n<p>Liongrip\u00ae opremljen sa vilju\u0161kama je potpun za podizanje i pomeranje paleta. Izbegnite opasnosti od povreda kod zaposlenih s na\u0161im pametnim podiznim ure\u0111ajem.<\/p>\n<p>[\/et_pb_text][\/et_pb_column][et_pb_column type=&#8220;2_5&#8243; _builder_version=&#8220;4.4.3&#8243;][et_pb_image src=&#8220;https:\/\/www.gramcommerce.si\/wp-content\/uploads\/2020\/09\/pametna-dvizna-naprava-Liongrip-Vilice-za-dvig-palet.jpg&#8220; _builder_version=&#8220;4.4.3&#8243; border_width_all=&#8220;1px&#8220; border_color_all=&#8220;#eeeeee&#8220;][\/et_pb_image][\/et_pb_column][\/et_pb_row][et_pb_row column_structure=&#8220;3_5,2_5&#8243; _builder_version=&#8220;4.4.3&#8243; custom_padding=&#8220;45px||45px||false|false&#8220; border_color_bottom=&#8220;#dddddd&#8220;][et_pb_column type=&#8220;3_5&#8243; _builder_version=&#8220;4.4.3&#8243;][et_pb_text _builder_version=&#8220;4.4.3&#8243; header_3_font_size=&#8220;19px&#8220;]<\/p>\n<h3><strong>HVATALJKA ZA OKRUGLE POVR\u0160INE<\/strong><\/h3>\n<p>Hvataljka za neravne povr\u0161ine hvata proizvod, podigne ga od zemlje i jednostavno pomeri na \u017eeljeni cilj.<\/p>\n<p>[\/et_pb_text][\/et_pb_column][et_pb_column type=&#8220;2_5&#8243; _builder_version=&#8220;4.4.3&#8243;][et_pb_image src=&#8220;https:\/\/www.gramcommerce.si\/wp-content\/uploads\/2020\/09\/pametna-dvizna-naprava-Liongrip-Prijemalo-za-okrogle-povrsine.jpg&#8220; _builder_version=&#8220;4.4.3&#8243; border_width_all=&#8220;1px&#8220; border_color_all=&#8220;#eeeeee&#8220;][\/et_pb_image][\/et_pb_column][\/et_pb_row][\/et_pb_section]<\/p>\n","protected":false},"excerpt":{"rendered":"<p>Liongrip\u00ae funkcioni\u0161e sli\u010dno kao pametni mi\u0161i\u0107. Minimalnom snagom rukovaoc\/operater mo\u017ee da pomera velika optere\u0107enja. Razli\u010dite hvataljke omogu\u0107avaju maksimalnu prilagodljivost proizvodu. Liongrip\u00ae spaja inovativan dizajn sa visokom fleksibilno\u0161\u0107u i dobrom ergonomijom.LIONGRIP\u00ae\u00a0 INDUSTRIJSKI MANIPULATOR Pomo\u0107u na\u0161eg podiznog ure\u0111aja LionGrip\u00ae mo\u017eete podi\u0107i velike terete u kombinaciji sa dugim opsegom. Teret je mogu\u0107e uhvatiti izvan te\u017ei\u0161ta. LionGrip\u00ae je opremljen [&hellip;]<\/p>\n","protected":false},"author":1,"featured_media":0,"parent":47810,"menu_order":0,"comment_status":"closed","ping_status":"closed","template":"","meta":{"_seopress_robots_primary_cat":"","_seopress_titles_title":"","_seopress_titles_desc":"","_seopress_robots_index":"","_et_pb_use_builder":"on","_et_pb_old_content":"","_et_gb_content_width":"","footnotes":""},"class_list":["post-47815","page","type-page","status-publish","hentry"],"_links":{"self":[{"href":"https:\/\/www.gramcommerce.si\/sr\/wp-json\/wp\/v2\/pages\/47815","targetHints":{"allow":["GET"]}}],"collection":[{"href":"https:\/\/www.gramcommerce.si\/sr\/wp-json\/wp\/v2\/pages"}],"about":[{"href":"https:\/\/www.gramcommerce.si\/sr\/wp-json\/wp\/v2\/types\/page"}],"author":[{"embeddable":true,"href":"https:\/\/www.gramcommerce.si\/sr\/wp-json\/wp\/v2\/users\/1"}],"replies":[{"embeddable":true,"href":"https:\/\/www.gramcommerce.si\/sr\/wp-json\/wp\/v2\/comments?post=47815"}],"version-history":[{"count":4,"href":"https:\/\/www.gramcommerce.si\/sr\/wp-json\/wp\/v2\/pages\/47815\/revisions"}],"predecessor-version":[{"id":47819,"href":"https:\/\/www.gramcommerce.si\/sr\/wp-json\/wp\/v2\/pages\/47815\/revisions\/47819"}],"up":[{"embeddable":true,"href":"https:\/\/www.gramcommerce.si\/sr\/wp-json\/wp\/v2\/pages\/47810"}],"wp:attachment":[{"href":"https:\/\/www.gramcommerce.si\/sr\/wp-json\/wp\/v2\/media?parent=47815"}],"curies":[{"name":"wp","href":"https:\/\/api.w.org\/{rel}","templated":true}]}}