{"id":47827,"date":"2021-03-22T12:56:07","date_gmt":"2021-03-22T12:56:07","guid":{"rendered":"https:\/\/www.gramcommerce.si\/mobilni-manipulator-za-vece-nosivosti\/"},"modified":"2021-03-22T12:56:08","modified_gmt":"2021-03-22T12:56:08","slug":"mobilni-manipulator-za-vece-nosivosti","status":"publish","type":"page","link":"https:\/\/www.gramcommerce.si\/sr\/mobilni-manipulator-za-vece-nosivosti\/","title":{"rendered":"MOBILNI MANIPULATOR ZA VE\u0106E NOSIVOSTI"},"content":{"rendered":"<p>[et_pb_section fb_built=&#8220;1&#8243; _builder_version=&#8220;4.6.5&#8243; use_background_color_gradient=&#8220;on&#8220; background_color_gradient_start=&#8220;#eeeeee&#8220; background_color_gradient_end=&#8220;#ffffff&#8220; background_image=&#8220;https:\/\/www.gramcommerce.si\/wp-content\/uploads\/2020\/04\/title-back32gc.png&#8220; background_size=&#8220;contain&#8220; background_position=&#8220;top_right&#8220; custom_padding=&#8220;||0px||false|false&#8220; saved_tabs=&#8220;all&#8220;][et_pb_row column_structure=&#8220;3_5,2_5&#8243; _builder_version=&#8220;4.4.1&#8243; custom_padding=&#8220;49px||0px||false|false&#8220;][et_pb_column type=&#8220;3_5&#8243; _builder_version=&#8220;4.4.1&#8243;][et_pb_post_title meta=&#8220;off&#8220; featured_image=&#8220;off&#8220; _builder_version=&#8220;4.6.5&#8243; title_font_size=&#8220;32px&#8220; width=&#8220;550px&#8220; width_tablet=&#8220;100%&#8220; width_phone=&#8220;100%&#8220; width_last_edited=&#8220;on|tablet&#8220; custom_margin=&#8220;||7px||false|false&#8220;][\/et_pb_post_title][et_pb_divider divider_weight=&#8220;4px&#8220; _builder_version=&#8220;4.4.1&#8243; width=&#8220;100px&#8220; animation_style=&#8220;slide&#8220; animation_direction=&#8220;right&#8220; animation_intensity_slide=&#8220;39%&#8220;][\/et_pb_divider][\/et_pb_column][et_pb_column type=&#8220;2_5&#8243; _builder_version=&#8220;4.4.1&#8243;][\/et_pb_column][\/et_pb_row][et_pb_row column_structure=&#8220;1_2,1_2&#8243; _builder_version=&#8220;4.6.5&#8243; _module_preset=&#8220;default&#8220; custom_margin=&#8220;185px||||false|false&#8220; custom_margin_tablet=&#8220;0px||||false|false&#8220; custom_margin_phone=&#8220;&#8220; custom_margin_last_edited=&#8220;on|desktop&#8220; custom_padding=&#8220;||5px||false|false&#8220;][et_pb_column type=&#8220;1_2&#8243; _builder_version=&#8220;4.6.5&#8243; _module_preset=&#8220;default&#8220;][et_pb_image src=&#8220;https:\/\/www.gramcommerce.si\/wp-content\/uploads\/2021\/01\/manuvit-logo.jpg&#8220; title_text=&#8220;manuvit logo&#8220; _builder_version=&#8220;4.6.5&#8243; _module_preset=&#8220;default&#8220; width=&#8220;65%&#8220; custom_margin=&#8220;-15px||||false|false&#8220;][\/et_pb_image][\/et_pb_column][et_pb_column type=&#8220;1_2&#8243; _builder_version=&#8220;4.6.5&#8243; _module_preset=&#8220;default&#8220;][et_pb_text _builder_version=&#8220;4.6.5&#8243; header_2_text_align=&#8220;left&#8220; header_2_font_size=&#8220;19px&#8220; custom_padding=&#8220;||6px|||&#8220; hover_enabled=&#8220;0&#8243; sticky_enabled=&#8220;0&#8243;]<\/p>\n<p>Manuvit iz Francuske vode\u0107i je proizvo\u0111a\u010d i dizajner CE dizajnerskih pokretnih liftova i manipulatora koji su u skladu sa evropskim standardima.<br \/>Na\u0161a kompanija Gram Commerce slu\u017ebeni je predstavnik kompanije Manuvit za podru\u010dje Slovenije, Hrvatske i Srbije.<\/p>\n<p>[\/et_pb_text][\/et_pb_column][\/et_pb_row][\/et_pb_section][et_pb_section fb_built=&#8220;1&#8243; _builder_version=&#8220;4.6.5&#8243; custom_padding=&#8220;0px||||false|false&#8220;][et_pb_row column_structure=&#8220;1_3,1_3,1_3&#8243; make_equal=&#8220;on&#8220; _builder_version=&#8220;4.6.5&#8243; custom_margin=&#8220;-1px||||false|false&#8220; custom_padding=&#8220;0px|||||&#8220; border_width_bottom=&#8220;1px&#8220; border_color_bottom=&#8220;#dddddd&#8220;][et_pb_column type=&#8220;1_3&#8243; module_class=&#8220;ds-vertical-align&#8220; _builder_version=&#8220;4.4.3&#8243;][et_pb_text _builder_version=&#8220;4.4.3&#8243;]<\/p>\n<p><strong>Nudimo re\u0161enja po meri za manipulaciju:<\/strong><\/p>\n<ul>\n<li>suda odn. sudova<\/li>\n<li>cevi odn. vi\u0161e cevi<\/li>\n<li>rolne odn. rolni<\/li>\n<li>industrijskog omota odn. industrijskih omota<\/li>\n<li>kutije odn. kutija<\/li>\n<li>koluta odn. kolutova<\/li>\n<li>trake odn. traka<\/li>\n<\/ul>\n<p>[\/et_pb_text][\/et_pb_column][et_pb_column type=&#8220;1_3&#8243; module_class=&#8220;ds-vertical-align&#8220; _builder_version=&#8220;4.4.3&#8243;][et_pb_text _builder_version=&#8220;4.4.3&#8243;]<\/p>\n<ul>\n<li>palete odn. paleta<\/li>\n<li>gume odn. guma<\/li>\n<li>korpe odn. korpa<\/li>\n<li>kanistera odn. vi\u0161e kanistera<\/li>\n<li>kontejnera odn. vi\u0161e kontejnera<\/li>\n<li>lanca odn. lanaca<\/li>\n<li>Industrijskog pojasa odn. industrijskih pojaseva<\/li>\n<\/ul>\n<p>[\/et_pb_text][\/et_pb_column][et_pb_column type=&#8220;1_3&#8243; _builder_version=&#8220;4.4.3&#8243;][et_pb_image src=&#8220;https:\/\/www.gramcommerce.si\/wp-content\/uploads\/2021\/01\/mobilni-manipulator-manuvit-za-vecjo-nosilnost.jpg&#8220; title_text=&#8220;mobilni manipulator manuvit za vecjo nosilnost&#8220; _builder_version=&#8220;4.6.5&#8243; custom_padding=&#8220;37px||||false|false&#8220;][\/et_pb_image][\/et_pb_column][\/et_pb_row][et_pb_row make_equal=&#8220;on&#8220; _builder_version=&#8220;4.4.3&#8243; custom_padding=&#8220;45px||45px||true|&#8220; border_color_bottom=&#8220;#dddddd&#8220;][et_pb_column type=&#8220;4_4&#8243; module_class=&#8220;ds-vertical-align&#8220; _builder_version=&#8220;4.4.3&#8243;][et_pb_text _builder_version=&#8220;4.6.5&#8243; header_2_text_align=&#8220;left&#8220; header_2_font_size=&#8220;19px&#8220; text_orientation=&#8220;justified&#8220; custom_padding=&#8220;||8px|||&#8220;]<\/p>\n<p align=\"justify\">Dodata vrednost na\u0161ih manipulatora je prilagodljivost trapa zavisno od optere\u0107enja koje manipulator obavi a posebno prilikom podizanja ve\u0107e te\u017eine. Manipulator re\u0161ava problem radnog procesa korisnika i tako\u0111e pove\u0107ava produktivnost. Inteligentna i po meri napravljena re\u0161enja za manipulaciju robom omogu\u0107avaju da se kompleksne i fizi\u010dki zahtevne operacije izvode jednostavno, bezbedno, ergonomski i efikasno. Svaki manipulator planiramo u uskoj saradnji sa krajnjim korisnikom da mo\u017eemo ponuditi optimalno re\u0161enje. Bavimo se svim problemima manipulacije, od jednostavnih do veoma komplikovanih stvari.<\/p>\n<p>[\/et_pb_text][\/et_pb_column][\/et_pb_row][et_pb_row column_structure=&#8220;2_5,3_5&#8243; _builder_version=&#8220;4.4.3&#8243;][et_pb_column type=&#8220;2_5&#8243; _builder_version=&#8220;4.4.3&#8243;][et_pb_text _builder_version=&#8220;4.4.3&#8243;]<\/p>\n<p><u>Dizajn je namenjen intenzivnoj upotrebi:<\/u><\/p>\n<ul>\n<li><strong>Ergonomije<\/strong> koja se prilago\u0111ava operateru.<\/li>\n<\/ul>\n<ul>\n<li><strong>Pouzdanosti<\/strong> i kvalitetu materijala na dugi rok.<\/li>\n<\/ul>\n<ul>\n<li><strong>Velikom spektru<\/strong> standardnih i prilago\u0111enih dodataka.<\/li>\n<\/ul>\n<p><u>Prednosti na\u0161ega manipulatora:<\/u><\/p>\n<ul>\n<li><b>Pouzdanost:<\/b>Potpun nadzor nad proizvodnim postupkom.<\/li>\n<\/ul>\n<ul>\n<li><b>Ergonomija<\/b>: Modularnost \u0161asije, prilago\u0111avanje optere\u0107enjima i okru\u017eenju.<\/li>\n<\/ul>\n<ul>\n<li><strong>Bezbednost:<\/strong> U skladu sa propisima i standardima.<\/li>\n<\/ul>\n<ul>\n<li><b>Dodatna oprema<\/b>: Opse\u017ena ponuda standardnih dodataka. Razvoj prilago\u0111enih re\u0161enja (po meri).<\/li>\n<\/ul>\n<p>[\/et_pb_text][\/et_pb_column][et_pb_column type=&#8220;3_5&#8243; _builder_version=&#8220;4.4.3&#8243;][et_pb_image src=&#8220;https:\/\/www.gramcommerce.si\/wp-content\/uploads\/2021\/01\/mauvit-za-vecjo-nosilnost-blaga.jpg&#8220; title_text=&#8220;mauvit za vecjo nosilnost blaga&#8220; _builder_version=&#8220;4.6.5&#8243; _module_preset=&#8220;default&#8220; custom_padding=&#8220;50px||||false|false&#8220;][\/et_pb_image][\/et_pb_column][\/et_pb_row][et_pb_row _builder_version=&#8220;4.4.2&#8243; custom_padding=&#8220;68px|||||&#8220;][et_pb_column type=&#8220;4_4&#8243; _builder_version=&#8220;4.4.2&#8243;][et_pb_text _builder_version=&#8220;4.4.3&#8243; text_font=&#8220;|700|||||||&#8220; text_text_color=&#8220;#000000&#8243; text_font_size=&#8220;19px&#8220; text_orientation=&#8220;center&#8220;]<\/p>\n<p>Za svaki manipulator se posebno prilago\u0111avamo kupcu i nudimo re\u0161enja klju\u010d u ruke. Obezbe\u0111ujemo isporuku, monta\u017eu, servis i garanciju i isporuku rezervnih delova.<\/p>\n<p>[\/et_pb_text][\/et_pb_column][\/et_pb_row][et_pb_row column_structure=&#8220;1_4,1_4,1_4,1_4&#8243; use_custom_gutter=&#8220;on&#8220; _builder_version=&#8220;4.4.3&#8243; custom_padding=&#8220;||45px|||&#8220; border_color_bottom=&#8220;#dddddd&#8220;][et_pb_column type=&#8220;1_4&#8243; _builder_version=&#8220;4.4.3&#8243;][et_pb_image src=&#8220;https:\/\/www.gramcommerce.si\/wp-content\/uploads\/2020\/06\/manipulator-za-transport10.jpg&#8220; _builder_version=&#8220;4.4.3&#8243; border_width_all=&#8220;1px&#8220; border_color_all=&#8220;#dddddd&#8220;][\/et_pb_image][et_pb_image src=&#8220;https:\/\/www.gramcommerce.si\/wp-content\/uploads\/2021\/01\/mobilni-manipulator-vecja-nosilnost-4.png&#8220; title_text=&#8220;mobilni manipulator vecja nosilnost (4)&#8220; _builder_version=&#8220;4.6.5&#8243; border_width_all=&#8220;1px&#8220; border_color_all=&#8220;#dddddd&#8220;][\/et_pb_image][et_pb_image src=&#8220;https:\/\/www.gramcommerce.si\/wp-content\/uploads\/2021\/01\/mobilni-manipulator-vecja-nosilnost-10.png&#8220; title_text=&#8220;mobilni manipulator vecja nosilnost (10)&#8220; _builder_version=&#8220;4.6.5&#8243; border_width_all=&#8220;1px&#8220; border_color_all=&#8220;#dddddd&#8220;][\/et_pb_image][et_pb_image src=&#8220;https:\/\/www.gramcommerce.si\/wp-content\/uploads\/2021\/01\/mobilni-manipulator-vecja-nosilnost-6.png&#8220; title_text=&#8220;mobilni manipulator vecja nosilnost (6)&#8220; _builder_version=&#8220;4.6.5&#8243; border_width_all=&#8220;1px&#8220; border_color_all=&#8220;#dddddd&#8220;][\/et_pb_image][\/et_pb_column][et_pb_column type=&#8220;1_4&#8243; _builder_version=&#8220;4.4.3&#8243;][et_pb_image src=&#8220;https:\/\/www.gramcommerce.si\/wp-content\/uploads\/2020\/06\/manipulator-za-transport3.jpg&#8220; _builder_version=&#8220;4.4.3&#8243; border_width_all=&#8220;1px&#8220; border_color_all=&#8220;#dddddd&#8220;][\/et_pb_image][et_pb_image src=&#8220;https:\/\/www.gramcommerce.si\/wp-content\/uploads\/2021\/01\/mobilni-manipulator-vecja-nosilnost-3.png&#8220; title_text=&#8220;mobilni manipulator vecja nosilnost (3)&#8220; _builder_version=&#8220;4.6.5&#8243; border_width_all=&#8220;1px&#8220; border_color_all=&#8220;#dddddd&#8220;][\/et_pb_image][et_pb_image src=&#8220;https:\/\/www.gramcommerce.si\/wp-content\/uploads\/2021\/01\/mobilni-manipulator-vecja-nosilnost-5.png&#8220; title_text=&#8220;mobilni manipulator vecja nosilnost (5)&#8220; _builder_version=&#8220;4.6.5&#8243; border_width_all=&#8220;1px&#8220; border_color_all=&#8220;#dddddd&#8220;][\/et_pb_image][et_pb_image src=&#8220;https:\/\/www.gramcommerce.si\/wp-content\/uploads\/2021\/01\/mobilni-manipulator-vecja-nosilnost-9.png&#8220; title_text=&#8220;mobilni manipulator vecja nosilnost (9)&#8220; _builder_version=&#8220;4.6.5&#8243; border_width_all=&#8220;1px&#8220; border_color_all=&#8220;#dddddd&#8220;][\/et_pb_image][\/et_pb_column][et_pb_column type=&#8220;1_4&#8243; _builder_version=&#8220;4.4.3&#8243;][et_pb_image src=&#8220;https:\/\/www.gramcommerce.si\/wp-content\/uploads\/2020\/06\/manipulator-za-transport12.jpg&#8220; _builder_version=&#8220;4.4.3&#8243; border_width_all=&#8220;1px&#8220; border_color_all=&#8220;#dddddd&#8220;][\/et_pb_image][et_pb_image src=&#8220;https:\/\/www.gramcommerce.si\/wp-content\/uploads\/2021\/01\/mobilni-manipulator-vecja-nosilnost-2.png&#8220; title_text=&#8220;mobilni manipulator vecja nosilnost (2)&#8220; _builder_version=&#8220;4.6.5&#8243; border_width_all=&#8220;1px&#8220; border_color_all=&#8220;#dddddd&#8220;][\/et_pb_image][et_pb_image src=&#8220;https:\/\/www.gramcommerce.si\/wp-content\/uploads\/2021\/01\/mobilni-manipulator-vecja-nosilnost-8.png&#8220; title_text=&#8220;mobilni manipulator vecja nosilnost (8)&#8220; _builder_version=&#8220;4.6.5&#8243; border_width_all=&#8220;1px&#8220; border_color_all=&#8220;#dddddd&#8220;][\/et_pb_image][et_pb_image src=&#8220;https:\/\/www.gramcommerce.si\/wp-content\/uploads\/2020\/06\/manipulator-za-transport11.jpg&#8220; _builder_version=&#8220;4.4.3&#8243; border_color_all=&#8220;#dddddd&#8220;][\/et_pb_image][\/et_pb_column][et_pb_column type=&#8220;1_4&#8243; _builder_version=&#8220;4.4.3&#8243;][et_pb_image src=&#8220;https:\/\/www.gramcommerce.si\/wp-content\/uploads\/2020\/06\/manipulator-za-transport4.jpg&#8220; _builder_version=&#8220;4.4.3&#8243; border_width_all=&#8220;1px&#8220; border_color_all=&#8220;#dddddd&#8220;][\/et_pb_image][et_pb_image src=&#8220;https:\/\/www.gramcommerce.si\/wp-content\/uploads\/2021\/01\/mobilni-manipulator-vecja-nosilnost-1.png&#8220; title_text=&#8220;mobilni manipulator vecja nosilnost (1)&#8220; _builder_version=&#8220;4.6.5&#8243; border_width_all=&#8220;1px&#8220; border_color_all=&#8220;#dddddd&#8220;][\/et_pb_image][et_pb_image src=&#8220;https:\/\/www.gramcommerce.si\/wp-content\/uploads\/2021\/01\/mobilni-manipulator-vecja-nosilnost-7.png&#8220; title_text=&#8220;mobilni manipulator vecja nosilnost (7)&#8220; _builder_version=&#8220;4.6.5&#8243; border_width_all=&#8220;1px&#8220; border_color_all=&#8220;#dddddd&#8220;][\/et_pb_image][et_pb_image src=&#8220;https:\/\/www.gramcommerce.si\/wp-content\/uploads\/2020\/06\/manipulator-za-transport13.jpg&#8220; _builder_version=&#8220;4.4.3&#8243;][\/et_pb_image][\/et_pb_column][\/et_pb_row][\/et_pb_section]<\/p>\n","protected":false},"excerpt":{"rendered":"<p>Manuvit iz Francuske vode\u0107i je proizvo\u0111a\u010d i dizajner CE dizajnerskih pokretnih liftova i manipulatora koji su u skladu sa evropskim standardima.Na\u0161a kompanija Gram Commerce slu\u017ebeni je predstavnik kompanije Manuvit za podru\u010dje Slovenije, Hrvatske i Srbije. Nudimo re\u0161enja po meri za manipulaciju: suda odn. sudova cevi odn. vi\u0161e cevi rolne odn. rolni industrijskog omota odn. industrijskih [&hellip;]<\/p>\n","protected":false},"author":1,"featured_media":0,"parent":0,"menu_order":0,"comment_status":"closed","ping_status":"closed","template":"","meta":{"_seopress_robots_primary_cat":"","_seopress_titles_title":"","_seopress_titles_desc":"","_seopress_robots_index":"","_et_pb_use_builder":"on","_et_pb_old_content":"","_et_gb_content_width":"","footnotes":""},"class_list":["post-47827","page","type-page","status-publish","hentry"],"_links":{"self":[{"href":"https:\/\/www.gramcommerce.si\/sr\/wp-json\/wp\/v2\/pages\/47827","targetHints":{"allow":["GET"]}}],"collection":[{"href":"https:\/\/www.gramcommerce.si\/sr\/wp-json\/wp\/v2\/pages"}],"about":[{"href":"https:\/\/www.gramcommerce.si\/sr\/wp-json\/wp\/v2\/types\/page"}],"author":[{"embeddable":true,"href":"https:\/\/www.gramcommerce.si\/sr\/wp-json\/wp\/v2\/users\/1"}],"replies":[{"embeddable":true,"href":"https:\/\/www.gramcommerce.si\/sr\/wp-json\/wp\/v2\/comments?post=47827"}],"version-history":[{"count":4,"href":"https:\/\/www.gramcommerce.si\/sr\/wp-json\/wp\/v2\/pages\/47827\/revisions"}],"predecessor-version":[{"id":47831,"href":"https:\/\/www.gramcommerce.si\/sr\/wp-json\/wp\/v2\/pages\/47827\/revisions\/47831"}],"wp:attachment":[{"href":"https:\/\/www.gramcommerce.si\/sr\/wp-json\/wp\/v2\/media?parent=47827"}],"curies":[{"name":"wp","href":"https:\/\/api.w.org\/{rel}","templated":true}]}}