{"id":47832,"date":"2021-03-22T12:58:02","date_gmt":"2021-03-22T12:58:02","guid":{"rendered":"https:\/\/www.gramcommerce.si\/mobilni-manipulator-za-industriju\/"},"modified":"2021-03-22T13:13:53","modified_gmt":"2021-03-22T13:13:53","slug":"mobilni-manipulator-za-industriju","status":"publish","type":"page","link":"https:\/\/www.gramcommerce.si\/sr\/mobilni-manipulator-za-industriju\/","title":{"rendered":"MOBILNI MANIPULATOR ZA INDUSTRIJU"},"content":{"rendered":"<p>[et_pb_section fb_built=&#8220;1&#8243; _builder_version=&#8220;4.4.3&#8243; use_background_color_gradient=&#8220;on&#8220; background_color_gradient_start=&#8220;#eeeeee&#8220; background_color_gradient_end=&#8220;#ffffff&#8220; background_image=&#8220;https:\/\/www.gramcommerce.si\/wp-content\/uploads\/2020\/04\/title-back32gc.png&#8220; background_size=&#8220;contain&#8220; background_position=&#8220;top_right&#8220; custom_padding=&#8220;||4px|||&#8220; saved_tabs=&#8220;all&#8220;][et_pb_row column_structure=&#8220;3_5,2_5&#8243; _builder_version=&#8220;4.4.1&#8243; custom_padding=&#8220;49px||0px||false|false&#8220;][et_pb_column type=&#8220;3_5&#8243; _builder_version=&#8220;4.4.1&#8243;][et_pb_post_title meta=&#8220;off&#8220; featured_image=&#8220;off&#8220; _builder_version=&#8220;4.4.1&#8243; title_font_size=&#8220;32px&#8220; custom_margin=&#8220;||7px||false|false&#8220;][\/et_pb_post_title][et_pb_divider divider_weight=&#8220;4px&#8220; _builder_version=&#8220;4.4.1&#8243; width=&#8220;100px&#8220; animation_style=&#8220;slide&#8220; animation_direction=&#8220;right&#8220; animation_intensity_slide=&#8220;39%&#8220;][\/et_pb_divider][\/et_pb_column][et_pb_column type=&#8220;2_5&#8243; _builder_version=&#8220;4.4.1&#8243;][\/et_pb_column][\/et_pb_row][et_pb_row column_structure=&#8220;3_4,1_4&#8243; _builder_version=&#8220;4.4.2&#8243;][et_pb_column type=&#8220;3_4&#8243; _builder_version=&#8220;4.4.2&#8243;][et_pb_text _builder_version=&#8220;4.6.5&#8243; header_2_text_align=&#8220;left&#8220; header_2_font_size=&#8220;19px&#8220; custom_padding=&#8220;||6px|||&#8220; hover_enabled=&#8220;0&#8243; sticky_enabled=&#8220;0&#8243;]<\/p>\n<h2>MOBILNA ILI POKRETNA DIZALICA odn. INDUSTRIJSKI MANIPULATOR ZA TRANSPORT, PODIZANJE, ROTIRANJE I SPU\u0160TANJE<\/h2>\n<p align=\"justify\">Manipulator za transport, podizanje, rotaciju i spu\u0161tanje pru\u017ea individualna re\u0161enja za rukovanje, koja se precizno sla\u017eu sa va\u0161om robom, lokacijom, operaterom i specifi\u010dnim zadatkom rukovanja. Manipulator omogu\u0107ava: podizanje, spu\u0161tanje, rotaciju, okretanje, hvatanje, prekucanje, dr\u017eanje, biranje porud\u017ebina, pozicioniranje, potiskivanje, utovar paleta i jo\u0161 mnogo toga\u2026 Hvataljke mogu biti u oblik vilju\u0161aka, vila, cilindri\u010dna platforma, na kuku i razli\u010dite hvataljke omogu\u0107ava ergonomski utovar ma\u0161ina, polica, sistema za punjenje i transportnih sistema, centrifuga, paleta, cilindri\u010dnih stolova na razli\u010ditim radnim mestima.<\/p>\n<p>[\/et_pb_text][\/et_pb_column][et_pb_column type=&#8220;1_4&#8243; _builder_version=&#8220;4.4.2&#8243;][\/et_pb_column][\/et_pb_row][\/et_pb_section][et_pb_section fb_built=&#8220;1&#8243; _builder_version=&#8220;4.6.5&#8243; _module_preset=&#8220;default&#8220;][et_pb_row column_structure=&#8220;1_2,1_2&#8243; _builder_version=&#8220;4.6.5&#8243; width=&#8220;90%&#8220; custom_margin=&#8220;26px|auto||auto||&#8220; custom_padding=&#8220;15px|||||&#8220;][et_pb_column type=&#8220;1_2&#8243; _builder_version=&#8220;4.4.1&#8243; link_option_url=&#8220;\/flow-pack-pakiranje-pfm\/&#8220; background__hover_enabled=&#8220;off|desktop&#8220; background_color__hover=&#8220;rgba(0,0,0,0.5)&#8220; background_enable_color__hover=&#8220;on&#8220; custom_padding__hover_enabled=&#8220;off|desktop&#8220;][et_pb_image src=&#8220;https:\/\/www.gramcommerce.si\/wp-content\/uploads\/2020\/12\/mobilni-manipulator-manuvit.jpg&#8220; title_text=&#8220;mobilni manipulator manuvit&#8220; url=&#8220;https:\/\/www.gramcommerce.si\/sr\/mobilni-manipulator-za-vece-nosivosti\/&#8220; show_bottom_space=&#8220;off&#8220; force_fullwidth=&#8220;on&#8220; _builder_version=&#8220;4.6.5&#8243; custom_margin=&#8220;||||false|false&#8220; custom_padding=&#8220;0px||0px||true|false&#8220; hover_enabled=&#8220;0&#8243; border_width_all=&#8220;1px&#8220; border_color_all=&#8220;#83ca9c&#8220; sticky_enabled=&#8220;0&#8243;][\/et_pb_image][et_pb_text _builder_version=&#8220;4.6.5&#8243; text_font=&#8220;|600|||||||&#8220; text_text_color=&#8220;#000000&#8243; text_font_size=&#8220;15px&#8220; background_color=&#8220;#83ca9c&#8220; text_orientation=&#8220;center&#8220; min_height=&#8220;63px&#8220; custom_margin=&#8220;||||false|false&#8220; custom_padding=&#8220;18px||7px||false|false&#8220; link_option_url=&#8220;https:\/\/www.gramcommerce.si\/sr\/mobilni-manipulator-za-vece-nosivosti\/&#8220; hover_enabled=&#8220;0&#8243; box_shadow_style=&#8220;preset3&#8243; box_shadow_color=&#8220;#ffffff&#8220; box_shadow_color__hover=&#8220;rgba(0,0,0,0.22)&#8220; box_shadow_color__hover_enabled=&#8220;on|hover&#8220; background_color__hover=&#8220;#e2f200&#8243; background_enable_color__hover=&#8220;on&#8220; background__hover_enabled=&#8220;off|hover&#8220; sticky_enabled=&#8220;0&#8243;]<\/p>\n<p>MOBILNI MANIPULATOR ZA VE\u0106E NOSIVOSTI<\/p>\n<p>[\/et_pb_text][\/et_pb_column][et_pb_column type=&#8220;1_2&#8243; _builder_version=&#8220;4.4.1&#8243; background__hover_enabled=&#8220;off|desktop&#8220; background_color__hover=&#8220;rgba(0,0,0,0.5)&#8220; background_enable_color__hover=&#8220;on&#8220;][et_pb_image src=&#8220;https:\/\/www.gramcommerce.si\/wp-content\/uploads\/2020\/04\/manipulator-mobilni.jpg&#8220; title_text=&#8220;manipulator mobilni&#8220; url=&#8220;https:\/\/www.gramcommerce.si\/sr\/mobilni-manipulator-za-manje-nosivosti\/&#8220; show_bottom_space=&#8220;off&#8220; force_fullwidth=&#8220;on&#8220; _builder_version=&#8220;4.6.5&#8243; custom_margin=&#8220;||||false|false&#8220; custom_padding=&#8220;0px||0px||true|false&#8220; hover_enabled=&#8220;0&#8243; border_width_all=&#8220;1px&#8220; border_color_all=&#8220;#83ca9c&#8220; sticky_enabled=&#8220;0&#8243;][\/et_pb_image][et_pb_text _builder_version=&#8220;4.6.5&#8243; text_font=&#8220;|600|||||||&#8220; text_text_color=&#8220;#000000&#8243; text_font_size=&#8220;15px&#8220; background_color=&#8220;#83ca9c&#8220; text_orientation=&#8220;center&#8220; min_height=&#8220;63px&#8220; custom_margin=&#8220;||||false|false&#8220; custom_padding=&#8220;18px||7px||false|false&#8220; link_option_url=&#8220;https:\/\/www.gramcommerce.si\/sr\/mobilni-manipulator-za-manje-nosivosti\/&#8220; hover_enabled=&#8220;0&#8243; box_shadow_style=&#8220;preset3&#8243; box_shadow_color=&#8220;#ffffff&#8220; background_color__hover=&#8220;#e2f200&#8243; background_enable_color__hover=&#8220;on&#8220; box_shadow_color__hover_enabled=&#8220;on|hover&#8220; box_shadow_color__hover=&#8220;rgba(0,0,0,0.22)&#8220; background__hover_enabled=&#8220;off|hover&#8220; sticky_enabled=&#8220;0&#8243;]<\/p>\n<p>MOBILNI MANIPULATOR ZA MANJE NOSIVOSTI<\/p>\n<p>[\/et_pb_text][\/et_pb_column][\/et_pb_row][\/et_pb_section]<\/p>\n","protected":false},"excerpt":{"rendered":"<p>MOBILNA ILI POKRETNA DIZALICA odn. INDUSTRIJSKI MANIPULATOR ZA TRANSPORT, PODIZANJE, ROTIRANJE I SPU\u0160TANJE Manipulator za transport, podizanje, rotaciju i spu\u0161tanje pru\u017ea individualna re\u0161enja za rukovanje, koja se precizno sla\u017eu sa va\u0161om robom, lokacijom, operaterom i specifi\u010dnim zadatkom rukovanja. Manipulator omogu\u0107ava: podizanje, spu\u0161tanje, rotaciju, okretanje, hvatanje, prekucanje, dr\u017eanje, biranje porud\u017ebina, pozicioniranje, potiskivanje, utovar paleta i jo\u0161 [&hellip;]<\/p>\n","protected":false},"author":1,"featured_media":0,"parent":0,"menu_order":0,"comment_status":"closed","ping_status":"closed","template":"","meta":{"_seopress_robots_primary_cat":"","_seopress_titles_title":"","_seopress_titles_desc":"","_seopress_robots_index":"","_et_pb_use_builder":"on","_et_pb_old_content":"","_et_gb_content_width":"","footnotes":""},"class_list":["post-47832","page","type-page","status-publish","hentry"],"_links":{"self":[{"href":"https:\/\/www.gramcommerce.si\/sr\/wp-json\/wp\/v2\/pages\/47832","targetHints":{"allow":["GET"]}}],"collection":[{"href":"https:\/\/www.gramcommerce.si\/sr\/wp-json\/wp\/v2\/pages"}],"about":[{"href":"https:\/\/www.gramcommerce.si\/sr\/wp-json\/wp\/v2\/types\/page"}],"author":[{"embeddable":true,"href":"https:\/\/www.gramcommerce.si\/sr\/wp-json\/wp\/v2\/users\/1"}],"replies":[{"embeddable":true,"href":"https:\/\/www.gramcommerce.si\/sr\/wp-json\/wp\/v2\/comments?post=47832"}],"version-history":[{"count":5,"href":"https:\/\/www.gramcommerce.si\/sr\/wp-json\/wp\/v2\/pages\/47832\/revisions"}],"predecessor-version":[{"id":47842,"href":"https:\/\/www.gramcommerce.si\/sr\/wp-json\/wp\/v2\/pages\/47832\/revisions\/47842"}],"wp:attachment":[{"href":"https:\/\/www.gramcommerce.si\/sr\/wp-json\/wp\/v2\/media?parent=47832"}],"curies":[{"name":"wp","href":"https:\/\/api.w.org\/{rel}","templated":true}]}}