{"id":47843,"date":"2021-03-22T13:14:14","date_gmt":"2021-03-22T13:14:14","guid":{"rendered":"https:\/\/www.gramcommerce.si\/varstvo-osebnih-podatkov\/"},"modified":"2021-09-21T11:25:52","modified_gmt":"2021-09-21T11:25:52","slug":"varstvo-osebnih-podatkov","status":"publish","type":"page","link":"https:\/\/www.gramcommerce.si\/sr\/varstvo-osebnih-podatkov\/","title":{"rendered":"VARSTVO OSEBNIH PODATKOV"},"content":{"rendered":"\n[et_pb_section fb_built=&#8220;1&#8243; _builder_version=&#8220;3.22&#8243;][et_pb_row _builder_version=&#8220;3.25&#8243; background_size=&#8220;initial&#8220; background_position=&#8220;top_left&#8220; background_repeat=&#8220;repeat&#8220;][et_pb_column type=&#8220;4_4&#8243; _builder_version=&#8220;3.25&#8243; custom_padding=&#8220;|||&#8220; custom_padding__hover=&#8220;|||&#8220;][et_pb_text _builder_version=&#8220;4.4.3&#8243; background_size=&#8220;initial&#8220; background_position=&#8220;top_left&#8220; background_repeat=&#8220;repeat&#8220; hover_enabled=&#8220;0&#8243;]<h1>Politika varstva osebnih podatkov<\/h1>\r\n<p>Na na\u0161i spletni strani \u017ee vse od za\u010detka spo\u0161tujemo va\u0161o zasebnost ter varujemo va\u0161e podatke.<\/p>\r\n<p>Poslujemo skladno z Zakonom o varstvu osebnih podatkov (ZVOP-1), od objave teh pravil pa tudi z Evropsko uredbo o varstvu osebnih podatkov (GDPR).<\/p>\r\n<p>Zavezujemo se, da bomo varovali zaupnost osebnih podatkov in zasebnost uporabnikov spletne strani. Zbrane osebne podatke uporabljamo izklju\u010dno za opravljanje storitev, ki jih ponujamo. Spo\u0161tujemo zaupnost osebnih podatkov in zasebnost uporabnikov spletne strani, zato bomo storili vse potrebno, da jih za\u0161\u010ditimo pred kakr\u0161nimikoli kr\u0161itvami in zlorabami. Osebni podatki uporabnikov so eno izmed podro\u010dij, kateremu posve\u010damo izredno skrb in pozornost, saj se zavedamo ob\u010dutljivost narave tega podro\u010dja.<\/p>\r\n<h2>Upravljavec osebnih podatkov in kontaktni podatki<\/h2>\r\n<p>Ta politika velja za obdelavo (uporabo) katerihkoli osebnih podatkov, ki jih izvaja podjetje GRAM COMMERCE D.O.O. (upravljavec) ali, ki se izvaja v imenu upravljavca.<\/p>\r\n<p>Podatki o upravljavcu:<br \/>GRAM COMMERCE D.O.O.<br \/>U\u017ei\u0161ka ulica 4<br \/> 2000 Maribor<br \/> Dav\u010dna \u0161tevilka: SI 42722454<br \/> Mati\u010dna \u0161tevilka: 5616891000<br \/> Telefon: +386 2 614 11 64<br \/> E-po\u0161ta: info@gramcommerce.si<\/p>\r\n<h2>Katere osebne podatke obdelujemo in jih zbiramo<\/h2>\r\n<p><strong>Osnovni kontaktni podatki (podatki o identiteti)<\/strong><\/p>\r\n<ul>\r\n<li>ime in priimek, elektronski naslov<\/li>\r\n<\/ul>\r\n<p><strong>Druge podatke<\/strong><\/p>\r\n<ul>\r\n<li>ki jih uporabnik prostovoljno vnese v kontaktni obrazec<\/li>\r\n<\/ul>\r\n<p><strong>Tehni\u010dni podatki<\/strong><\/p>\r\n<ul>\r\n<li>za zagotavljanje varnosti in dokazljivosti se zbirajo tudi IP naslovi, podatki o operacijskem sistemu, brskalniku, operacijskem sistemu, lokaciji va\u0161e naprave, vrsti naprave s katero dostopate na na\u0161o spletno stran in podobno<\/li>\r\n<li>Ob obisku preko pi\u0161kotkov z va\u0161o privolitvijo zbiramo tudi podatke za zagotavljanje bolj\u0161e funkcionalnosti in uporabni\u0161ke izku\u0161nje, varnosti, \u0161tetja \u0161tevila uporabnikov na spletnem mestu ter zagotavljanja nemotenega delovanja spletne strani. Posameznemu uporabniku je ob za\u010detku obiska dodeljen sejni pi\u0161kotek za identifikacijo in spremljanje. Spletna stran lahko na uporabnikov ra\u010dunalnik shrani tudi druge pi\u0161kotke, kot so identifikacijska \u0161tevilka uporabnika v \u0161ifrirani obliki (za prepoznavanje uporabnika ob naslednjem obisku) in pi\u0161kotki sistemov Google Analytics (analiza obiskov spletne strani). Sejni pi\u0161kotki se v pomnilnik stre\u017enika shranjujejo le za \u010das trajanja obiska in se izbri\u0161ejo po eni uri neaktivnosti, trajni pi\u0161kotki pa so ob va\u0161i privolitvi shranjeni na ra\u010dunalniku obiskovalca 2 leti, potem postanejo neaktivni<\/li>\r\n<li>Za pravilnost, popolnost in a\u017eurnost podatkov, ki jih vnesejo uporabniki, ne odgovarjamo.<\/li>\r\n<\/ul>\r\n<h2>Pravne podlage za obdelavo osebnih podatkov<\/h2>\r\n<p>Va\u0161e osebne podatke lahko obdelujemo na naslednjih pravnih podlagah:<\/p>\r\n<ul>\r\n<li>kadar je to potrebno za izpolnitev na\u0161ih zakonskih obveznosti (npr. izdaja predra\u010duna ali ra\u010duna za naro\u010deno storitev, za vodenje finan\u010dnih in poslovnih knjig), vendar se to shranjuje le na poslovnem ra\u010dunalniku in ne na spletni strani<\/li>\r\n<li>kadar ste za obdelavo svojih osebnih podatkov podali privolitev za obdelavo za posamezen namen obdelave (e-novice), pri \u010demer imate vedno pravico, da dano privolitev prekli\u010dete<\/li>\r\n<li>vpra\u0161anja, ki nam jih posredujete preko na\u0161ih kontaktnih obrazcev na spletni strani ali e-naslovov, objavljenih na spletnem mestu, bomo uporabili izklju\u010dno za razre\u0161itev te\u017eave ali pripravo odgovora na vpra\u0161anje<\/li>\r\n<\/ul>\r\n<h2>Nameni obdelave osebnih podatkov<\/h2>\r\n<p>Potrebno je izrecno potrditi strinjanje in seznanitev s tem, da ste s tem, ko ste nam posredovali povpra\u0161evanje, pripombe ali vpra\u0161anje preko kontaktnega obrazca in vpisali svoje podatke izrazili strinjanje in zavedanje, da se bodo va\u0161i podatki (ime in priimek, elektronski naslov) hranili za namen korektne komunikacije.<\/p>\r\n<p>Va\u0161e osebne podatke lahko uporabljamo za enega ali ve\u010d navedenih namenov:<\/p>\r\n<ul>\r\n<li>komuniciranje z vami glede zagotavljanja na\u0161ih storitev ter odgovarjanja na va\u0161a povpra\u0161evanja in naro\u010dila<\/li>\r\n<li>za uveljavljanje kakr\u0161nihkoli pravnih zahtevkov in re\u0161evanje sporov<\/li>\r\n<li>za statisti\u010dne analize o uporabi na\u0161e spletne strani<\/li>\r\n<\/ul>\r\n<h2>Kako pridobivamo osebne podatke<\/h2>\r\n<p>Podatke o vas pridobivamo na ve\u010d na\u010dinov, ko:<\/p>\r\n<ul>\r\n<li>po\u0161ljete povpra\u0161evanje<\/li>\r\n<\/ul>\r\n<p>Tehni\u010dne podatke pridobivamo avtomati\u010dno.<\/p>\r\n<p>Google nam posreduje podatke, za katere ste jim to dovolili.<\/p>\r\n<h2>Kdo ima dostop do va\u0161ih osebnih podatkov<\/h2>\r\n<p>Dostop do va\u0161ih osebnih podatkov imamo izklju\u010dno mi.<br \/> Razen, \u010de to zahtevajo:<\/p>\r\n<ul>\r\n<li>poobla\u0161\u010dene ustanove, \u010de tako zahteva zakon (sodi\u0161\u010de, ipd.)<\/li>\r\n<li>z va\u0161o privolitvijo va\u0161e podatke preko pi\u0161kotkov posredujemo Google Analyticsu<\/li>\r\n<li>va\u0161ih podatkov v nobenem primeru ne posredujemo nepoobla\u0161\u010denim tretjim osebam<\/li>\r\n<\/ul>\r\n<h2>Roki hrambe osebnih podatkov<\/h2>\r\n<p>Va\u0161e osebne podatke bomo hranili in obdelovali v obsegu, ki je potreben za uresni\u010devanje namenov obdelave in dokler bo to potrebno za zaklju\u010dek naro\u010denih storitev ter potem v okviru zastaralnih rokov za obveznosti, ki bi lahko izvirale iz obdelave teh osebnih podatkov, \u0161e posebej, ko je obdelava osebnih podatkov potrebna v okviru sklenitve oziroma izvedbe pogodbe.<br \/> Podatke, ki so pridobljeni na podlagi privolitve, hranimo do preklica.<br \/> V primerih, ko je rok hrambe osebnih podatkov zapovedan z zakonom, podatke hranimo v skladu z zakonsko zapovedjo.<\/p>\r\n<h2>Zagotavljanje varnosti<\/h2>\r\n<p>Na na\u0161ih spletnih straneh uporabljamo ve\u010d varnostno-za\u0161\u010ditnih sistemov, ki zagotavljajo ustrezno za\u0161\u010dito pred izgubo, razkritjem, ne\u017eeljenim spreminjanjem ali zlorabo podatkov. Za prenose vseh osebnih podatkov uporabljamo tehnologijo SSL (Secure Socket Layer), ki omogo\u010da potrebno za\u0161\u010dita pri prenosu podatkov, kar zagotavlja varnost na\u0161ih strank, medtem, ko podatki potujejo v bazo.<\/p>\r\n<p>Dostop do zbranih osebnih podatkov imajo le poobla\u0161\u010dene osebe (zaposleni, pogodbeni partnerji).<\/p>\r\n<p>Prosimo, da nam pri varovanju va\u0161ih osebnih podatkov pomagate tako, da tudi sami poskrbite za varnost va\u0161ega uporabni\u0161kega imena in gesla.<\/p>\r\n<h2>Pi\u0161kotki<\/h2>\r\n<p>Pi\u0161kotki so besedilne datoteke, ki jih na va\u0161 ra\u010dunalnik nalo\u017ei spletni stre\u017enik in ne vsebujejo nobenih podatkov s katerimi bi lahko ugotovili va\u0161o identiteto. S pomo\u010djo le teh stre\u017enik ve, da ste se vrnili na spletno stran, kar lahko izkoristimo za prilagoditev spletnega mesta uporabniku.<br \/> \u010ce ne \u017eelite imeti na\u0161ih pi\u0161kotkov na va\u0161em ra\u010dunalniku, ne pozabite, da je shranjevanje pi\u0161kotkov pod popolnim nadzorom va\u0161ega brskalnika. Z izbiro ustreznih opcij v va\u0161em brskalniku lahko shranjevanje pi\u0161kotkov po \u017eelji kadarkoli omejite ali onemogo\u010dite, pi\u0161kotke na va\u0161i napravi pa lahko kadarkoli trajno zbri\u0161ete.<\/p>\r\n<h2>Google fonts<\/h2>\r\n<p>Na na\u0161i spletni strani uporabljamo Google Fonts podjetja Google (1600 Amphitheater Parkway Mountain View, CA 94043, ZDA). Google Fonts se uporabljajo brez preverjanja pristnosti in v brskalnik API Google Fonts niso poslani pi\u0161kotki. V primeru, da imate svoj Google ra\u010dun, med uporabo Google Fonts va\u0161i podatki Googlu ne bodo posredovani. Google zapisuje samo uporabo CSS in uporabljenih pisav ter te podatke varno shranjuje. Ve\u010d o teh in drugih vpra\u0161anjih je na voljo na <a href=\"https:\/\/developers.google.com\/fonts\/faq\" target=\"_blank\" rel=\"noopener noreferrer\">https:\/\/developers.google.com\/fonts\/faq<\/a>. Katere podatke Google zbira in kako te informacije uporablja, si lahko preberete na <a href=\"https:\/\/policies.google.com\/privacy?hl=sl\" target=\"_blank\" rel=\"noopener noreferrer\">https:\/\/policies.google.com\/privacy?hl=sl<\/a>.<\/p>\r\n<h2>Va\u0161e pravice<\/h2>\r\n<p>Na\u0161im naro\u010dnikom in uporabnikom zagotavljamo vso podporo pri uresni\u010devanju pravic, ki jih navajamo v nadaljevanju:<\/p>\r\n<ul>\r\n<li>na tej strani vas v celoti seznanjamo s tem, kako uporabljamo va\u0161e osebne podatke<\/li>\r\n<li>v dolo\u010denih primerih lahko uveljavite tudi pravico do izbrisa va\u0161ih osebnih podatkov; \u010ce pa ste pri nas naro\u010devali, prosimo, da upo\u0161tevate, da moramo va\u0161e podatke hraniti skladno z zakonodajo<\/li>\r\n<li>v dolo\u010denih primerih lahko zahtevate za\u010dasno ali trajno prepoved nadaljne obdelave va\u0161ih osebnih podatkov v celoti ali delno<\/li>\r\n<li>na va\u0161o zahtevo vam bomo va\u0161e osebne podatke posredovali zbrane v elektronski obliki<\/li>\r\n<\/ul>\r\n<p>Imate pravico do informacij o va\u0161ih osebnih podatkih, s katerimi razpolagamo, kot tudi pravico do izbrisa teh podatkov. \u010ce imate vpra\u0161anja glede izbrisa, predelave ali uporabe va\u0161ih podatkov, nam pi\u0161ite na elektronski naslov ali nam po\u0161ljite zahtevek po po\u0161ti na na\u0161 naslov.<br \/> Na va\u0161o zahtevo s katero uveljavljate svoje pravice v zvezi z osebnimi podatki, moramo odgovoriti brez nepotrebnega odla\u0161anja in najpozneje v enem mesecu od prejema va\u0161e zahteve.<\/p>\r\n<p>Vsaka sprememba na\u0161e politike o varovanju osebnih podatkov bo objavljena na tem spletnem mestu.<\/p>\r\n[\/et_pb_text][\/et_pb_column][\/et_pb_row][\/et_pb_section]\n","protected":false},"excerpt":{"rendered":"<p>Politika varstva osebnih podatkov Na na\u0161i spletni strani \u017ee vse od za\u010detka spo\u0161tujemo va\u0161o zasebnost ter varujemo va\u0161e podatke. Poslujemo skladno z Zakonom o varstvu osebnih podatkov (ZVOP-1), od objave teh pravil pa tudi z Evropsko uredbo o varstvu osebnih podatkov (GDPR). Zavezujemo se, da bomo varovali zaupnost osebnih podatkov in zasebnost uporabnikov spletne strani. [&hellip;]<\/p>\n","protected":false},"author":1,"featured_media":0,"parent":0,"menu_order":0,"comment_status":"closed","ping_status":"open","template":"","meta":{"_seopress_robots_primary_cat":"","_seopress_titles_title":"","_seopress_titles_desc":"","_seopress_robots_index":"","_et_pb_use_builder":"on","_et_pb_old_content":"","_et_gb_content_width":"","footnotes":""},"class_list":["post-47843","page","type-page","status-publish","hentry"],"_links":{"self":[{"href":"https:\/\/www.gramcommerce.si\/sr\/wp-json\/wp\/v2\/pages\/47843","targetHints":{"allow":["GET"]}}],"collection":[{"href":"https:\/\/www.gramcommerce.si\/sr\/wp-json\/wp\/v2\/pages"}],"about":[{"href":"https:\/\/www.gramcommerce.si\/sr\/wp-json\/wp\/v2\/types\/page"}],"author":[{"embeddable":true,"href":"https:\/\/www.gramcommerce.si\/sr\/wp-json\/wp\/v2\/users\/1"}],"replies":[{"embeddable":true,"href":"https:\/\/www.gramcommerce.si\/sr\/wp-json\/wp\/v2\/comments?post=47843"}],"version-history":[{"count":3,"href":"https:\/\/www.gramcommerce.si\/sr\/wp-json\/wp\/v2\/pages\/47843\/revisions"}],"predecessor-version":[{"id":48874,"href":"https:\/\/www.gramcommerce.si\/sr\/wp-json\/wp\/v2\/pages\/47843\/revisions\/48874"}],"wp:attachment":[{"href":"https:\/\/www.gramcommerce.si\/sr\/wp-json\/wp\/v2\/media?parent=47843"}],"curies":[{"name":"wp","href":"https:\/\/api.w.org\/{rel}","templated":true}]}}