{"id":47996,"date":"2021-09-13T11:09:52","date_gmt":"2021-09-13T11:09:52","guid":{"rendered":"https:\/\/www.gramcommerce.si\/agilox-igv-inteligentno-vodjeno-vozilo\/"},"modified":"2021-09-21T14:21:36","modified_gmt":"2021-09-21T14:21:36","slug":"agilox-igv-inteligentno-vodjeno-vozilo","status":"publish","type":"page","link":"https:\/\/www.gramcommerce.si\/sr\/agilox-igv-inteligentno-vodjeno-vozilo\/","title":{"rendered":"AGILOX IGV \u2013 Inteligentno Vo\u0111eno Vozilo"},"content":{"rendered":"<p>[et_pb_section fb_built=&#8220;1&#8243; _builder_version=&#8220;4.4.3&#8243; use_background_color_gradient=&#8220;on&#8220; background_color_gradient_start=&#8220;#eeeeee&#8220; background_color_gradient_end=&#8220;#ffffff&#8220; background_image=&#8220;https:\/\/www.gramcommerce.si\/wp-content\/uploads\/2020\/04\/title-back32gc.png&#8220; background_size=&#8220;contain&#8220; background_position=&#8220;top_right&#8220; custom_padding=&#8220;||45px|||&#8220; saved_tabs=&#8220;all&#8220; global_colors_info=&#8220;{}&#8220;][et_pb_row column_structure=&#8220;3_5,2_5&#8243; _builder_version=&#8220;4.4.1&#8243; custom_padding=&#8220;49px||0px||false|false&#8220; global_colors_info=&#8220;{}&#8220;][et_pb_column type=&#8220;3_5&#8243; _builder_version=&#8220;4.4.1&#8243; global_colors_info=&#8220;{}&#8220;][et_pb_text _builder_version=&#8220;4.6.5&#8243; _module_preset=&#8220;default&#8220; header_font_size=&#8220;32px&#8220; header_2_font_size=&#8220;32px&#8220; header_3_font_size=&#8220;32px&#8220; header_4_font_size=&#8220;32px&#8220; header_5_font_size=&#8220;32px&#8220; header_6_font_size=&#8220;32px&#8220; custom_margin=&#8220;||-7px||false|false&#8220; global_colors_info=&#8220;{}&#8220;]<\/p>\n<h1>AGILOX IGV<\/h1>\n<p>[\/et_pb_text][et_pb_text _builder_version=&#8220;4.6.5&#8243; _module_preset=&#8220;default&#8220; header_font_size=&#8220;32px&#8220; header_2_font_size=&#8220;32px&#8220; header_3_font_size=&#8220;32px&#8220; header_4_font_size=&#8220;32px&#8220; header_5_font_size=&#8220;32px&#8220; header_6_font_size=&#8220;32px&#8220; custom_margin=&#8220;||8px||false|false&#8220; global_colors_info=&#8220;{}&#8220;]<\/p>\n<h1>Inteligentno Vo\u0111eno Vozilo<\/h1>\n<p>[\/et_pb_text][et_pb_divider divider_weight=&#8220;4px&#8220; _builder_version=&#8220;4.4.1&#8243; width=&#8220;100px&#8220; animation_style=&#8220;slide&#8220; animation_direction=&#8220;right&#8220; animation_intensity_slide=&#8220;39%&#8220; global_colors_info=&#8220;{}&#8220;][\/et_pb_divider][\/et_pb_column][et_pb_column type=&#8220;2_5&#8243; _builder_version=&#8220;4.4.1&#8243; global_colors_info=&#8220;{}&#8220;][\/et_pb_column][\/et_pb_row][et_pb_row column_structure=&#8220;1_2,1_2&#8243; _builder_version=&#8220;4.4.2&#8243; custom_padding=&#8220;50px|||||&#8220; global_colors_info=&#8220;{}&#8220;][et_pb_column type=&#8220;1_2&#8243; _builder_version=&#8220;4.4.2&#8243; global_colors_info=&#8220;{}&#8220;][et_pb_image src=&#8220;https:\/\/www.gramcommerce.si\/wp-content\/uploads\/2021\/09\/Logo_AGILOX32.png&#8220; title_text=&#8220;Logo_AGILOX32&#8243; _builder_version=&#8220;4.6.5&#8243; _module_preset=&#8220;default&#8220; global_colors_info=&#8220;{}&#8220;][\/et_pb_image][\/et_pb_column][et_pb_column type=&#8220;1_2&#8243; _builder_version=&#8220;4.4.2&#8243; global_colors_info=&#8220;{}&#8220;][\/et_pb_column][\/et_pb_row][\/et_pb_section][et_pb_section fb_built=&#8220;1&#8243; _builder_version=&#8220;4.4.2&#8243; custom_padding=&#8220;0px|||||&#8220; global_colors_info=&#8220;{}&#8220;][et_pb_row _builder_version=&#8220;4.4.2&#8243; custom_padding=&#8220;50px|||||&#8220; global_colors_info=&#8220;{}&#8220;][et_pb_column type=&#8220;4_4&#8243; _builder_version=&#8220;4.4.2&#8243; global_colors_info=&#8220;{}&#8220;][et_pb_text _builder_version=&#8220;4.10.8&#8243; _module_preset=&#8220;default&#8220; global_colors_info=&#8220;{}&#8220;]<\/p>\n<p style=\"text-align: justify;\"><strong>AGILOX IGV iz Austrije je vode\u0107i proizvo\u0111a\u010d i dizajner logisti\u010dko-inteligentnih (vo\u0111enih) vozila za proizvodnju sa CE sertifikatom, koji je u skladu sa evropskim standardima. <\/strong><strong>Na\u0161a kompanija Gram Commerce je zvani\u010dni zastupnik kompanije AGILOX Systems GmbH za podru\u010dje Slovenije, Hrvatske, Srbije, Bosne i Makedonije.<\/strong><\/p>\n<p>[\/et_pb_text][\/et_pb_column][\/et_pb_row][et_pb_row make_equal=&#8220;on&#8220; _builder_version=&#8220;4.4.3&#8243; border_color_bottom=&#8220;#dddddd&#8220; global_colors_info=&#8220;{}&#8220;][et_pb_column type=&#8220;4_4&#8243; module_class=&#8220;ds-vertical-align&#8220; _builder_version=&#8220;4.4.3&#8243; global_colors_info=&#8220;{}&#8220;][et_pb_text _builder_version=&#8220;4.6.5&#8243; header_2_text_align=&#8220;left&#8220; header_2_font_size=&#8220;19px&#8220; text_orientation=&#8220;justified&#8220; custom_padding=&#8220;||6px|||&#8220; global_colors_info=&#8220;{}&#8220;]<\/p>\n<h2>SLEDE\u0106A GENERACIJA. OD AGV DO IGV.<\/h2>\n<p style=\"text-align: justify;\">Sa Agilox-om, AGV era c\u0301e se zavr\u0161iti, a nova generacija IGV-a \u0107e zapo\u010deti.<\/p>\n<p style=\"text-align: justify;\">Agilox je prvo i jedinstveno vozilo sa inteligentnim vodi\u010dem za horizontalno repozicioniranje. Agilox je pokret. Agilox je inovacija. Agilox je automatizacija.<br \/> Agilox je simbiotski odnos izme\u0111u sofisticiranog softvera i mobilne robotike koji predstavlja novu generaciju automatski vo\u0111enih vozila, IGV \u2013 intelligent guided vehicles.<\/p>\n<p style=\"text-align: justify;\">Tim stru\u010dnjaka Agilox Services Gmbh, sa dugogodi\u0161njim iskustvom, povezao je sve instrumente trenutnog upravljanja lancem snabdevanja sa najsavremenijom IT tehnologijom i tehnologijom automatizacije i 2017. godine razvio kompaktni IGV koji donosi solidno smanjenje tro\u0161kova u upravljanju intralogistikom.<\/p>\n<p>[\/et_pb_text][\/et_pb_column][\/et_pb_row][et_pb_row column_structure=&#8220;1_2,1_2&#8243; make_equal=&#8220;on&#8220; _builder_version=&#8220;4.6.5&#8243; custom_margin=&#8220;||||false|false&#8220; custom_padding=&#8220;||60px||false|false&#8220; border_width_bottom=&#8220;1px&#8220; border_color_bottom=&#8220;#dddddd&#8220; global_colors_info=&#8220;{}&#8220;][et_pb_column type=&#8220;1_2&#8243; module_class=&#8220;ds-vertical-align&#8220; _builder_version=&#8220;4.4.3&#8243; global_colors_info=&#8220;{}&#8220;][et_pb_text _builder_version=&#8220;4.6.5&#8243; header_2_text_align=&#8220;left&#8220; header_2_font_size=&#8220;19px&#8220; text_orientation=&#8220;justified&#8220; custom_padding=&#8220;||6px|||&#8220; global_colors_info=&#8220;{}&#8220;]<\/p>\n<p style=\"text-align: justify;\">Vrhunska tehnologija obezbe\u0111uje maksimalnu fleksibilnost u pobolj\u0161anju procesa intralogistike: revolucionarni koncept pokretanja koji nudi rotaciju od 360 \u00b0.<\/p>\n<p style=\"text-align: justify;\">Sistem ne zahteva dodatnu infrastrukturu i sposoban je da radi 24 sata dnevno, 365 dana u godini, povec\u0301avajuc\u0301i produktivnost objekata, od malih preduzec\u0301a do velikih korporacija.<\/p>\n<p style=\"text-align: justify;\">Od AGV do IGV. Nova generacija inteligentnih vo\u0111enih vozila.<\/p>\n<p style=\"text-align: justify;\">Na\u0161a specijalnost su inteligentni logisti\u010dki roboti koje je u potpunosti izradio AGILOS u Austriji &#8211; od mehanike, elektrotehnike, automatizacije, navigacije do softvera &#8211; sve ura\u0111eno od strane na\u0161eg Agiloxa.<\/p>\n<p>[\/et_pb_text][\/et_pb_column][et_pb_column type=&#8220;1_2&#8243; module_class=&#8220;ds-vertical-align&#8220; _builder_version=&#8220;4.4.3&#8243; global_colors_info=&#8220;{}&#8220;][et_pb_image src=&#8220;https:\/\/www.gramcommerce.si\/wp-content\/uploads\/2021\/09\/AGILOX-IGV.jpg&#8220; title_text=&#8220;AGILOX IGV&#8220; _builder_version=&#8220;4.6.5&#8243; _module_preset=&#8220;default&#8220; global_colors_info=&#8220;{}&#8220;][\/et_pb_image][\/et_pb_column][\/et_pb_row][et_pb_row make_equal=&#8220;on&#8220; _builder_version=&#8220;4.4.3&#8243; custom_padding=&#8220;45px||0px||false|&#8220; border_color_bottom=&#8220;#dddddd&#8220; global_colors_info=&#8220;{}&#8220;][et_pb_column type=&#8220;4_4&#8243; module_class=&#8220;ds-vertical-align&#8220; _builder_version=&#8220;4.4.3&#8243; global_colors_info=&#8220;{}&#8220;][et_pb_text _builder_version=&#8220;4.10.8&#8243; header_2_text_align=&#8220;left&#8220; header_2_font_size=&#8220;19px&#8220; text_orientation=&#8220;justified&#8220; custom_padding=&#8220;||28px|||&#8220; global_colors_info=&#8220;{}&#8220;]<\/p>\n<p style=\"text-align: justify;\">AGV je grupa proizvoda u okviru koje se trenutno nude vozila koja preuzimaju automatizovani transport i ne smeju se dodeliti stacionarnoj transportnoj tehnologiji. AGILOX stvara novu ometajuc\u0301u grupu proizvoda koja c\u0301e dugoro\u010dno zameniti AGV. Ova grupa proizvoda naziva se IGV: Inteligentna vo\u0111ena vozila. <strong>IGV karakteri\u0161u sledec\u0301e karakteristike:<\/strong><\/p>\n<p>[\/et_pb_text][\/et_pb_column][\/et_pb_row][et_pb_row column_structure=&#8220;1_2,1_2&#8243; make_equal=&#8220;on&#8220; _builder_version=&#8220;4.4.3&#8243; custom_padding=&#8220;0px||0px||false|&#8220; border_width_bottom=&#8220;1px&#8220; border_color_bottom=&#8220;#dddddd&#8220; global_colors_info=&#8220;{}&#8220;][et_pb_column type=&#8220;1_2&#8243; module_class=&#8220;ds-vertical-align&#8220; _builder_version=&#8220;4.4.3&#8243; global_colors_info=&#8220;{}&#8220;][et_pb_text _builder_version=&#8220;4.10.8&#8243; header_2_text_align=&#8220;left&#8220; header_2_font_size=&#8220;19px&#8220; custom_padding=&#8220;||56px|||&#8220; global_colors_info=&#8220;{}&#8220;]<\/p>\n<p>&nbsp;<\/p>\n<ul>\n<li>prava<strong> inteligencija roja<\/strong>, direktna komunikacija u svim oblastima izme\u0111u vozila<\/li>\n<li><strong>nema sistem upravljanja<\/strong>, otvoreni interfejsi, dodeljivanje po bilo kom broju slu\u010dajeva<\/li>\n<li>bez ograni\u010denja u tipu sistema naru\u010divanja<\/li>\n<li>dinami\u010dka distribucija naru\u010divanja i preraspodela u zavisnosti od situacije,<\/li>\n<li>kontinuirana procena rute, dinami\u010dko rutiranje<\/li>\n<li>nema ograni\u010denja u <strong>slobodi kretanja<\/strong><\/li>\n<li>maksimalna energetska efikasnost u pokretu, na osnovu trenutno<\/li>\n<li>najnovijih sistema za prenos energije i skladi\u0161tenje<\/li>\n<li>fleksibilnost u rukovanju teretom do i uklju\u010dujuc\u0301i<\/li>\n<li><strong>automatizovano preure\u0111ivanje<\/strong> na definisane alate za manipulaciju ili<\/li>\n<li>bar pru\u017eanje potrebnih interfejsa<\/li>\n<li>kupac mo\u017ee da ga integri\u0161e u svoje okru\u017eenje u najkrac\u0301em moguc\u0301em roku.<\/li>\n<\/ul>\n<p>[\/et_pb_text][\/et_pb_column][et_pb_column type=&#8220;1_2&#8243; _builder_version=&#8220;4.4.3&#8243; global_colors_info=&#8220;{}&#8220;][et_pb_image src=&#8220;https:\/\/www.gramcommerce.si\/wp-content\/uploads\/2021\/09\/agilox4.jpg&#8220; title_text=&#8220;agilox4&#8243; _builder_version=&#8220;4.10.8&#8243; custom_margin=&#8220;60px||||false|false&#8220; hover_enabled=&#8220;0&#8243; global_colors_info=&#8220;{}&#8220; sticky_enabled=&#8220;0&#8243;][\/et_pb_image][\/et_pb_column][\/et_pb_row][et_pb_row make_equal=&#8220;on&#8220; _builder_version=&#8220;4.4.3&#8243; custom_padding=&#8220;45px||0px||false|&#8220; border_color_bottom=&#8220;#dddddd&#8220; global_colors_info=&#8220;{}&#8220;][et_pb_column type=&#8220;4_4&#8243; module_class=&#8220;ds-vertical-align&#8220; _builder_version=&#8220;4.4.3&#8243; global_colors_info=&#8220;{}&#8220;][et_pb_text _builder_version=&#8220;4.6.5&#8243; header_2_text_align=&#8220;left&#8220; header_2_font_size=&#8220;19px&#8220; custom_padding=&#8220;||56px|||&#8220; global_colors_info=&#8220;{}&#8220;]<\/p>\n<h2>ZA\u0160TO ODABRATI AGILOX<\/h2>\n<p>[\/et_pb_text][\/et_pb_column][\/et_pb_row][et_pb_row column_structure=&#8220;1_3,1_3,1_3&#8243; _builder_version=&#8220;4.6.5&#8243; _module_preset=&#8220;default&#8220; global_colors_info=&#8220;{}&#8220;][et_pb_column type=&#8220;1_3&#8243; _builder_version=&#8220;4.6.5&#8243; _module_preset=&#8220;default&#8220; global_colors_info=&#8220;{}&#8220;][et_pb_blurb title=&#8220;INTEGRACIJA&#8220; image=&#8220;https:\/\/www.gramcommerce.si\/wp-content\/uploads\/2021\/09\/integracija.jpg&#8220; _builder_version=&#8220;4.6.5&#8243; _module_preset=&#8220;default&#8220; global_colors_info=&#8220;{}&#8220;]<\/p>\n<p>Kratka vremena pu\u0161tanja u rad. Dizajniran za integraciju sa korporativnim informacionim sistemima i industrijskom automatizacijom. Ne zahteva slo\u017eenu infrastrukturu.<\/p>\n<p>[\/et_pb_blurb][\/et_pb_column][et_pb_column type=&#8220;1_3&#8243; _builder_version=&#8220;4.6.5&#8243; _module_preset=&#8220;default&#8220; global_colors_info=&#8220;{}&#8220;][et_pb_blurb title=&#8220;PROSTOR I DIZAJN&#8220; image=&#8220;https:\/\/www.gramcommerce.si\/wp-content\/uploads\/2021\/09\/prostor-in-oblikovanje.jpg&#8220; _builder_version=&#8220;4.6.5&#8243; _module_preset=&#8220;default&#8220; global_colors_info=&#8220;{}&#8220;]<\/p>\n<p>Sve je elektri\u010dno. Bez ulja. Kompaktan i tanak kako bi odgovarao svim primenama u ograni\u010denom prostoru. Ugodni svetlosni i zvu\u010dni signali ugra\u0111eni u sigurnost i komunikaciju. Dizajniran sa malim psiholo\u0161kim uticajem: podsec\u0301a na ljudsku figuru u stilizovanom dizajnu.<\/p>\n<p>[\/et_pb_blurb][\/et_pb_column][et_pb_column type=&#8220;1_3&#8243; _builder_version=&#8220;4.6.5&#8243; _module_preset=&#8220;default&#8220; global_colors_info=&#8220;{}&#8220;][et_pb_blurb title=&#8220;NAVIGACIJA&#8220; image=&#8220;https:\/\/www.gramcommerce.si\/wp-content\/uploads\/2021\/09\/navigacija.jpg&#8220; _builder_version=&#8220;4.6.5&#8243; _module_preset=&#8220;default&#8220; global_colors_info=&#8220;{}&#8220;]<\/p>\n<p>Plasman zasnovan na profilima i oblicima, bez fiksnih referenci. 2d laserski skener 360 \u00b0. Automatsko primanje mape \u017eivotne sredine. Obila\u017eenje prepreka. Otkrivanje paleta i korekcija poravnanja. Ta\u010dnost pozicioniranja od 2 mm.<\/p>\n<p>[\/et_pb_blurb][\/et_pb_column][\/et_pb_row][et_pb_row column_structure=&#8220;1_3,1_3,1_3&#8243; _builder_version=&#8220;4.6.5&#8243; _module_preset=&#8220;default&#8220; custom_padding=&#8220;||45px||false|false&#8220; border_width_bottom=&#8220;1px&#8220; border_color_bottom=&#8220;#dddddd&#8220; global_colors_info=&#8220;{}&#8220;][et_pb_column type=&#8220;1_3&#8243; _builder_version=&#8220;4.6.5&#8243; _module_preset=&#8220;default&#8220; global_colors_info=&#8220;{}&#8220;][et_pb_blurb title=&#8220;INTELIGENTNO&#8220; image=&#8220;https:\/\/www.gramcommerce.si\/wp-content\/uploads\/2021\/09\/smart-logic.jpg&#8220; _builder_version=&#8220;4.6.5&#8243; _module_preset=&#8220;default&#8220; global_colors_info=&#8220;{}&#8220;]<\/p>\n<p>Kontrolni sistem integrisan u vozilo. Autonoman u odlukama. Automatska identifikacija najbolje putanje.<\/p>\n<p>[\/et_pb_blurb][\/et_pb_column][et_pb_column type=&#8220;1_3&#8243; _builder_version=&#8220;4.6.5&#8243; _module_preset=&#8220;default&#8220; global_colors_info=&#8220;{}&#8220;][et_pb_blurb title=&#8220;BEZBEDNOST&#8220; image=&#8220;https:\/\/www.gramcommerce.si\/wp-content\/uploads\/2021\/09\/varnost.jpg&#8220; _builder_version=&#8220;4.6.5&#8243; _module_preset=&#8220;default&#8220; global_colors_info=&#8220;{}&#8220;]<\/p>\n<p>Pokrivenost od 360\u00b0. Dva laserska skenera 2D na nivou praga. Ultrazvu\u010dni senzori na kraju i izme\u0111u vilju\u0161ka. Mo\u017ee biti opremljen 3D skenerom za identifikaciju prepreka. Kontrola sistema Redundant Security.<\/p>\n<p>[\/et_pb_blurb][\/et_pb_column][et_pb_column type=&#8220;1_3&#8243; _builder_version=&#8220;4.6.5&#8243; _module_preset=&#8220;default&#8220; global_colors_info=&#8220;{}&#8220;][et_pb_blurb title=&#8220;UPRAVLJANJE I VU\u010cA&#8220; image=&#8220;https:\/\/www.gramcommerce.si\/wp-content\/uploads\/2021\/09\/upravljanje.jpg&#8220; _builder_version=&#8220;4.6.5&#8243; _module_preset=&#8220;default&#8220; global_colors_info=&#8220;{}&#8220;]<\/p>\n<p>Upravljanje i vu\u010da na 4 nezavisne i patentirane pokretne jedinice. Rotacija same kabine za 360 \u00b0. Minimalni radijus rotacije 1950 mm. Kretanje u svim pravcima. Maksimalna brzina 1,4m\/s.<\/p>\n<p>[\/et_pb_blurb][\/et_pb_column][\/et_pb_row][et_pb_row column_structure=&#8220;1_2,1_2&#8243; make_equal=&#8220;on&#8220; _builder_version=&#8220;4.6.5&#8243; custom_margin=&#8220;||||false|false&#8220; custom_padding=&#8220;45px||45px||false|false&#8220; border_color_bottom=&#8220;#dddddd&#8220; global_colors_info=&#8220;{}&#8220;][et_pb_column type=&#8220;1_2&#8243; module_class=&#8220;ds-vertical-align&#8220; _builder_version=&#8220;4.4.3&#8243; global_colors_info=&#8220;{}&#8220;][et_pb_text _builder_version=&#8220;4.6.5&#8243; header_2_text_align=&#8220;left&#8220; header_2_font_size=&#8220;19px&#8220; text_orientation=&#8220;justified&#8220; custom_padding=&#8220;||6px|||&#8220; global_colors_info=&#8220;{}&#8220;]<\/p>\n<h2>PRIMENE<\/h2>\n<p>Automatski tovarite i istovarite ma\u0161ine.<br \/>Automatizujte prenos robe iz skladi\u0161ta na proizvodne trake.<br \/>Nosite materijale iz skladi\u0161ta na mesta za sakupljanje.<br \/>Automatizujte preuzimanje gotovih proizvoda.<br \/>Pripremite i upravljajte utovarom upakovane robe u odlaznom transportu.<br \/>Stvorite, automatizujte i bavite se srednjim baferima.<br \/>Automatizujte pokrete paleta.<br \/>Snabdevanje proizvodnih linija.<\/p>\n<p>[\/et_pb_text][\/et_pb_column][et_pb_column type=&#8220;1_2&#8243; module_class=&#8220;ds-vertical-align&#8220; _builder_version=&#8220;4.4.3&#8243; global_colors_info=&#8220;{}&#8220;][et_pb_text _builder_version=&#8220;4.6.5&#8243; header_2_text_align=&#8220;left&#8220; header_2_font_size=&#8220;19px&#8220; text_orientation=&#8220;justified&#8220; custom_padding=&#8220;||6px|||&#8220; global_colors_info=&#8220;{}&#8220;]<\/p>\n<h2 style=\"text-align: justify;\">IPER AMORTIZACIJA<\/h2>\n<p style=\"text-align: justify;\">Iskoristiv\u0161i prednost IPER AMORTIZATION 2018, ulaganje u AGILOX danas je jo\u0161 povoljnije, s vremenom povrata ulaganja za manje od 2 godine!<\/p>\n<p style=\"text-align: justify;\">Automatizacija se zasniva na standardizaciji. Mobilni logisti\u010dki roboti vole da preuzimaju kontinuirane zadatke, a ljudi ih podr\u017eavaju da pokriju vr\u0161na opterec\u0301enja. Saradnja \u010dovek-ma\u0161ina je od su\u0161tinske va\u017enosti. Na\u0161a vozila se uglavnom koriste u proizvodnoj logistici. Dizajn je fokusiran na nabavku i odlaganje proizvodne opreme u uskim okru\u017eenjima.<\/p>\n<p>[\/et_pb_text][\/et_pb_column][\/et_pb_row][et_pb_row column_structure=&#8220;1_2,1_2&#8243; make_equal=&#8220;on&#8220; _builder_version=&#8220;4.6.5&#8243; custom_margin=&#8220;||||false|false&#8220; custom_padding=&#8220;||45px||false|false&#8220; border_width_bottom=&#8220;1px&#8220; border_color_bottom=&#8220;#dddddd&#8220; global_colors_info=&#8220;{}&#8220;][et_pb_column type=&#8220;1_2&#8243; module_class=&#8220;ds-vertical-align&#8220; _builder_version=&#8220;4.4.3&#8243; global_colors_info=&#8220;{}&#8220;][et_pb_text _builder_version=&#8220;4.6.5&#8243; _module_preset=&#8220;default&#8220; global_colors_info=&#8220;{}&#8220;]<\/p>\n<h3 style=\"text-align: center;\">AGILOX ONE<\/h3>\n<p>[\/et_pb_text][et_pb_image src=&#8220;https:\/\/www.gramcommerce.si\/wp-content\/uploads\/2021\/09\/AGILOX-ONE-2.jpg&#8220; title_text=&#8220;AGILOX ONE&#8220; _builder_version=&#8220;4.6.5&#8243; _module_preset=&#8220;default&#8220; global_colors_info=&#8220;{}&#8220;][\/et_pb_image][\/et_pb_column][et_pb_column type=&#8220;1_2&#8243; module_class=&#8220;ds-vertical-align&#8220; _builder_version=&#8220;4.4.3&#8243; global_colors_info=&#8220;{}&#8220;][et_pb_text _builder_version=&#8220;4.6.5&#8243; _module_preset=&#8220;default&#8220; global_colors_info=&#8220;{}&#8220;]<\/p>\n<h3 style=\"text-align: center;\">AGILOX OCF<\/h3>\n<p>[\/et_pb_text][et_pb_image src=&#8220;https:\/\/www.gramcommerce.si\/wp-content\/uploads\/2021\/09\/AGILOX-OCF.jpg&#8220; title_text=&#8220;AGILOX OCF&#8220; _builder_version=&#8220;4.6.5&#8243; _module_preset=&#8220;default&#8220; global_colors_info=&#8220;{}&#8220;][\/et_pb_image][\/et_pb_column][\/et_pb_row][et_pb_row _builder_version=&#8220;4.4.2&#8243; custom_padding=&#8220;68px|||||&#8220; global_colors_info=&#8220;{}&#8220;][et_pb_column type=&#8220;4_4&#8243; _builder_version=&#8220;4.4.2&#8243; global_colors_info=&#8220;{}&#8220;][et_pb_text _builder_version=&#8220;4.4.3&#8243; text_font=&#8220;|700|||||||&#8220; text_text_color=&#8220;#000000&#8243; text_font_size=&#8220;19px&#8220; text_orientation=&#8220;center&#8220; global_colors_info=&#8220;{}&#8220;]<\/p>\n<p>Za sve projekte se posebno prilago\u0111avamo kupcu i nudimo re\u0161enje klju\u010d u ruke.<br \/>Obezbe\u0111ujemo isporuku, monta\u017eu, servis i garanciju i isporuku rezervnih delova.<\/p>\n<p>[\/et_pb_text][\/et_pb_column][\/et_pb_row][\/et_pb_section]<\/p>\n","protected":false},"excerpt":{"rendered":"<p>AGILOX IGVInteligentno Vo\u0111eno VoziloAGILOX IGV iz Austrije je vode\u0107i proizvo\u0111a\u010d i dizajner logisti\u010dko-inteligentnih (vo\u0111enih) vozila za proizvodnju sa CE sertifikatom, koji je u skladu sa evropskim standardima. Na\u0161a kompanija Gram Commerce je zvani\u010dni zastupnik kompanije AGILOX Systems GmbH za podru\u010dje Slovenije, Hrvatske, Srbije, Bosne i Makedonije.SLEDE\u0106A GENERACIJA. OD AGV DO IGV. Sa Agilox-om, AGV era [&hellip;]<\/p>\n","protected":false},"author":1,"featured_media":0,"parent":0,"menu_order":0,"comment_status":"closed","ping_status":"closed","template":"","meta":{"_seopress_robots_primary_cat":"","_seopress_titles_title":"","_seopress_titles_desc":"","_seopress_robots_index":"","_et_pb_use_builder":"on","_et_pb_old_content":"","_et_gb_content_width":"","footnotes":""},"class_list":["post-47996","page","type-page","status-publish","hentry"],"_links":{"self":[{"href":"https:\/\/www.gramcommerce.si\/sr\/wp-json\/wp\/v2\/pages\/47996","targetHints":{"allow":["GET"]}}],"collection":[{"href":"https:\/\/www.gramcommerce.si\/sr\/wp-json\/wp\/v2\/pages"}],"about":[{"href":"https:\/\/www.gramcommerce.si\/sr\/wp-json\/wp\/v2\/types\/page"}],"author":[{"embeddable":true,"href":"https:\/\/www.gramcommerce.si\/sr\/wp-json\/wp\/v2\/users\/1"}],"replies":[{"embeddable":true,"href":"https:\/\/www.gramcommerce.si\/sr\/wp-json\/wp\/v2\/comments?post=47996"}],"version-history":[{"count":7,"href":"https:\/\/www.gramcommerce.si\/sr\/wp-json\/wp\/v2\/pages\/47996\/revisions"}],"predecessor-version":[{"id":48880,"href":"https:\/\/www.gramcommerce.si\/sr\/wp-json\/wp\/v2\/pages\/47996\/revisions\/48880"}],"wp:attachment":[{"href":"https:\/\/www.gramcommerce.si\/sr\/wp-json\/wp\/v2\/media?parent=47996"}],"curies":[{"name":"wp","href":"https:\/\/api.w.org\/{rel}","templated":true}]}}